{"id":84,"date":"2018-01-21T14:52:52","date_gmt":"2018-01-21T20:52:52","guid":{"rendered":"https:\/\/femexrobotica.org\/tmr2020\/?page_id=84"},"modified":"2023-11-06T10:39:23","modified_gmt":"2023-11-06T16:39:23","slug":"inicio","status":"publish","type":"page","link":"https:\/\/www.femexrobotica.org\/tmr2020\/","title":{"rendered":"INICIO"},"content":{"rendered":"<div class=\"div50 divSeparacion\">\n<p style=\"text-align: left;\"><strong><span style=\"color: #808080;\"><em>En Sonora Norte<\/em><\/span><\/strong><\/p>\n<p style=\"text-align: left;\"><strong>TORNEO MEXICANO DE ROB\u00d3TICA 2020<\/strong><\/p>\n<h1 class=\"mkdf-st-subtitle\">XII TMR &#8211; Decimosegundo Torneo Mexicano de Rob\u00f3tica<\/h1>\n<p class=\"mkdf-st-text\"><b>El Tecnol\u00f3gico de Monterrey en Hermosillo <\/b>orgullosamente abre sus puertas como sede de este evento de talla internacional organizado por la Federaci\u00f3n Mexicana de Rob\u00f3tica A.C. (FMR) en conjunto con empresas del estado de Sonora que se sumar\u00e1n al \u00e9xito de esta edici\u00f3n.<\/p>\n<\/div>\n<div class=\"div50 divSeparacion\">\n<div id=\"robotcanvas\">\n<div id=\"element-1-1\">&nbsp;<\/div>\n<div id=\"element-1-2\">&nbsp;<\/div>\n<div id=\"element-1-3\">&nbsp;<\/div>\n<div id=\"element-1-4\">&nbsp;<\/div>\n<div id=\"element-1-5\">&nbsp;<\/div>\n<div id=\"element-1-6\">&nbsp;<\/div>\n<div id=\"element-1-7\">&nbsp;<\/div>\n<div id=\"element-1-8\">&nbsp;<\/div>\n<div id=\"element-1-9\">&nbsp;<\/div>\n<div id=\"element-1-10\">&nbsp;<\/div>\n<div id=\"element-1-11\">&nbsp;<\/div>\n<div id=\"element-1-12\">&nbsp;<\/div>\n<div id=\"element-1-13\">&nbsp;<\/div>\n<div id=\"element-1-14\">&nbsp;<\/div>\n<div id=\"element-1-15\">&nbsp;<\/div>\n<div id=\"element-1-16\">&nbsp;<\/div>\n<div id=\"element-1-17\">&nbsp;<\/div>\n<div id=\"element-1-18\">&nbsp;<\/div>\n<div id=\"element-1-19\">&nbsp;<\/div>\n<div id=\"element-1-20\">| | | | | | | | |<\/div>\n<div id=\"element-1-21\">&nbsp;<\/div>\n<div id=\"element-1-22\">&nbsp;<\/div>\n<div id=\"element-1-23\">&nbsp;<\/div>\n<div id=\"element-1-24\">&nbsp;<\/div>\n<div id=\"element-1-25\">TMR<br \/>\n2020<\/div>\n<div id=\"element-1-29\">&nbsp;<\/div>\n<div id=\"element-1-30\">&nbsp;<\/div>\n<div id=\"element-1-31\">&nbsp;<\/div>\n<div id=\"element-1-32\">&nbsp;<\/div>\n<div id=\"element-1-33\">&nbsp;<\/div>\n<div id=\"element-1-34\">&nbsp;<\/div>\n<div id=\"element-1-35\">&nbsp;<\/div>\n<div id=\"element-1-36\">&nbsp;<\/div>\n<div id=\"element-1-37\">&nbsp;<\/div>\n<div id=\"element-1-38\">+<\/div>\n<div id=\"element-1-39\">+<\/div>\n<div id=\"element-1-40\">+<\/div>\n<div id=\"element-1-41\">+<\/div>\n<div id=\"element-1-42\">+<\/div>\n<div id=\"element-1-43\">&nbsp;<\/div>\n<div id=\"element-1-44\">&nbsp;<\/div>\n<div id=\"element-1-45\">&nbsp;<\/div>\n<div id=\"element-1-46\">&nbsp;<\/div>\n<div id=\"element-1-47\">&nbsp;<\/div>\n<div id=\"element-1-48\">&nbsp;<\/div>\n<div id=\"element-1-49\">&nbsp;<\/div>\n<div id=\"element-1-50\">&nbsp;<\/div>\n<div id=\"element-1-51\">&nbsp;<\/div>\n<div id=\"element-1-52\">&nbsp;<\/div>\n<div id=\"element-1-53\">&nbsp;<\/div>\n<div id=\"element-1-54\">&nbsp;<\/div>\n<div id=\"element-1-55\">&nbsp;<\/div>\n<div id=\"element-1-56\">&nbsp;<\/div>\n<div id=\"element-1-57\">&nbsp;<\/div>\n<div id=\"element-1-58\">&nbsp;<\/div>\n<div id=\"element-1-59\">&nbsp;<\/div>\n<div id=\"element-1-50\">&nbsp;<\/div>\n<\/div>\n<\/div>\n<div class=\"clear20\">&nbsp;<\/div>\n<div class=\"div33\">\n<div class=\"containerEfect\">\n<div class=\"efecto-img\"><img decoding=\"async\" class=\"imgEfect\" title=\"Torneo Mexicano de Rob\u00f3tica, 26, 27,28 de marzo\" src=\"https:\/\/www.femexrobotica.org\/tmr2020\/wp-content\/uploads\/2018\/01\/ConvocatoriaRob.jpg\" alt=\"Torneo Mexicano de Rob\u00f3tica, 26, 27,28 de marzo\">&nbsp;&nbsp;&nbsp;&nbsp;&nbsp;&nbsp;&nbsp;&nbsp;<\/p>\n<div class=\"text\">Torneo Mexicano de Rob\u00f3tica <b>26, 27 y 28 de marzo 2020<\/b><\/div>\n<\/div>\n<\/div>\n<\/div>\n<div class=\"div33\">\n<div class=\"containerEfect\">\n<div class=\"efecto-img\"><a href=\"tecnologico_de_monterrey\/\"><img decoding=\"async\" class=\"imgEfect\" title=\"SEDE - Tecnol\u00f3gico de Monterrey\" src=\"https:\/\/www.femexrobotica.org\/tmr2020\/wp-content\/uploads\/2019\/10\/Campushermosillo.jpg\" alt=\"SEDE - Tecnol\u00f3gico de Monterrey\"> <\/a>&nbsp;&nbsp;&nbsp;&nbsp;&nbsp;&nbsp;&nbsp;&nbsp;<\/p>\n<div class=\"text\">SEDE &#8211; Tecnol\u00f3gico de Monterrey<\/div>\n<\/div>\n<\/div>\n<\/div>\n<div class=\"div33\">\n<div class=\"containerEfect\">\n<div class=\"efecto-img\"><img decoding=\"async\" class=\"imgEfect\" title=\"Hermosillo Sonora, M\u00e9xico\" src=\"https:\/\/www.femexrobotica.org\/tmr2020\/wp-content\/uploads\/2019\/10\/hermosillo.jpg\" alt=\"Hermosillo Sonora, M\u00e9xico\">&nbsp;&nbsp;&nbsp;&nbsp;&nbsp;&nbsp;&nbsp;&nbsp;<\/p>\n<div class=\"text\">Hermosillo Sonora, M\u00e9xico<\/div>\n<\/div>\n<\/div>\n<\/div>\n<div class=\"div100\" style=\"text-align: center;\"><strong><em><span style=\"color: #999999;\">\u00a1 Gracias por hacerlo posible !<\/span><\/em><\/strong><\/div>\n<div class=\"clear10\">&nbsp;<\/div>\n<div class=\"div100\" style=\"text-align: center;\">\n<h1>ORGANIZADORES<\/h1>\n<\/div>\n<div class=\"clear20\">&nbsp;<\/div>\n<div class=\"div25\">\n<div class=\"containerEfect\">\n<div class=\"efecto-imgSeparados\"><img decoding=\"async\" class=\"imgEfect\" src=\"https:\/\/www.femexrobotica.org\/tmr2019\/wp-content\/uploads\/2018\/02\/fundacion-mexicana-de-robotica.png\" alt=\"Fundaci\u00f3n mexicana de robotica\">&nbsp;&nbsp;&nbsp;&nbsp;&nbsp;&nbsp;&nbsp;&nbsp;<\/p>\n<div class=\"text\">Federaci\u00f3n Mexicana de Rob\u00f3tica, A.C.<\/div>\n<\/div>\n<\/div>\n<\/div>\n<div class=\"div25\">\n<div class=\"containerEfect\">\n<div class=\"efecto-imgSeparados\"><a href=\"tecnologico_de_monterrey\/\"><img decoding=\"async\" class=\"imgEfect\" src=\"https:\/\/www.femexrobotica.org\/tmr2019\/wp-content\/uploads\/2018\/01\/tec-mty.png\" alt=\"Tecnol\u00f3gico de Monterrey\"> <\/a>&nbsp;&nbsp;&nbsp;&nbsp;&nbsp;&nbsp;&nbsp;&nbsp;<\/p>\n<div class=\"text\">Tecnol\u00f3gico de Monterrey<\/div>\n<\/div>\n<\/div>\n<\/div>\n<div class=\"div25\">\n<div class=\"containerEfect\">\n<div class=\"efecto-imgSeparados\"><img decoding=\"async\" class=\"imgEfect\" src=\"https:\/\/www.femexrobotica.org\/tmr2019\/wp-content\/uploads\/2019\/02\/NeticaLog21.jpeg\" alt=\"Netica\">&nbsp;&nbsp;&nbsp;&nbsp;&nbsp;&nbsp;&nbsp;&nbsp;<\/p>\n<div class=\"text\">N\u00e9tica<\/div>\n<\/div>\n<\/div>\n<\/div>\n<div class=\"div25\">\n<div class=\"containerEfect\">\n<div class=\"efecto-imgSeparados\"><img decoding=\"async\" class=\"imgEfect\" src=\"https:\/\/www.femexrobotica.org\/tmr2020\/wp-content\/uploads\/2019\/12\/logo-robocupN.png\" alt=\"Robocup\">&nbsp;&nbsp;&nbsp;&nbsp;&nbsp;&nbsp;&nbsp;&nbsp;<\/p>\n<div class=\"text\">RoboCup Federation<\/div>\n<\/div>\n<\/div>\n<\/div>\n<p><!--\n\n\n\n\n<div class=\"div100\" style=\"text-align: center;\">\n\n\n\n\n<h2>SILVER<\/h2>\n\n\n\n\n<\/div>\n\n\n\n\n\n\n\n\n<div class=\"div33\">&nbsp;<\/div>\n\n\n\n\n\n\n\n\n<div class=\"div33\">\n\n\n\n\n<div class=\"containerEfect\">\n\n\n\n\n<div class=\"efecto-imgSeparados\"><a href=\"tecnologico_de_monterrey\/\"><img decoding=\"async\" class=\"imgEfect\" src=\"https:\/\/www.femexrobotica.org\/tmr2019\/wp-content\/uploads\/2018\/03\/creative_thumb.png\" alt=\"Creativa Kids\"> <\/a>&nbsp;&nbsp;\n\n\n\n\n<div class=\"text\">CreativaKids<\/div>\n\n\n\n\n<\/div>\n\n\n\n\n<\/div>\n\n\n\n\n<\/div>\n\n\n\n\n\n\n\n\n<div class=\"div33\">&nbsp;<\/div>\n\n\n\n\n\n\n\n\n<div class=\"div100\" style=\"text-align: center;\">\n\n\n\n\n<h2>BRONCE<\/h2>\n\n\n\n\n<\/div>\n\n\n\n\n\n\n\n\n<div class=\"div33\">&nbsp;<\/div>\n\n\n\n\n\n\n\n\n<div class=\"div33\">\n\n\n\n\n<div class=\"containerEfect\">\n\n\n\n\n<div class=\"efecto-imgSeparados\"><a href=\"tecnologico_de_monterrey\/\"><img decoding=\"async\" class=\"imgEfect\" src=\"https:\/\/www.femexrobotica.org\/tmr2019\/wp-content\/uploads\/2018\/03\/logo_steren.jpg\" alt=\"Steren\"> <\/a>&nbsp;&nbsp;\n\n\n\n\n<div class=\"text\">Steren<\/div>\n\n\n\n\n<\/div>\n\n\n\n\n<\/div>\n\n\n\n\n<\/div>\n\n\n\n\n--><\/p>\n<div class=\"div33\">&nbsp;<\/div>\n","protected":false},"excerpt":{"rendered":"<p>En Sonora Norte TORNEO MEXICANO DE ROB\u00d3TICA 2020 XII TMR &#8211; Decimosegundo Torneo Mexicano de Rob\u00f3tica El Tecnol\u00f3gico de Monterrey en Hermosillo orgullosamente abre sus puertas como sede de este evento de talla internacional organizado por la Federaci\u00f3n Mexicana de [&hellip;]<\/p>\n","protected":false},"author":1,"featured_media":0,"parent":0,"menu_order":0,"comment_status":"closed","ping_status":"closed","template":"","meta":{"ngg_post_thumbnail":0,"footnotes":""},"class_list":["post-84","page","type-page","status-publish","hentry"],"_links":{"self":[{"href":"https:\/\/www.femexrobotica.org\/tmr2020\/wp-json\/wp\/v2\/pages\/84","targetHints":{"allow":["GET"]}}],"collection":[{"href":"https:\/\/www.femexrobotica.org\/tmr2020\/wp-json\/wp\/v2\/pages"}],"about":[{"href":"https:\/\/www.femexrobotica.org\/tmr2020\/wp-json\/wp\/v2\/types\/page"}],"author":[{"embeddable":true,"href":"https:\/\/www.femexrobotica.org\/tmr2020\/wp-json\/wp\/v2\/users\/1"}],"replies":[{"embeddable":true,"href":"https:\/\/www.femexrobotica.org\/tmr2020\/wp-json\/wp\/v2\/comments?post=84"}],"version-history":[{"count":213,"href":"https:\/\/www.femexrobotica.org\/tmr2020\/wp-json\/wp\/v2\/pages\/84\/revisions"}],"predecessor-version":[{"id":4037,"href":"https:\/\/www.femexrobotica.org\/tmr2020\/wp-json\/wp\/v2\/pages\/84\/revisions\/4037"}],"wp:attachment":[{"href":"https:\/\/www.femexrobotica.org\/tmr2020\/wp-json\/wp\/v2\/media?parent=84"}],"curies":[{"name":"wp","href":"https:\/\/api.w.org\/{rel}","templated":true}]}}