{"id":535,"date":"2018-01-31T00:49:31","date_gmt":"2018-01-31T06:49:31","guid":{"rendered":"https:\/\/femexrobotica.org\/tmr2020\/?page_id=535"},"modified":"2020-02-18T13:46:52","modified_gmt":"2020-02-18T19:46:52","slug":"prensa","status":"publish","type":"page","link":"https:\/\/www.femexrobotica.org\/tmr2020\/prensa\/","title":{"rendered":"PRENSA"},"content":{"rendered":"<h1 style=\"text-align: center;\"><strong>PRENSA<\/strong><\/h1>\n<div class=\"vc_row wpb_row vc_row-fluid\" ><div class=\"wpb_column vc_column_container vc_col-sm-6\"><div class=\"vc_column-inner \"><div class=\"wpb_wrapper\">\n\t<div  class=\"wpb_single_image wpb_content_element vc_align_center\">\n\t\t\n\t\t<figure class=\"wpb_wrapper vc_figure\">\n\t\t\t<div class=\"vc_single_image-wrapper vc_box_shadow_3d  vc_box_border_grey\"><img loading=\"lazy\" decoding=\"async\" width=\"1024\" height=\"683\" src=\"https:\/\/www.femexrobotica.org\/tmr2020\/wp-content\/uploads\/2018\/01\/Prensa-1024x683.jpg\" class=\"vc_single_image-img attachment-large\" alt=\"\" srcset=\"https:\/\/www.femexrobotica.org\/tmr2020\/wp-content\/uploads\/2018\/01\/Prensa-1024x683.jpg 1024w, https:\/\/www.femexrobotica.org\/tmr2020\/wp-content\/uploads\/2018\/01\/Prensa-300x200.jpg 300w, https:\/\/www.femexrobotica.org\/tmr2020\/wp-content\/uploads\/2018\/01\/Prensa-768x512.jpg 768w, https:\/\/www.femexrobotica.org\/tmr2020\/wp-content\/uploads\/2018\/01\/Prensa.jpg 1333w\" sizes=\"auto, (max-width: 1024px) 100vw, 1024px\" \/><\/div>\n\t\t<\/figure>\n\t<\/div>\n<\/div><\/div><\/div><div class=\"wpb_column vc_column_container vc_col-sm-6\"><div class=\"vc_column-inner \"><div class=\"wpb_wrapper\">\n\t<div class=\"wpb_text_column wpb_content_element \" >\n\t\t<div class=\"wpb_wrapper\">\n\t\t\t<h4><em><strong>Informaci\u00f3n importante a considerar<\/strong><\/em><\/h4>\n<p><span style=\"color: #ff0000;\"><em>Actualizaci\u00f3n 18\/feb\/2020:<\/em><\/span> Para acreditaciones de prensa favor de enviar un correo electr\u00f3nico a Marissa Sandoval<strong> (marissa.sandoval@tec.mx)<\/strong> con copia a <strong>prensa@femexrobotica.org<\/strong>.<\/p>\n<p>Es importante tener en cuenta que el <strong><em>jueves 26 de marzo<\/em><\/strong> es el d\u00eda de registro y pruebas.<\/p>\n<p>Los dos d\u00edas con mayor acci\u00f3n ser\u00e1n el <strong><em>viernes 27 de marzo<\/em><\/strong> (eliminatorias) y <strong><em>s\u00e1bado 28 de marzo<\/em><\/strong> (finales).<\/p>\n<p>Se recomienda consultar el calendario de visitantes, que indica los horarios en que habr\u00e1 actividades de cada competencia.<\/p>\n\n\t\t<\/div>\n\t<\/div>\n<\/div><\/div><\/div><\/div><div class=\"vc_row wpb_row vc_row-fluid\" ><div class=\"wpb_column vc_column_container vc_col-sm-12\"><div class=\"vc_column-inner \"><div class=\"wpb_wrapper\"><div class=\"vc_empty_space\"   style=\"height: 70px\" ><span class=\"vc_empty_space_inner\"><\/span><\/div>\n<\/div><\/div><\/div><\/div>\n","protected":false},"excerpt":{"rendered":"<p>PRENSA<\/p>\n","protected":false},"author":6,"featured_media":0,"parent":0,"menu_order":0,"comment_status":"closed","ping_status":"closed","template":"","meta":{"ngg_post_thumbnail":0,"footnotes":""},"class_list":["post-535","page","type-page","status-publish","hentry"],"_links":{"self":[{"href":"https:\/\/www.femexrobotica.org\/tmr2020\/wp-json\/wp\/v2\/pages\/535","targetHints":{"allow":["GET"]}}],"collection":[{"href":"https:\/\/www.femexrobotica.org\/tmr2020\/wp-json\/wp\/v2\/pages"}],"about":[{"href":"https:\/\/www.femexrobotica.org\/tmr2020\/wp-json\/wp\/v2\/types\/page"}],"author":[{"embeddable":true,"href":"https:\/\/www.femexrobotica.org\/tmr2020\/wp-json\/wp\/v2\/users\/6"}],"replies":[{"embeddable":true,"href":"https:\/\/www.femexrobotica.org\/tmr2020\/wp-json\/wp\/v2\/comments?post=535"}],"version-history":[{"count":18,"href":"https:\/\/www.femexrobotica.org\/tmr2020\/wp-json\/wp\/v2\/pages\/535\/revisions"}],"predecessor-version":[{"id":3646,"href":"https:\/\/www.femexrobotica.org\/tmr2020\/wp-json\/wp\/v2\/pages\/535\/revisions\/3646"}],"wp:attachment":[{"href":"https:\/\/www.femexrobotica.org\/tmr2020\/wp-json\/wp\/v2\/media?parent=535"}],"curies":[{"name":"wp","href":"https:\/\/api.w.org\/{rel}","templated":true}]}}