{"id":533,"date":"2018-01-31T00:45:06","date_gmt":"2018-01-31T06:45:06","guid":{"rendered":"https:\/\/femexrobotica.org\/tmr2020\/?page_id=533"},"modified":"2023-11-06T10:42:40","modified_gmt":"2023-11-06T16:42:40","slug":"registro-2","status":"publish","type":"page","link":"https:\/\/www.femexrobotica.org\/tmr2020\/registro-2\/","title":{"rendered":"REGISTRO"},"content":{"rendered":"<h3><b>Pasos para el proceso de registro para el TMR 2020<\/b><\/h3>\n<p><span style=\"font-weight: 400;\">Para poder realizar el registro del TMR 2020 ser\u00e1 necesario registrar a la instituci\u00f3n. El registro de la instituci\u00f3n no tiene costo adicional al pago de inscripci\u00f3n. Este es un paso adicional que se requiere para poder tener un control m\u00e1s preciso en las categor\u00edas que tienen l\u00edmite de equipos por instituci\u00f3n, as\u00ed como para poder contar con estad\u00edsticas claras del n\u00famero de participantes de cada instituci\u00f3n en todas las categor\u00edas. Para el TMR 2020 se debe crear un nuevo usuario para acceso al sistema aunque haya registrado equipos en a\u00f1os anteriores. Solamente se debe crear una cuenta por instituci\u00f3n.<\/span><\/p>\n<h4><b><i>Registro de la instituci\u00f3n<\/i><\/b><\/h4>\n<p><span style=\"font-weight: 400;\">El registro de la instituci\u00f3n ser\u00e1 ligeramente diferente para el caso de <\/span><i><span style=\"font-weight: 400;\">instituciones con acreditaci\u00f3n oficial<\/span><\/i><span style=\"font-weight: 400;\"> (secundarias, preparatorias, universidades, centros de investigaci\u00f3n) que para el caso de las <\/span><i><span style=\"font-weight: 400;\">escuelas de rob\u00f3tica<\/span><\/i><span style=\"font-weight: 400;\">.<\/span><\/p>\n<p><span style=\"font-weight: 400;\">Para las <\/span><i><span style=\"font-weight: 400;\">instituciones con acreditaci\u00f3n oficial<\/span><\/i><span style=\"font-weight: 400;\"> el \u201cDocumento de Validaci\u00f3n de la Instituci\u00f3n\u201d es un documento oficial que acredite el nombre completo de la instituci\u00f3n, as\u00ed como el campus que est\u00e9 registrando (donde aplique), estos pueden ser:<\/span><\/p>\n<ul>\n<li style=\"font-weight: 400;\"><span style=\"font-weight: 400;\">Documento oficial expedido por alguna autoridad educativa mientras se tenga el nombre de la instituci\u00f3n y el campus.<\/span><\/li>\n<li style=\"font-weight: 400;\"><span style=\"font-weight: 400;\">Documento oficial interno mientras se tenga el nombre de la instituci\u00f3n y el campus.<\/span><\/li>\n<li style=\"font-weight: 400;\"><span style=\"font-weight: 400;\">Credencial del docente mientras se tenga el nombre de la instituci\u00f3n y el campus.<\/span><\/li>\n<\/ul>\n<p><span style=\"font-weight: 400;\">Para el caso de las <\/span><i><span style=\"font-weight: 400;\">escuelas de rob\u00f3tica<\/span><\/i><span style=\"font-weight: 400;\"> de acuerdo al tipo de representaci\u00f3n que tendr\u00e1n deben adjuntar lo siguiente:<\/span><\/p>\n<ul>\n<li style=\"font-weight: 400;\"><span style=\"font-weight: 400;\">A nivel escuela de robotica-campus (sucursal), para lo cual se deber\u00e1 adjuntar una carta membretada de la escuela donde se especifique el nombre de la escuela, campus, direcci\u00f3n, contacto y tel\u00e9fono principal firmada por la direcci\u00f3n del campus.<\/span><\/li>\n<li style=\"font-weight: 400;\"><span style=\"font-weight: 400;\">A nivel escuela de rob\u00f3tica-instituci\u00f3n educativa, para lo cual se deber\u00e1 adjuntar una carta membretada de la escuela donde especifique el nombre de la escuela, campus, direcci\u00f3n, contacto y tel\u00e9fono principal firmada por la direcci\u00f3n del campus, as\u00ed como mencionar la instituci\u00f3n a la que representa y adjuntar alguno de los \u201cDocumentos de Validaci\u00f3n de la Instituci\u00f3n\u201d que se mencionan para el caso de <\/span><i><span style=\"font-weight: 400;\">instituciones con acreditaci\u00f3n oficial<\/span><\/i><span style=\"font-weight: 400;\">.<\/span><\/li>\n<\/ul>\n<h3>&nbsp;<\/h3>\n<h3><b>Procedimiento de registro completo<\/b><\/h3>\n<h4><b><i>A continuaci\u00f3n se describe el proceso de registro completo que todos los equipos que deseen competir deber\u00e1n realizar:<\/i><\/b><\/h4>\n<ol>\n<li style=\"font-weight: 400;\"><span style=\"font-weight: 400;\">Solicite el registro de su instituci\u00f3n, tarea que s\u00f3lo se requiere para el primer equipo de la misma. Se sugiere realizar este paso con anticipaci\u00f3n ya que es necesario que pase por un proceso interno de validaci\u00f3n que puede llegar a tomar hasta 48 horas.<\/span><\/li>\n<li style=\"font-weight: 400;\"><b>En caso de requerir factura, d\u00e9 de alta sus datos de facturaci\u00f3n en el sistema dentro de Alta de instituciones previo al alta de sus equipos y env\u00edo de su registro. En caso de no llenar los datos correctos y completos la factura no ser\u00e1 generada.<\/b><\/li>\n<li style=\"font-weight: 400;\"><span style=\"font-weight: 400;\">Ingrese los datos de equipos y miembros de equipo (competidores, l\u00edderes de equipo y mentores\/asesores).<\/span><\/li>\n<li style=\"font-weight: 400;\"><span style=\"font-weight: 400;\">Al tener completos los datos de todos los equipos y miembros, debe enviar su solicitud de registro, a partir de ese momento no se permiten cambios en el n\u00famero de miembros. Es posible realizar cambios de datos de personas hasta 1 semana antes de iniciar el torneo.<\/span><\/li>\n<li style=\"font-weight: 400;\"><span style=\"font-weight: 400;\">El sistema calcular\u00e1 el importe a pagar y le proporcionar\u00e1 una clave de dep\u00f3sito. Realice su pago y suba su comprobante de pago en el sistema de registro.<\/span><\/li>\n<li style=\"font-weight: 400;\"><span style=\"font-weight: 400;\">Verifique que los datos ingresados aparezcan como \u201cValidado OK\u201d, y que sus equipos aparezcan como \u201cEquipo registrado\u201d; si detectamos inconsistencias se lo indicaremos en el sistema. Todas las inconsistencias deber\u00e1n ser resueltas antes del inicio del torneo.<\/span><\/li>\n<\/ol>\n<p><span style=\"font-weight: 400;\">&nbsp;<\/span><\/p>\n<p><b><i>Observaciones:<\/i><\/b><\/p>\n<ul>\n<li style=\"font-weight: 400;\"><span style=\"font-weight: 400;\">Le pedimos completar y enviar el registro de toda la informaci\u00f3n de sus equipos y miembros de equipo antes de realizar su dep\u00f3sito. Haber depositado cualquier cantidad sin tener el registro y clave de dep\u00f3sito no le garantizan un nivel de cuota o tener lugar en el torneo.<\/span><\/li>\n<li style=\"font-weight: 400;\"><span style=\"font-weight: 400;\">Los periodos de inscripci\u00f3n podr\u00edan cerrarse en caso de que se sobrepase la capacidad del evento o de categor\u00edas.<\/span><\/li>\n<li style=\"font-weight: 400;\"><span style=\"font-weight: 400;\">Los profesores que acompa\u00f1an al equipo y que desean contar con un diploma que reconozca su participaci\u00f3n en el evento, pero que no requieren que se les asigne lugar en la mesa de trabajo del equipo, podr\u00e1n inscribirse como mentores. Debido a que no ocupan lugar en la mesa de trabajo, los mentores no cuentan para el l\u00edmite de participantes por equipo.&nbsp;<\/span><\/li>\n<li style=\"font-weight: 400;\"><span style=\"font-weight: 400;\">Para los equipos: ahora se puede registrar un Technical Description Paper (TDP) y la URL a un video subido por el equipo a un servicio de videos en l\u00ednea (Youtube, Vimeo, etc). Revise las condiciones de competencia en el <\/span><a href=\"http:\/\/www.femexrobotica.org\/tmr2020\"><span style=\"font-weight: 400;\">Sitio oficial del TMR 2020<\/span><\/a><span style=\"font-weight: 400;\"> y los <\/span><span style=\"font-weight: 400;\">Criterios de selecci\u00f3n para categor\u00edas Major<\/span><span style=\"font-weight: 400;\">, ya que para algunas categor\u00edas es obligatorio proporcionar estos materiales.<\/span><\/li>\n<li style=\"font-weight: 400;\"><span style=\"font-weight: 400;\">Para los miembros de equipo: los l\u00edmites de edad y n\u00famero de integrantes se validan seg\u00fan las caracter\u00edsticas de cada sub-liga. Por ejemplo, las categor\u00edas Major no piden l\u00edmites de edad, pero las de Junior solicitan participantes seg\u00fan las condiciones indicadas por RoboCupJunior (consulte el <\/span><a href=\"http:\/\/junior.robocup.org\/\"><span style=\"font-weight: 400;\">Sitio oficial RCJ<\/span><\/a><span style=\"font-weight: 400;\">). Consulte especialmente las <\/span><span style=\"font-weight: 400;\">Condiciones de participaci\u00f3n para categor\u00edas Junior en el TMR 2020<\/span><span style=\"font-weight: 400;\">.<\/span><\/li>\n<li style=\"font-weight: 400;\"><span style=\"font-weight: 400;\">Para los participantes y mentores es necesario adjuntar un documento probatorio de su fecha de nacimiento. Ejemplos de documentos v\u00e1lidos son: la constancia CURP en formato PDF que puede ser descargado del sitio de <\/span><a href=\"https:\/\/consultas.curp.gob.mx\/\"><span style=\"font-weight: 400;\">Consultas CURP<\/span><\/a><span style=\"font-weight: 400;\">, IFE\/INE o pasaporte; es v\u00e1lido cualquier documento oficial con nombre y fecha de nacimiento del participante.<\/span><\/li>\n<li style=\"font-weight: 400;\"><span style=\"font-weight: 400;\">Para los participantes de equipos JUNIOR es necesario adjuntar la credencial escolar vigente. El 50% de los participantes en el equipo deben pertenecer a la Instituci\u00f3n Educativa representada.<\/span><\/li>\n<li style=\"font-weight: 400;\"><span style=\"font-weight: 400;\">Despu\u00e9s de que haya enviado por primera vez el pre-registro, los datos de los participantes ser\u00e1n validados. Inicialmente podr\u00e1 ingresar y comprobar que \u00e9stos se encuentran &#8220;por validar&#8221;, pero unos d\u00edas despu\u00e9s ver\u00e1 el resultado de la revisi\u00f3n. Aqui ver\u00e1 si de esta revisi\u00f3n se determin\u00f3 que la foto o la fecha de nacimiento del participante son err\u00f3neas. Para que se les permita tener registro y competir, la validaci\u00f3n de cada integrante debe ser &#8220;correcto&#8221;.<\/span><\/li>\n<\/ul>\n<p><span style=\"font-weight: 400;\">&nbsp;<\/span><\/p>\n<p><b>Cuotas<\/b><\/p>\n<p><a href=\"https:\/\/www.femexrobotica.org\/tmr2020\/cuotas\/\"><span style=\"font-weight: 400;\">Consulte aqu\u00ed la informaci\u00f3n de cuotas del TMR 2020.<\/span><\/a><\/p>\n<p><span style=\"font-weight: 400;\">&nbsp;<\/span><\/p>\n<p style=\"text-align: center;\"><a href=\"https:\/\/www.femexrobotica.org\/regtmr\" target=\"_blank\" rel=\"noopener noreferrer\"><b>ACCESO AL SISTEMA DE REGISTRO<\/b><\/a><\/p><\/p>\n","protected":false},"excerpt":{"rendered":"<p>Pasos para el proceso de registro para el TMR 2020 Para poder realizar el registro del TMR 2020 ser\u00e1 necesario registrar a la instituci\u00f3n. El registro de la instituci\u00f3n no tiene costo adicional al pago de inscripci\u00f3n. Este es un [&hellip;]<\/p>\n","protected":false},"author":1,"featured_media":0,"parent":0,"menu_order":0,"comment_status":"closed","ping_status":"closed","template":"","meta":{"ngg_post_thumbnail":0,"footnotes":""},"class_list":["post-533","page","type-page","status-publish","hentry"],"_links":{"self":[{"href":"https:\/\/www.femexrobotica.org\/tmr2020\/wp-json\/wp\/v2\/pages\/533","targetHints":{"allow":["GET"]}}],"collection":[{"href":"https:\/\/www.femexrobotica.org\/tmr2020\/wp-json\/wp\/v2\/pages"}],"about":[{"href":"https:\/\/www.femexrobotica.org\/tmr2020\/wp-json\/wp\/v2\/types\/page"}],"author":[{"embeddable":true,"href":"https:\/\/www.femexrobotica.org\/tmr2020\/wp-json\/wp\/v2\/users\/1"}],"replies":[{"embeddable":true,"href":"https:\/\/www.femexrobotica.org\/tmr2020\/wp-json\/wp\/v2\/comments?post=533"}],"version-history":[{"count":57,"href":"https:\/\/www.femexrobotica.org\/tmr2020\/wp-json\/wp\/v2\/pages\/533\/revisions"}],"predecessor-version":[{"id":4071,"href":"https:\/\/www.femexrobotica.org\/tmr2020\/wp-json\/wp\/v2\/pages\/533\/revisions\/4071"}],"wp:attachment":[{"href":"https:\/\/www.femexrobotica.org\/tmr2020\/wp-json\/wp\/v2\/media?parent=533"}],"curies":[{"name":"wp","href":"https:\/\/api.w.org\/{rel}","templated":true}]}}