{"id":3279,"date":"2019-11-11T09:14:22","date_gmt":"2019-11-11T15:14:22","guid":{"rendered":"https:\/\/www.femexrobotica.org\/tmr2020\/?page_id=3279"},"modified":"2020-03-10T13:06:51","modified_gmt":"2020-03-10T19:06:51","slug":"drones-autonomos","status":"publish","type":"page","link":"https:\/\/www.femexrobotica.org\/tmr2020\/drones-autonomos\/","title":{"rendered":"Drones Aut\u00f3nomos"},"content":{"rendered":"<h1 style=\"text-align: center;\"><strong>Drones Aut\u00f3nomos<\/strong><\/h1>\n<p><strong><img loading=\"lazy\" decoding=\"async\" class=\"wp-image-3349  aligncenter\" src=\"https:\/\/www.femexrobotica.org\/tmr2020\/wp-content\/uploads\/2019\/11\/DRONES-300x169.jpg\" alt=\"\" width=\"375\" height=\"211\" srcset=\"https:\/\/www.femexrobotica.org\/tmr2020\/wp-content\/uploads\/2019\/11\/DRONES-300x169.jpg 300w, https:\/\/www.femexrobotica.org\/tmr2020\/wp-content\/uploads\/2019\/11\/DRONES-768x432.jpg 768w, https:\/\/www.femexrobotica.org\/tmr2020\/wp-content\/uploads\/2019\/11\/DRONES-1024x576.jpg 1024w, https:\/\/www.femexrobotica.org\/tmr2020\/wp-content\/uploads\/2019\/11\/DRONES.jpg 1280w\" sizes=\"auto, (max-width: 375px) 100vw, 375px\" \/><\/strong><\/p>\n<h5>&nbsp;<\/h5>\n<hr>\n<div id=\"dives\">\n<h5 id=\"dives\" style=\"text-align: center;\"><strong>4\/03\/2020: <\/strong><\/h5>\n<h5 style=\"text-align: center;\"><strong>Aviso importante:<\/strong><\/h5>\n<div style=\"text-align: center;\">A trav\u00e9s de este medio hacemos de su conocimiento que el 1er lugar en la Categor\u00eda de Drones Aut\u00f3nomos del TMR2020 obtendr\u00e1 la calificaci\u00f3n directa para participar en las competencias del <em><strong>International Micro Air Vehicle Conference and Competitions (IMAV 2020).<\/strong><\/em><\/div>\n<div>&nbsp;<\/div>\n<div style=\"text-align: center;\">El IMAV es un evento anual que re\u00fane a cient\u00edficos, tecn\u00f3logos y entusiastas de todo el mundo interesados en la investigaci\u00f3n y desarrollo de los veh\u00edculos a\u00e9reos peque\u00f1os. &nbsp;Por primera vez, la IMAV se llevar\u00e1 a cabo en latinoam\u00e9rica. Organizado por INAOE, la UDLAP y la BUAP, la 12va edici\u00f3n de la IMAV 2020, se realizar\u00e1 en M\u00e9xico, en el estado de Puebla, del 16 al 20 de Noviembre de 2020.<\/div>\n<div>&nbsp;<\/div>\n<div style=\"text-align: center;\">Asistir a la IMAV 2020 ofrece la oportunidad de interactuar con distinguidos investigadores del m\u00e1s alto prestigio &nbsp;en el \u00e1rea de veh\u00edculos a\u00e9reos peque\u00f1os, quienes participan en este evento ya sea como ponentes magistrales, presentando art\u00edculos de investigaci\u00f3n o como participantes en las competencias. Para mayores detalles sobre las competencias y los premios que se otorgar\u00e1n se puede visitar el sitio en:&nbsp; <a href=\"http:\/\/imav2020.inaoep.mx\">http:\/\/imav2020.inaoep.mx<\/a><\/div>\n<div style=\"text-align: center;\"><br><hr>\n<p>&nbsp;<\/p>\n<p style=\"text-align: left;\">La competencia Drones Aut\u00f3nomos tiene por objetivo el desarrollo de drones que puedan volar de manera aut\u00f3noma y, mediante algoritmos de inteligencia artificial, puedan ejecutar acciones que les permitan resolver misiones de vuelo tales como: evadir obst\u00e1culos, seguir objetos, volar de manera aut\u00f3noma un circuito de ventanas, entre otras. Es una categor\u00eda \u00fanica y se admiten equipos con miembros desde nivel preparatoria acompa\u00f1ados con un mentor, licenciatura o posgrado (no es obligatorio tener un mentor, pero s\u00ed un l\u00edder de equipo).<\/p>\n<p style=\"text-align: left;\"><strong>Restricciones<\/strong><\/p>\n<p style=\"text-align: left;\">Para participar en Drones Aut\u00f3nomos se podr\u00e1n inscribir m\u00e1ximo 10 equipos con hasta 5 participantes incluyendo al mentor. Se compite utilizando cualquier tipo de dron, seg\u00fan se indica en el reglamento respectivo. Sin embargo, el dron no podr\u00e1 exceder un per\u00edmetro de 1 metro, tomando la medici\u00f3n m\u00e1s larga desde la punta de una h\u00e9lice a otra h\u00e9lice.<\/p>\n<p style=\"text-align: left;\">Los profesores que acompa\u00f1an al equipo y que desean contar con un diploma que reconozca su participaci\u00f3n en el evento, pero que no requieren que se les asigne lugar en la mesa de trabajo del equipo, podr\u00e1n inscribirse como mentores. El costo de inscripci\u00f3n de los mentores es el mismo que el de los concursantes.<\/p>\n<p style=\"text-align: left;\">El resultado obtenido en el Torneo Mexicano de Rob\u00f3tica NO da derecho a participar en alguna liga internacional.<\/p>\n<p style=\"text-align: left;\"><strong>Reglamento<\/strong><\/p>\n<\/div>\n<p style=\"text-align: left;\">Las reglas se encuentran en el siguiente enlace: <a href=\"https:\/\/www.femexrobotica.org\/tmr2020\/wp-content\/uploads\/2020\/03\/ManualdeReglas_2020_20200303.pdf\">Reglamento<\/a>.<\/p>\n<p style=\"text-align: left;\"><strong>Comit\u00e9 T\u00e9cnico<\/strong><\/p>\n<p>Jos\u00e9 Mart\u00ednez-Carranza<\/p>\n<p>email: <strong><a href=\"mailto:carranza@inaoep.mx\">carranza@inaoep.mx<\/a><\/strong><\/p>\n<p><strong>Comit\u00e9 Local<\/strong><\/p>\n<p>Sa\u00fal Padilla<\/p>\n<p>email: <a href=\"mailto:saul.sandoval.padilla@gmail.com\"><strong>saul.sandoval.padilla@gmail.com<\/strong><\/a><\/p>\n<p>Jair Solis<\/p>\n<p>email: <strong><a href=\"mailto:jairnetica@gmail.com\">jairnetica@gmail.com<\/a><\/strong><\/p>\n<\/div>\n<hr>\n<p style=\"text-align: center;\"><strong>March 4, 2020:<\/strong><\/p>\n<div id=\"diven\">\n<h4 style=\"text-align: center;\"><strong>Important notice:<\/strong><\/h4>\n<p>Hereby we announce that the winner of the 1st Place in the Autonomous Drone Category of the Mexican Tournament in Robotics 2020, will be granted a direct qualification to participate in the competitions of the <em><strong>International Micro Air Vehicle Conference and Competitions (IMAV 2020). <\/strong><\/em><\/p>\n<p>The IMAV is an annual international event bringing together scientists, technologists and enthusiasts on the research and technological development of micro-air vehicles. For the first time ever, the IMAV will be organized in Latin America. Organised by INAOE, UDLAP and BUAP, the 12th IMAV 2020 will be held in Mexico, in the State of Puebla, between the 16th to the 20th of November, 2020. Attending the IMAV 2020 offers the opportunity to interact with highly recognized researchers in the field of micro-air vehicles, who participate in this event either as keynote speakers, presenting research and technical papers or as team members participating in the competitions. For more details about the competitions and the prizes, visit the official website at: <a href=\"http:\/\/imav2020.inaoep.mx\">http:\/\/imav2020.inaoep.mx<\/a><\/p>\n<hr>\n<p><span style=\"font-size: inherit;\">This a competition whose goal is the development and implementation of drones that can fly autonomously, this is, without human intervention. To achieve the latter, it is expected that competitors make use of algorithms based on artificial intelligence such that drones become able to perform flight missions such as: obstacle avoidance, object tracking and following, autonomous flight through a gate track, among others. This is a unique category that allows competitors from highschool (coached by a mentor), undergraduate or postgraduate level. For higher levels to highschool a mentor is not required by a team leader should sign up.<\/span><\/p>\n<p><strong>Restrictions<\/strong><\/p>\n<p>To participate in the Category of Autonomous Drones, a maximum number of 10 teams can registered in the competition, each team may register up to 5 team mates, including the mentor\/leader. Any drone model can be used in the competition as far as it complies with the competition rules. However, a drone can not exceed a diameter of 1 metre, considering the diagonal distance from one propeler to the other.<\/p>\n<p>Teachers acompanying the team and who wish to have a certificate of participation in the vent, but who do not require a seat in the team&#8217;s working place, may register as mentors. The registration cost of mentors is the same as team members.<\/p>\n<p>At the moment, the result obtained in this competition, within the Mexican Tournament in Robotics, does not grant the right to participate in any international league.<\/p>\n<div><strong>Rulebook<\/strong><\/div>\n<div>&nbsp;<\/div>\n<div>Rules can be found <a href=\"https:\/\/www.femexrobotica.org\/tmr2020\/wp-content\/uploads\/2020\/03\/ManualdeReglas_2020_20200303.pdf\">here<\/a> (in Spanish)<\/div>\n<div id=\"diven\">\n<p><strong>Technical Committee<\/strong><\/p>\n<p>Jos\u00e9 Carranza<\/p>\n<p>email: <strong><a href=\"mailto:carranza@inaoep.mx\">carranza@inaoep.mx<\/a><\/strong><\/p>\n<p><strong>Local committee<\/strong><\/p>\n<p>Sa\u00fal Padilla<\/p>\n<p>email: <a href=\"mailto:saul.sandoval.padilla@gmail.com\"><strong>saul.sandoval.padilla@gmail.com<\/strong><\/a><\/p>\n<p>Jair Solis<\/p>\n<p>email: <a href=\"mailto:jairnetica@gmail.com\"><strong>jairnetica@gmail.com<\/strong><\/a><\/p>\n<\/div>\n<\/div>\n\n\n<p><\/p>\n","protected":false},"excerpt":{"rendered":"<p>Drones Aut\u00f3nomos &nbsp; 4\/03\/2020: Aviso importante: A trav\u00e9s de este medio hacemos de su conocimiento que el 1er lugar en la Categor\u00eda de Drones Aut\u00f3nomos del TMR2020 obtendr\u00e1 la calificaci\u00f3n directa para participar en las competencias del International Micro Air [&hellip;]<\/p>\n","protected":false},"author":12,"featured_media":0,"parent":0,"menu_order":0,"comment_status":"closed","ping_status":"closed","template":"","meta":{"ngg_post_thumbnail":0,"footnotes":""},"class_list":["post-3279","page","type-page","status-publish","hentry"],"_links":{"self":[{"href":"https:\/\/www.femexrobotica.org\/tmr2020\/wp-json\/wp\/v2\/pages\/3279","targetHints":{"allow":["GET"]}}],"collection":[{"href":"https:\/\/www.femexrobotica.org\/tmr2020\/wp-json\/wp\/v2\/pages"}],"about":[{"href":"https:\/\/www.femexrobotica.org\/tmr2020\/wp-json\/wp\/v2\/types\/page"}],"author":[{"embeddable":true,"href":"https:\/\/www.femexrobotica.org\/tmr2020\/wp-json\/wp\/v2\/users\/12"}],"replies":[{"embeddable":true,"href":"https:\/\/www.femexrobotica.org\/tmr2020\/wp-json\/wp\/v2\/comments?post=3279"}],"version-history":[{"count":16,"href":"https:\/\/www.femexrobotica.org\/tmr2020\/wp-json\/wp\/v2\/pages\/3279\/revisions"}],"predecessor-version":[{"id":3667,"href":"https:\/\/www.femexrobotica.org\/tmr2020\/wp-json\/wp\/v2\/pages\/3279\/revisions\/3667"}],"wp:attachment":[{"href":"https:\/\/www.femexrobotica.org\/tmr2020\/wp-json\/wp\/v2\/media?parent=3279"}],"curies":[{"name":"wp","href":"https:\/\/api.w.org\/{rel}","templated":true}]}}