{"id":3269,"date":"2019-11-11T08:46:22","date_gmt":"2019-11-11T14:46:22","guid":{"rendered":"https:\/\/www.femexrobotica.org\/tmr2020\/?page_id=3269"},"modified":"2019-12-16T09:24:21","modified_gmt":"2019-12-16T15:24:21","slug":"larc-open-challenge","status":"publish","type":"page","link":"https:\/\/www.femexrobotica.org\/tmr2020\/larc-open-challenge\/","title":{"rendered":"LARC Open Challenge"},"content":{"rendered":"<h1 style=\"text-align: center;\"><strong>LARC Open Challenge<\/strong><\/h1>\n<p><img loading=\"lazy\" decoding=\"async\" class=\"wp-image-3350  aligncenter\" src=\"https:\/\/www.femexrobotica.org\/tmr2020\/wp-content\/uploads\/2019\/11\/LARC_OPEN-300x200.jpg\" alt=\"\" width=\"378\" height=\"252\" srcset=\"https:\/\/www.femexrobotica.org\/tmr2020\/wp-content\/uploads\/2019\/11\/LARC_OPEN-300x200.jpg 300w, https:\/\/www.femexrobotica.org\/tmr2020\/wp-content\/uploads\/2019\/11\/LARC_OPEN-768x512.jpg 768w, https:\/\/www.femexrobotica.org\/tmr2020\/wp-content\/uploads\/2019\/11\/LARC_OPEN-1024x683.jpg 1024w, https:\/\/www.femexrobotica.org\/tmr2020\/wp-content\/uploads\/2019\/11\/LARC_OPEN.jpg 1500w\" sizes=\"auto, (max-width: 378px) 100vw, 378px\" \/><\/p>\n<div id=\"dives\">\n<p>El Torneo Mexicano de Rob\u00f3tica\u00ae est\u00e1 asociado a diversas competencias internacionales, entre las que est\u00e1 el Latin American Robotics Competition (LARC) de la IEEE. Anualmente, el TMR apoya al equipo ganador del LARC Open Challenge para representar a M\u00e9xico en el Latin American Robotics Competition.<\/p>\n<p>Debido a que el comit\u00e9 del LARC a\u00fan no ha publicado las reglas del reto que se usar\u00e1 durante el 2020-2021 y com\u00fanmente se publican posterior a la fecha del TMR, se ha decidido que el reto de la categor\u00eda LARC OPEN en el Torneo Mexicano de Rob\u00f3tica\u00ae 2020 ser\u00e1 el mismo que se us\u00f3 para el 2019.<\/p>\n<p><strong>Introducci\u00f3n<\/strong><\/p>\n<p>En la globalizaci\u00f3n, el tr\u00e1fico de carga en un puerto ha alcanzado su l\u00edmite operativo, lo que hace cada vez m\u00e1s dif\u00edcil evitar retrasos en la salida de los barcos y trenes que llegan diariamente. Para resolver este grave problema, se requiere un sistema aut\u00f3nomo que sea capaz de mejorar el proceso de descarga y carga de los contenedores en barcos y trenes para aumentar la eficiencia de la terminal portuaria y garantizar las demandas de las diferentes compa\u00f1\u00edas.<\/p>\n<p>Este es un desaf\u00edo que los profesionales tendr\u00e1n en un futuro muy cercano. Pensando en una posible soluci\u00f3n, este desaf\u00edo fue planeado \u2013 reeditado desde (LARC \/ CBR 2009), que a trav\u00e9s de esta competencia rob\u00f3tica, los participantes deben desarrollar un robot que sea r\u00e1pido y preciso en el manejo de los contenedores.&nbsp;<\/p>\n<p><strong>Restricciones<\/strong><\/p>\n<p>Para participar en el LARC Open Challenge, se pueden inscribir equipos de m\u00e1ximo 6 personas. Los miembros del equipo deben ser estudiantes de cualquier nivel o haber egresado de su programa de estudios hace no m\u00e1s de dos a\u00f1os.<\/p>\n<p>Para el TMR 2020 es requisito de participaci\u00f3n la presentaci\u00f3n del Team Description Paper (TDP) con el formato IEEE (<a href=\"https:\/\/na01.safelinks.protection.outlook.com\/?url=https%3A%2F%2Fwww.femexrobotica.org%2Ftmr2018%2Fwp-content%2Fuploads%2F2018%2F02%2Fieeeconf_A4.zip&amp;data=02%7C01%7Cmariajose.gutierrez%40tec.mx%7C44c620af3d6b4cb3245108d68ddf7c24%7Cc65a3ea60f7c400b89345a6dc1705645%7C0%7C0%7C636852388348405903&amp;sdata=4vl7md%2FFp%2BX8oFwYhGj87gGQmgX670yYBCAqa%2B1Acf0%3D&amp;reserved=0\"><strong><em>enlace de descarga<\/em><\/strong><\/a>) y una extensi\u00f3n de 4 a 6 p\u00e1ginas.<\/p>\n<p>Los profesores que acompa\u00f1an al equipo y que desean contar con un diploma que reconozca su participaci\u00f3n en el evento podr\u00e1n inscribirse como mentores. El costo de inscripci\u00f3n de los mentores es el mismo que el de los concursantes.<\/p>\n<p><strong>Reglas<\/strong><\/p>\n<p>Las reglas se encuentran disponibles en la p\u00e1gina del Consejo Latinoamericano de Rob\u00f3tica IEEE-RAS <a href=\"http:\/\/ewh.ieee.org\/reg\/9\/robotica\/indexsp.htm\"><strong><em>http:\/\/ewh.ieee.org\/reg\/9\/robotica\/indexsp.htm<\/em><\/strong><\/a> en el apartado Reglas OPEN 2018-19. Puedes visitar el acceso directo en la siguiente liga <a href=\"http:\/\/www.cbrobotica.org\/wp-content\/uploads\/OPEN2018_2019_en.pdf\"><strong>http:\/\/www.cbrobotica.org\/wp-content\/uploads\/OPEN2018_2019_en.pdf<\/strong><\/a><\/p>\n<p><strong>Comit\u00e9 T\u00e9cnico<\/strong><\/p>\n<p>Javier Enrique Delgado Moreno<br \/>\nemail: <strong><a href=\"mailto:javier_687@outlook.com\">javier_687@outlook.com<\/a><\/strong><\/p>\n<p>Rodrigo Molina Dom\u00ednguez<br \/>\nemail:&nbsp;<a href=\"mailto:romodo@gmail.com\"><strong>romodo@gmail.com<\/strong><\/a><\/p>\n<div><strong>Comit\u00e9 Local<\/strong><\/div>\n<div>&nbsp;<\/div>\n<div>Gustavo Hern\u00e1ndez<\/div>\n<div>email: <strong><a href=\"mailto:g_hernandezm@tec.mx\">g_hernandezm@tec.mx<\/a><\/strong><\/div>\n<\/div>\n<div id=\"diven\">\n<p>The \u201cTorneo Mexicano de Rob\u00f3tica\u00ae\u201d (TMR) is associated with various international competitions, including the IEEE\u2019s Latin American Robotics Competition (LARC). The TMR annually supports the winning team of the LARC Standard Educational Kits (SEK) category to represent Mexico in the Latin American Robotics Competition.<\/p>\n<p>The LARC committee has not yet published the rules of the challenge that will be used during 2020-2021 and are commonly published after the date of the TMR, it has been decided that the LARC OPEN category challenge in the \u201cTorneo Mexicano de Rob\u00f3tica\u00ae 2020\u201d will be the same as used for 2019.<\/p>\n<p><strong>Introduction<\/strong><\/p>\n<p>In globalization, cargo traffic at a port has reached its operational limit, making it increasingly difficult to avoid delays in the departure of ships and trains arriving daily. To solve this serious problem, it requires an autonomous system that is able to improve the process of unloading and loading the containers in ships and trains to increase the efficiency of the port terminal and guarantee the demands of different companies.<\/p>\n<p>&nbsp;<\/p>\n<p>This is a challenge that professionals will have in the very near future. Thinking about a possible solution, this challenge was planned &#8211; re-edited from (LARC \/ CBR 2009), that through a robotic competition, the participants should develop a robot that is fast and precise in the handling of the containers.<\/p>\n<p>&nbsp;<\/p>\n<p><strong>Restrictions<\/strong><\/p>\n<p>To participate in the LARC Open Challenge, teams of up to 6 people can be register. Team members must be students of any level or have graduated from their study program no more than two years ago.<\/p>\n<p>&nbsp;<\/p>\n<p>For the TMR 2020, the presentation of the Team Description Paper (TDP) with the IEEE format (download link) and an extension of 4 to 6 pages is a requirement of participation.<\/p>\n<p>&nbsp;<\/p>\n<p>Teachers who accompany the team and wish to have a certificate that recognizes their participation in the event may register as mentors. The cost of registration of the mentors is the same as that of the team members..<\/p>\n<p>&nbsp;<\/p>\n<p><strong>Rules<\/strong><\/p>\n<p>The rules are available on the website of the Latin American Robotics Council IEEE-RAS <a href=\"http:\/\/ewh.ieee.org\/reg\/9\/robotica\/indexsp.htm\"><strong>http:\/\/ewh.ieee.org\/reg\/9\/robotica\/indexsp.htm<\/strong><\/a> in the OPEN Rules 2018-19 section. You can visit the shortcut in the following link <a href=\"http:\/\/www.cbrobotica.org\/wp-content\/uploads\/OPEN2018_2019_en.pdf\"><strong>http:\/\/www.cbrobotica.org\/wp-content\/uploads\/OPEN2018_2019_en.pdf<\/strong><\/a><\/p>\n<div>&nbsp;<\/div>\n<p><strong>Technical Committee<\/strong><\/p>\n<p>Javier Enrique Delgado Moreno<br \/>\nemail: <strong><a href=\"mailto:javier_687@outlook.com\">javier_687@outlook.com<\/a><\/strong><\/p>\n<p>Rodrigo Molina Dom\u00ednguez<br \/>\nemail:&nbsp;<a href=\"mailto:romodo@gmail.com\"><strong>romodo@gmail.com<\/strong><\/a><\/p>\n<p><strong>Local committee<\/strong><\/p>\n<div>&nbsp;<\/div>\n<div>Gustavo Hern\u00e1ndez<\/div>\n<div>email: <strong><a href=\"mailto:g_hernandezm@tec.mx\">g_hernandezm@tec.mx<\/a><\/strong><\/div>\n<\/div>\n","protected":false},"excerpt":{"rendered":"<p>LARC Open Challenge El Torneo Mexicano de Rob\u00f3tica\u00ae est\u00e1 asociado a diversas competencias internacionales, entre las que est\u00e1 el Latin American Robotics Competition (LARC) de la IEEE. Anualmente, el TMR apoya al equipo ganador del LARC Open Challenge para representar [&hellip;]<\/p>\n","protected":false},"author":12,"featured_media":0,"parent":0,"menu_order":0,"comment_status":"closed","ping_status":"closed","template":"","meta":{"ngg_post_thumbnail":0,"footnotes":""},"class_list":["post-3269","page","type-page","status-publish","hentry"],"_links":{"self":[{"href":"https:\/\/www.femexrobotica.org\/tmr2020\/wp-json\/wp\/v2\/pages\/3269","targetHints":{"allow":["GET"]}}],"collection":[{"href":"https:\/\/www.femexrobotica.org\/tmr2020\/wp-json\/wp\/v2\/pages"}],"about":[{"href":"https:\/\/www.femexrobotica.org\/tmr2020\/wp-json\/wp\/v2\/types\/page"}],"author":[{"embeddable":true,"href":"https:\/\/www.femexrobotica.org\/tmr2020\/wp-json\/wp\/v2\/users\/12"}],"replies":[{"embeddable":true,"href":"https:\/\/www.femexrobotica.org\/tmr2020\/wp-json\/wp\/v2\/comments?post=3269"}],"version-history":[{"count":4,"href":"https:\/\/www.femexrobotica.org\/tmr2020\/wp-json\/wp\/v2\/pages\/3269\/revisions"}],"predecessor-version":[{"id":3505,"href":"https:\/\/www.femexrobotica.org\/tmr2020\/wp-json\/wp\/v2\/pages\/3269\/revisions\/3505"}],"wp:attachment":[{"href":"https:\/\/www.femexrobotica.org\/tmr2020\/wp-json\/wp\/v2\/media?parent=3269"}],"curies":[{"name":"wp","href":"https:\/\/api.w.org\/{rel}","templated":true}]}}