{"id":302,"date":"2018-01-27T18:12:30","date_gmt":"2018-01-28T00:12:30","guid":{"rendered":"https:\/\/femexrobotica.org\/tmr2020\/?page_id=302"},"modified":"2023-11-06T10:41:31","modified_gmt":"2023-11-06T16:41:31","slug":"hoteles","status":"publish","type":"page","link":"https:\/\/www.femexrobotica.org\/tmr2020\/hoteles\/","title":{"rendered":"HOTELES"},"content":{"rendered":"<div class=\"vc_row wpb_row vc_row-fluid\">\n<div class=\"wpb_column vc_column_container vc_col-sm-6\">\n<div class=\"vc_column-inner \">\n<div class=\"wpb_wrapper\">\n<div class=\"wpb_text_column wpb_content_element \" >\n<div class=\"wpb_wrapper\">\n<h1>Hoteles<\/h1>\n<p><strong>AVISO IMPORTANTE<\/strong><\/p>\n<p>Consulta la lista de precios de hoteles <a href=\"https:\/\/www.femexrobotica.org\/tmr2020\/wp-content\/uploads\/2020\/03\/Hoteles-TMR2020-2.pdf\" target=\"_blank\" rel=\"noopener noreferrer\">aqu\u00ed<\/a>.<br \/>\nPara reservar habitaci\u00f3n, es necesario contactar directamente al hotel de su elecci\u00f3n por correo electr\u00f3nico o bien los tel\u00e9fonos correspondientes.<br \/>\nPreguntar por tarifas preferenciales para asistentes al Torneo Mexicano de Rob\u00f3tica 2020.<\/p>\n<\/p><\/div><\/div>\n<\/div>\n<\/div>\n<\/div>\n<div class=\"wpb_column vc_column_container vc_col-sm-6\">\n<div class=\"vc_column-inner \">\n<div class=\"wpb_wrapper\">\n<div  class=\"wpb_images_carousel wpb_content_element vc_clearfix\">\n<div class=\"wpb_wrapper\">\n<h2 class=\"wpb_heading wpb_gallery_heading\">Campus Sonora Norte<\/h2>\n<div id=\"vc_images-carousel-1-1699288885\" data-ride=\"vc_carousel\" data-wrap=\"true\" style=\"width: 100%;\" data-interval=\"5000\" data-auto-height=\"yes\" data-mode=\"horizontal\" data-partial=\"false\" data-per-view=\"3\" data-hide-on-end=\"false\" class=\"vc_slide vc_images_carousel\">\n\t\t\t\t\t\t<!-- Wrapper for slides --><\/p>\n<div class=\"vc_carousel-inner\">\n<div class=\"vc_carousel-slideline\">\n<div class=\"vc_carousel-slideline-inner\">\n<div class=\"vc_item\">\n<div class=\"vc_inner\">\n\t\t\t\t\t\t\t\t\t\t\t\t\t\t\t\t\t\t\t\t\t\t\t\t\t\t\t\t\t<a class=\"prettyphoto\" href=\"https:\/\/www.femexrobotica.org\/tmr2020\/wp-content\/uploads\/2019\/11\/fIESTA-AMERICANA-1024x758.jpg\"  data-rel=\"prettyPhoto[rel-302-1266996637]\"><br \/>\n\t\t\t\t\t\t\t\t\t\t\t<img decoding=\"async\" width=\"1500\" height=\"1110\" src=\"https:\/\/www.femexrobotica.org\/tmr2020\/wp-content\/uploads\/2019\/11\/fIESTA-AMERICANA.jpg\" class=\"attachment-full\" alt=\"\" loading=\"lazy\" srcset=\"https:\/\/www.femexrobotica.org\/tmr2020\/wp-content\/uploads\/2019\/11\/fIESTA-AMERICANA.jpg 1500w, https:\/\/www.femexrobotica.org\/tmr2020\/wp-content\/uploads\/2019\/11\/fIESTA-AMERICANA-300x222.jpg 300w, https:\/\/www.femexrobotica.org\/tmr2020\/wp-content\/uploads\/2019\/11\/fIESTA-AMERICANA-768x568.jpg 768w, https:\/\/www.femexrobotica.org\/tmr2020\/wp-content\/uploads\/2019\/11\/fIESTA-AMERICANA-1024x758.jpg 1024w\" sizes=\"auto, (max-width: 1500px) 100vw, 1500px\" \/>\t\t\t\t\t\t\t\t\t\t<\/a>\n\t\t\t\t\t\t\t\t\t\t\t\t\t\t\t\t\t<\/div><\/div>\n<div class=\"vc_item\">\n<div class=\"vc_inner\">\n\t\t\t\t\t\t\t\t\t\t\t\t\t\t\t\t\t\t\t\t\t\t\t\t\t\t\t\t\t<a class=\"prettyphoto\" href=\"https:\/\/www.femexrobotica.org\/tmr2020\/wp-content\/uploads\/2019\/11\/ARAIZA.jpg\"  data-rel=\"prettyPhoto[rel-302-1266996637]\"><br \/>\n\t\t\t\t\t\t\t\t\t\t\t<img decoding=\"async\" width=\"664\" height=\"284\" src=\"https:\/\/www.femexrobotica.org\/tmr2020\/wp-content\/uploads\/2019\/11\/ARAIZA.jpg\" class=\"attachment-full\" alt=\"\" loading=\"lazy\" srcset=\"https:\/\/www.femexrobotica.org\/tmr2020\/wp-content\/uploads\/2019\/11\/ARAIZA.jpg 664w, https:\/\/www.femexrobotica.org\/tmr2020\/wp-content\/uploads\/2019\/11\/ARAIZA-300x128.jpg 300w\" sizes=\"auto, (max-width: 664px) 100vw, 664px\" \/>\t\t\t\t\t\t\t\t\t\t<\/a>\n\t\t\t\t\t\t\t\t\t\t\t\t\t\t\t\t\t<\/div><\/div>\n<div class=\"vc_item\">\n<div class=\"vc_inner\">\n\t\t\t\t\t\t\t\t\t\t\t\t\t\t\t\t\t\t\t\t\t\t\t\t\t\t\t\t\t<a class=\"prettyphoto\" href=\"https:\/\/www.femexrobotica.org\/tmr2020\/wp-content\/uploads\/2019\/11\/fiesta-inn-hermosillo.jpg\"  data-rel=\"prettyPhoto[rel-302-1266996637]\"><br \/>\n\t\t\t\t\t\t\t\t\t\t\t<img decoding=\"async\" width=\"550\" height=\"412\" src=\"https:\/\/www.femexrobotica.org\/tmr2020\/wp-content\/uploads\/2019\/11\/fiesta-inn-hermosillo.jpg\" class=\"attachment-full\" alt=\"\" loading=\"lazy\" srcset=\"https:\/\/www.femexrobotica.org\/tmr2020\/wp-content\/uploads\/2019\/11\/fiesta-inn-hermosillo.jpg 550w, https:\/\/www.femexrobotica.org\/tmr2020\/wp-content\/uploads\/2019\/11\/fiesta-inn-hermosillo-300x225.jpg 300w\" sizes=\"auto, (max-width: 550px) 100vw, 550px\" \/>\t\t\t\t\t\t\t\t\t\t<\/a>\n\t\t\t\t\t\t\t\t\t\t\t\t\t\t\t\t\t<\/div><\/div><\/div><\/div><\/div>\n<p>\t\t\t\t\t\t\t<!-- Controls --><br \/>\n\t\t\t\t<a class=\"vc_left vc_carousel-control\" href=\"#vc_images-carousel-1-1699288885\" data-slide=\"prev\"><br \/>\n\t\t\t\t\t<span class=\"icon-prev\"><\/span><br \/>\n\t\t\t\t<\/a><br \/>\n\t\t\t\t<a class=\"vc_right vc_carousel-control\" href=\"#vc_images-carousel-1-1699288885\" data-slide=\"next\"><br \/>\n\t\t\t\t\t<span class=\"icon-next\"><\/span><br \/>\n\t\t\t\t<\/a>\n\t\t\t\t\t<\/div><\/div>\n<\/div><\/div>\n<\/div>\n<\/div>\n<\/div>\n<div class=\"vc_row wpb_row vc_row-fluid\">\n<div class=\"wpb_column vc_column_container vc_col-sm-12\">\n<div class=\"vc_column-inner \">\n<div class=\"wpb_wrapper\">\n<div class=\"vc_empty_space\"   style=\"height: 32px\" ><span class=\"vc_empty_space_inner\"><\/span><\/div>\n<\/div>\n<\/div>\n<\/div>\n<\/div>\n","protected":false},"excerpt":{"rendered":"<p>Hoteles AVISO IMPORTANTE Consulta la lista de precios de hoteles aqu\u00ed. Para reservar habitaci\u00f3n, es necesario contactar directamente al hotel de su elecci\u00f3n por correo electr\u00f3nico o bien los tel\u00e9fonos correspondientes. Preguntar por tarifas preferenciales para asistentes al Torneo Mexicano [&hellip;]<\/p>\n","protected":false},"author":6,"featured_media":0,"parent":0,"menu_order":0,"comment_status":"closed","ping_status":"closed","template":"","meta":{"ngg_post_thumbnail":0,"footnotes":""},"class_list":["post-302","page","type-page","status-publish","hentry"],"_links":{"self":[{"href":"https:\/\/www.femexrobotica.org\/tmr2020\/wp-json\/wp\/v2\/pages\/302","targetHints":{"allow":["GET"]}}],"collection":[{"href":"https:\/\/www.femexrobotica.org\/tmr2020\/wp-json\/wp\/v2\/pages"}],"about":[{"href":"https:\/\/www.femexrobotica.org\/tmr2020\/wp-json\/wp\/v2\/types\/page"}],"author":[{"embeddable":true,"href":"https:\/\/www.femexrobotica.org\/tmr2020\/wp-json\/wp\/v2\/users\/6"}],"replies":[{"embeddable":true,"href":"https:\/\/www.femexrobotica.org\/tmr2020\/wp-json\/wp\/v2\/comments?post=302"}],"version-history":[{"count":34,"href":"https:\/\/www.femexrobotica.org\/tmr2020\/wp-json\/wp\/v2\/pages\/302\/revisions"}],"predecessor-version":[{"id":4061,"href":"https:\/\/www.femexrobotica.org\/tmr2020\/wp-json\/wp\/v2\/pages\/302\/revisions\/4061"}],"wp:attachment":[{"href":"https:\/\/www.femexrobotica.org\/tmr2020\/wp-json\/wp\/v2\/media?parent=302"}],"curies":[{"name":"wp","href":"https:\/\/api.w.org\/{rel}","templated":true}]}}