{"id":916,"date":"2018-03-04T23:35:48","date_gmt":"2018-03-05T05:35:48","guid":{"rendered":"https:\/\/femexrobotica.org\/tmr2020\/?page_id=916"},"modified":"2019-11-21T11:27:39","modified_gmt":"2019-11-21T17:27:39","slug":"patrocinadores","status":"publish","type":"page","link":"https:\/\/www.femexrobotica.org\/tmr2020\/en\/patrocinadores\/","title":{"rendered":"SPONSORS"},"content":{"rendered":"<div class=\"div100\" style=\"text-align: center;\"><strong><em><span style=\"color: #999999;\">Thank you for making it possible !<\/span><\/em><\/strong><\/div>\n<div class=\"clear10\">&nbsp;<\/div>\n<div class=\"div100\" style=\"text-align: center;\">\n<h1>ORGANIZERS<\/h1>\n<\/div>\n<div class=\"clear20\">&nbsp;<\/div>\n<div class=\"div33\">\n<div class=\"containerEfect\">\n<div class=\"efecto-imgSeparados\"><img decoding=\"async\" class=\"imgEfect\" src=\"https:\/\/www.femexrobotica.org\/tmr2019\/wp-content\/uploads\/2018\/02\/fundacion-mexicana-de-robotica.png\" alt=\"Fundaci\u00f3n mexicana de robotica\">&nbsp;&nbsp;&nbsp;&nbsp;&nbsp;<\/p>\n<div class=\"text\">Mexican Federation of Robotics, AC<\/div>\n<\/div>\n<\/div>\n<\/div>\n<div class=\"div33\">\n<div class=\"containerEfect\">\n<div class=\"efecto-imgSeparados\"><a href=\"tecnologico_de_monterrey\/\"><img decoding=\"async\" class=\"imgEfect\" src=\"https:\/\/www.femexrobotica.org\/tmr2019\/wp-content\/uploads\/2018\/01\/tec-mty.png\" alt=\"Tecnol\u00f3gico de Monterrey\"> <\/a>&nbsp;&nbsp;&nbsp;&nbsp;&nbsp;<\/p>\n<div class=\"text\">Tecnol\u00f3gico de Monterrey<\/div>\n<\/div>\n<\/div>\n<\/div>\n<div class=\"div33\">\n<div class=\"containerEfect\">\n<div class=\"efecto-imgSeparados\"><img decoding=\"async\" class=\"imgEfect\" src=\"https:\/\/www.femexrobotica.org\/tmr2019\/wp-content\/uploads\/2019\/02\/NeticaLog21.jpeg\" alt=\"Netica\">&nbsp;&nbsp;&nbsp;&nbsp;&nbsp;<\/p>\n<div class=\"text\">N\u00e9tica<\/div>\n<\/div>\n<\/div>\n<\/div>\n<p><!--\n\n\n<div class=\"div100\" style=\"text-align: center;\">\n\n\n<h2>SILVER<\/h2>\n\n\n<\/div>\n\n\n\n\n<div class=\"div33\">&nbsp;<\/div>\n\n\n\n\n<div class=\"div33\">\n\n\n<div class=\"containerEfect\">\n\n\n<div class=\"efecto-imgSeparados\"><a href=\"tecnologico_de_monterrey\/\"><img decoding=\"async\" class=\"imgEfect\" src=\"https:\/\/www.femexrobotica.org\/tmr2019\/wp-content\/uploads\/2018\/03\/creative_thumb.png\" alt=\"Creativa Kids\"> <\/a>&nbsp;&nbsp;\n\n\n<div class=\"text\">CreativaKids<\/div>\n\n\n<\/div>\n\n\n<\/div>\n\n\n<\/div>\n\n\n\n\n<div class=\"div33\">&nbsp;<\/div>\n\n\n\n\n<div class=\"div100\" style=\"text-align: center;\">\n\n\n<h2>BRONCE<\/h2>\n\n\n<\/div>\n\n\n\n\n<div class=\"div33\">&nbsp;<\/div>\n\n\n\n\n<div class=\"div33\">\n\n\n<div class=\"containerEfect\">\n\n\n<div class=\"efecto-imgSeparados\"><a href=\"tecnologico_de_monterrey\/\"><img decoding=\"async\" class=\"imgEfect\" src=\"https:\/\/www.femexrobotica.org\/tmr2019\/wp-content\/uploads\/2018\/03\/logo_steren.jpg\" alt=\"Steren\"> <\/a>&nbsp;&nbsp;\n\n\n<div class=\"text\">Steren<\/div>\n\n\n<\/div>\n\n\n<\/div>\n\n\n<\/div>\n\n\n--><\/p>\n<div class=\"div33\">&nbsp;<\/div>","protected":false},"excerpt":{"rendered":"<p>\u00a1 Gracias por hacerlo posible ! &nbsp; ORGANIZADORES &nbsp; &nbsp;&nbsp;&nbsp;&nbsp;&nbsp; Federaci\u00f3n Mexicana de Rob\u00f3tica, A.C. &nbsp;&nbsp;&nbsp;&nbsp;&nbsp; Tecnol\u00f3gico de Monterrey &nbsp;&nbsp;&nbsp;&nbsp;&nbsp; N\u00e9tica &nbsp;<\/p>","protected":false},"author":1,"featured_media":0,"parent":0,"menu_order":0,"comment_status":"closed","ping_status":"closed","template":"","meta":{"ngg_post_thumbnail":0,"footnotes":""},"class_list":["post-916","page","type-page","status-publish","hentry"],"_links":{"self":[{"href":"https:\/\/www.femexrobotica.org\/tmr2020\/en\/wp-json\/wp\/v2\/pages\/916","targetHints":{"allow":["GET"]}}],"collection":[{"href":"https:\/\/www.femexrobotica.org\/tmr2020\/en\/wp-json\/wp\/v2\/pages"}],"about":[{"href":"https:\/\/www.femexrobotica.org\/tmr2020\/en\/wp-json\/wp\/v2\/types\/page"}],"author":[{"embeddable":true,"href":"https:\/\/www.femexrobotica.org\/tmr2020\/en\/wp-json\/wp\/v2\/users\/1"}],"replies":[{"embeddable":true,"href":"https:\/\/www.femexrobotica.org\/tmr2020\/en\/wp-json\/wp\/v2\/comments?post=916"}],"version-history":[{"count":23,"href":"https:\/\/www.femexrobotica.org\/tmr2020\/en\/wp-json\/wp\/v2\/pages\/916\/revisions"}],"predecessor-version":[{"id":3456,"href":"https:\/\/www.femexrobotica.org\/tmr2020\/en\/wp-json\/wp\/v2\/pages\/916\/revisions\/3456"}],"wp:attachment":[{"href":"https:\/\/www.femexrobotica.org\/tmr2020\/en\/wp-json\/wp\/v2\/media?parent=916"}],"curies":[{"name":"wp","href":"https:\/\/api.w.org\/{rel}","templated":true}]}}