{"id":533,"date":"2018-01-31T00:45:06","date_gmt":"2018-01-31T06:45:06","guid":{"rendered":"https:\/\/www.femexrobotica.org\/tmr2018\/?page_id=533"},"modified":"2018-02-15T01:45:46","modified_gmt":"2018-02-15T07:45:46","slug":"registro-2","status":"publish","type":"page","link":"https:\/\/www.femexrobotica.org\/tmr2018\/registro-2\/","title":{"rendered":"REGISTRO"},"content":{"rendered":"<div class=\"vc_row wpb_row vc_row-fluid\" ><div class=\"wpb_column vc_column_container vc_col-sm-12\"><div class=\"vc_column-inner \"><div class=\"wpb_wrapper\"><div class=\"vc_separator wpb_content_element vc_separator_align_center vc_sep_width_100 vc_sep_shadow vc_sep_pos_align_center vc_separator_no_text vc_sep_color_grey\" ><span class=\"vc_sep_holder vc_sep_holder_l\"><span  class=\"vc_sep_line\"><\/span><\/span><span class=\"vc_sep_holder vc_sep_holder_r\"><span  class=\"vc_sep_line\"><\/span><\/span>\n<\/div><div class=\"mkdf-section-title-holder  \" style=\"text-align: center\">\n\t<div class=\"mkdf-st-inner\">\n\t\t\t\t\t\t\t<h2 class=\"mkdf-st-title\" >\n\t\t\t\tREGISTRO AL TMR 2018\t\t\t\t<span class=\"mkdf-st-title-mark\" ><\/span>\n\t\t\t<\/h2>\n\t\t\t\t\t\t\t<div class=\"mkdf-st-separator\" ><\/div>\n\t\t\t\t\t\t\t<\/div>\n<\/div><div class=\"vc_empty_space\"   style=\"height: 32px\" ><span class=\"vc_empty_space_inner\"><\/span><\/div>\n<\/div><\/div><\/div><\/div><div class=\"vc_row wpb_row vc_row-fluid\" ><div class=\"wpb_column vc_column_container vc_col-sm-6\"><div class=\"vc_column-inner \"><div class=\"wpb_wrapper\">\n\t<div  class=\"wpb_single_image wpb_content_element vc_align_center\">\n\t\t\n\t\t<figure class=\"wpb_wrapper vc_figure\">\n\t\t\t<div class=\"vc_single_image-wrapper vc_box_shadow_3d  vc_box_border_grey\"><img loading=\"lazy\" decoding=\"async\" width=\"1024\" height=\"576\" src=\"https:\/\/www.femexrobotica.org\/tmr2018\/wp-content\/uploads\/2018\/01\/robots-futuro-1024x576.jpeg\" class=\"vc_single_image-img attachment-large\" alt=\"\" srcset=\"https:\/\/www.femexrobotica.org\/tmr2018\/wp-content\/uploads\/2018\/01\/robots-futuro-1024x576.jpeg 1024w, https:\/\/www.femexrobotica.org\/tmr2018\/wp-content\/uploads\/2018\/01\/robots-futuro-300x169.jpeg 300w, https:\/\/www.femexrobotica.org\/tmr2018\/wp-content\/uploads\/2018\/01\/robots-futuro-768x432.jpeg 768w, https:\/\/www.femexrobotica.org\/tmr2018\/wp-content\/uploads\/2018\/01\/robots-futuro.jpeg 1600w\" sizes=\"auto, (max-width: 1024px) 100vw, 1024px\" \/><\/div>\n\t\t<\/figure>\n\t<\/div>\n\n\t<div  class=\"wpb_single_image wpb_content_element vc_align_left\">\n\t\t\n\t\t<figure class=\"wpb_wrapper vc_figure\">\n\t\t\t<div class=\"vc_single_image-wrapper vc_box_shadow_3d  vc_box_border_grey\"><img loading=\"lazy\" decoding=\"async\" width=\"1024\" height=\"590\" src=\"https:\/\/www.femexrobotica.org\/tmr2018\/wp-content\/uploads\/2018\/01\/Monterrey2-1024x590.jpg\" class=\"vc_single_image-img attachment-large\" alt=\"\" srcset=\"https:\/\/www.femexrobotica.org\/tmr2018\/wp-content\/uploads\/2018\/01\/Monterrey2-1024x590.jpg 1024w, https:\/\/www.femexrobotica.org\/tmr2018\/wp-content\/uploads\/2018\/01\/Monterrey2-300x173.jpg 300w, https:\/\/www.femexrobotica.org\/tmr2018\/wp-content\/uploads\/2018\/01\/Monterrey2-768x442.jpg 768w, https:\/\/www.femexrobotica.org\/tmr2018\/wp-content\/uploads\/2018\/01\/Monterrey2.jpg 1045w\" sizes=\"auto, (max-width: 1024px) 100vw, 1024px\" \/><\/div>\n\t\t<\/figure>\n\t<\/div>\n<div class=\"vc_empty_space\"   style=\"height: 70px\" ><span class=\"vc_empty_space_inner\"><\/span><\/div>\n\n\t<div  class=\"wpb_single_image wpb_content_element vc_align_center\">\n\t\t\n\t\t<figure class=\"wpb_wrapper vc_figure\">\n\t\t\t<div class=\"vc_single_image-wrapper   vc_box_border_grey\"><img loading=\"lazy\" decoding=\"async\" width=\"340\" height=\"92\" src=\"https:\/\/www.femexrobotica.org\/tmr2018\/wp-content\/uploads\/2018\/01\/prorobotica.png\" class=\"vc_single_image-img attachment-large\" alt=\"\" srcset=\"https:\/\/www.femexrobotica.org\/tmr2018\/wp-content\/uploads\/2018\/01\/prorobotica.png 340w, https:\/\/www.femexrobotica.org\/tmr2018\/wp-content\/uploads\/2018\/01\/prorobotica-300x81.png 300w\" sizes=\"auto, (max-width: 340px) 100vw, 340px\" \/><\/div>\n\t\t<\/figure>\n\t<\/div>\n\n\t<div  class=\"wpb_single_image wpb_content_element vc_align_center\">\n\t\t\n\t\t<figure class=\"wpb_wrapper vc_figure\">\n\t\t\t<div class=\"vc_single_image-wrapper   vc_box_border_grey\"><img loading=\"lazy\" decoding=\"async\" width=\"203\" height=\"203\" src=\"https:\/\/www.femexrobotica.org\/tmr2018\/wp-content\/uploads\/2018\/01\/mty.png\" class=\"vc_single_image-img attachment-large\" alt=\"\" srcset=\"https:\/\/www.femexrobotica.org\/tmr2018\/wp-content\/uploads\/2018\/01\/mty.png 203w, https:\/\/www.femexrobotica.org\/tmr2018\/wp-content\/uploads\/2018\/01\/mty-150x150.png 150w\" sizes=\"auto, (max-width: 203px) 100vw, 203px\" \/><\/div>\n\t\t<\/figure>\n\t<\/div>\n\n\t<div class=\"wpb_text_column wpb_content_element \" >\n\t\t<div class=\"wpb_wrapper\">\n\t\t\t<p style=\"text-align: center;\"><a itemprop=\"url\" href=\"\/regtmr\" target=\"_blank\"  class=\"mkdf-btn mkdf-btn-medium mkdf-btn-outline\"  >\n    \t<span class=\"mkdf-btn-text\">REGISTRO<\/span>\n\t        <span aria-hidden=\"true\" class=\"mkdf-icon-font-elegant  \" ><\/span>\t<\/a><\/p>\n\n\t\t<\/div>\n\t<\/div>\n<\/div><\/div><\/div><div class=\"wpb_column vc_column_container vc_col-sm-6\"><div class=\"vc_column-inner \"><div class=\"wpb_wrapper\">\n\t<div class=\"wpb_text_column wpb_content_element \" >\n\t\t<div class=\"wpb_wrapper\">\n\t\t\t<h3>Pasos para el proceso de registro para el TMR2018<\/h3>\n<p>Para poder realizar el registro del TMR 2018 ser\u00e1 necesario registrar a la instituci\u00f3n. El registro de la instituci\u00f3n no tiene costo adicional al pago de inscripci\u00f3n. Este es un paso adicional que se requiere para poder tener un control m\u00e1s preciso en las categor\u00edas que tienen l\u00edmite de equipos por instituci\u00f3n, as\u00ed como para poder contar con estad\u00edsticas claras del n\u00famero de participantes de cada instituci\u00f3n en todas las categor\u00edas. <strong>Si el a\u00f1o pasado registr\u00f3 equipos<\/strong>, su instituci\u00f3n ya se encuentra validada en la base de datos.<\/p>\n<h4><strong><em>Registro de la instituci\u00f3n<\/em><\/strong><\/h4>\n<p>El registro de la instituci\u00f3n ser\u00e1 ligeramente diferente para el caso de <em>instituciones con acreditaci\u00f3n oficial<\/em> (secundarias, preparatorias, universidades, centros de investigaci\u00f3n) que para el caso de las <em>escuelas de rob\u00f3tica<\/em>.<\/p>\n<p>Para las <em>instituciones con acreditaci\u00f3n oficial<\/em> el \u201cDocumento de Validaci\u00f3n de la Instituci\u00f3n\u201d es un documento oficial que acredite el nombre completo de la instituci\u00f3n, as\u00ed como el campus que est\u00e9 registrando (donde aplique), estos pueden ser:<\/p>\n<ul>\n<li>Documento oficial expedido por alguna autoridad educativa mientras se tenga el nombre de la instituci\u00f3n y el campus.<\/li>\n<li>Documento oficial interno mientras se tenga el nombre de la instituci\u00f3n y el campus.<\/li>\n<li>Credencial del docente mientras se tenga el nombre de la instituci\u00f3n y el campus.<\/li>\n<li>Captura de pantalla de la p\u00e1gina oficial de la instituci\u00f3n en donde sea claramente visible el nombre de la instituci\u00f3n, campus y el URL (direcci\u00f3n electr\u00f3nica de la p\u00e1gina).<\/li>\n<\/ul>\n<p>Para el caso de las\u00a0<em>escuelas de rob\u00f3tica<\/em>\u00a0de acuerdo al tipo de representaci\u00f3n que tendr\u00e1n deben adjuntar lo siguiente:<\/p>\n<ul>\n<li>A nivel escuela-campus, para lo cual se deber\u00e1 adjuntar una carta membretada de la escuela donde se especifique el nombre de la escuela, campus, direcci\u00f3n, contacto y tel\u00e9fono principal firmada por la direcci\u00f3n del campus.<\/li>\n<li>A nivel escuela-instituci\u00f3n, para lo cu\u00e1l se deber\u00e1 adjuntar una carta membretada de la escuela donde especifique el nombre de la escuela, campus, direcci\u00f3n, contacto y tel\u00e9fono principal firmada por la direcci\u00f3n del campus, as\u00ed como mencionar la instituci\u00f3n a la que representa y adjuntar alguno de los \u201cDocumentos de Validaci\u00f3n de la Instituci\u00f3n\u201d que se mencionan para el caso de <em>instituciones con acreditaci\u00f3n oficial<\/em>.<\/li>\n<\/ul>\n\n\t\t<\/div>\n\t<\/div>\n<\/div><\/div><\/div><\/div><div class=\"vc_row wpb_row vc_row-fluid\" ><div class=\"wpb_column vc_column_container vc_col-sm-12\"><div class=\"vc_column-inner \"><div class=\"wpb_wrapper\">\n\t<div class=\"wpb_text_column wpb_content_element \" >\n\t\t<div class=\"wpb_wrapper\">\n\t\t\t<h3 style=\"text-align: center;\">Procedimiento de registro completo<\/h3>\n<h4><em>A continuaci\u00f3n se describe el proceso de registro completo que todos los equipos que deseen competir deber\u00e1n realizar:<\/em><\/h4>\n<ol>\n<li>En caso de que el a\u00f1o pasado no haya registrado equipos, solicite el registro de su instituci\u00f3n, tarea que s\u00f3lo se requiere para el primer equipo de la misma. Se sugiere realizar este paso con anticipaci\u00f3n ya que es necesario que pase por un proceso interno de validaci\u00f3n.<\/li>\n<li>Ingrese los datos de equipos y miembros de equipo (competidores, l\u00edderes de equipo y mentores\/asesores).<\/li>\n<li>Al tener completos los datos de todos los equipos y miembros, debe enviar su solicitud de registro, a partir de ese momento no se permiten cambios en el n\u00famero de miembros. Es posible realizar cambios de datos de personas hasta 1 semana antes de iniciar el torneo.<\/li>\n<li>El sistema calcular\u00e1 el importe a pagar y le proporcionar\u00e1 una clave de dep\u00f3sito. Realice su pago en BBVA Bancomer y d\u00e9 de alta su comprobante de pago en el sistema de registro.<\/li>\n<li>En caso de requerir factura, d\u00e9 de alta sus datos de facturaci\u00f3n en el sistema.<\/li>\n<li>Verifique que los datos ingresados aparezcan como \u201cValidado OK\u201d, y que sus equipos aparezcan como \u201cEquipo registrado\u201d; si detectamos inconsistencias se lo indicaremos en el sistema. Todas las inconsistencias deber\u00e1n ser resueltas antes del inicio del torneo.<\/li>\n<\/ol>\n<p>&nbsp;<\/p>\n<p><strong><em>Observaciones:<\/em><\/strong><\/p>\n<ul>\n<li>Le pedimos completar y enviar el registro de toda la informaci\u00f3n de sus equipos y miembros de equipo antes de realizar su dep\u00f3sito. Haber depositado cualquier cantidad sin tener el registro y clave de dep\u00f3sito no le garantizan un nivel de cuota o tener lugar en el torneo.<\/li>\n<li>Los periodos de inscripci\u00f3n podr\u00edan cerrarse en caso de que se sobrepase la capacidad del evento o de categor\u00edas.<\/li>\n<li>Los profesores que acompa\u00f1an al equipo y que desean contar con un diploma que reconozca su participaci\u00f3n en el evento, pero que no requieren que se les asigne lugar en la mesa de trabajo del equipo, podr\u00e1n inscribirse como mentores. Debido a que no ocupan lugar en la mesa de trabajo, los mentores no cuentan para el l\u00edmite de participantes por equipo.<\/li>\n<\/ul>\n<p>&nbsp;<\/p>\n<p><strong>Cuotas<\/strong><\/p>\n<p><a href=\"https:\/\/www.femexrobotica.org\/tmr2018\/cuotas\/\">Consulte aqu\u00ed la informaci\u00f3n de cuotas del TMR 2018.<\/a><\/p>\n<p>&nbsp;<\/p>\n<p style=\"text-align: center;\"><a itemprop=\"url\" href=\"\/regtmr\" target=\"_blank\"  class=\"mkdf-btn mkdf-btn-medium mkdf-btn-outline\"  >\n    \t<span class=\"mkdf-btn-text\">REGISTRO<\/span>\n\t        <span aria-hidden=\"true\" class=\"mkdf-icon-font-elegant  \" ><\/span>\t<\/a><\/p>\n\n\t\t<\/div>\n\t<\/div>\n<\/div><\/div><\/div><\/div><div class=\"vc_row wpb_row vc_row-fluid\" ><div class=\"wpb_column vc_column_container vc_col-sm-12\"><div class=\"vc_column-inner \"><div class=\"wpb_wrapper\"><div class=\"vc_empty_space\"   style=\"height: 70px\" ><span class=\"vc_empty_space_inner\"><\/span><\/div>\n<\/div><\/div><\/div><\/div>\n","protected":false},"excerpt":{"rendered":"REGISTRO AL TMR 2018 REGISTRO Pasos para el proceso de registro para el TMR2018 Para poder realizar el registro del TMR 2018 ser\u00e1 necesario registrar a la instituci\u00f3n. El registro de la instituci\u00f3n no tiene costo adicional al pago de [...]","protected":false},"author":7,"featured_media":0,"parent":0,"menu_order":0,"comment_status":"closed","ping_status":"closed","template":"","meta":{"footnotes":""},"class_list":["post-533","page","type-page","status-publish","hentry"],"yoast_head":"<!-- This site is optimized with the Yoast SEO plugin v27.6 - https:\/\/yoast.com\/product\/yoast-seo-wordpress\/ -->\n<title>REGISTRO - TMR2018<\/title>\n<meta name=\"robots\" content=\"noindex, follow, max-snippet:-1, max-image-preview:large, max-video-preview:-1\" \/>\n<meta property=\"og:locale\" content=\"es_MX\" \/>\n<meta property=\"og:type\" content=\"article\" \/>\n<meta property=\"og:title\" content=\"REGISTRO - TMR2018\" \/>\n<meta property=\"og:url\" content=\"https:\/\/www.femexrobotica.org\/tmr2018\/registro-2\/\" \/>\n<meta property=\"og:site_name\" content=\"TMR2018\" \/>\n<meta property=\"article:modified_time\" content=\"2018-02-15T07:45:46+00:00\" \/>\n<meta name=\"twitter:card\" content=\"summary_large_image\" \/>\n<meta name=\"twitter:label1\" content=\"Tiempo de lectura\" \/>\n\t<meta name=\"twitter:data1\" content=\"5 minutos\" \/>\n<script type=\"application\/ld+json\" class=\"yoast-schema-graph\">{\"@context\":\"https:\\\/\\\/schema.org\",\"@graph\":[{\"@type\":\"WebPage\",\"@id\":\"https:\\\/\\\/www.femexrobotica.org\\\/tmr2018\\\/registro-2\\\/\",\"url\":\"https:\\\/\\\/www.femexrobotica.org\\\/tmr2018\\\/registro-2\\\/\",\"name\":\"REGISTRO - TMR2018\",\"isPartOf\":{\"@id\":\"https:\\\/\\\/www.femexrobotica.org\\\/tmr2018\\\/en\\\/#website\"},\"datePublished\":\"2018-01-31T06:45:06+00:00\",\"dateModified\":\"2018-02-15T07:45:46+00:00\",\"breadcrumb\":{\"@id\":\"https:\\\/\\\/www.femexrobotica.org\\\/tmr2018\\\/registro-2\\\/#breadcrumb\"},\"inLanguage\":\"es\",\"potentialAction\":[{\"@type\":\"ReadAction\",\"target\":[\"https:\\\/\\\/www.femexrobotica.org\\\/tmr2018\\\/registro-2\\\/\"]}]},{\"@type\":\"BreadcrumbList\",\"@id\":\"https:\\\/\\\/www.femexrobotica.org\\\/tmr2018\\\/registro-2\\\/#breadcrumb\",\"itemListElement\":[{\"@type\":\"ListItem\",\"position\":1,\"name\":\"Inicio\",\"item\":\"https:\\\/\\\/www.femexrobotica.org\\\/tmr2018\\\/en\\\/\"},{\"@type\":\"ListItem\",\"position\":2,\"name\":\"REGISTRO\"}]},{\"@type\":\"WebSite\",\"@id\":\"https:\\\/\\\/www.femexrobotica.org\\\/tmr2018\\\/en\\\/#website\",\"url\":\"https:\\\/\\\/www.femexrobotica.org\\\/tmr2018\\\/en\\\/\",\"name\":\"TMR2018\",\"description\":\"Torneo Mexicano de Rob\u00f3tica 2018\",\"publisher\":{\"@id\":\"https:\\\/\\\/www.femexrobotica.org\\\/tmr2018\\\/en\\\/#organization\"},\"potentialAction\":[{\"@type\":\"SearchAction\",\"target\":{\"@type\":\"EntryPoint\",\"urlTemplate\":\"https:\\\/\\\/www.femexrobotica.org\\\/tmr2018\\\/en\\\/?s={search_term_string}\"},\"query-input\":{\"@type\":\"PropertyValueSpecification\",\"valueRequired\":true,\"valueName\":\"search_term_string\"}}],\"inLanguage\":\"es\"},{\"@type\":\"Organization\",\"@id\":\"https:\\\/\\\/www.femexrobotica.org\\\/tmr2018\\\/en\\\/#organization\",\"name\":\"Torneo Mexicano De Rob\u00f3tica\",\"url\":\"https:\\\/\\\/www.femexrobotica.org\\\/tmr2018\\\/en\\\/\",\"logo\":{\"@type\":\"ImageObject\",\"inLanguage\":\"es\",\"@id\":\"https:\\\/\\\/www.femexrobotica.org\\\/tmr2018\\\/en\\\/#\\\/schema\\\/logo\\\/image\\\/\",\"url\":\"https:\\\/\\\/www.femexrobotica.org\\\/tmr2018\\\/wp-content\\\/uploads\\\/2018\\\/02\\\/slide-androide.jpg\",\"contentUrl\":\"https:\\\/\\\/www.femexrobotica.org\\\/tmr2018\\\/wp-content\\\/uploads\\\/2018\\\/02\\\/slide-androide.jpg\",\"width\":1920,\"height\":1100,\"caption\":\"Torneo Mexicano De Rob\u00f3tica\"},\"image\":{\"@id\":\"https:\\\/\\\/www.femexrobotica.org\\\/tmr2018\\\/en\\\/#\\\/schema\\\/logo\\\/image\\\/\"}}]}<\/script>\n<!-- \/ Yoast SEO plugin. -->","yoast_head_json":{"title":"REGISTRO - TMR2018","robots":{"index":"noindex","follow":"follow","max-snippet":"max-snippet:-1","max-image-preview":"max-image-preview:large","max-video-preview":"max-video-preview:-1"},"og_locale":"es_MX","og_type":"article","og_title":"REGISTRO - TMR2018","og_url":"https:\/\/www.femexrobotica.org\/tmr2018\/registro-2\/","og_site_name":"TMR2018","article_modified_time":"2018-02-15T07:45:46+00:00","twitter_card":"summary_large_image","twitter_misc":{"Tiempo de lectura":"5 minutos"},"schema":{"@context":"https:\/\/schema.org","@graph":[{"@type":"WebPage","@id":"https:\/\/www.femexrobotica.org\/tmr2018\/registro-2\/","url":"https:\/\/www.femexrobotica.org\/tmr2018\/registro-2\/","name":"REGISTRO - TMR2018","isPartOf":{"@id":"https:\/\/www.femexrobotica.org\/tmr2018\/en\/#website"},"datePublished":"2018-01-31T06:45:06+00:00","dateModified":"2018-02-15T07:45:46+00:00","breadcrumb":{"@id":"https:\/\/www.femexrobotica.org\/tmr2018\/registro-2\/#breadcrumb"},"inLanguage":"es","potentialAction":[{"@type":"ReadAction","target":["https:\/\/www.femexrobotica.org\/tmr2018\/registro-2\/"]}]},{"@type":"BreadcrumbList","@id":"https:\/\/www.femexrobotica.org\/tmr2018\/registro-2\/#breadcrumb","itemListElement":[{"@type":"ListItem","position":1,"name":"Inicio","item":"https:\/\/www.femexrobotica.org\/tmr2018\/en\/"},{"@type":"ListItem","position":2,"name":"REGISTRO"}]},{"@type":"WebSite","@id":"https:\/\/www.femexrobotica.org\/tmr2018\/en\/#website","url":"https:\/\/www.femexrobotica.org\/tmr2018\/en\/","name":"TMR2018","description":"Torneo Mexicano de Rob\u00f3tica 2018","publisher":{"@id":"https:\/\/www.femexrobotica.org\/tmr2018\/en\/#organization"},"potentialAction":[{"@type":"SearchAction","target":{"@type":"EntryPoint","urlTemplate":"https:\/\/www.femexrobotica.org\/tmr2018\/en\/?s={search_term_string}"},"query-input":{"@type":"PropertyValueSpecification","valueRequired":true,"valueName":"search_term_string"}}],"inLanguage":"es"},{"@type":"Organization","@id":"https:\/\/www.femexrobotica.org\/tmr2018\/en\/#organization","name":"Torneo Mexicano De Rob\u00f3tica","url":"https:\/\/www.femexrobotica.org\/tmr2018\/en\/","logo":{"@type":"ImageObject","inLanguage":"es","@id":"https:\/\/www.femexrobotica.org\/tmr2018\/en\/#\/schema\/logo\/image\/","url":"https:\/\/www.femexrobotica.org\/tmr2018\/wp-content\/uploads\/2018\/02\/slide-androide.jpg","contentUrl":"https:\/\/www.femexrobotica.org\/tmr2018\/wp-content\/uploads\/2018\/02\/slide-androide.jpg","width":1920,"height":1100,"caption":"Torneo Mexicano De Rob\u00f3tica"},"image":{"@id":"https:\/\/www.femexrobotica.org\/tmr2018\/en\/#\/schema\/logo\/image\/"}}]}},"_links":{"self":[{"href":"https:\/\/www.femexrobotica.org\/tmr2018\/wp-json\/wp\/v2\/pages\/533","targetHints":{"allow":["GET"]}}],"collection":[{"href":"https:\/\/www.femexrobotica.org\/tmr2018\/wp-json\/wp\/v2\/pages"}],"about":[{"href":"https:\/\/www.femexrobotica.org\/tmr2018\/wp-json\/wp\/v2\/types\/page"}],"author":[{"embeddable":true,"href":"https:\/\/www.femexrobotica.org\/tmr2018\/wp-json\/wp\/v2\/users\/7"}],"replies":[{"embeddable":true,"href":"https:\/\/www.femexrobotica.org\/tmr2018\/wp-json\/wp\/v2\/comments?post=533"}],"version-history":[{"count":22,"href":"https:\/\/www.femexrobotica.org\/tmr2018\/wp-json\/wp\/v2\/pages\/533\/revisions"}],"predecessor-version":[{"id":792,"href":"https:\/\/www.femexrobotica.org\/tmr2018\/wp-json\/wp\/v2\/pages\/533\/revisions\/792"}],"wp:attachment":[{"href":"https:\/\/www.femexrobotica.org\/tmr2018\/wp-json\/wp\/v2\/media?parent=533"}],"curies":[{"name":"wp","href":"https:\/\/api.w.org\/{rel}","templated":true}]}}