{"id":259,"date":"2018-01-27T16:54:19","date_gmt":"2018-01-27T22:54:19","guid":{"rendered":"https:\/\/www.femexrobotica.org\/tmr2018\/?page_id=259"},"modified":"2018-02-24T15:05:12","modified_gmt":"2018-02-24T21:05:12","slug":"acerca_de","status":"publish","type":"page","link":"https:\/\/www.femexrobotica.org\/tmr2018\/acerca_de\/","title":{"rendered":"ACERCA_DE"},"content":{"rendered":"<div class=\"vc_row wpb_row vc_row-fluid\" ><div class=\"wpb_column vc_column_container vc_col-sm-12\"><div class=\"vc_column-inner \"><div class=\"wpb_wrapper\"><div class=\"vc_separator wpb_content_element vc_separator_align_center vc_sep_width_100 vc_sep_shadow vc_sep_pos_align_center vc_separator_no_text vc_sep_color_grey\" ><span class=\"vc_sep_holder vc_sep_holder_l\"><span  class=\"vc_sep_line\"><\/span><\/span><span class=\"vc_sep_holder vc_sep_holder_r\"><span  class=\"vc_sep_line\"><\/span><\/span>\n<\/div><div class=\"mkdf-section-title-holder  \" style=\"text-align: center\">\n\t<div class=\"mkdf-st-inner\">\n\t\t\t\t\t\t\t<h2 class=\"mkdf-st-title\" >\n\t\t\t\tTORNEO MEXICANO DE ROB\u00d3TICA\t\t\t\t<span class=\"mkdf-st-title-mark\" ><\/span>\n\t\t\t<\/h2>\n\t\t\t\t\t\t\t<div class=\"mkdf-st-separator\" ><\/div>\n\t\t\t\t\t\t\t<\/div>\n<\/div><div class=\"vc_empty_space\"   style=\"height: 32px\" ><span class=\"vc_empty_space_inner\"><\/span><\/div>\n<\/div><\/div><\/div><\/div><div class=\"vc_row wpb_row vc_row-fluid\" ><div class=\"wpb_column vc_column_container vc_col-sm-6\"><div class=\"vc_column-inner \"><div class=\"wpb_wrapper\">\n\t<div  class=\"wpb_single_image wpb_content_element vc_align_center\">\n\t\t\n\t\t<figure class=\"wpb_wrapper vc_figure\">\n\t\t\t<a href=\"https:\/\/www.femexrobotica.org\" target=\"_blank\" class=\"vc_single_image-wrapper   vc_box_border_grey\"><img loading=\"lazy\" decoding=\"async\" width=\"1024\" height=\"921\" src=\"https:\/\/www.femexrobotica.org\/tmr2018\/wp-content\/uploads\/2018\/01\/arreglo_logos_201710_web1024-1024x921.png\" class=\"vc_single_image-img attachment-large\" alt=\"\" srcset=\"https:\/\/www.femexrobotica.org\/tmr2018\/wp-content\/uploads\/2018\/01\/arreglo_logos_201710_web1024.png 1024w, https:\/\/www.femexrobotica.org\/tmr2018\/wp-content\/uploads\/2018\/01\/arreglo_logos_201710_web1024-300x270.png 300w, https:\/\/www.femexrobotica.org\/tmr2018\/wp-content\/uploads\/2018\/01\/arreglo_logos_201710_web1024-768x691.png 768w\" sizes=\"auto, (max-width: 1024px) 100vw, 1024px\" \/><\/a>\n\t\t<\/figure>\n\t<\/div>\n<\/div><\/div><\/div><div class=\"wpb_column vc_column_container vc_col-sm-6\"><div class=\"vc_column-inner \"><div class=\"wpb_wrapper\">\n\t<div class=\"wpb_text_column wpb_content_element \" >\n\t\t<div class=\"wpb_wrapper\">\n\t\t\t<p><em><strong>El Torneo Mexicano de Rob\u00f3tica (TMR)<\/strong> <\/em>es\u00a0organizado anualmente por la\u00a0<em><strong><a href=\"http:\/\/www.femexrobotica.org\/\" target=\"_blank\" rel=\"noopener\">Federaci\u00f3n Mexicana de Rob\u00f3tica A.C.<\/a>\u00a0<\/strong><\/em>(FMR) desde el a\u00f1o 2008 en colaboraci\u00f3n con algunas de las m\u00e1s importantes instituciones educativas del pa\u00eds.<\/p>\n<p>Estas son las instituciones que han sido sede de \u00e9ste torneo:<\/p>\n<p class=\"x_MsoNormal\"><strong><em>TMR 2008<\/em><\/strong>, UNAM, Palacio de Miner\u00eda, Ciudad de M\u00e9xico<br \/>\n<em><strong>TMR 2009<\/strong><\/em>, Universidad Panamericana, Guadalajara, Jalisco<br \/>\n<em><strong><a href=\"http:\/\/www.femexrobotica.org\/tmr2011\" target=\"_blank\" rel=\"noopener\">TMR 2011<\/a><\/strong><\/em>, ITAM, Ciudad de M\u00e9xico<br \/>\n<a href=\"http:\/\/www.femexrobotica.org\/tmr2012\" target=\"_blank\" rel=\"noopener\"><em><strong>TMR 2012<\/strong><\/em><\/a>, ITESM-CEM, Estado de M\u00e9xico<br \/>\n<em><strong><a href=\"https:\/\/ccc.inaoep.mx\/~tmr2013\/\" target=\"_blank\" rel=\"noopener\">TMR 2013<\/a><\/strong><\/em>, ITESM-Puebla, Puebla<br \/>\n<em><strong><a href=\"http:\/\/www.femexrobotica.org\/tmr2014\/\" target=\"_blank\" rel=\"noopener\">TMR 2014<\/a><\/strong><\/em>, UNACAR-Ciudad del Carmen, Campeche<br \/>\n<em><strong><a href=\"http:\/\/www.femexrobotica.org\/tmr2015\/\" target=\"_blank\" rel=\"noopener\">TMR 2015<\/a><\/strong><\/em>, Facultad de Estudios Superiores de la UNAM, Acatl\u00e1n, Estado de M\u00e9xico<br \/>\n<em><strong><a href=\"http:\/\/www.femexrobotica.org\/tmr2016\/\" target=\"_blank\" rel=\"noopener\">TMR 2016<\/a><\/strong><\/em>, Universidad Polit\u00e9cnica de Victoria, Polyforum \u201cDr. Rodolfo Torre Cant\u00fa\u201d, Cd. Victoria<br \/>\n<em><strong><a href=\"http:\/\/www.femexrobotica.org\/tmr2017\/\" target=\"_blank\" rel=\"noopener\">TMR 2017<\/a><\/strong><\/em>, Colegio Crist\u00f3bal Col\u00f3n, Lomas Verdes, Estado de M\u00e9xico<\/p>\n\n\t\t<\/div>\n\t<\/div>\n<\/div><\/div><\/div><\/div><div class=\"vc_row wpb_row vc_row-fluid\" ><div class=\"wpb_column vc_column_container vc_col-sm-12\"><div class=\"vc_column-inner \"><div class=\"wpb_wrapper\"><div class=\"vc_empty_space\"   style=\"height: 32px\" ><span class=\"vc_empty_space_inner\"><\/span><\/div>\n<div class=\"vc_separator wpb_content_element vc_separator_align_center vc_sep_width_100 vc_sep_shadow vc_sep_pos_align_center vc_separator_no_text vc_sep_color_grey\" ><span class=\"vc_sep_holder vc_sep_holder_l\"><span  class=\"vc_sep_line\"><\/span><\/span><span class=\"vc_sep_holder vc_sep_holder_r\"><span  class=\"vc_sep_line\"><\/span><\/span>\n<\/div><div class=\"vc_empty_space\"   style=\"height: 32px\" ><span class=\"vc_empty_space_inner\"><\/span><\/div>\n<\/div><\/div><\/div><\/div><div class=\"vc_row wpb_row vc_row-fluid\" ><div class=\"wpb_column vc_column_container vc_col-sm-12\"><div class=\"vc_column-inner \"><div class=\"wpb_wrapper\">\n\t<div class=\"wpb_text_column wpb_content_element \" >\n\t\t<div class=\"wpb_wrapper\">\n\t\t\t<p>En esta emisi\u00f3n 2018, el <em><strong>Tecnol\u00f3gico de Monterrey campus Monterrey<\/strong><\/em> y <em><strong>Fundaci\u00f3n ProRob\u00f3tica de Nuevo Le\u00f3n<\/strong><\/em> ser\u00e1n los responsables de recibir a los participantes al TMR 2018 &#8211; Monterrey.<\/p>\n<p>Como ya es costumbre, el TMR consta\u00a0de las categor\u00edas LARC Standard Educational Kit (SEK), LARC Open Challenge, Limpiadores de Playa, RoboCup Junior OnStage (antes Dance), RoboCup Junior Soccer, RoboCup Junior Rescue, RoboCup Humanoid KidSize, Robocup Standard Platform League, Robocup @Home y RoboCup Major Rescue. Algunas de estas categor\u00edas corresponden a eliminatorias nacionales obligatorias para asistir al Concurso Latinoamericano de Rob\u00f3tica y al Mundial RoboCup.<\/p>\n<p>Durante los tres d\u00edas del torneo los participantes tienen la oportunidad de poner a prueba sus dise\u00f1os rob\u00f3ticos aplicando sus conocimientos y su destreza para tomar decisiones y solucionar\u00a0problemas te\u00f3rico-pr\u00e1cticos propios de la competencia. Al mismo tiempo pueden conocer otros estudiantes del pa\u00eds e\u00a0intercambiar ideas y experiencias. As\u00ed, el TMR promueve\u00a0la formaci\u00f3n integral de\u00a0los participantes y la creaci\u00f3n de las futuras redes de colaboraci\u00f3n en rob\u00f3tica y en disciplinas relacionadas.<\/p>\n<p>La participaci\u00f3n de estudiantes de todos los niveles educativos (de primaria a\u00a0posgrado y grupos de investigaci\u00f3n consolidados) aumenta\u00a0a\u00f1o con a\u00f1o. Este \u00e9xito constante es posible gracias al creciente inter\u00e9s de la comunidad\u00a0estudiantil del pa\u00eds en temas de rob\u00f3tica. Juega tambi\u00e9n un papel importante la experiencia acumulada de la FMR en la organizaci\u00f3n de m\u00faltiples eventos regionales, nacionales e internacionales como el Concurso Latinoamericano de Rob\u00f3tica IEEE 2004, el Mundial RoboCup 2012, el Beach and Sea Robot Competition en 2014 y las Escuelas de Invierno de Rob\u00f3tica. Adem\u00e1s, es fundamental el compromiso decidido de cada una de las instituciones Sede con la organizaci\u00f3n de este evento y con la educaci\u00f3n del pa\u00eds.<\/p>\n\n\t\t<\/div>\n\t<\/div>\n<div class=\"vc_empty_space\"   style=\"height: 70px\" ><span class=\"vc_empty_space_inner\"><\/span><\/div>\n<\/div><\/div><\/div><\/div><div class=\"vc_row wpb_row vc_row-fluid\" ><div class=\"wpb_column vc_column_container vc_col-sm-12\"><div class=\"vc_column-inner \"><div class=\"wpb_wrapper\"><div class=\"vc_separator wpb_content_element vc_separator_align_center vc_sep_width_100 vc_sep_shadow vc_sep_pos_align_center vc_separator_no_text vc_sep_color_grey\" ><span class=\"vc_sep_holder vc_sep_holder_l\"><span  class=\"vc_sep_line\"><\/span><\/span><span class=\"vc_sep_holder vc_sep_holder_r\"><span  class=\"vc_sep_line\"><\/span><\/span>\n<\/div><\/div><\/div><\/div><\/div><div class=\"vc_row wpb_row vc_row-fluid\" ><div class=\"wpb_column vc_column_container vc_col-sm-12\"><div class=\"vc_column-inner \"><div class=\"wpb_wrapper\"><div class=\"vc_separator wpb_content_element vc_separator_align_center vc_sep_width_100 vc_sep_shadow vc_sep_pos_align_center vc_separator_no_text vc_sep_color_grey\" ><span class=\"vc_sep_holder vc_sep_holder_l\"><span  class=\"vc_sep_line\"><\/span><\/span><span class=\"vc_sep_holder vc_sep_holder_r\"><span  class=\"vc_sep_line\"><\/span><\/span>\n<\/div><\/div><\/div><\/div><\/div>\n","protected":false},"excerpt":{"rendered":"TORNEO MEXICANO DE ROB\u00d3TICA El Torneo Mexicano de Rob\u00f3tica (TMR) es\u00a0organizado anualmente por la\u00a0Federaci\u00f3n Mexicana de Rob\u00f3tica A.C.\u00a0(FMR) desde el a\u00f1o 2008 en colaboraci\u00f3n con algunas de las m\u00e1s importantes instituciones educativas del pa\u00eds. Estas son las instituciones que han [...]","protected":false},"author":7,"featured_media":0,"parent":0,"menu_order":0,"comment_status":"closed","ping_status":"closed","template":"","meta":{"footnotes":""},"class_list":["post-259","page","type-page","status-publish","hentry"],"yoast_head":"<!-- This site is optimized with the Yoast SEO plugin v27.6 - https:\/\/yoast.com\/product\/yoast-seo-wordpress\/ -->\n<title>ACERCA_DE - TMR2018<\/title>\n<meta name=\"robots\" content=\"noindex, follow, max-snippet:-1, max-image-preview:large, max-video-preview:-1\" \/>\n<meta property=\"og:locale\" content=\"es_MX\" \/>\n<meta property=\"og:type\" content=\"article\" \/>\n<meta property=\"og:title\" content=\"ACERCA_DE - TMR2018\" \/>\n<meta property=\"og:url\" content=\"https:\/\/www.femexrobotica.org\/tmr2018\/acerca_de\/\" \/>\n<meta property=\"og:site_name\" content=\"TMR2018\" \/>\n<meta property=\"article:modified_time\" content=\"2018-02-24T21:05:12+00:00\" \/>\n<meta name=\"twitter:card\" content=\"summary_large_image\" \/>\n<meta name=\"twitter:label1\" content=\"Tiempo de lectura\" \/>\n\t<meta name=\"twitter:data1\" content=\"3 minutos\" \/>\n<script type=\"application\/ld+json\" class=\"yoast-schema-graph\">{\"@context\":\"https:\\\/\\\/schema.org\",\"@graph\":[{\"@type\":\"WebPage\",\"@id\":\"https:\\\/\\\/www.femexrobotica.org\\\/tmr2018\\\/acerca_de\\\/\",\"url\":\"https:\\\/\\\/www.femexrobotica.org\\\/tmr2018\\\/acerca_de\\\/\",\"name\":\"ACERCA_DE - TMR2018\",\"isPartOf\":{\"@id\":\"https:\\\/\\\/www.femexrobotica.org\\\/tmr2018\\\/en\\\/#website\"},\"datePublished\":\"2018-01-27T22:54:19+00:00\",\"dateModified\":\"2018-02-24T21:05:12+00:00\",\"breadcrumb\":{\"@id\":\"https:\\\/\\\/www.femexrobotica.org\\\/tmr2018\\\/acerca_de\\\/#breadcrumb\"},\"inLanguage\":\"es\",\"potentialAction\":[{\"@type\":\"ReadAction\",\"target\":[\"https:\\\/\\\/www.femexrobotica.org\\\/tmr2018\\\/acerca_de\\\/\"]}]},{\"@type\":\"BreadcrumbList\",\"@id\":\"https:\\\/\\\/www.femexrobotica.org\\\/tmr2018\\\/acerca_de\\\/#breadcrumb\",\"itemListElement\":[{\"@type\":\"ListItem\",\"position\":1,\"name\":\"Inicio\",\"item\":\"https:\\\/\\\/www.femexrobotica.org\\\/tmr2018\\\/en\\\/\"},{\"@type\":\"ListItem\",\"position\":2,\"name\":\"ACERCA_DE\"}]},{\"@type\":\"WebSite\",\"@id\":\"https:\\\/\\\/www.femexrobotica.org\\\/tmr2018\\\/en\\\/#website\",\"url\":\"https:\\\/\\\/www.femexrobotica.org\\\/tmr2018\\\/en\\\/\",\"name\":\"TMR2018\",\"description\":\"Torneo Mexicano de Rob\u00f3tica 2018\",\"publisher\":{\"@id\":\"https:\\\/\\\/www.femexrobotica.org\\\/tmr2018\\\/en\\\/#organization\"},\"potentialAction\":[{\"@type\":\"SearchAction\",\"target\":{\"@type\":\"EntryPoint\",\"urlTemplate\":\"https:\\\/\\\/www.femexrobotica.org\\\/tmr2018\\\/en\\\/?s={search_term_string}\"},\"query-input\":{\"@type\":\"PropertyValueSpecification\",\"valueRequired\":true,\"valueName\":\"search_term_string\"}}],\"inLanguage\":\"es\"},{\"@type\":\"Organization\",\"@id\":\"https:\\\/\\\/www.femexrobotica.org\\\/tmr2018\\\/en\\\/#organization\",\"name\":\"Torneo Mexicano De Rob\u00f3tica\",\"url\":\"https:\\\/\\\/www.femexrobotica.org\\\/tmr2018\\\/en\\\/\",\"logo\":{\"@type\":\"ImageObject\",\"inLanguage\":\"es\",\"@id\":\"https:\\\/\\\/www.femexrobotica.org\\\/tmr2018\\\/en\\\/#\\\/schema\\\/logo\\\/image\\\/\",\"url\":\"https:\\\/\\\/www.femexrobotica.org\\\/tmr2018\\\/wp-content\\\/uploads\\\/2018\\\/02\\\/slide-androide.jpg\",\"contentUrl\":\"https:\\\/\\\/www.femexrobotica.org\\\/tmr2018\\\/wp-content\\\/uploads\\\/2018\\\/02\\\/slide-androide.jpg\",\"width\":1920,\"height\":1100,\"caption\":\"Torneo Mexicano De Rob\u00f3tica\"},\"image\":{\"@id\":\"https:\\\/\\\/www.femexrobotica.org\\\/tmr2018\\\/en\\\/#\\\/schema\\\/logo\\\/image\\\/\"}}]}<\/script>\n<!-- \/ Yoast SEO plugin. -->","yoast_head_json":{"title":"ACERCA_DE - TMR2018","robots":{"index":"noindex","follow":"follow","max-snippet":"max-snippet:-1","max-image-preview":"max-image-preview:large","max-video-preview":"max-video-preview:-1"},"og_locale":"es_MX","og_type":"article","og_title":"ACERCA_DE - TMR2018","og_url":"https:\/\/www.femexrobotica.org\/tmr2018\/acerca_de\/","og_site_name":"TMR2018","article_modified_time":"2018-02-24T21:05:12+00:00","twitter_card":"summary_large_image","twitter_misc":{"Tiempo de lectura":"3 minutos"},"schema":{"@context":"https:\/\/schema.org","@graph":[{"@type":"WebPage","@id":"https:\/\/www.femexrobotica.org\/tmr2018\/acerca_de\/","url":"https:\/\/www.femexrobotica.org\/tmr2018\/acerca_de\/","name":"ACERCA_DE - TMR2018","isPartOf":{"@id":"https:\/\/www.femexrobotica.org\/tmr2018\/en\/#website"},"datePublished":"2018-01-27T22:54:19+00:00","dateModified":"2018-02-24T21:05:12+00:00","breadcrumb":{"@id":"https:\/\/www.femexrobotica.org\/tmr2018\/acerca_de\/#breadcrumb"},"inLanguage":"es","potentialAction":[{"@type":"ReadAction","target":["https:\/\/www.femexrobotica.org\/tmr2018\/acerca_de\/"]}]},{"@type":"BreadcrumbList","@id":"https:\/\/www.femexrobotica.org\/tmr2018\/acerca_de\/#breadcrumb","itemListElement":[{"@type":"ListItem","position":1,"name":"Inicio","item":"https:\/\/www.femexrobotica.org\/tmr2018\/en\/"},{"@type":"ListItem","position":2,"name":"ACERCA_DE"}]},{"@type":"WebSite","@id":"https:\/\/www.femexrobotica.org\/tmr2018\/en\/#website","url":"https:\/\/www.femexrobotica.org\/tmr2018\/en\/","name":"TMR2018","description":"Torneo Mexicano de Rob\u00f3tica 2018","publisher":{"@id":"https:\/\/www.femexrobotica.org\/tmr2018\/en\/#organization"},"potentialAction":[{"@type":"SearchAction","target":{"@type":"EntryPoint","urlTemplate":"https:\/\/www.femexrobotica.org\/tmr2018\/en\/?s={search_term_string}"},"query-input":{"@type":"PropertyValueSpecification","valueRequired":true,"valueName":"search_term_string"}}],"inLanguage":"es"},{"@type":"Organization","@id":"https:\/\/www.femexrobotica.org\/tmr2018\/en\/#organization","name":"Torneo Mexicano De Rob\u00f3tica","url":"https:\/\/www.femexrobotica.org\/tmr2018\/en\/","logo":{"@type":"ImageObject","inLanguage":"es","@id":"https:\/\/www.femexrobotica.org\/tmr2018\/en\/#\/schema\/logo\/image\/","url":"https:\/\/www.femexrobotica.org\/tmr2018\/wp-content\/uploads\/2018\/02\/slide-androide.jpg","contentUrl":"https:\/\/www.femexrobotica.org\/tmr2018\/wp-content\/uploads\/2018\/02\/slide-androide.jpg","width":1920,"height":1100,"caption":"Torneo Mexicano De Rob\u00f3tica"},"image":{"@id":"https:\/\/www.femexrobotica.org\/tmr2018\/en\/#\/schema\/logo\/image\/"}}]}},"_links":{"self":[{"href":"https:\/\/www.femexrobotica.org\/tmr2018\/wp-json\/wp\/v2\/pages\/259","targetHints":{"allow":["GET"]}}],"collection":[{"href":"https:\/\/www.femexrobotica.org\/tmr2018\/wp-json\/wp\/v2\/pages"}],"about":[{"href":"https:\/\/www.femexrobotica.org\/tmr2018\/wp-json\/wp\/v2\/types\/page"}],"author":[{"embeddable":true,"href":"https:\/\/www.femexrobotica.org\/tmr2018\/wp-json\/wp\/v2\/users\/7"}],"replies":[{"embeddable":true,"href":"https:\/\/www.femexrobotica.org\/tmr2018\/wp-json\/wp\/v2\/comments?post=259"}],"version-history":[{"count":16,"href":"https:\/\/www.femexrobotica.org\/tmr2018\/wp-json\/wp\/v2\/pages\/259\/revisions"}],"predecessor-version":[{"id":873,"href":"https:\/\/www.femexrobotica.org\/tmr2018\/wp-json\/wp\/v2\/pages\/259\/revisions\/873"}],"wp:attachment":[{"href":"https:\/\/www.femexrobotica.org\/tmr2018\/wp-json\/wp\/v2\/media?parent=259"}],"curies":[{"name":"wp","href":"https:\/\/api.w.org\/{rel}","templated":true}]}}