{"id":347,"date":"2018-01-28T17:33:21","date_gmt":"2018-01-28T23:33:21","guid":{"rendered":"https:\/\/www.femexrobotica.org\/tmr2018\/?page_id=347"},"modified":"2018-02-28T22:12:37","modified_gmt":"2018-03-01T04:12:37","slug":"cuotas","status":"publish","type":"page","link":"https:\/\/www.femexrobotica.org\/tmr2018\/en\/cuotas\/","title":{"rendered":"CUOTAS"},"content":{"rendered":"<div class=\"vc_row wpb_row vc_row-fluid\" ><div class=\"wpb_column vc_column_container vc_col-sm-12\"><div class=\"vc_column-inner\"><div class=\"wpb_wrapper\"><div class=\"vc_separator wpb_content_element vc_separator_align_center vc_sep_width_100 vc_sep_shadow vc_sep_pos_align_center vc_separator_no_text vc_sep_color_grey\" ><span class=\"vc_sep_holder vc_sep_holder_l\"><span  class=\"vc_sep_line\"><\/span><\/span><span class=\"vc_sep_holder vc_sep_holder_r\"><span  class=\"vc_sep_line\"><\/span><\/span>\n<\/div><div class=\"mkdf-section-title-holder\" style=\"text-align: center\">\n\t<div class=\"mkdf-st-inner\">\n\t\t\t\t\t\t\t<h2 class=\"mkdf-st-title\" >\n\t\t\t\tREGISTRATION FEES\t\t\t\t<span class=\"mkdf-st-title-mark\" ><\/span>\n\t\t\t<\/h2>\n\t\t\t\t\t\t\t<div class=\"mkdf-st-separator\" ><\/div>\n\t\t\t\t\t\t\t<\/div>\n<\/div><div class=\"vc_empty_space\"   style=\"height: 32px\" ><span class=\"vc_empty_space_inner\"><\/span><\/div>\n<\/div><\/div><\/div><\/div><div class=\"vc_row wpb_row vc_row-fluid\" ><div class=\"wpb_column vc_column_container vc_col-sm-6\"><div class=\"vc_column-inner\"><div class=\"wpb_wrapper\">\n\t<div  class=\"wpb_single_image wpb_content_element vc_align_center\">\n\t\t\n\t\t<figure class=\"wpb_wrapper vc_figure\">\n\t\t\t<div class=\"vc_single_image-wrapper vc_box_shadow_3d  vc_box_border_grey\"><img loading=\"lazy\" decoding=\"async\" width=\"1024\" height=\"683\" src=\"https:\/\/www.femexrobotica.org\/tmr2018\/wp-content\/uploads\/2018\/01\/Cuota-1024x683.jpg\" class=\"vc_single_image-img attachment-large\" alt=\"\" srcset=\"https:\/\/www.femexrobotica.org\/tmr2018\/wp-content\/uploads\/2018\/01\/Cuota-1024x683.jpg 1024w, https:\/\/www.femexrobotica.org\/tmr2018\/wp-content\/uploads\/2018\/01\/Cuota-300x200.jpg 300w, https:\/\/www.femexrobotica.org\/tmr2018\/wp-content\/uploads\/2018\/01\/Cuota-768x512.jpg 768w, https:\/\/www.femexrobotica.org\/tmr2018\/wp-content\/uploads\/2018\/01\/Cuota.jpg 1920w\" sizes=\"auto, (max-width: 1024px) 100vw, 1024px\" \/><\/div>\n\t\t<\/figure>\n\t<\/div>\n<\/div><\/div><\/div><div class=\"wpb_column vc_column_container vc_col-sm-6\"><div class=\"vc_column-inner\"><div class=\"wpb_wrapper\">\n\t<div class=\"wpb_text_column wpb_content_element\" >\n\t\t<div class=\"wpb_wrapper\">\n\t\t\t<p style=\"text-align: left;\">The fees for registration of a team to <em><strong>TMR 2018<\/strong><\/em> are:<\/p>\n<ul>\n<li><em><strong>Early Registration, until February 28th<\/strong><\/em>\n<ul>\n<li>Team with up to 4 members <strong>$ 1,500.00 MXN<br \/>\n<\/strong><\/li>\n<li>Additional member\u00a0<strong>$ 400.00 MXN<br \/>\n<\/strong><\/li>\n<\/ul>\n<\/li>\n<\/ul>\n<ul>\n<li><em><strong>Late Registration, between March 1 and 15<\/strong><\/em>\n<ul>\n<li>Team with up to 4 members\u00a0<strong>$ 2,000.00 MXN<br \/>\n<\/strong><\/li>\n<li>Additional member\u00a0<strong>$ 500.00 MXN<br \/>\n<\/strong><\/li>\n<\/ul>\n<\/li>\n<\/ul>\n<p><em>For registration payment<strong>, both the contestants and the mentors are considered members of the team.<\/strong><\/em><\/p>\n<p>&nbsp;<\/p>\n<p><em><strong>Important notices:<\/strong><\/em><\/p>\n<ul>\n<li><em>No payments will be received after\u00a0<strong>March 15th<\/strong><\/em><\/li>\n<li><em>All costs include VAT and are expressed in Mexican pesos.<\/em><\/li>\n<\/ul>\n<p>&nbsp;<\/p>\n<p><strong><em>Return policy<\/em><\/strong><br \/>\nDue to the fact that the planning of the event depends on the number of participants and teams registered in each category, only refund requests that are made no later than February 28th will be accepted. After this date, refund requests will not be accepted. This policy applies even if the team or one of its members can not attend the event, no matter what the reason.<\/p>\n<p>&nbsp;<\/p>\n<p><strong><em>Fiscal data of the FMR<\/em><\/strong><br \/>\nThese are the fiscal data of the\u00a0<em>Mexican Federation of Robotics<\/em>, that some institutions require to be able to generate their payments.<\/p>\n<p style=\"text-align: left;\"><strong>Federaci\u00f3n <\/strong><strong>Mexicana de Rob\u00f3tica AC<\/strong><\/p>\n<p style=\"text-align: left;\">Av. Ejercito Nacional 216 Piso 12<br \/>\nCol. Anzures<br \/>\nDel. Miguel Hidalgo<br \/>\nMexico City, CP 11590<\/p>\n<p style=\"text-align: left;\"><strong>RFC:<\/strong>\u00a0FMD100528N13<\/p>\n<p>&nbsp;<\/p>\n<a itemprop=\"url\" href=\"\/regtmr\" target=\"_blank\"  class=\"mkdf-btn mkdf-btn-medium mkdf-btn-outline\"  >\n    \t<span class=\"mkdf-btn-text\">REGISTRATION<\/span>\n\t        <span aria-hidden=\"true\" class=\"mkdf-icon-font-elegant\" ><\/span>\t<\/a>\n\n\t\t<\/div>\n\t<\/div>\n<\/div><\/div><\/div><\/div><div class=\"vc_row wpb_row vc_row-fluid\" ><div class=\"wpb_column vc_column_container vc_col-sm-12\"><div class=\"vc_column-inner\"><div class=\"wpb_wrapper\"><div class=\"vc_empty_space\"   style=\"height: 70px\" ><span class=\"vc_empty_space_inner\"><\/span><\/div>\n<\/div><\/div><\/div><\/div>","protected":false},"excerpt":{"rendered":"CUOTAS DE INSCRIPCI\u00d3N Las cuotas para inscripci\u00f3n de los equipos al TMR 2018 son: Inscripci\u00f3n Temprana, hasta el 28 de Febrero Equipo con hasta 4 integrantes $1,500.00 M.N. Integrante adicional\u00a0$400.00 M.N. Inscripci\u00f3n Tard\u00eda, entre el 1 y 15 de marzo [...]","protected":false},"author":6,"featured_media":0,"parent":0,"menu_order":0,"comment_status":"closed","ping_status":"closed","template":"","meta":{"footnotes":""},"class_list":["post-347","page","type-page","status-publish","hentry"],"yoast_head":"<!-- This site is optimized with the Yoast SEO plugin v27.5 - https:\/\/yoast.com\/product\/yoast-seo-wordpress\/ -->\n<title>CUOTAS - TMR2018<\/title>\n<meta name=\"robots\" content=\"noindex, follow, max-snippet:-1, max-image-preview:large, max-video-preview:-1\" \/>\n<meta property=\"og:locale\" content=\"en_US\" \/>\n<meta property=\"og:type\" content=\"article\" \/>\n<meta property=\"og:title\" content=\"CUOTAS - TMR2018\" \/>\n<meta property=\"og:url\" content=\"https:\/\/www.femexrobotica.org\/tmr2018\/en\/cuotas\/\" \/>\n<meta property=\"og:site_name\" content=\"TMR2018\" \/>\n<meta property=\"article:modified_time\" content=\"2018-03-01T04:12:37+00:00\" \/>\n<meta name=\"twitter:card\" content=\"summary_large_image\" \/>\n<meta name=\"twitter:label1\" content=\"Est. reading time\" \/>\n\t<meta name=\"twitter:data1\" content=\"2 minutes\" \/>\n<script type=\"application\/ld+json\" class=\"yoast-schema-graph\">{\"@context\":\"https:\\\/\\\/schema.org\",\"@graph\":[{\"@type\":\"WebPage\",\"@id\":\"https:\\\/\\\/www.femexrobotica.org\\\/tmr2018\\\/cuotas\\\/\",\"url\":\"https:\\\/\\\/www.femexrobotica.org\\\/tmr2018\\\/cuotas\\\/\",\"name\":\"CUOTAS - TMR2018\",\"isPartOf\":{\"@id\":\"https:\\\/\\\/www.femexrobotica.org\\\/tmr2018\\\/en\\\/#website\"},\"datePublished\":\"2018-01-28T23:33:21+00:00\",\"dateModified\":\"2018-03-01T04:12:37+00:00\",\"breadcrumb\":{\"@id\":\"https:\\\/\\\/www.femexrobotica.org\\\/tmr2018\\\/cuotas\\\/#breadcrumb\"},\"inLanguage\":\"en-US\",\"potentialAction\":[{\"@type\":\"ReadAction\",\"target\":[\"https:\\\/\\\/www.femexrobotica.org\\\/tmr2018\\\/cuotas\\\/\"]}]},{\"@type\":\"BreadcrumbList\",\"@id\":\"https:\\\/\\\/www.femexrobotica.org\\\/tmr2018\\\/cuotas\\\/#breadcrumb\",\"itemListElement\":[{\"@type\":\"ListItem\",\"position\":1,\"name\":\"Inicio\",\"item\":\"https:\\\/\\\/www.femexrobotica.org\\\/tmr2018\\\/en\\\/\"},{\"@type\":\"ListItem\",\"position\":2,\"name\":\"CUOTAS\"}]},{\"@type\":\"WebSite\",\"@id\":\"https:\\\/\\\/www.femexrobotica.org\\\/tmr2018\\\/en\\\/#website\",\"url\":\"https:\\\/\\\/www.femexrobotica.org\\\/tmr2018\\\/en\\\/\",\"name\":\"TMR2018\",\"description\":\"Torneo Mexicano de Rob\u00f3tica 2018\",\"publisher\":{\"@id\":\"https:\\\/\\\/www.femexrobotica.org\\\/tmr2018\\\/en\\\/#organization\"},\"potentialAction\":[{\"@type\":\"SearchAction\",\"target\":{\"@type\":\"EntryPoint\",\"urlTemplate\":\"https:\\\/\\\/www.femexrobotica.org\\\/tmr2018\\\/en\\\/?s={search_term_string}\"},\"query-input\":{\"@type\":\"PropertyValueSpecification\",\"valueRequired\":true,\"valueName\":\"search_term_string\"}}],\"inLanguage\":\"en-US\"},{\"@type\":\"Organization\",\"@id\":\"https:\\\/\\\/www.femexrobotica.org\\\/tmr2018\\\/en\\\/#organization\",\"name\":\"Torneo Mexicano De Rob\u00f3tica\",\"url\":\"https:\\\/\\\/www.femexrobotica.org\\\/tmr2018\\\/en\\\/\",\"logo\":{\"@type\":\"ImageObject\",\"inLanguage\":\"en-US\",\"@id\":\"https:\\\/\\\/www.femexrobotica.org\\\/tmr2018\\\/en\\\/#\\\/schema\\\/logo\\\/image\\\/\",\"url\":\"https:\\\/\\\/www.femexrobotica.org\\\/tmr2018\\\/wp-content\\\/uploads\\\/2018\\\/02\\\/slide-androide.jpg\",\"contentUrl\":\"https:\\\/\\\/www.femexrobotica.org\\\/tmr2018\\\/wp-content\\\/uploads\\\/2018\\\/02\\\/slide-androide.jpg\",\"width\":1920,\"height\":1100,\"caption\":\"Torneo Mexicano De Rob\u00f3tica\"},\"image\":{\"@id\":\"https:\\\/\\\/www.femexrobotica.org\\\/tmr2018\\\/en\\\/#\\\/schema\\\/logo\\\/image\\\/\"}}]}<\/script>\n<!-- \/ Yoast SEO plugin. -->","yoast_head_json":{"title":"CUOTAS - TMR2018","robots":{"index":"noindex","follow":"follow","max-snippet":"max-snippet:-1","max-image-preview":"max-image-preview:large","max-video-preview":"max-video-preview:-1"},"og_locale":"en_US","og_type":"article","og_title":"CUOTAS - TMR2018","og_url":"https:\/\/www.femexrobotica.org\/tmr2018\/en\/cuotas\/","og_site_name":"TMR2018","article_modified_time":"2018-03-01T04:12:37+00:00","twitter_card":"summary_large_image","twitter_misc":{"Est. reading time":"2 minutes"},"schema":{"@context":"https:\/\/schema.org","@graph":[{"@type":"WebPage","@id":"https:\/\/www.femexrobotica.org\/tmr2018\/cuotas\/","url":"https:\/\/www.femexrobotica.org\/tmr2018\/cuotas\/","name":"CUOTAS - TMR2018","isPartOf":{"@id":"https:\/\/www.femexrobotica.org\/tmr2018\/en\/#website"},"datePublished":"2018-01-28T23:33:21+00:00","dateModified":"2018-03-01T04:12:37+00:00","breadcrumb":{"@id":"https:\/\/www.femexrobotica.org\/tmr2018\/cuotas\/#breadcrumb"},"inLanguage":"en-US","potentialAction":[{"@type":"ReadAction","target":["https:\/\/www.femexrobotica.org\/tmr2018\/cuotas\/"]}]},{"@type":"BreadcrumbList","@id":"https:\/\/www.femexrobotica.org\/tmr2018\/cuotas\/#breadcrumb","itemListElement":[{"@type":"ListItem","position":1,"name":"Inicio","item":"https:\/\/www.femexrobotica.org\/tmr2018\/en\/"},{"@type":"ListItem","position":2,"name":"CUOTAS"}]},{"@type":"WebSite","@id":"https:\/\/www.femexrobotica.org\/tmr2018\/en\/#website","url":"https:\/\/www.femexrobotica.org\/tmr2018\/en\/","name":"TMR2018","description":"Mexican Robotics Tournament 2018","publisher":{"@id":"https:\/\/www.femexrobotica.org\/tmr2018\/en\/#organization"},"potentialAction":[{"@type":"SearchAction","target":{"@type":"EntryPoint","urlTemplate":"https:\/\/www.femexrobotica.org\/tmr2018\/en\/?s={search_term_string}"},"query-input":{"@type":"PropertyValueSpecification","valueRequired":true,"valueName":"search_term_string"}}],"inLanguage":"en-US"},{"@type":"Organization","@id":"https:\/\/www.femexrobotica.org\/tmr2018\/en\/#organization","name":"Torneo Mexicano De Rob\u00f3tica","url":"https:\/\/www.femexrobotica.org\/tmr2018\/en\/","logo":{"@type":"ImageObject","inLanguage":"en-US","@id":"https:\/\/www.femexrobotica.org\/tmr2018\/en\/#\/schema\/logo\/image\/","url":"https:\/\/www.femexrobotica.org\/tmr2018\/wp-content\/uploads\/2018\/02\/slide-androide.jpg","contentUrl":"https:\/\/www.femexrobotica.org\/tmr2018\/wp-content\/uploads\/2018\/02\/slide-androide.jpg","width":1920,"height":1100,"caption":"Torneo Mexicano De Rob\u00f3tica"},"image":{"@id":"https:\/\/www.femexrobotica.org\/tmr2018\/en\/#\/schema\/logo\/image\/"}}]}},"_links":{"self":[{"href":"https:\/\/www.femexrobotica.org\/tmr2018\/en\/wp-json\/wp\/v2\/pages\/347","targetHints":{"allow":["GET"]}}],"collection":[{"href":"https:\/\/www.femexrobotica.org\/tmr2018\/en\/wp-json\/wp\/v2\/pages"}],"about":[{"href":"https:\/\/www.femexrobotica.org\/tmr2018\/en\/wp-json\/wp\/v2\/types\/page"}],"author":[{"embeddable":true,"href":"https:\/\/www.femexrobotica.org\/tmr2018\/en\/wp-json\/wp\/v2\/users\/6"}],"replies":[{"embeddable":true,"href":"https:\/\/www.femexrobotica.org\/tmr2018\/en\/wp-json\/wp\/v2\/comments?post=347"}],"version-history":[{"count":31,"href":"https:\/\/www.femexrobotica.org\/tmr2018\/en\/wp-json\/wp\/v2\/pages\/347\/revisions"}],"predecessor-version":[{"id":878,"href":"https:\/\/www.femexrobotica.org\/tmr2018\/en\/wp-json\/wp\/v2\/pages\/347\/revisions\/878"}],"wp:attachment":[{"href":"https:\/\/www.femexrobotica.org\/tmr2018\/en\/wp-json\/wp\/v2\/media?parent=347"}],"curies":[{"name":"wp","href":"https:\/\/api.w.org\/{rel}","templated":true}]}}