{"id":259,"date":"2018-01-27T16:54:19","date_gmt":"2018-01-27T22:54:19","guid":{"rendered":"https:\/\/www.femexrobotica.org\/tmr2018\/?page_id=259"},"modified":"2018-02-24T15:05:12","modified_gmt":"2018-02-24T21:05:12","slug":"acerca_de","status":"publish","type":"page","link":"https:\/\/www.femexrobotica.org\/tmr2018\/en\/acerca_de\/","title":{"rendered":"ACERCA_DE"},"content":{"rendered":"<div class=\"vc_row wpb_row vc_row-fluid\" ><div class=\"wpb_column vc_column_container vc_col-sm-12\"><div class=\"vc_column-inner\"><div class=\"wpb_wrapper\"><div class=\"vc_separator wpb_content_element vc_separator_align_center vc_sep_width_100 vc_sep_shadow vc_sep_pos_align_center vc_separator_no_text vc_sep_color_grey\" ><span class=\"vc_sep_holder vc_sep_holder_l\"><span  class=\"vc_sep_line\"><\/span><\/span><span class=\"vc_sep_holder vc_sep_holder_r\"><span  class=\"vc_sep_line\"><\/span><\/span>\n<\/div><div class=\"mkdf-section-title-holder\" style=\"text-align: center\">\n\t<div class=\"mkdf-st-inner\">\n\t\t\t\t\t\t\t<h2 class=\"mkdf-st-title\" >\n\t\t\t\tMEXICAN ROBOTICS TOURNAMENT\t\t\t\t<span class=\"mkdf-st-title-mark\" ><\/span>\n\t\t\t<\/h2>\n\t\t\t\t\t\t\t<div class=\"mkdf-st-separator\" ><\/div>\n\t\t\t\t\t\t\t<\/div>\n<\/div><div class=\"vc_empty_space\"   style=\"height: 32px\" ><span class=\"vc_empty_space_inner\"><\/span><\/div>\n<\/div><\/div><\/div><\/div><div class=\"vc_row wpb_row vc_row-fluid\" ><div class=\"wpb_column vc_column_container vc_col-sm-6\"><div class=\"vc_column-inner\"><div class=\"wpb_wrapper\">\n\t<div  class=\"wpb_single_image wpb_content_element vc_align_center\">\n\t\t\n\t\t<figure class=\"wpb_wrapper vc_figure\">\n\t\t\t<a href=\"https:\/\/www.femexrobotica.org\" target=\"_blank\" class=\"vc_single_image-wrapper   vc_box_border_grey\"><img loading=\"lazy\" decoding=\"async\" width=\"1024\" height=\"921\" src=\"https:\/\/www.femexrobotica.org\/tmr2018\/wp-content\/uploads\/2018\/01\/arreglo_logos_201710_web1024-1024x921.png\" class=\"vc_single_image-img attachment-large\" alt=\"\" srcset=\"https:\/\/www.femexrobotica.org\/tmr2018\/wp-content\/uploads\/2018\/01\/arreglo_logos_201710_web1024.png 1024w, https:\/\/www.femexrobotica.org\/tmr2018\/wp-content\/uploads\/2018\/01\/arreglo_logos_201710_web1024-300x270.png 300w, https:\/\/www.femexrobotica.org\/tmr2018\/wp-content\/uploads\/2018\/01\/arreglo_logos_201710_web1024-768x691.png 768w\" sizes=\"auto, (max-width: 1024px) 100vw, 1024px\" \/><\/a>\n\t\t<\/figure>\n\t<\/div>\n<\/div><\/div><\/div><div class=\"wpb_column vc_column_container vc_col-sm-6\"><div class=\"vc_column-inner\"><div class=\"wpb_wrapper\">\n\t<div class=\"wpb_text_column wpb_content_element\" >\n\t\t<div class=\"wpb_wrapper\">\n\t\t\t<p><em><strong>The Mexican Robotics Tournament (TMR)<\/strong> <\/em>is organized annually by the\u00a0<em><strong><a href=\"http:\/\/www.femexrobotica.org\/\" target=\"_blank\" rel=\"noopener\">Mexican Federation of Robotics AC<\/a>\u00a0<\/strong><\/em>(FMR) since 2008 in collaboration with some of the most important educational institutions in the country.<\/p>\n<p>These are the institutions that have hosted this tournament:<\/p>\n<p class=\"x_MsoNormal\"><strong><em>TMR 2008<\/em><\/strong>, UNAM, Mining Palace, Mexico City<br \/>\n<em><strong>TMR 2009<\/strong><\/em>, Universidad Panamericana, Guadalajara, Jalisco<br \/>\n<em><strong><a href=\"http:\/\/www.femexrobotica.org\/tmr2011\" target=\"_blank\" rel=\"noopener\">TMR 2011<\/a><\/strong><\/em>, ITAM, Mexico City<br \/>\n<a href=\"http:\/\/www.femexrobotica.org\/tmr2012\" target=\"_blank\" rel=\"noopener\"><em><strong>TMR 2012<\/strong><\/em><\/a>, ITESM-CEM, Estado de M\u00e9xico<br \/>\n<em><strong><a href=\"https:\/\/ccc.inaoep.mx\/~tmr2013\/\" target=\"_blank\" rel=\"noopener\">TMR 2013<\/a><\/strong><\/em>, ITESM-Puebla, Puebla<br \/>\n<em><strong><a href=\"http:\/\/www.femexrobotica.org\/tmr2014\/\" target=\"_blank\" rel=\"noopener\">TMR 2014<\/a><\/strong><\/em>, UNACAR-Ciudad del Carmen, Campeche<br \/>\n<em><strong><a href=\"http:\/\/www.femexrobotica.org\/tmr2015\/\" target=\"_blank\" rel=\"noopener\">TMR 2015<\/a><\/strong><\/em>, Facultad de Estudios Superiores de la UNAM, Acatl\u00e1n, Estado de M\u00e9xico<br \/>\n<em><strong><a href=\"http:\/\/www.femexrobotica.org\/tmr2016\/\" target=\"_blank\" rel=\"noopener\">TMR 2016<\/a><\/strong><\/em>, Polytechnic University of Victoria, Polyforum &quot;Dr. Rodolfo Torre Cant\u00fa &quot;, Cd. Victoria<br \/>\n<em><strong><a href=\"http:\/\/www.femexrobotica.org\/tmr2017\/\" target=\"_blank\" rel=\"noopener\">TMR 2017<\/a><\/strong><\/em>, Colegio Crist\u00f3bal Col\u00f3n, Lomas Verdes, Estado de M\u00e9xico<\/p>\n\n\t\t<\/div>\n\t<\/div>\n<\/div><\/div><\/div><\/div><div class=\"vc_row wpb_row vc_row-fluid\" ><div class=\"wpb_column vc_column_container vc_col-sm-12\"><div class=\"vc_column-inner\"><div class=\"wpb_wrapper\"><div class=\"vc_empty_space\"   style=\"height: 32px\" ><span class=\"vc_empty_space_inner\"><\/span><\/div>\n<div class=\"vc_separator wpb_content_element vc_separator_align_center vc_sep_width_100 vc_sep_shadow vc_sep_pos_align_center vc_separator_no_text vc_sep_color_grey\" ><span class=\"vc_sep_holder vc_sep_holder_l\"><span  class=\"vc_sep_line\"><\/span><\/span><span class=\"vc_sep_holder vc_sep_holder_r\"><span  class=\"vc_sep_line\"><\/span><\/span>\n<\/div><div class=\"vc_empty_space\"   style=\"height: 32px\" ><span class=\"vc_empty_space_inner\"><\/span><\/div>\n<\/div><\/div><\/div><\/div><div class=\"vc_row wpb_row vc_row-fluid\" ><div class=\"wpb_column vc_column_container vc_col-sm-12\"><div class=\"vc_column-inner\"><div class=\"wpb_wrapper\">\n\t<div class=\"wpb_text_column wpb_content_element\" >\n\t\t<div class=\"wpb_wrapper\">\n\t\t\t<p>In this 2018 issue, the <em><strong>Tecnol\u00f3gico de Monterrey campus Monterrey<\/strong><\/em> Y <em><strong>ProRob\u00f3tica Foundation of Nuevo Le\u00f3n<\/strong><\/em> they will be responsible for receiving the participants at TMR 2018 - Monterrey.<\/p>\n<p>As usual, the TMR consists of the categories LARC Standard Educational Kit (SEK), LARC Open Challenge, Beach Cleaners, RoboCup Junior OnStage (formerly Dance), RoboCup Junior Soccer, RoboCup Junior Rescue, RoboCup Humanoid KidSize, Robocup Standard Platform League, Robocup @Home and RoboCup Major Rescue. Some of these categories correspond to compulsory national qualifiers to attend the Latin American Robotics Competition and the RoboCup World Cup.<\/p>\n<p>During the three days of the tournament participants have the opportunity to test their robotic designs applying their knowledge and skills to make decisions and solve theoretical-practical problems of the competition. At the same time they can meet other students from the country and exchange ideas and experiences. Thus, the TMR promotes the integral training of the participants and the creation of future collaborative networks in robotics and related disciplines.<\/p>\n<p>The participation of students of all educational levels (from primary to postgraduate and consolidated research groups) increases year by year. This constant success is possible thanks to the growing interest of the country&#039;s student community in robotics issues. Another important role is the accumulated experience of the FMR in the organization of multiple regional, national and international events such as the IEEE Latin American Robotics Competition 2004, the RoboCup World Cup 2012, the Beach and Sea Robot Competition in 2014 and the Winter Schools of Robotics In addition, the decisive commitment of each of the host institutions with the organization of this event and with the education of the country is fundamental.<\/p>\n\n\t\t<\/div>\n\t<\/div>\n<div class=\"vc_empty_space\"   style=\"height: 70px\" ><span class=\"vc_empty_space_inner\"><\/span><\/div>\n<\/div><\/div><\/div><\/div><div class=\"vc_row wpb_row vc_row-fluid\" ><div class=\"wpb_column vc_column_container vc_col-sm-12\"><div class=\"vc_column-inner\"><div class=\"wpb_wrapper\"><div class=\"vc_separator wpb_content_element vc_separator_align_center vc_sep_width_100 vc_sep_shadow vc_sep_pos_align_center vc_separator_no_text vc_sep_color_grey\" ><span class=\"vc_sep_holder vc_sep_holder_l\"><span  class=\"vc_sep_line\"><\/span><\/span><span class=\"vc_sep_holder vc_sep_holder_r\"><span  class=\"vc_sep_line\"><\/span><\/span>\n<\/div><\/div><\/div><\/div><\/div><div class=\"vc_row wpb_row vc_row-fluid\" ><div class=\"wpb_column vc_column_container vc_col-sm-12\"><div class=\"vc_column-inner\"><div class=\"wpb_wrapper\"><div class=\"vc_separator wpb_content_element vc_separator_align_center vc_sep_width_100 vc_sep_shadow vc_sep_pos_align_center vc_separator_no_text vc_sep_color_grey\" ><span class=\"vc_sep_holder vc_sep_holder_l\"><span  class=\"vc_sep_line\"><\/span><\/span><span class=\"vc_sep_holder vc_sep_holder_r\"><span  class=\"vc_sep_line\"><\/span><\/span>\n<\/div><\/div><\/div><\/div><\/div>","protected":false},"excerpt":{"rendered":"TORNEO MEXICANO DE ROB\u00d3TICA El Torneo Mexicano de Rob\u00f3tica (TMR) es\u00a0organizado anualmente por la\u00a0Federaci\u00f3n Mexicana de Rob\u00f3tica A.C.\u00a0(FMR) desde el a\u00f1o 2008 en colaboraci\u00f3n con algunas de las m\u00e1s importantes instituciones educativas del pa\u00eds. Estas son las instituciones que han [...]","protected":false},"author":7,"featured_media":0,"parent":0,"menu_order":0,"comment_status":"closed","ping_status":"closed","template":"","meta":{"footnotes":""},"class_list":["post-259","page","type-page","status-publish","hentry"],"yoast_head":"<!-- This site is optimized with the Yoast SEO plugin v27.5 - https:\/\/yoast.com\/product\/yoast-seo-wordpress\/ -->\n<title>ACERCA_DE - TMR2018<\/title>\n<meta name=\"robots\" content=\"noindex, follow, max-snippet:-1, max-image-preview:large, max-video-preview:-1\" \/>\n<meta property=\"og:locale\" content=\"en_US\" \/>\n<meta property=\"og:type\" content=\"article\" \/>\n<meta property=\"og:title\" content=\"ACERCA_DE - TMR2018\" \/>\n<meta property=\"og:url\" content=\"https:\/\/www.femexrobotica.org\/tmr2018\/en\/acerca_de\/\" \/>\n<meta property=\"og:site_name\" content=\"TMR2018\" \/>\n<meta property=\"article:modified_time\" content=\"2018-02-24T21:05:12+00:00\" \/>\n<meta name=\"twitter:card\" content=\"summary_large_image\" \/>\n<meta name=\"twitter:label1\" content=\"Est. reading time\" \/>\n\t<meta name=\"twitter:data1\" content=\"3 minutes\" \/>\n<script type=\"application\/ld+json\" class=\"yoast-schema-graph\">{\"@context\":\"https:\\\/\\\/schema.org\",\"@graph\":[{\"@type\":\"WebPage\",\"@id\":\"https:\\\/\\\/www.femexrobotica.org\\\/tmr2018\\\/acerca_de\\\/\",\"url\":\"https:\\\/\\\/www.femexrobotica.org\\\/tmr2018\\\/acerca_de\\\/\",\"name\":\"ACERCA_DE - TMR2018\",\"isPartOf\":{\"@id\":\"https:\\\/\\\/www.femexrobotica.org\\\/tmr2018\\\/en\\\/#website\"},\"datePublished\":\"2018-01-27T22:54:19+00:00\",\"dateModified\":\"2018-02-24T21:05:12+00:00\",\"breadcrumb\":{\"@id\":\"https:\\\/\\\/www.femexrobotica.org\\\/tmr2018\\\/acerca_de\\\/#breadcrumb\"},\"inLanguage\":\"en-US\",\"potentialAction\":[{\"@type\":\"ReadAction\",\"target\":[\"https:\\\/\\\/www.femexrobotica.org\\\/tmr2018\\\/acerca_de\\\/\"]}]},{\"@type\":\"BreadcrumbList\",\"@id\":\"https:\\\/\\\/www.femexrobotica.org\\\/tmr2018\\\/acerca_de\\\/#breadcrumb\",\"itemListElement\":[{\"@type\":\"ListItem\",\"position\":1,\"name\":\"Inicio\",\"item\":\"https:\\\/\\\/www.femexrobotica.org\\\/tmr2018\\\/en\\\/\"},{\"@type\":\"ListItem\",\"position\":2,\"name\":\"ACERCA_DE\"}]},{\"@type\":\"WebSite\",\"@id\":\"https:\\\/\\\/www.femexrobotica.org\\\/tmr2018\\\/en\\\/#website\",\"url\":\"https:\\\/\\\/www.femexrobotica.org\\\/tmr2018\\\/en\\\/\",\"name\":\"TMR2018\",\"description\":\"Torneo Mexicano de Rob\u00f3tica 2018\",\"publisher\":{\"@id\":\"https:\\\/\\\/www.femexrobotica.org\\\/tmr2018\\\/en\\\/#organization\"},\"potentialAction\":[{\"@type\":\"SearchAction\",\"target\":{\"@type\":\"EntryPoint\",\"urlTemplate\":\"https:\\\/\\\/www.femexrobotica.org\\\/tmr2018\\\/en\\\/?s={search_term_string}\"},\"query-input\":{\"@type\":\"PropertyValueSpecification\",\"valueRequired\":true,\"valueName\":\"search_term_string\"}}],\"inLanguage\":\"en-US\"},{\"@type\":\"Organization\",\"@id\":\"https:\\\/\\\/www.femexrobotica.org\\\/tmr2018\\\/en\\\/#organization\",\"name\":\"Torneo Mexicano De Rob\u00f3tica\",\"url\":\"https:\\\/\\\/www.femexrobotica.org\\\/tmr2018\\\/en\\\/\",\"logo\":{\"@type\":\"ImageObject\",\"inLanguage\":\"en-US\",\"@id\":\"https:\\\/\\\/www.femexrobotica.org\\\/tmr2018\\\/en\\\/#\\\/schema\\\/logo\\\/image\\\/\",\"url\":\"https:\\\/\\\/www.femexrobotica.org\\\/tmr2018\\\/wp-content\\\/uploads\\\/2018\\\/02\\\/slide-androide.jpg\",\"contentUrl\":\"https:\\\/\\\/www.femexrobotica.org\\\/tmr2018\\\/wp-content\\\/uploads\\\/2018\\\/02\\\/slide-androide.jpg\",\"width\":1920,\"height\":1100,\"caption\":\"Torneo Mexicano De Rob\u00f3tica\"},\"image\":{\"@id\":\"https:\\\/\\\/www.femexrobotica.org\\\/tmr2018\\\/en\\\/#\\\/schema\\\/logo\\\/image\\\/\"}}]}<\/script>\n<!-- \/ Yoast SEO plugin. -->","yoast_head_json":{"title":"ACERCA_DE - TMR2018","robots":{"index":"noindex","follow":"follow","max-snippet":"max-snippet:-1","max-image-preview":"max-image-preview:large","max-video-preview":"max-video-preview:-1"},"og_locale":"en_US","og_type":"article","og_title":"ACERCA_DE - TMR2018","og_url":"https:\/\/www.femexrobotica.org\/tmr2018\/en\/acerca_de\/","og_site_name":"TMR2018","article_modified_time":"2018-02-24T21:05:12+00:00","twitter_card":"summary_large_image","twitter_misc":{"Est. reading time":"3 minutes"},"schema":{"@context":"https:\/\/schema.org","@graph":[{"@type":"WebPage","@id":"https:\/\/www.femexrobotica.org\/tmr2018\/acerca_de\/","url":"https:\/\/www.femexrobotica.org\/tmr2018\/acerca_de\/","name":"ACERCA_DE - TMR2018","isPartOf":{"@id":"https:\/\/www.femexrobotica.org\/tmr2018\/en\/#website"},"datePublished":"2018-01-27T22:54:19+00:00","dateModified":"2018-02-24T21:05:12+00:00","breadcrumb":{"@id":"https:\/\/www.femexrobotica.org\/tmr2018\/acerca_de\/#breadcrumb"},"inLanguage":"en-US","potentialAction":[{"@type":"ReadAction","target":["https:\/\/www.femexrobotica.org\/tmr2018\/acerca_de\/"]}]},{"@type":"BreadcrumbList","@id":"https:\/\/www.femexrobotica.org\/tmr2018\/acerca_de\/#breadcrumb","itemListElement":[{"@type":"ListItem","position":1,"name":"Inicio","item":"https:\/\/www.femexrobotica.org\/tmr2018\/en\/"},{"@type":"ListItem","position":2,"name":"ACERCA_DE"}]},{"@type":"WebSite","@id":"https:\/\/www.femexrobotica.org\/tmr2018\/en\/#website","url":"https:\/\/www.femexrobotica.org\/tmr2018\/en\/","name":"TMR2018","description":"Mexican Robotics Tournament 2018","publisher":{"@id":"https:\/\/www.femexrobotica.org\/tmr2018\/en\/#organization"},"potentialAction":[{"@type":"SearchAction","target":{"@type":"EntryPoint","urlTemplate":"https:\/\/www.femexrobotica.org\/tmr2018\/en\/?s={search_term_string}"},"query-input":{"@type":"PropertyValueSpecification","valueRequired":true,"valueName":"search_term_string"}}],"inLanguage":"en-US"},{"@type":"Organization","@id":"https:\/\/www.femexrobotica.org\/tmr2018\/en\/#organization","name":"Torneo Mexicano De Rob\u00f3tica","url":"https:\/\/www.femexrobotica.org\/tmr2018\/en\/","logo":{"@type":"ImageObject","inLanguage":"en-US","@id":"https:\/\/www.femexrobotica.org\/tmr2018\/en\/#\/schema\/logo\/image\/","url":"https:\/\/www.femexrobotica.org\/tmr2018\/wp-content\/uploads\/2018\/02\/slide-androide.jpg","contentUrl":"https:\/\/www.femexrobotica.org\/tmr2018\/wp-content\/uploads\/2018\/02\/slide-androide.jpg","width":1920,"height":1100,"caption":"Torneo Mexicano De Rob\u00f3tica"},"image":{"@id":"https:\/\/www.femexrobotica.org\/tmr2018\/en\/#\/schema\/logo\/image\/"}}]}},"_links":{"self":[{"href":"https:\/\/www.femexrobotica.org\/tmr2018\/en\/wp-json\/wp\/v2\/pages\/259","targetHints":{"allow":["GET"]}}],"collection":[{"href":"https:\/\/www.femexrobotica.org\/tmr2018\/en\/wp-json\/wp\/v2\/pages"}],"about":[{"href":"https:\/\/www.femexrobotica.org\/tmr2018\/en\/wp-json\/wp\/v2\/types\/page"}],"author":[{"embeddable":true,"href":"https:\/\/www.femexrobotica.org\/tmr2018\/en\/wp-json\/wp\/v2\/users\/7"}],"replies":[{"embeddable":true,"href":"https:\/\/www.femexrobotica.org\/tmr2018\/en\/wp-json\/wp\/v2\/comments?post=259"}],"version-history":[{"count":16,"href":"https:\/\/www.femexrobotica.org\/tmr2018\/en\/wp-json\/wp\/v2\/pages\/259\/revisions"}],"predecessor-version":[{"id":873,"href":"https:\/\/www.femexrobotica.org\/tmr2018\/en\/wp-json\/wp\/v2\/pages\/259\/revisions\/873"}],"wp:attachment":[{"href":"https:\/\/www.femexrobotica.org\/tmr2018\/en\/wp-json\/wp\/v2\/media?parent=259"}],"curies":[{"name":"wp","href":"https:\/\/api.w.org\/{rel}","templated":true}]}}