{"id":118,"date":"2018-01-21T16:57:39","date_gmt":"2018-01-21T22:57:39","guid":{"rendered":"https:\/\/www.femexrobotica.org\/tmr2018\/?page_id=118"},"modified":"2018-01-21T20:28:00","modified_gmt":"2018-01-22T02:28:00","slug":"sede","status":"publish","type":"page","link":"https:\/\/www.femexrobotica.org\/tmr2018\/en\/sede\/","title":{"rendered":"LOCATION"},"content":{"rendered":"<div class=\"vc_row wpb_row vc_row-fluid\" ><div class=\"wpb_column vc_column_container vc_col-sm-12\"><div class=\"vc_column-inner\"><div class=\"wpb_wrapper\"><div class=\"mkdf-section-title-holder\" style=\"text-align: center\">\n\t<div class=\"mkdf-st-inner\">\n\t\t\t\t\t<h6 class=\"mkdf-st-tagline\" >\n\t\t\t\tLearn all about the headquarters of the Tenth TMR \t\t\t<\/h6>\n\t\t\t\t\t\t\t<h2 class=\"mkdf-st-title\" >\n\t\t\t\tin Monterrey Nuevo Le\u00f3n Mexico\t\t\t\t<span class=\"mkdf-st-title-mark\" ><\/span>\n\t\t\t<\/h2>\n\t\t\t\t\t\t\t\t\t<\/div>\n<\/div><\/div><\/div><\/div><\/div><div class=\"vc_row wpb_row vc_row-fluid\" ><div class=\"wpb_column vc_column_container vc_col-sm-12\"><div class=\"vc_column-inner\"><div class=\"wpb_wrapper\"><!-- vc_grid start -->\n<div class=\"vc_grid-container-wrapper vc_clearfix\" >\n\t<div class=\"vc_grid-container vc_clearfix wpb_content_element vc_masonry_media_grid\" data-initial-loading-animation=\"zoomIn\" data-vc-grid-settings=\"{&quot;page_id&quot;:118,&quot;style&quot;:&quot;load-more-masonry&quot;,&quot;action&quot;:&quot;vc_get_vc_grid_data&quot;,&quot;shortcode_id&quot;:&quot;{\\&quot;failed_to_get_id\\&quot;:\\&quot;vc_gid:1516513140519-e992878e-27ed-9\\&quot;}&quot;,&quot;items_per_page&quot;:&quot;3&quot;,&quot;btn_data&quot;:{&quot;title&quot;:&quot;Leer m\\u00e1s&quot;,&quot;style&quot;:&quot;3d&quot;,&quot;gradient_color_1&quot;:&quot;3d&quot;,&quot;gradient_color_2&quot;:&quot;3d&quot;,&quot;gradient_custom_color_1&quot;:&quot;3d&quot;,&quot;gradient_custom_color_2&quot;:&quot;3d&quot;,&quot;gradient_text_color&quot;:&quot;3d&quot;,&quot;custom_background&quot;:&quot;#ededed&quot;,&quot;custom_text&quot;:&quot;#666&quot;,&quot;outline_custom_color&quot;:&quot;#666&quot;,&quot;outline_custom_hover_background&quot;:&quot;#666&quot;,&quot;outline_custom_hover_text&quot;:&quot;#fff&quot;,&quot;shape&quot;:&quot;rounded&quot;,&quot;color&quot;:&quot;blue&quot;,&quot;size&quot;:&quot;md&quot;,&quot;align&quot;:&quot;inline&quot;,&quot;button_block&quot;:&quot;&quot;,&quot;add_icon&quot;:&quot;true&quot;,&quot;i_align&quot;:&quot;left&quot;,&quot;i_type&quot;:&quot;fontawesome&quot;,&quot;i_icon_fontawesome&quot;:&quot;fa fa-adjust&quot;,&quot;i_icon_openiconic&quot;:&quot;vc-oi vc-oi-dial&quot;,&quot;i_icon_typicons&quot;:&quot;typcn typcn-adjust-brightness&quot;,&quot;i_icon_entypo&quot;:&quot;entypo-icon entypo-icon-note&quot;,&quot;i_icon_linecons&quot;:&quot;vc_li vc_li-heart&quot;,&quot;i_icon_monosocial&quot;:&quot;vc_li vc_li-heart&quot;,&quot;i_icon_material&quot;:&quot;vc_li vc_li-heart&quot;,&quot;i_icon_pixelicons&quot;:&quot;vc_pixel_icon vc_pixel_icon-alert&quot;,&quot;el_id&quot;:&quot;&quot;,&quot;custom_onclick&quot;:&quot;&quot;,&quot;custom_onclick_code&quot;:&quot;&quot;},&quot;tag&quot;:&quot;vc_masonry_media_grid&quot;}\" data-vc-request=\"https:\/\/www.femexrobotica.org\/tmr2018\/wp-admin\/admin-ajax.php\" data-vc-post-id=\"118\" data-vc-public-nonce=\"0ddf1f2d87\">\n\t<\/div>\n<\/div><!-- vc_grid end -->\n<\/div><\/div><\/div><\/div>","protected":false},"excerpt":{"rendered":"Conoce todo sobre la sede del D\u00e9cimo TMR en Monterrey Nuevo Le\u00f3n M\u00e9xico","protected":false},"author":7,"featured_media":0,"parent":0,"menu_order":0,"comment_status":"closed","ping_status":"closed","template":"full-width.php","meta":{"footnotes":""},"class_list":["post-118","page","type-page","status-publish","hentry"],"yoast_head":"<!-- This site is optimized with the Yoast SEO plugin v27.5 - https:\/\/yoast.com\/product\/yoast-seo-wordpress\/ -->\n<title>SEDE - TMR2018<\/title>\n<meta name=\"robots\" content=\"noindex, follow, max-snippet:-1, max-image-preview:large, max-video-preview:-1\" \/>\n<meta property=\"og:locale\" content=\"en_US\" \/>\n<meta property=\"og:type\" content=\"article\" \/>\n<meta property=\"og:title\" content=\"SEDE - TMR2018\" \/>\n<meta property=\"og:url\" content=\"https:\/\/www.femexrobotica.org\/tmr2018\/en\/sede\/\" \/>\n<meta property=\"og:site_name\" content=\"TMR2018\" \/>\n<meta property=\"article:modified_time\" content=\"2018-01-22T02:28:00+00:00\" \/>\n<meta name=\"twitter:card\" content=\"summary_large_image\" \/>\n<script type=\"application\/ld+json\" class=\"yoast-schema-graph\">{\"@context\":\"https:\\\/\\\/schema.org\",\"@graph\":[{\"@type\":\"WebPage\",\"@id\":\"https:\\\/\\\/www.femexrobotica.org\\\/tmr2018\\\/sede\\\/\",\"url\":\"https:\\\/\\\/www.femexrobotica.org\\\/tmr2018\\\/sede\\\/\",\"name\":\"SEDE - TMR2018\",\"isPartOf\":{\"@id\":\"https:\\\/\\\/www.femexrobotica.org\\\/tmr2018\\\/en\\\/#website\"},\"datePublished\":\"2018-01-21T22:57:39+00:00\",\"dateModified\":\"2018-01-22T02:28:00+00:00\",\"breadcrumb\":{\"@id\":\"https:\\\/\\\/www.femexrobotica.org\\\/tmr2018\\\/sede\\\/#breadcrumb\"},\"inLanguage\":\"en-US\",\"potentialAction\":[{\"@type\":\"ReadAction\",\"target\":[\"https:\\\/\\\/www.femexrobotica.org\\\/tmr2018\\\/sede\\\/\"]}]},{\"@type\":\"BreadcrumbList\",\"@id\":\"https:\\\/\\\/www.femexrobotica.org\\\/tmr2018\\\/sede\\\/#breadcrumb\",\"itemListElement\":[{\"@type\":\"ListItem\",\"position\":1,\"name\":\"Inicio\",\"item\":\"https:\\\/\\\/www.femexrobotica.org\\\/tmr2018\\\/en\\\/\"},{\"@type\":\"ListItem\",\"position\":2,\"name\":\"SEDE\"}]},{\"@type\":\"WebSite\",\"@id\":\"https:\\\/\\\/www.femexrobotica.org\\\/tmr2018\\\/en\\\/#website\",\"url\":\"https:\\\/\\\/www.femexrobotica.org\\\/tmr2018\\\/en\\\/\",\"name\":\"TMR2018\",\"description\":\"Torneo Mexicano de Rob\u00f3tica 2018\",\"publisher\":{\"@id\":\"https:\\\/\\\/www.femexrobotica.org\\\/tmr2018\\\/en\\\/#organization\"},\"potentialAction\":[{\"@type\":\"SearchAction\",\"target\":{\"@type\":\"EntryPoint\",\"urlTemplate\":\"https:\\\/\\\/www.femexrobotica.org\\\/tmr2018\\\/en\\\/?s={search_term_string}\"},\"query-input\":{\"@type\":\"PropertyValueSpecification\",\"valueRequired\":true,\"valueName\":\"search_term_string\"}}],\"inLanguage\":\"en-US\"},{\"@type\":\"Organization\",\"@id\":\"https:\\\/\\\/www.femexrobotica.org\\\/tmr2018\\\/en\\\/#organization\",\"name\":\"Torneo Mexicano De Rob\u00f3tica\",\"url\":\"https:\\\/\\\/www.femexrobotica.org\\\/tmr2018\\\/en\\\/\",\"logo\":{\"@type\":\"ImageObject\",\"inLanguage\":\"en-US\",\"@id\":\"https:\\\/\\\/www.femexrobotica.org\\\/tmr2018\\\/en\\\/#\\\/schema\\\/logo\\\/image\\\/\",\"url\":\"https:\\\/\\\/www.femexrobotica.org\\\/tmr2018\\\/wp-content\\\/uploads\\\/2018\\\/02\\\/slide-androide.jpg\",\"contentUrl\":\"https:\\\/\\\/www.femexrobotica.org\\\/tmr2018\\\/wp-content\\\/uploads\\\/2018\\\/02\\\/slide-androide.jpg\",\"width\":1920,\"height\":1100,\"caption\":\"Torneo Mexicano De Rob\u00f3tica\"},\"image\":{\"@id\":\"https:\\\/\\\/www.femexrobotica.org\\\/tmr2018\\\/en\\\/#\\\/schema\\\/logo\\\/image\\\/\"}}]}<\/script>\n<!-- \/ Yoast SEO plugin. -->","yoast_head_json":{"title":"SEDE - TMR2018","robots":{"index":"noindex","follow":"follow","max-snippet":"max-snippet:-1","max-image-preview":"max-image-preview:large","max-video-preview":"max-video-preview:-1"},"og_locale":"en_US","og_type":"article","og_title":"SEDE - TMR2018","og_url":"https:\/\/www.femexrobotica.org\/tmr2018\/en\/sede\/","og_site_name":"TMR2018","article_modified_time":"2018-01-22T02:28:00+00:00","twitter_card":"summary_large_image","schema":{"@context":"https:\/\/schema.org","@graph":[{"@type":"WebPage","@id":"https:\/\/www.femexrobotica.org\/tmr2018\/sede\/","url":"https:\/\/www.femexrobotica.org\/tmr2018\/sede\/","name":"SEDE - TMR2018","isPartOf":{"@id":"https:\/\/www.femexrobotica.org\/tmr2018\/en\/#website"},"datePublished":"2018-01-21T22:57:39+00:00","dateModified":"2018-01-22T02:28:00+00:00","breadcrumb":{"@id":"https:\/\/www.femexrobotica.org\/tmr2018\/sede\/#breadcrumb"},"inLanguage":"en-US","potentialAction":[{"@type":"ReadAction","target":["https:\/\/www.femexrobotica.org\/tmr2018\/sede\/"]}]},{"@type":"BreadcrumbList","@id":"https:\/\/www.femexrobotica.org\/tmr2018\/sede\/#breadcrumb","itemListElement":[{"@type":"ListItem","position":1,"name":"Inicio","item":"https:\/\/www.femexrobotica.org\/tmr2018\/en\/"},{"@type":"ListItem","position":2,"name":"SEDE"}]},{"@type":"WebSite","@id":"https:\/\/www.femexrobotica.org\/tmr2018\/en\/#website","url":"https:\/\/www.femexrobotica.org\/tmr2018\/en\/","name":"TMR2018","description":"Mexican Robotics Tournament 2018","publisher":{"@id":"https:\/\/www.femexrobotica.org\/tmr2018\/en\/#organization"},"potentialAction":[{"@type":"SearchAction","target":{"@type":"EntryPoint","urlTemplate":"https:\/\/www.femexrobotica.org\/tmr2018\/en\/?s={search_term_string}"},"query-input":{"@type":"PropertyValueSpecification","valueRequired":true,"valueName":"search_term_string"}}],"inLanguage":"en-US"},{"@type":"Organization","@id":"https:\/\/www.femexrobotica.org\/tmr2018\/en\/#organization","name":"Torneo Mexicano De Rob\u00f3tica","url":"https:\/\/www.femexrobotica.org\/tmr2018\/en\/","logo":{"@type":"ImageObject","inLanguage":"en-US","@id":"https:\/\/www.femexrobotica.org\/tmr2018\/en\/#\/schema\/logo\/image\/","url":"https:\/\/www.femexrobotica.org\/tmr2018\/wp-content\/uploads\/2018\/02\/slide-androide.jpg","contentUrl":"https:\/\/www.femexrobotica.org\/tmr2018\/wp-content\/uploads\/2018\/02\/slide-androide.jpg","width":1920,"height":1100,"caption":"Torneo Mexicano De Rob\u00f3tica"},"image":{"@id":"https:\/\/www.femexrobotica.org\/tmr2018\/en\/#\/schema\/logo\/image\/"}}]}},"_links":{"self":[{"href":"https:\/\/www.femexrobotica.org\/tmr2018\/en\/wp-json\/wp\/v2\/pages\/118","targetHints":{"allow":["GET"]}}],"collection":[{"href":"https:\/\/www.femexrobotica.org\/tmr2018\/en\/wp-json\/wp\/v2\/pages"}],"about":[{"href":"https:\/\/www.femexrobotica.org\/tmr2018\/en\/wp-json\/wp\/v2\/types\/page"}],"author":[{"embeddable":true,"href":"https:\/\/www.femexrobotica.org\/tmr2018\/en\/wp-json\/wp\/v2\/users\/7"}],"replies":[{"embeddable":true,"href":"https:\/\/www.femexrobotica.org\/tmr2018\/en\/wp-json\/wp\/v2\/comments?post=118"}],"version-history":[{"count":2,"href":"https:\/\/www.femexrobotica.org\/tmr2018\/en\/wp-json\/wp\/v2\/pages\/118\/revisions"}],"predecessor-version":[{"id":184,"href":"https:\/\/www.femexrobotica.org\/tmr2018\/en\/wp-json\/wp\/v2\/pages\/118\/revisions\/184"}],"wp:attachment":[{"href":"https:\/\/www.femexrobotica.org\/tmr2018\/en\/wp-json\/wp\/v2\/media?parent=118"}],"curies":[{"name":"wp","href":"https:\/\/api.w.org\/{rel}","templated":true}]}}