{"id":968,"date":"2017-03-12T03:38:16","date_gmt":"2017-03-12T09:38:16","guid":{"rendered":"https:\/\/www.femexrobotica.org\/tmr2017\/?page_id=968"},"modified":"2017-03-16T05:02:27","modified_gmt":"2017-03-16T11:02:27","slug":"prensa","status":"publish","type":"page","link":"https:\/\/www.femexrobotica.org\/tmr2017\/prensa\/","title":{"rendered":"Prensa"},"content":{"rendered":"<h2>Acreditaciones de prensa<\/h2>\n<p>Para acreditaciones de prensa favor de contactar a la <em>Oficina de Prensa de la Federaci\u00f3n Mexicana de Rob\u00f3tica<\/em>: <a href=\"mailto:prensa@femexrobotica.org\">prensa@femexrobotica.org<\/a>.<\/p>\n<p>Es importante tener en cuenta que el jueves 30 de marzo es el d\u00eda de registro y pruebas.<\/p>\n<p>Los dos d\u00edas con mayor acci\u00f3n ser\u00e1n el viernes 31 de marzo (eliminatorias) y s\u00e1bado 1o de abril (finales).<\/p>\n<p>Se recomienda consultar el <a href=\"\/tmr2017\/visitantes\/\">calendario de visitantes<\/a>, que indica los horarios en que habr\u00e1 actividades de competencia.<\/p>\n<h2>Selecci\u00f3n de notas de prensa<\/h2>\n<table>\n<tbody>\n<tr>\n<td><a href=\"http:\/\/www.20minutos.com.mx\/noticia\/195929\/0\/torneo-mexicano-de-robotica-el-30-de-marzo-en-la-ciudad-de-mexico\/\" target=\"_blank\"><img loading=\"lazy\" src=\"https:\/\/www.femexrobotica.org\/tmr2017\/wp-content\/uploads\/20_minutos.png\" alt=\"\" width=\"90\" height=\"90\" \/><\/a><\/td>\n<td><strong>20 minutos:\u00a0<\/strong>Torneo Mexicano de Rob\u00f3tica, el 30 de marzo en la Ciudad de M\u00e9xico <span style=\"color: #999999;\">(2017-03-08)<\/span><\/td>\n<\/tr>\n<tr>\n<td><a href=\"https:\/\/soundcloud.com\/notimex_informativo\/torneo-mexicano-de-robotica-el-30-de-marzo-en-la-ciudad-de-mexico\" target=\"_blank\"><img loading=\"lazy\" class=\"alignleft wp-image-972\" src=\"https:\/\/www.femexrobotica.org\/tmr2017\/wp-content\/uploads\/notimex.png\" alt=\"\" width=\"90\" height=\"90\" srcset=\"https:\/\/www.femexrobotica.org\/tmr2017\/wp-content\/uploads\/notimex.png 360w, https:\/\/www.femexrobotica.org\/tmr2017\/wp-content\/uploads\/notimex-150x150.png 150w, https:\/\/www.femexrobotica.org\/tmr2017\/wp-content\/uploads\/notimex-300x300.png 300w\" sizes=\"(max-width: 90px) 100vw, 90px\" \/><\/a><\/td>\n<td><strong>Notimex:<\/strong>\u00a0<span data-sheets-value=\"{&quot;1&quot;:2,&quot;2&quot;:&quot;Torneo Mexicano de Rob\\u00f3tica, el 30 de marzo en la Ciudad de M\\u00e9xico&quot;}\" data-sheets-userformat=\"{&quot;2&quot;:769,&quot;3&quot;:{&quot;1&quot;:0},&quot;11&quot;:4,&quot;12&quot;:0}\">Torneo Mexicano de Rob\u00f3tica, el 30 de marzo en la Ciudad de M\u00e9xico (audio) <span style=\"color: #999999;\">(2017-03-08)<\/span><\/span><\/td>\n<\/tr>\n<tr>\n<td><a href=\"http:\/\/www.jornada.unam.mx\/ultimas\/2017\/03\/08\/por-falta-de-inversion-mexico-no-es-generador-de-tecnologia-1\" target=\"_blank\"><img loading=\"lazy\" class=\"alignleft wp-image-1031\" src=\"https:\/\/www.femexrobotica.org\/tmr2017\/wp-content\/uploads\/la_jornada.png\" alt=\"\" width=\"90\" height=\"90\" srcset=\"https:\/\/www.femexrobotica.org\/tmr2017\/wp-content\/uploads\/la_jornada.png 360w, https:\/\/www.femexrobotica.org\/tmr2017\/wp-content\/uploads\/la_jornada-150x150.png 150w, https:\/\/www.femexrobotica.org\/tmr2017\/wp-content\/uploads\/la_jornada-300x300.png 300w\" sizes=\"(max-width: 90px) 100vw, 90px\" \/><\/a><\/td>\n<td><strong>La Jornada:<\/strong>\u00a0<span data-sheets-value=\"{&quot;1&quot;:2,&quot;2&quot;:&quot;Por falta de inversi\\u00f3n, M\\u00e9xico no es generador de tecnolog\\u00eda: expertos&quot;}\" data-sheets-userformat=\"{&quot;2&quot;:769,&quot;3&quot;:{&quot;1&quot;:0},&quot;11&quot;:4,&quot;12&quot;:0}\">Por falta de inversi\u00f3n, M\u00e9xico no es generador de tecnolog\u00eda: expertos <span style=\"color: #999999;\">(2017-03-08)<\/span><\/span><\/td>\n<\/tr>\n<tr>\n<td><a href=\"http:\/\/www.enfoquenoticias.com.mx\/noticias\/cdmx-ser-sede-del-torneo-mexicano-de-rob-tica\" target=\"_blank\"><img loading=\"lazy\" class=\"alignleft wp-image-974\" src=\"https:\/\/www.femexrobotica.org\/tmr2017\/wp-content\/uploads\/enfoque_noticias.png\" alt=\"\" width=\"90\" height=\"90\" srcset=\"https:\/\/www.femexrobotica.org\/tmr2017\/wp-content\/uploads\/enfoque_noticias.png 360w, https:\/\/www.femexrobotica.org\/tmr2017\/wp-content\/uploads\/enfoque_noticias-150x150.png 150w, https:\/\/www.femexrobotica.org\/tmr2017\/wp-content\/uploads\/enfoque_noticias-300x300.png 300w\" sizes=\"(max-width: 90px) 100vw, 90px\" \/><\/a><\/td>\n<td><strong>Enfoque Noticias:<\/strong>\u00a0CDMX ser\u00e1 sede del Torneo Mexicano de Rob\u00f3tica <span style=\"color: #999999;\">(2017-03-08)<\/span><\/td>\n<\/tr>\n<tr>\n<td><a href=\"https:\/\/noticias.terra.com\/mundo\/latinoamerica\/convocan-a-torneo-mexicano-de-robotica-para-drones-autonomos,2c76c796037c9d89e132a8317073994f7e3a77t6.html\" target=\"_blank\"><img loading=\"lazy\" class=\"alignleft wp-image-978\" src=\"https:\/\/www.femexrobotica.org\/tmr2017\/wp-content\/uploads\/terra.png\" alt=\"\" width=\"90\" height=\"90\" srcset=\"https:\/\/www.femexrobotica.org\/tmr2017\/wp-content\/uploads\/terra.png 360w, https:\/\/www.femexrobotica.org\/tmr2017\/wp-content\/uploads\/terra-150x150.png 150w, https:\/\/www.femexrobotica.org\/tmr2017\/wp-content\/uploads\/terra-300x300.png 300w\" sizes=\"(max-width: 90px) 100vw, 90px\" \/><\/a><\/td>\n<td><strong>Terra:<\/strong>\u00a0Convocan a Torneo Mexicano de Rob\u00f3tica para drones aut\u00f3nomos <span style=\"color: #999999;\">(2017-03-08)<\/span><\/td>\n<\/tr>\n<tr>\n<td><a href=\"http:\/\/digitallpost.mx\/universidades\/en-la-cdmx-torneo-mexicano-de-robotica\/\" target=\"_blank\"><img loading=\"lazy\" class=\"alignleft wp-image-981\" src=\"https:\/\/www.femexrobotica.org\/tmr2017\/wp-content\/uploads\/digit_all_post.png\" alt=\"\" width=\"90\" height=\"90\" srcset=\"https:\/\/www.femexrobotica.org\/tmr2017\/wp-content\/uploads\/digit_all_post.png 360w, https:\/\/www.femexrobotica.org\/tmr2017\/wp-content\/uploads\/digit_all_post-150x150.png 150w, https:\/\/www.femexrobotica.org\/tmr2017\/wp-content\/uploads\/digit_all_post-300x300.png 300w\" sizes=\"(max-width: 90px) 100vw, 90px\" \/><\/a><\/td>\n<td><strong>Digitallpost:<\/strong>\u00a0En la CDMX, Torneo Mexicano de Rob\u00f3tica <span style=\"color: #999999;\">(2017-03-09)<\/span><\/td>\n<\/tr>\n<tr>\n<td><a href=\"http:\/\/www.cronica.com.mx\/notas\/2017\/1013674.html\" target=\"_blank\"><img loading=\"lazy\" class=\"alignleft wp-image-984\" src=\"https:\/\/www.femexrobotica.org\/tmr2017\/wp-content\/uploads\/la_cronica.png\" alt=\"\" width=\"90\" height=\"90\" srcset=\"https:\/\/www.femexrobotica.org\/tmr2017\/wp-content\/uploads\/la_cronica.png 360w, https:\/\/www.femexrobotica.org\/tmr2017\/wp-content\/uploads\/la_cronica-150x150.png 150w, https:\/\/www.femexrobotica.org\/tmr2017\/wp-content\/uploads\/la_cronica-300x300.png 300w\" sizes=\"(max-width: 90px) 100vw, 90px\" \/><\/a><\/td>\n<td><strong>La Cr\u00f3nica:<\/strong>\u00a0Golem, robot compa\u00f1ero de la vida diaria, estar\u00e1 en Universum <span style=\"color: #999999;\">(2017-03-09)<\/span><\/td>\n<\/tr>\n<tr>\n<td><a href=\"http:\/\/www.elfinanciero.com.mx\/tech\/golem-el-robot-que-sera-tu-asistente-personal.html\" target=\"_blank\"><img loading=\"lazy\" class=\"alignleft wp-image-1025\" src=\"https:\/\/www.femexrobotica.org\/tmr2017\/wp-content\/uploads\/el_financiero.png\" alt=\"\" width=\"90\" height=\"90\" srcset=\"https:\/\/www.femexrobotica.org\/tmr2017\/wp-content\/uploads\/el_financiero.png 360w, https:\/\/www.femexrobotica.org\/tmr2017\/wp-content\/uploads\/el_financiero-150x150.png 150w, https:\/\/www.femexrobotica.org\/tmr2017\/wp-content\/uploads\/el_financiero-300x300.png 300w\" sizes=\"(max-width: 90px) 100vw, 90px\" \/><\/a><\/td>\n<td><strong>El Financiero:<\/strong>\u00a0Golem, el robot que ser\u00e1 tu asistente personal <span style=\"color: #999999;\">(2017-03-09)<\/span><\/td>\n<\/tr>\n<tr>\n<td><a href=\"http:\/\/www.excelsior.com.mx\/tv\/noticias\/7H19fiQQNwU\" target=\"_blank\"><img loading=\"lazy\" class=\"alignleft wp-image-1029\" src=\"https:\/\/www.femexrobotica.org\/tmr2017\/wp-content\/uploads\/excelsior_tv.png\" alt=\"\" width=\"90\" height=\"90\" srcset=\"https:\/\/www.femexrobotica.org\/tmr2017\/wp-content\/uploads\/excelsior_tv.png 360w, https:\/\/www.femexrobotica.org\/tmr2017\/wp-content\/uploads\/excelsior_tv-150x150.png 150w, https:\/\/www.femexrobotica.org\/tmr2017\/wp-content\/uploads\/excelsior_tv-300x300.png 300w\" sizes=\"(max-width: 90px) 100vw, 90px\" \/><\/a><\/td>\n<td><strong>Exc\u00e9lsior TV:<\/strong>\u00a0Impulso a la tecnolog\u00eda en el Torneo Mexicano de Rob\u00f3tica 2017 <span style=\"color: #999999;\">(2017-03-10)<\/span><\/td>\n<\/tr>\n<tr>\n<td><a href=\"http:\/\/www.enfoquenoticias.com.mx\/noticias\/torneo-mexicano-de-rob-tica-decidir-pase-la-copa-mundial-en-jap-n\" target=\"_blank\"><img loading=\"lazy\" class=\"alignleft wp-image-974\" src=\"https:\/\/www.femexrobotica.org\/tmr2017\/wp-content\/uploads\/enfoque_noticias.png\" alt=\"\" width=\"90\" height=\"90\" srcset=\"https:\/\/www.femexrobotica.org\/tmr2017\/wp-content\/uploads\/enfoque_noticias.png 360w, https:\/\/www.femexrobotica.org\/tmr2017\/wp-content\/uploads\/enfoque_noticias-150x150.png 150w, https:\/\/www.femexrobotica.org\/tmr2017\/wp-content\/uploads\/enfoque_noticias-300x300.png 300w\" sizes=\"(max-width: 90px) 100vw, 90px\" \/><\/a><\/td>\n<td><strong>Enfoque Noticias:<\/strong>\u00a0Torneo Mexicano de Rob\u00f3tica decidir\u00e1 pase a la Copa Mundial en Jap\u00f3n <span style=\"color: #999999;\">(2017-03-10)<\/span><\/td>\n<\/tr>\n<tr>\n<td><a href=\"http:\/\/www.excelsior.com.mx\/nacional\/2017\/03\/10\/1151225\" target=\"_blank\"><img loading=\"lazy\" class=\"alignleft wp-image-1033\" src=\"https:\/\/www.femexrobotica.org\/tmr2017\/wp-content\/uploads\/excelsior.png\" alt=\"\" width=\"90\" height=\"90\" srcset=\"https:\/\/www.femexrobotica.org\/tmr2017\/wp-content\/uploads\/excelsior.png 360w, https:\/\/www.femexrobotica.org\/tmr2017\/wp-content\/uploads\/excelsior-150x150.png 150w, https:\/\/www.femexrobotica.org\/tmr2017\/wp-content\/uploads\/excelsior-300x300.png 300w\" sizes=\"(max-width: 90px) 100vw, 90px\" \/><\/a><\/td>\n<td><strong>Exc\u00e9lsior:<\/strong>\u00a0Mexicanos destacan en inteligencia artificial; se alistan para ir a Jap\u00f3n <span style=\"color: #999999;\">(2017-03-10)<\/span><\/td>\n<\/tr>\n<tr>\n<td><a href=\"http:\/\/www.televisajuarez.tv\/noticias\/9-noticias-nacionales\/26120-el-torneo-mexicano-de-robotica-comienza-a-final-de-mes-de-marzo\" target=\"_blank\"><img loading=\"lazy\" class=\"alignleft wp-image-1060\" src=\"https:\/\/www.femexrobotica.org\/tmr2017\/wp-content\/uploads\/televisa.png\" alt=\"\" width=\"90\" height=\"90\" srcset=\"https:\/\/www.femexrobotica.org\/tmr2017\/wp-content\/uploads\/televisa.png 360w, https:\/\/www.femexrobotica.org\/tmr2017\/wp-content\/uploads\/televisa-150x150.png 150w, https:\/\/www.femexrobotica.org\/tmr2017\/wp-content\/uploads\/televisa-300x300.png 300w\" sizes=\"(max-width: 90px) 100vw, 90px\" \/><\/a><\/td>\n<td><strong>Televisa Ju\u00e1rez:<\/strong>\u00a0El Torneo Mexicano de Rob\u00f3tica comienza a final de mes de marzo <span style=\"color: #999999;\">(2017-03-10)<\/span><\/td>\n<\/tr>\n<tr>\n<td><a href=\"http:\/\/www.oncenoticias.tv\/index.php?modulo=interior&amp;nota=12&amp;dt=2017-03-11\" target=\"_blank\"><img loading=\"lazy\" class=\"alignleft wp-image-1116\" src=\"https:\/\/www.femexrobotica.org\/tmr2017\/wp-content\/uploads\/once_tv.png\" alt=\"\" width=\"90\" height=\"90\" srcset=\"https:\/\/www.femexrobotica.org\/tmr2017\/wp-content\/uploads\/once_tv.png 360w, https:\/\/www.femexrobotica.org\/tmr2017\/wp-content\/uploads\/once_tv-150x150.png 150w, https:\/\/www.femexrobotica.org\/tmr2017\/wp-content\/uploads\/once_tv-300x300.png 300w\" sizes=\"(max-width: 90px) 100vw, 90px\" \/><\/a><\/td>\n<td><strong>Once Noticias:<\/strong> Torneo Mexicano de Rob\u00f3tica se realizar\u00e1 el 30 de marzo en la Ciudad de M\u00e9xico\u00a0<span style=\"color: #999999;\">(2017-03-11)<\/span><\/td>\n<\/tr>\n<tr>\n<td><a href=\"http:\/\/www.jornada.unam.mx\/ultimas\/2017\/03\/12\/robot-golem-desplegara-sus-funciones-en-el-universum\" target=\"_blank\"><img loading=\"lazy\" class=\"alignleft wp-image-1031\" src=\"https:\/\/www.femexrobotica.org\/tmr2017\/wp-content\/uploads\/la_jornada.png\" alt=\"\" width=\"90\" height=\"90\" srcset=\"https:\/\/www.femexrobotica.org\/tmr2017\/wp-content\/uploads\/la_jornada.png 360w, https:\/\/www.femexrobotica.org\/tmr2017\/wp-content\/uploads\/la_jornada-150x150.png 150w, https:\/\/www.femexrobotica.org\/tmr2017\/wp-content\/uploads\/la_jornada-300x300.png 300w\" sizes=\"(max-width: 90px) 100vw, 90px\" \/><\/a><\/td>\n<td><strong>La Jornada:<\/strong> Robot Golem mostrar\u00e1 sus funciones en el Universum<span data-sheets-value=\"{&quot;1&quot;:2,&quot;2&quot;:&quot;Por falta de inversi\\u00f3n, M\\u00e9xico no es generador de tecnolog\\u00eda: expertos&quot;}\" data-sheets-userformat=\"{&quot;2&quot;:769,&quot;3&quot;:{&quot;1&quot;:0},&quot;11&quot;:4,&quot;12&quot;:0}\">\u00a0<span style=\"color: #999999;\">(2017-03-12)<\/span><\/span><\/td>\n<\/tr>\n<tr>\n<td><a href=\"http:\/\/www.dineroenimagen.com\/2017-03-12\/84502\" target=\"_blank\"><img loading=\"lazy\" class=\"alignleft wp-image-1059\" src=\"https:\/\/www.femexrobotica.org\/tmr2017\/wp-content\/uploads\/dinero_en_imagen.png\" alt=\"\" width=\"90\" height=\"90\" srcset=\"https:\/\/www.femexrobotica.org\/tmr2017\/wp-content\/uploads\/dinero_en_imagen.png 360w, https:\/\/www.femexrobotica.org\/tmr2017\/wp-content\/uploads\/dinero_en_imagen-150x150.png 150w, https:\/\/www.femexrobotica.org\/tmr2017\/wp-content\/uploads\/dinero_en_imagen-300x300.png 300w\" sizes=\"(max-width: 90px) 100vw, 90px\" \/><\/a><\/td>\n<td><strong>Dinero en Imagen:<\/strong>\u00a0Conoce al robot de Golem, el compa\u00f1ero de la vida diaria estar\u00e1 en Universum <span style=\"color: #999999;\">(2017-03-12)<\/span><\/td>\n<\/tr>\n<tr>\n<td><a href=\"http:\/\/www.huffingtonpost.com.mx\/2017\/03\/13\/universum-recibe-a-golem-el-robot-que-todos-queremos-tener_a_21880567\/\" target=\"_blank\"><img loading=\"lazy\" class=\"alignleft wp-image-1118\" src=\"https:\/\/www.femexrobotica.org\/tmr2017\/wp-content\/uploads\/huffington_post.png\" alt=\"\" width=\"90\" height=\"90\" \/><\/a><\/td>\n<td><strong>Huffington Post:<\/strong>\u00a0<span data-sheets-value=\"{&quot;1&quot;:2,&quot;2&quot;:&quot;Universum recibe a G\\u00f3lem, el robot que todos queremos tener&quot;}\" data-sheets-userformat=\"{&quot;2&quot;:769,&quot;3&quot;:{&quot;1&quot;:0},&quot;11&quot;:4,&quot;12&quot;:0}\">Universum recibe a G\u00f3lem, el robot que todos queremos tener <span style=\"color: #999999;\">(2017-03-12)<\/span><\/span><\/td>\n<\/tr>\n<tr>\n<td><a href=\"http:\/\/www.conacytprensa.mx\/index.php\/sociedad\/politica-cientifica\/14024-novena-edicion-torneo-mexicano-robotica\" target=\"_blank\"><img loading=\"lazy\" class=\"alignleft wp-image-1098\" src=\"https:\/\/www.femexrobotica.org\/tmr2017\/wp-content\/uploads\/conacyt_agencia_informativa.png\" alt=\"\" width=\"90\" height=\"90\" \/><\/a><\/td>\n<td><strong>CONACyT Agencia Informativa:<\/strong>\u00a0Novena edici\u00f3n del Torneo Mexicano de Rob\u00f3tica <span style=\"color: #999999;\">(2017-03-13)<\/span><\/td>\n<\/tr>\n<tr>\n<td><\/td>\n<td><\/td>\n<\/tr>\n<\/tbody>\n<\/table>\n","protected":false},"excerpt":{"rendered":"<p>Acreditaciones de prensa Para acreditaciones de prensa favor de contactar a la Oficina de Prensa de la Federaci\u00f3n Mexicana de Rob\u00f3tica: prensa@femexrobotica.org. Es importante tener en cuenta que el jueves 30 de marzo es el d\u00eda de registro y pruebas. Los dos d\u00edas con mayor acci\u00f3n ser\u00e1n el viernes 31 de marzo (eliminatorias) y s\u00e1bado [&hellip;]<\/p>\n","protected":false},"author":6,"featured_media":0,"parent":0,"menu_order":0,"comment_status":"closed","ping_status":"closed","template":"","meta":[],"_links":{"self":[{"href":"https:\/\/www.femexrobotica.org\/tmr2017\/wp-json\/wp\/v2\/pages\/968"}],"collection":[{"href":"https:\/\/www.femexrobotica.org\/tmr2017\/wp-json\/wp\/v2\/pages"}],"about":[{"href":"https:\/\/www.femexrobotica.org\/tmr2017\/wp-json\/wp\/v2\/types\/page"}],"author":[{"embeddable":true,"href":"https:\/\/www.femexrobotica.org\/tmr2017\/wp-json\/wp\/v2\/users\/6"}],"replies":[{"embeddable":true,"href":"https:\/\/www.femexrobotica.org\/tmr2017\/wp-json\/wp\/v2\/comments?post=968"}],"version-history":[{"count":86,"href":"https:\/\/www.femexrobotica.org\/tmr2017\/wp-json\/wp\/v2\/pages\/968\/revisions"}],"predecessor-version":[{"id":1155,"href":"https:\/\/www.femexrobotica.org\/tmr2017\/wp-json\/wp\/v2\/pages\/968\/revisions\/1155"}],"wp:attachment":[{"href":"https:\/\/www.femexrobotica.org\/tmr2017\/wp-json\/wp\/v2\/media?parent=968"}],"curies":[{"name":"wp","href":"https:\/\/api.w.org\/{rel}","templated":true}]}}