{"id":848,"date":"2017-03-02T02:34:56","date_gmt":"2017-03-02T08:34:56","guid":{"rendered":"https:\/\/www.femexrobotica.org\/tmr2017\/?page_id=848"},"modified":"2017-03-02T10:10:11","modified_gmt":"2017-03-02T16:10:11","slug":"conferencia-magistral","status":"publish","type":"page","link":"https:\/\/www.femexrobotica.org\/tmr2017\/conferencia-magistral\/","title":{"rendered":"Conferencia Magistral"},"content":{"rendered":"<h1>Conferencista Magistral: Dr. Ra\u00fal Rojas<\/h1>\n<h2>Rob\u00f3tica Reactiva<\/h2>\n<p>Se explicar\u00e1n aspectos de la arquitectura de control de los FU-Fighters, un equipo de futbol rob\u00f3tico de la Universidad\u00a0Libre de Berl\u00edn. Los FU Fighters fueron campeones de la competencia\u00a0RoboCup en 2004 y 2005 (small-size) y subcampeones en mid-size en 2005. Lo m\u00e1s importante es la estructura reactiva del software. En lugar de programar largas cadenas de control, se programan reflejos b\u00e1sicos\u00a0que en su interacci\u00f3n producen comportamiento \u201cinteligente\u201d. Se mostrar\u00e1n videos\u00a0de los robots en acci\u00f3n.<\/p>\n<h3>Acerca del ponente<\/h3>\n<p>El <strong>Dr. Ra\u00fal Rojas<\/strong> es profesor de <img loading=\"lazy\" class=\"alignright size-full wp-image-857\" src=\"https:\/\/www.femexrobotica.org\/tmr2017\/wp-content\/uploads\/RaulRojas.jpg\" alt=\"\" width=\"263\" height=\"191\" \/>inteligencia artificial en el Instituto de Ciencia de la Computaci\u00f3n en la\u00a0Freie Universit\u00e4t Berlin, y un destacado especialista en redes neuronales artificiales. Estudi\u00f3 en el Instituto Polit\u00e9cnico Nacional en la Ciudad de M\u00e9xico, donde se especializ\u00f3 en matem\u00e1ticas y f\u00edsica. Se mud\u00f3 a Alemania en 1982 como estudiante doctoral en econom\u00eda. En 1994 fue nombrado profesor en la\u00a0Martin-Luther-Universit\u00e4t Halle-Wittenberg y posteriormente se integr\u00f3 a la\u00a0Freie Universit\u00e4t Berlin. El equipo FU-Fighters, que \u00e9l ayud\u00f3 a construir, fue campe\u00f3n mundial en 2004 y 2005. Desde 2006, el Dr. Rojas ha estado dise\u00f1ando tecnolog\u00edas relacionadas con veh\u00edculos aut\u00f3nomos. Como parte de este proyecto, \u00e9l encabez\u00f3 al equipo que desarroll\u00f3 el veh\u00edculo \u2018Spirit of Berlin\u2019, con el que llegaron a las semifinales del\u00a0DARPA Urban Challenge en California en el a\u00f1o de 2007. Desde noviembre del 2009 ha estado trabajando en impulsar el desarrollo de autos aut\u00f3nomos o semi-aut\u00f3nomos, como supervisor del proyecto\u00a0AutoNOMOS. En su tiempo libre, el Prof. Rojas se entretiene con la econom\u00eda y leyendo peri\u00f3dicos.<\/p>\n<h3>Cu\u00e1ndo y d\u00f3nde<\/h3>\n<p>Escenario principal del Torneo Mexicano de Rob\u00f3tica 2017, jueves 30 de marzo 6pm.<\/p>\n","protected":false},"excerpt":{"rendered":"<p>Conferencista Magistral: Dr. Ra\u00fal Rojas Rob\u00f3tica Reactiva Se explicar\u00e1n aspectos de la arquitectura de control de los FU-Fighters, un equipo de futbol rob\u00f3tico de la Universidad\u00a0Libre de Berl\u00edn. Los FU Fighters fueron campeones de la competencia\u00a0RoboCup en 2004 y 2005 (small-size) y subcampeones en mid-size en 2005. Lo m\u00e1s importante es la estructura reactiva del [&hellip;]<\/p>\n","protected":false},"author":6,"featured_media":0,"parent":0,"menu_order":0,"comment_status":"closed","ping_status":"closed","template":"","meta":[],"_links":{"self":[{"href":"https:\/\/www.femexrobotica.org\/tmr2017\/wp-json\/wp\/v2\/pages\/848"}],"collection":[{"href":"https:\/\/www.femexrobotica.org\/tmr2017\/wp-json\/wp\/v2\/pages"}],"about":[{"href":"https:\/\/www.femexrobotica.org\/tmr2017\/wp-json\/wp\/v2\/types\/page"}],"author":[{"embeddable":true,"href":"https:\/\/www.femexrobotica.org\/tmr2017\/wp-json\/wp\/v2\/users\/6"}],"replies":[{"embeddable":true,"href":"https:\/\/www.femexrobotica.org\/tmr2017\/wp-json\/wp\/v2\/comments?post=848"}],"version-history":[{"count":11,"href":"https:\/\/www.femexrobotica.org\/tmr2017\/wp-json\/wp\/v2\/pages\/848\/revisions"}],"predecessor-version":[{"id":860,"href":"https:\/\/www.femexrobotica.org\/tmr2017\/wp-json\/wp\/v2\/pages\/848\/revisions\/860"}],"wp:attachment":[{"href":"https:\/\/www.femexrobotica.org\/tmr2017\/wp-json\/wp\/v2\/media?parent=848"}],"curies":[{"name":"wp","href":"https:\/\/api.w.org\/{rel}","templated":true}]}}