{"id":79,"date":"2016-11-15T00:47:09","date_gmt":"2016-11-15T06:47:09","guid":{"rendered":"http:\/\/www.femexrobotica.org\/tmr2017\/?page_id=79"},"modified":"2017-04-07T14:42:38","modified_gmt":"2017-04-07T20:42:38","slug":"resultados-major","status":"publish","type":"page","link":"https:\/\/www.femexrobotica.org\/tmr2017\/resultados-major\/","title":{"rendered":"Resultados Major"},"content":{"rendered":"<h2>Resultados Categor\u00edas Major<\/h2>\n<p>&nbsp;<\/p>\n<h3>Latin American Robotics Competition Standard Educational Kits<\/h3>\n<p><strong>Primer lugar:<\/strong> Vaqueros-FIC,\u00a0<em>Universidad Aut\u00f3noma de Tamaulipas &#8211; Facultad de Ingenier\u00eda y Ciencias<\/em><br \/>\n<strong>Segundo lugar:<\/strong>\u00a0ITESIANOS,\u00a0<em>Instituto Tecnol\u00f3gico y de Estudios Superiores de Occidente (ITESO)<\/em><\/p>\n<p>&nbsp;<\/p>\n<h3>Latin American Robotics Competition Open Challenge<\/h3>\n<p><strong>Primer lugar:<\/strong>\u00a0RBL UTCAM OPEN,\u00a0<em>Universidad Tecnol\u00f3gica de Campeche<\/em><br \/>\n<strong>Segundo lugar:<\/strong>\u00a0Mecatr\u00f3n_Laredo (open),\u00a0<em>Tecnol\u00f3gico Nacional de M\u00e9xico &#8211; Instituto Tecnol\u00f3gico de Nuevo Laredo<\/em><\/p>\n<p>&nbsp;<\/p>\n<h3>Robots Limpiadores de Playa Independiente<\/h3>\n<p><strong>Primer lugar:<\/strong>\u00a0Cleantech,\u00a0<em>Tecnol\u00f3gico Nacional de M\u00e9xico &#8211; Instituto Tecnol\u00f3gico Superior de Huatusco<\/em><br \/>\n<strong>Segundo lugar:<\/strong>\u00a0Android,\u00a0<em>Tecnol\u00f3gico Nacional de M\u00e9xico &#8211; Instituto Tecnol\u00f3gico Superior de Huatusco<\/em><br \/>\n<strong>Prototipo Original m\u00e1s Ingenioso:<\/strong>\u00a0Los Arenosos,\u00a0<em>Secretar\u00eda de Educaci\u00f3n de Nuevo Le\u00f3n<\/em><\/p>\n<p>&nbsp;<\/p>\n<h3>Robots Limpiadores de Playa Colaborativo<\/h3>\n<p><strong>Primer lugar:<\/strong>\u00a0RBL UTCAM PL,\u00a0<em>Universidad Tecnol\u00f3gica de Campeche<\/em><br \/>\n<strong>Prototipo Original m\u00e1s Ingenioso:<\/strong>\u00a0Galacticos UNACAR,\u00a0<em>Universidad Aut\u00f3noma del Carmen<\/em><\/p>\n<p>&nbsp;<\/p>\n<h3>Drones Aut\u00f3nomos<\/h3>\n<p><strong>Primer lugar avanzados:<\/strong>\u00a0QuetzalC++,\u00a0<em>Instituto Nacional de Astrof\u00edsica, \u00d3ptica y Electr\u00f3nica (INAOE) &#8211; Coordinaci\u00f3n de Ciencias Computacionales<\/em><br \/>\n<strong>Primer lugar principiantes:<\/strong>\u00a0dotMEX,\u00a0<em>Centro de Investigaci\u00f3n y de Estudios Avanzados del Instituto Polit\u00e9cnico Nacional (Cinvestav) &#8211; Zacatenco<\/em><br \/>\n<strong>Reconocimiento especial:<\/strong>\u00a0AguiBOT-1,\u00a0<em>Universidad Popular Aut\u00f3noma del Estado de Puebla &#8211; UPAEP<\/em><\/p>\n<p>&nbsp;<\/p>\n<h3>RoboCup Humanoid KidSize<\/h3>\n<p><strong>Primer lugar:<\/strong>\u00a0ITSSMT &#8211; HL,\u00a0<em>Tecnol\u00f3gico Nacional de M\u00e9xico &#8211; Instituto Tecnol\u00f3gico Superior de San Mart\u00edn Texmelucan<\/em><br \/>\n<strong>Segundo lugar:<\/strong>\u00a0Elecatr\u00f3n_Laredo,\u00a0<em>Tecnol\u00f3gico Nacional de M\u00e9xico &#8211; Instituto Tecnol\u00f3gico de Nuevo Laredo<\/em><\/p>\n<p>&nbsp;<\/p>\n<h3>RoboCup Standard Platform League<\/h3>\n<p><strong>Primer lugar:<\/strong> LAR SPL,\u00a0<em>Universidad Nacional Aut\u00f3noma de M\u00e9xico &#8211; Facultad de Estudios Superiores Acatl\u00e1n<\/em><br \/>\n<strong>Segundo lugar:<\/strong>\u00a0Eagle Knights,\u00a0<em>Instituto Tecnol\u00f3gico Aut\u00f3nomo de M\u00e9xico<\/em><\/p>\n<p>&nbsp;<\/p>\n<h3>RoboCup Rescue Robot<\/h3>\n<p><strong>Primer lugar:<\/strong>\u00a0Kauil,\u00a0<em>Instituto Tecnol\u00f3gico y de Estudios Superiores de Monterrey &#8211; Campus Estado de M\u00e9xico<\/em><br \/>\n<strong>Segundo lugar:<\/strong>\u00a0Iron Rescue,\u00a0<em>Universidad Polit\u00e9cnica de Victoria<\/em><br \/>\n<strong>Tercer lugar:<\/strong>\u00a0CECYTEC RIM,\u00a0<em>Colegio de Estudios Cient\u00edficos y Tecnol\u00f3gicos del Estado de Coahuila (CECYTEC) &#8211; Plantel La Concha<\/em><\/p>\n<p>&nbsp;<\/p>\n<h3>RoboCup@Home<\/h3>\n<p><strong>Primer lugar:<\/strong> PUMAS,\u00a0<em>Universidad Nacional Aut\u00f3noma de M\u00e9xico &#8211; Facultad de Ingenier\u00eda<\/em><br \/>\n<strong>Segundo lugar:<\/strong>\u00a0Markovito,\u00a0<em>Instituto Nacional de Astrof\u00edsica, \u00d3ptica y Electr\u00f3nica (INAOE) &#8211; Coordinaci\u00f3n de Ciencias Computacionales<\/em><\/p>\n<p>&nbsp;<\/p>\n<p>Haz click en el siguiente link para consultar los resultados de las categor\u00edas <a href=\"\/tmr2017\/resultados-junior\/\">Junior<\/a>.<\/p>\n","protected":false},"excerpt":{"rendered":"<p>Resultados Categor\u00edas Major &nbsp; Latin American Robotics Competition Standard Educational Kits Primer lugar: Vaqueros-FIC,\u00a0Universidad Aut\u00f3noma de Tamaulipas &#8211; Facultad de Ingenier\u00eda y Ciencias Segundo lugar:\u00a0ITESIANOS,\u00a0Instituto Tecnol\u00f3gico y de Estudios Superiores de Occidente (ITESO) &nbsp; Latin American Robotics Competition Open Challenge Primer lugar:\u00a0RBL UTCAM OPEN,\u00a0Universidad Tecnol\u00f3gica de Campeche Segundo lugar:\u00a0Mecatr\u00f3n_Laredo (open),\u00a0Tecnol\u00f3gico Nacional de M\u00e9xico &#8211; Instituto [&hellip;]<\/p>\n","protected":false},"author":1,"featured_media":0,"parent":0,"menu_order":0,"comment_status":"closed","ping_status":"closed","template":"","meta":[],"_links":{"self":[{"href":"https:\/\/www.femexrobotica.org\/tmr2017\/wp-json\/wp\/v2\/pages\/79"}],"collection":[{"href":"https:\/\/www.femexrobotica.org\/tmr2017\/wp-json\/wp\/v2\/pages"}],"about":[{"href":"https:\/\/www.femexrobotica.org\/tmr2017\/wp-json\/wp\/v2\/types\/page"}],"author":[{"embeddable":true,"href":"https:\/\/www.femexrobotica.org\/tmr2017\/wp-json\/wp\/v2\/users\/1"}],"replies":[{"embeddable":true,"href":"https:\/\/www.femexrobotica.org\/tmr2017\/wp-json\/wp\/v2\/comments?post=79"}],"version-history":[{"count":20,"href":"https:\/\/www.femexrobotica.org\/tmr2017\/wp-json\/wp\/v2\/pages\/79\/revisions"}],"predecessor-version":[{"id":1214,"href":"https:\/\/www.femexrobotica.org\/tmr2017\/wp-json\/wp\/v2\/pages\/79\/revisions\/1214"}],"wp:attachment":[{"href":"https:\/\/www.femexrobotica.org\/tmr2017\/wp-json\/wp\/v2\/media?parent=79"}],"curies":[{"name":"wp","href":"https:\/\/api.w.org\/{rel}","templated":true}]}}