{"id":77,"date":"2016-11-15T00:57:24","date_gmt":"2016-11-15T06:57:24","guid":{"rendered":"http:\/\/www.femexrobotica.org\/tmr2017\/?page_id=77"},"modified":"2016-11-30T23:41:30","modified_gmt":"2016-12-01T05:41:30","slug":"responsables-de-categorias","status":"publish","type":"page","link":"https:\/\/www.femexrobotica.org\/tmr2017\/responsables-de-categorias\/","title":{"rendered":"Responsables de Categor\u00edas"},"content":{"rendered":"<h2>Responsables de Categor\u00edas<\/h2>\n<h3>Responsables T\u00e9cnicos<\/h3>\n<p>La <em>Federaci\u00f3n Mexicana de Rob\u00f3tica<\/em><sup>\u00ae<\/sup> nombra\u00a0por cada categor\u00eda de competencia a un <em>responsable t\u00e9cnico<\/em>\u00a0cuya funci\u00f3n es asegurar el adecuado desarrollo de la competencia. Los <em>responsables t\u00e9cnicos<\/em> se eligen tomando en cuenta su experiencia participando en ediciones anteriores del TMR, as\u00ed como por su reconocimiento dentro del medio. Los <em>responsables t\u00e9cnicos <\/em>son encargados de conocer a detalle las reglas de la categor\u00eda que les corresponde y asegurar, junto con el <em>responsable local<\/em> de la categor\u00eda, que los escenarios y dem\u00e1s recursos necesarios para la realizaci\u00f3n de la competencia se encuentran en condiciones \u00f3ptimas.<\/p>\n<h3>Responsables Locales<\/h3>\n<p>La sede, que en esta ocasi\u00f3n es el <em>Colegio Crist\u00f3bal Col\u00f3n<\/em>, designa por cada categor\u00eda de competencia a un <em>responsable local<\/em>, cuya funci\u00f3n es coordinar todas las acciones necesarias para la adecuada construcci\u00f3n, restauraci\u00f3n y montaje de los escenarios de competencia, mantener constante comunicaci\u00f3n con el <em>responsable t\u00e9cnico<\/em>, seleccionar y coordinar al grupo de voluntarios asignados a la categor\u00eda, as\u00ed como apoyar en el desarrollo de la competencia durante los d\u00edas del evento.<\/p>\n","protected":false},"excerpt":{"rendered":"<p>Responsables de Categor\u00edas Responsables T\u00e9cnicos La Federaci\u00f3n Mexicana de Rob\u00f3tica\u00ae nombra\u00a0por cada categor\u00eda de competencia a un responsable t\u00e9cnico\u00a0cuya funci\u00f3n es asegurar el adecuado desarrollo de la competencia. Los responsables t\u00e9cnicos se eligen tomando en cuenta su experiencia participando en ediciones anteriores del TMR, as\u00ed como por su reconocimiento dentro del medio. Los responsables t\u00e9cnicos [&hellip;]<\/p>\n","protected":false},"author":1,"featured_media":0,"parent":0,"menu_order":0,"comment_status":"closed","ping_status":"closed","template":"","meta":[],"_links":{"self":[{"href":"https:\/\/www.femexrobotica.org\/tmr2017\/wp-json\/wp\/v2\/pages\/77"}],"collection":[{"href":"https:\/\/www.femexrobotica.org\/tmr2017\/wp-json\/wp\/v2\/pages"}],"about":[{"href":"https:\/\/www.femexrobotica.org\/tmr2017\/wp-json\/wp\/v2\/types\/page"}],"author":[{"embeddable":true,"href":"https:\/\/www.femexrobotica.org\/tmr2017\/wp-json\/wp\/v2\/users\/1"}],"replies":[{"embeddable":true,"href":"https:\/\/www.femexrobotica.org\/tmr2017\/wp-json\/wp\/v2\/comments?post=77"}],"version-history":[{"count":13,"href":"https:\/\/www.femexrobotica.org\/tmr2017\/wp-json\/wp\/v2\/pages\/77\/revisions"}],"predecessor-version":[{"id":666,"href":"https:\/\/www.femexrobotica.org\/tmr2017\/wp-json\/wp\/v2\/pages\/77\/revisions\/666"}],"wp:attachment":[{"href":"https:\/\/www.femexrobotica.org\/tmr2017\/wp-json\/wp\/v2\/media?parent=77"}],"curies":[{"name":"wp","href":"https:\/\/api.w.org\/{rel}","templated":true}]}}