{"id":73,"date":"2016-11-15T00:38:16","date_gmt":"2016-11-15T06:38:16","guid":{"rendered":"http:\/\/www.femexrobotica.org\/tmr2017\/?page_id=73"},"modified":"2017-02-23T14:20:42","modified_gmt":"2017-02-23T20:20:42","slug":"robocup-spl","status":"publish","type":"page","link":"https:\/\/www.femexrobotica.org\/tmr2017\/robocup-spl\/","title":{"rendered":"RoboCup Standard Plataform League"},"content":{"rendered":"<h2>RoboCup Standard Platform League<\/h2>\n<p><em>RoboCup Standard Platform League<\/em> es una competencia\u00a0de futbol en la que\u00a0todos los\u00a0equipos\u00a0participantes\u00a0utilizan el mismo tipo de robot, el robot NAO desarrollado por la empresa\u00a0<em>SoftBank Robotics<\/em>. Estos robots juegan de manera aut\u00f3noma y cada uno\u00a0toma sus propias decisiones independientes de los\u00a0dem\u00e1s robots, pero\u00a0a\u00fan as\u00ed deben jugar\u00a0en equipo comunic\u00e1ndose entre ellos.<\/p>\n<p>Los equipos\u00a0juegan sobre un campo con alfombra\u00a0de color verde, porter\u00edas y l\u00edneas de color\u00a0blanco. No hay ning\u00fan otro\u00a0tipo de referencias visuales en la cancha, y la pelota es de color blanco y negro. Estas caracter\u00edsticas de la competencia permiten tener un reto de bastante buen nivel, lo que permite que los grupos de investigaci\u00f3n participantes presenten nuevos desarrollos cada a\u00f1o. Esta competencia forma parte del <em>Abierto Mexicano de RoboCup<\/em>.<\/p>\n<div id=\"metaslider-id-408\" style=\"width: 100%; margin: 0 auto;\" class=\"ml-slider-3-109-0 metaslider metaslider-flex metaslider-408 ml-slider ms-theme-default nav-hidden\" role=\"region\" aria-label=\"robocupspl\" data-height=\"360\" data-width=\"640\">\n    <div id=\"metaslider_container_408\">\n        <div id=\"metaslider_408\">\n            <ul class='slides'>\n                <li style=\"display: block; width: 100%;\" class=\"slide-396 ms-image \" aria-roledescription=\"slide\" data-date=\"2016-11-28 05:22:50\" data-filename=\"robocupspl-03.jpg\" data-slide-type=\"image\"><img width=\"640\" height=\"360\" src=\"https:\/\/www.femexrobotica.org\/tmr2017\/wp-content\/uploads\/robocupspl-03.jpg\" class=\"slider-408 slide-396 msDefaultImage\" alt=\"\" loading=\"lazy\" rel=\"\" title=\"\" srcset=\"https:\/\/www.femexrobotica.org\/tmr2017\/wp-content\/uploads\/robocupspl-03.jpg 640w, https:\/\/www.femexrobotica.org\/tmr2017\/wp-content\/uploads\/robocupspl-03-300x169.jpg 300w\" sizes=\"(max-width: 640px) 100vw, 640px\" \/><\/li>\n                <li style=\"display: none; width: 100%;\" class=\"slide-398 ms-image \" aria-roledescription=\"slide\" data-date=\"2016-11-28 05:22:52\" data-filename=\"robocupspl-05.jpg\" data-slide-type=\"image\"><img width=\"640\" height=\"360\" src=\"https:\/\/www.femexrobotica.org\/tmr2017\/wp-content\/uploads\/robocupspl-05.jpg\" class=\"slider-408 slide-398 msDefaultImage\" alt=\"\" loading=\"lazy\" rel=\"\" title=\"\" srcset=\"https:\/\/www.femexrobotica.org\/tmr2017\/wp-content\/uploads\/robocupspl-05.jpg 640w, https:\/\/www.femexrobotica.org\/tmr2017\/wp-content\/uploads\/robocupspl-05-300x169.jpg 300w\" sizes=\"(max-width: 640px) 100vw, 640px\" \/><\/li>\n                <li style=\"display: none; width: 100%;\" class=\"slide-397 ms-image \" aria-roledescription=\"slide\" data-date=\"2016-11-28 05:22:51\" data-filename=\"robocupspl-04.jpg\" data-slide-type=\"image\"><img width=\"640\" height=\"360\" src=\"https:\/\/www.femexrobotica.org\/tmr2017\/wp-content\/uploads\/robocupspl-04.jpg\" class=\"slider-408 slide-397 msDefaultImage\" alt=\"\" loading=\"lazy\" rel=\"\" title=\"\" srcset=\"https:\/\/www.femexrobotica.org\/tmr2017\/wp-content\/uploads\/robocupspl-04.jpg 640w, https:\/\/www.femexrobotica.org\/tmr2017\/wp-content\/uploads\/robocupspl-04-300x169.jpg 300w\" sizes=\"(max-width: 640px) 100vw, 640px\" \/><\/li>\n                <li style=\"display: none; width: 100%;\" class=\"slide-395 ms-image \" aria-roledescription=\"slide\" data-date=\"2016-11-28 05:22:49\" data-filename=\"robocupspl-02.jpg\" data-slide-type=\"image\"><img width=\"640\" height=\"360\" src=\"https:\/\/www.femexrobotica.org\/tmr2017\/wp-content\/uploads\/robocupspl-02.jpg\" class=\"slider-408 slide-395 msDefaultImage\" alt=\"\" loading=\"lazy\" rel=\"\" title=\"\" srcset=\"https:\/\/www.femexrobotica.org\/tmr2017\/wp-content\/uploads\/robocupspl-02.jpg 640w, https:\/\/www.femexrobotica.org\/tmr2017\/wp-content\/uploads\/robocupspl-02-300x169.jpg 300w\" sizes=\"(max-width: 640px) 100vw, 640px\" \/><\/li>\n                <li style=\"display: none; width: 100%;\" class=\"slide-394 ms-image \" aria-roledescription=\"slide\" data-date=\"2016-11-28 05:22:47\" data-filename=\"robocupspl-01.jpg\" data-slide-type=\"image\"><img width=\"640\" height=\"360\" src=\"https:\/\/www.femexrobotica.org\/tmr2017\/wp-content\/uploads\/robocupspl-01.jpg\" class=\"slider-408 slide-394 msDefaultImage\" alt=\"\" loading=\"lazy\" rel=\"\" title=\"\" srcset=\"https:\/\/www.femexrobotica.org\/tmr2017\/wp-content\/uploads\/robocupspl-01.jpg 640w, https:\/\/www.femexrobotica.org\/tmr2017\/wp-content\/uploads\/robocupspl-01-300x169.jpg 300w\" sizes=\"(max-width: 640px) 100vw, 640px\" \/><\/li>\n            <\/ul>\n        <\/div>\n        \n    <\/div>\n<\/div>\n<p>&nbsp;<\/p>\n<h3>Responsables<\/h3>\n<ul>\n<li>Responsable t\u00e9cnico:\n<ul>\n<li><a href=\"mailto:apetrilli@pampano.unacar.mx\">Alberto Petrilli<\/a><\/li>\n<\/ul>\n<\/li>\n<\/ul>\n<h3>Reglas<\/h3>\n<p>La competencia de <em>RoboCup Standard Platform League<\/em> se basa en las reglas oficiales publicadas para el mundial <em>RoboCup<\/em>, que se pueden encontrar en el siguiente enlace:<\/p>\n<p><a href=\"http:\/\/www.informatik.uni-bremen.de\/spl\/pub\/Website\/Downloads\/Rules2017.pdf\" target=\"_blank\">http:\/\/www.informatik.uni-bremen.de\/spl\/pub\/Website\/Downloads\/Rules2017.pdf<\/a><\/p>\n<p>Toma en cuenta que en este momento el comit\u00e9 internacional se encuentra en el proceso de revisar las reglas, por lo que te recomendamos revisar peri\u00f3dicamente para ver si hay alguna actualizaci\u00f3n. Las p\u00e1ginas del comit\u00e9 internacional son:<\/p>\n<p><a href=\"http:\/\/www.informatik.uni-bremen.de\/spl\/bin\/view\/Website\/WebHome\" target=\"_blank\">http:\/\/www.informatik.uni-bremen.de\/spl\/bin\/view\/Website\/WebHome<\/a> y<\/p>\n<p><a href=\"http:\/\/www.robocup.org\/leagues\/5\" target=\"_blank\">http:\/\/www.robocup.org\/leagues\/5<\/a><\/p>\n<h3>Restricciones<\/h3>\n<p>Para participar en\u00a0<em>RoboCup Standard Platform League<\/em>, se pueden inscribir equipos de m\u00e1ximo 12 personas con derecho a lugar en la mesa de trabajo. Debido al nivel de dificultad de esta competencia, se convoca a grupos de investigaci\u00f3n, incluyendo estudiantes de licenciatura, posgrado, profesores e investigadores. No hay restricciones sobre qui\u00e9nes pueden participar.<\/p>\n<p>Los profesores que acompa\u00f1an al equipo y que desean contar con un diploma que reconozca su participaci\u00f3n en el evento, pero que no requieren que se les asigne lugar en la mesa de trabajo del equipo, podr\u00e1n inscribirse como mentores.\u00a0El costo de inscripci\u00f3n de los mentores es el mismo que el de los concursantes.<\/p>\n","protected":false},"excerpt":{"rendered":"<p>RoboCup Standard Platform League RoboCup Standard Platform League es una competencia\u00a0de futbol en la que\u00a0todos los\u00a0equipos\u00a0participantes\u00a0utilizan el mismo tipo de robot, el robot NAO desarrollado por la empresa\u00a0SoftBank Robotics. Estos robots juegan de manera aut\u00f3noma y cada uno\u00a0toma sus propias decisiones independientes de los\u00a0dem\u00e1s robots, pero\u00a0a\u00fan as\u00ed deben jugar\u00a0en equipo comunic\u00e1ndose entre ellos. Los equipos\u00a0juegan [&hellip;]<\/p>\n","protected":false},"author":1,"featured_media":0,"parent":0,"menu_order":0,"comment_status":"closed","ping_status":"closed","template":"","meta":[],"_links":{"self":[{"href":"https:\/\/www.femexrobotica.org\/tmr2017\/wp-json\/wp\/v2\/pages\/73"}],"collection":[{"href":"https:\/\/www.femexrobotica.org\/tmr2017\/wp-json\/wp\/v2\/pages"}],"about":[{"href":"https:\/\/www.femexrobotica.org\/tmr2017\/wp-json\/wp\/v2\/types\/page"}],"author":[{"embeddable":true,"href":"https:\/\/www.femexrobotica.org\/tmr2017\/wp-json\/wp\/v2\/users\/1"}],"replies":[{"embeddable":true,"href":"https:\/\/www.femexrobotica.org\/tmr2017\/wp-json\/wp\/v2\/comments?post=73"}],"version-history":[{"count":22,"href":"https:\/\/www.femexrobotica.org\/tmr2017\/wp-json\/wp\/v2\/pages\/73\/revisions"}],"predecessor-version":[{"id":844,"href":"https:\/\/www.femexrobotica.org\/tmr2017\/wp-json\/wp\/v2\/pages\/73\/revisions\/844"}],"wp:attachment":[{"href":"https:\/\/www.femexrobotica.org\/tmr2017\/wp-json\/wp\/v2\/media?parent=73"}],"curies":[{"name":"wp","href":"https:\/\/api.w.org\/{rel}","templated":true}]}}