{"id":71,"date":"2016-11-15T00:38:36","date_gmt":"2016-11-15T06:38:36","guid":{"rendered":"http:\/\/www.femexrobotica.org\/tmr2017\/?page_id=71"},"modified":"2017-03-06T03:32:07","modified_gmt":"2017-03-06T09:32:07","slug":"robocup-rescue","status":"publish","type":"page","link":"https:\/\/www.femexrobotica.org\/tmr2017\/robocup-rescue\/","title":{"rendered":"RoboCup Rescue"},"content":{"rendered":"<h2>RoboCup Rescue Robot<\/h2>\n<p>En la categor\u00eda de <em>RoboCup Rescue Robot<\/em>, los robots deben realizar misiones de b\u00fasqueda y rescate en una zona abierta y con obst\u00e1culos dise\u00f1ados para desafiar el funcionamiento aut\u00f3nomo, la movilidad durante la tele-operaci\u00f3n y manipulaci\u00f3n de objetos de tama\u00f1o real. Dirigido a estudiantes de licenciatura y posgrado.<\/p>\n<div id=\"metaslider-id-407\" style=\"width: 100%; margin: 0 auto;\" class=\"ml-slider-3-109-0 metaslider metaslider-flex metaslider-407 ml-slider ms-theme-default nav-hidden\" role=\"region\" aria-label=\"robocuprescue\" data-height=\"360\" data-width=\"640\">\n    <div id=\"metaslider_container_407\">\n        <div id=\"metaslider_407\">\n            <ul class='slides'>\n                <li style=\"display: block; width: 100%;\" class=\"slide-390 ms-image \" aria-roledescription=\"slide\" data-date=\"2016-11-28 05:22:40\" data-filename=\"robocuprescue-04.jpg\" data-slide-type=\"image\"><img width=\"640\" height=\"360\" src=\"https:\/\/www.femexrobotica.org\/tmr2017\/wp-content\/uploads\/robocuprescue-04.jpg\" class=\"slider-407 slide-390 msDefaultImage\" alt=\"\" loading=\"lazy\" rel=\"\" title=\"\" srcset=\"https:\/\/www.femexrobotica.org\/tmr2017\/wp-content\/uploads\/robocuprescue-04.jpg 640w, https:\/\/www.femexrobotica.org\/tmr2017\/wp-content\/uploads\/robocuprescue-04-300x169.jpg 300w\" sizes=\"(max-width: 640px) 100vw, 640px\" \/><\/li>\n                <li style=\"display: none; width: 100%;\" class=\"slide-392 ms-image \" aria-roledescription=\"slide\" data-date=\"2016-11-28 05:22:44\" data-filename=\"robocuprescue-06.jpg\" data-slide-type=\"image\"><img width=\"640\" height=\"360\" src=\"https:\/\/www.femexrobotica.org\/tmr2017\/wp-content\/uploads\/robocuprescue-06.jpg\" class=\"slider-407 slide-392 msDefaultImage\" alt=\"\" loading=\"lazy\" rel=\"\" title=\"\" srcset=\"https:\/\/www.femexrobotica.org\/tmr2017\/wp-content\/uploads\/robocuprescue-06.jpg 640w, https:\/\/www.femexrobotica.org\/tmr2017\/wp-content\/uploads\/robocuprescue-06-300x169.jpg 300w\" sizes=\"(max-width: 640px) 100vw, 640px\" \/><\/li>\n                <li style=\"display: none; width: 100%;\" class=\"slide-391 ms-image \" aria-roledescription=\"slide\" data-date=\"2016-11-28 05:22:42\" data-filename=\"robocuprescue-05.jpg\" data-slide-type=\"image\"><img width=\"640\" height=\"360\" src=\"https:\/\/www.femexrobotica.org\/tmr2017\/wp-content\/uploads\/robocuprescue-05.jpg\" class=\"slider-407 slide-391 msDefaultImage\" alt=\"\" loading=\"lazy\" rel=\"\" title=\"\" srcset=\"https:\/\/www.femexrobotica.org\/tmr2017\/wp-content\/uploads\/robocuprescue-05.jpg 640w, https:\/\/www.femexrobotica.org\/tmr2017\/wp-content\/uploads\/robocuprescue-05-300x169.jpg 300w\" sizes=\"(max-width: 640px) 100vw, 640px\" \/><\/li>\n                <li style=\"display: none; width: 100%;\" class=\"slide-389 ms-image \" aria-roledescription=\"slide\" data-date=\"2016-11-28 05:22:38\" data-filename=\"robocuprescue-03.jpg\" data-slide-type=\"image\"><img width=\"640\" height=\"360\" src=\"https:\/\/www.femexrobotica.org\/tmr2017\/wp-content\/uploads\/robocuprescue-03.jpg\" class=\"slider-407 slide-389 msDefaultImage\" alt=\"\" loading=\"lazy\" rel=\"\" title=\"\" srcset=\"https:\/\/www.femexrobotica.org\/tmr2017\/wp-content\/uploads\/robocuprescue-03.jpg 640w, https:\/\/www.femexrobotica.org\/tmr2017\/wp-content\/uploads\/robocuprescue-03-300x169.jpg 300w\" sizes=\"(max-width: 640px) 100vw, 640px\" \/><\/li>\n                <li style=\"display: none; width: 100%;\" class=\"slide-388 ms-image \" aria-roledescription=\"slide\" data-date=\"2016-11-28 05:22:37\" data-filename=\"robocuprescue-02.jpg\" data-slide-type=\"image\"><img width=\"640\" height=\"360\" src=\"https:\/\/www.femexrobotica.org\/tmr2017\/wp-content\/uploads\/robocuprescue-02.jpg\" class=\"slider-407 slide-388 msDefaultImage\" alt=\"\" loading=\"lazy\" rel=\"\" title=\"\" srcset=\"https:\/\/www.femexrobotica.org\/tmr2017\/wp-content\/uploads\/robocuprescue-02.jpg 640w, https:\/\/www.femexrobotica.org\/tmr2017\/wp-content\/uploads\/robocuprescue-02-300x169.jpg 300w\" sizes=\"(max-width: 640px) 100vw, 640px\" \/><\/li>\n                <li style=\"display: none; width: 100%;\" class=\"slide-393 ms-image \" aria-roledescription=\"slide\" data-date=\"2016-11-28 05:22:46\" data-filename=\"robocuprescue-07.jpg\" data-slide-type=\"image\"><img width=\"640\" height=\"360\" src=\"https:\/\/www.femexrobotica.org\/tmr2017\/wp-content\/uploads\/robocuprescue-07.jpg\" class=\"slider-407 slide-393 msDefaultImage\" alt=\"\" loading=\"lazy\" rel=\"\" title=\"\" srcset=\"https:\/\/www.femexrobotica.org\/tmr2017\/wp-content\/uploads\/robocuprescue-07.jpg 640w, https:\/\/www.femexrobotica.org\/tmr2017\/wp-content\/uploads\/robocuprescue-07-300x169.jpg 300w\" sizes=\"(max-width: 640px) 100vw, 640px\" \/><\/li>\n                <li style=\"display: none; width: 100%;\" class=\"slide-387 ms-image \" aria-roledescription=\"slide\" data-date=\"2016-11-28 05:22:34\" data-filename=\"robocuprescue-01.jpg\" data-slide-type=\"image\"><img width=\"640\" height=\"360\" src=\"https:\/\/www.femexrobotica.org\/tmr2017\/wp-content\/uploads\/robocuprescue-01.jpg\" class=\"slider-407 slide-387 msDefaultImage\" alt=\"\" loading=\"lazy\" rel=\"\" title=\"\" srcset=\"https:\/\/www.femexrobotica.org\/tmr2017\/wp-content\/uploads\/robocuprescue-01.jpg 640w, https:\/\/www.femexrobotica.org\/tmr2017\/wp-content\/uploads\/robocuprescue-01-300x169.jpg 300w\" sizes=\"(max-width: 640px) 100vw, 640px\" \/><\/li>\n            <\/ul>\n        <\/div>\n        \n    <\/div>\n<\/div>\n<p>&nbsp;<\/p>\n<h3>Responsables<\/h3>\n<ul>\n<li>Responsable t\u00e9cnico:\n<ul>\n<li><a href=\"mailto:aaceves@itesm.mx\">Alejandro Aceves<\/a><\/li>\n<\/ul>\n<\/li>\n<\/ul>\n<h3>Reglas<\/h3>\n<p>La competencia de <em>RoboCup Rescue Robot<\/em>\u00a0se basa en las reglas oficiales publicadas para el mundial <em>RoboCup<\/em>, que se pueden encontrar en el siguiente <a href=\"http:\/\/wiki.robocup.org\/images\/6\/65\/2016-03RoboCupRescueRulebookv3.pdf\" target=\"_blank\">documento<\/a>.<\/p>\n<p>Toma en cuenta que en este momento el comit\u00e9 internacional se encuentra en el proceso de revisar las reglas, por lo que te recomendamos revisar peri\u00f3dicamente para ver si hay alguna actualizaci\u00f3n.<\/p>\n<h3>Restricciones<\/h3>\n<p>Para participar en\u00a0<em>RoboCup Rescue Robot<\/em>, se pueden inscribir equipos de m\u00e1ximo 12\u00a0personas con derecho a lugar en la mesa de trabajo. Debido al nivel de dificultad de esta competencia, se convoca a grupos de investigaci\u00f3n, incluyendo estudiantes de licenciatura, posgrado, profesores e investigadores. No hay restricciones sobre qui\u00e9nes pueden participar.<\/p>\n<p>Los profesores que acompa\u00f1an al equipo y que desean contar con un diploma que reconozca su participaci\u00f3n en el evento, pero que no requieren que se les asigne lugar en la mesa de trabajo del equipo, podr\u00e1n inscribirse como mentores.\u00a0El costo de inscripci\u00f3n de los mentores es el mismo que el de los concursantes.<\/p>\n","protected":false},"excerpt":{"rendered":"<p>RoboCup Rescue Robot En la categor\u00eda de RoboCup Rescue Robot, los robots deben realizar misiones de b\u00fasqueda y rescate en una zona abierta y con obst\u00e1culos dise\u00f1ados para desafiar el funcionamiento aut\u00f3nomo, la movilidad durante la tele-operaci\u00f3n y manipulaci\u00f3n de objetos de tama\u00f1o real. Dirigido a estudiantes de licenciatura y posgrado. &nbsp; Responsables Responsable t\u00e9cnico: [&hellip;]<\/p>\n","protected":false},"author":1,"featured_media":0,"parent":0,"menu_order":0,"comment_status":"closed","ping_status":"closed","template":"","meta":[],"_links":{"self":[{"href":"https:\/\/www.femexrobotica.org\/tmr2017\/wp-json\/wp\/v2\/pages\/71"}],"collection":[{"href":"https:\/\/www.femexrobotica.org\/tmr2017\/wp-json\/wp\/v2\/pages"}],"about":[{"href":"https:\/\/www.femexrobotica.org\/tmr2017\/wp-json\/wp\/v2\/types\/page"}],"author":[{"embeddable":true,"href":"https:\/\/www.femexrobotica.org\/tmr2017\/wp-json\/wp\/v2\/users\/1"}],"replies":[{"embeddable":true,"href":"https:\/\/www.femexrobotica.org\/tmr2017\/wp-json\/wp\/v2\/comments?post=71"}],"version-history":[{"count":20,"href":"https:\/\/www.femexrobotica.org\/tmr2017\/wp-json\/wp\/v2\/pages\/71\/revisions"}],"predecessor-version":[{"id":886,"href":"https:\/\/www.femexrobotica.org\/tmr2017\/wp-json\/wp\/v2\/pages\/71\/revisions\/886"}],"wp:attachment":[{"href":"https:\/\/www.femexrobotica.org\/tmr2017\/wp-json\/wp\/v2\/media?parent=71"}],"curies":[{"name":"wp","href":"https:\/\/api.w.org\/{rel}","templated":true}]}}