{"id":69,"date":"2016-11-15T00:37:34","date_gmt":"2016-11-15T06:37:34","guid":{"rendered":"http:\/\/www.femexrobotica.org\/tmr2017\/?page_id=69"},"modified":"2017-02-23T14:19:46","modified_gmt":"2017-02-23T20:19:46","slug":"robocup-humanoid","status":"publish","type":"page","link":"https:\/\/www.femexrobotica.org\/tmr2017\/robocup-humanoid\/","title":{"rendered":"RoboCup Humanoid"},"content":{"rendered":"<h2>RoboCup Humanoid KidSize<\/h2>\n<p>En <em>RoboCup Humanoid KidSize<\/em> compiten equipos de cuatro robots humanoides en partidos de f\u00fatbol. El partido se desarrolla en una cancha de 6m x 9m, y se juegan dos tiempos de diez minutos en cada partido. Los robots deben de ser capaces de jugar f\u00fatbol de manera aut\u00f3noma, es decir, que no se permite ning\u00fan tipo de control remoto. Para lograr esto los robots deben estar dotados de un sistema sensorial que les permita percibir el estado del mundo a su alrededor, y la informaci\u00f3n de este sistema sensorial debe estar conectado a una computadora a bordo del robot en la que se programan algoritmos de inteligencia artificial para que el robot tome sus propias decisiones. Esta competencia forma parte del <em>Abierto Mexicano de RoboCup<\/em>.<\/p>\n<p><em>RoboCup<\/em> es una iniciativa internacional cuya visi\u00f3n es lograr que para el a\u00f1o 2050 se tenga un equipo de robots humanoides capaces de vencer al equipo campe\u00f3n mundial de la FIFA en partido de f\u00fatbol.<\/p>\n<div id=\"metaslider-id-406\" style=\"width: 100%; margin: 0 auto;\" class=\"ml-slider-3-109-0 metaslider metaslider-flex metaslider-406 ml-slider ms-theme-default nav-hidden\" role=\"region\" aria-label=\"robocuphumanoid\" data-height=\"360\" data-width=\"640\">\n    <div id=\"metaslider_container_406\">\n        <div id=\"metaslider_406\">\n            <ul class='slides'>\n                <li style=\"display: block; width: 100%;\" class=\"slide-380 ms-image \" aria-roledescription=\"slide\" data-date=\"2016-11-28 05:22:23\" data-filename=\"robocuphumanoid-01.jpg\" data-slide-type=\"image\"><img width=\"640\" height=\"360\" src=\"https:\/\/www.femexrobotica.org\/tmr2017\/wp-content\/uploads\/robocuphumanoid-01.jpg\" class=\"slider-406 slide-380 msDefaultImage\" alt=\"\" loading=\"lazy\" rel=\"\" title=\"\" srcset=\"https:\/\/www.femexrobotica.org\/tmr2017\/wp-content\/uploads\/robocuphumanoid-01.jpg 640w, https:\/\/www.femexrobotica.org\/tmr2017\/wp-content\/uploads\/robocuphumanoid-01-300x169.jpg 300w\" sizes=\"(max-width: 640px) 100vw, 640px\" \/><\/li>\n                <li style=\"display: none; width: 100%;\" class=\"slide-384 ms-image \" aria-roledescription=\"slide\" data-date=\"2016-11-28 05:22:31\" data-filename=\"robocuphumanoid-05.jpg\" data-slide-type=\"image\"><img width=\"640\" height=\"360\" src=\"https:\/\/www.femexrobotica.org\/tmr2017\/wp-content\/uploads\/robocuphumanoid-05.jpg\" class=\"slider-406 slide-384 msDefaultImage\" alt=\"\" loading=\"lazy\" rel=\"\" title=\"\" srcset=\"https:\/\/www.femexrobotica.org\/tmr2017\/wp-content\/uploads\/robocuphumanoid-05.jpg 640w, https:\/\/www.femexrobotica.org\/tmr2017\/wp-content\/uploads\/robocuphumanoid-05-300x169.jpg 300w\" sizes=\"(max-width: 640px) 100vw, 640px\" \/><\/li>\n                <li style=\"display: none; width: 100%;\" class=\"slide-381 ms-image \" aria-roledescription=\"slide\" data-date=\"2016-11-28 05:22:26\" data-filename=\"robocuphumanoid-02.jpg\" data-slide-type=\"image\"><img width=\"640\" height=\"360\" src=\"https:\/\/www.femexrobotica.org\/tmr2017\/wp-content\/uploads\/robocuphumanoid-02.jpg\" class=\"slider-406 slide-381 msDefaultImage\" alt=\"\" loading=\"lazy\" rel=\"\" title=\"\" srcset=\"https:\/\/www.femexrobotica.org\/tmr2017\/wp-content\/uploads\/robocuphumanoid-02.jpg 640w, https:\/\/www.femexrobotica.org\/tmr2017\/wp-content\/uploads\/robocuphumanoid-02-300x169.jpg 300w\" sizes=\"(max-width: 640px) 100vw, 640px\" \/><\/li>\n                <li style=\"display: none; width: 100%;\" class=\"slide-383 ms-image \" aria-roledescription=\"slide\" data-date=\"2016-11-28 05:22:29\" data-filename=\"robocuphumanoid-04.jpg\" data-slide-type=\"image\"><img width=\"640\" height=\"360\" src=\"https:\/\/www.femexrobotica.org\/tmr2017\/wp-content\/uploads\/robocuphumanoid-04.jpg\" class=\"slider-406 slide-383 msDefaultImage\" alt=\"\" loading=\"lazy\" rel=\"\" title=\"\" srcset=\"https:\/\/www.femexrobotica.org\/tmr2017\/wp-content\/uploads\/robocuphumanoid-04.jpg 640w, https:\/\/www.femexrobotica.org\/tmr2017\/wp-content\/uploads\/robocuphumanoid-04-300x169.jpg 300w\" sizes=\"(max-width: 640px) 100vw, 640px\" \/><\/li>\n                <li style=\"display: none; width: 100%;\" class=\"slide-382 ms-image \" aria-roledescription=\"slide\" data-date=\"2016-11-28 05:22:27\" data-filename=\"robocuphumanoid-03.jpg\" data-slide-type=\"image\"><img width=\"640\" height=\"360\" src=\"https:\/\/www.femexrobotica.org\/tmr2017\/wp-content\/uploads\/robocuphumanoid-03.jpg\" class=\"slider-406 slide-382 msDefaultImage\" alt=\"\" loading=\"lazy\" rel=\"\" title=\"\" srcset=\"https:\/\/www.femexrobotica.org\/tmr2017\/wp-content\/uploads\/robocuphumanoid-03.jpg 640w, https:\/\/www.femexrobotica.org\/tmr2017\/wp-content\/uploads\/robocuphumanoid-03-300x169.jpg 300w\" sizes=\"(max-width: 640px) 100vw, 640px\" \/><\/li>\n                <li style=\"display: none; width: 100%;\" class=\"slide-385 ms-image \" aria-roledescription=\"slide\" data-date=\"2016-11-28 05:22:32\" data-filename=\"robocuphumanoid-06.jpg\" data-slide-type=\"image\"><img width=\"640\" height=\"360\" src=\"https:\/\/www.femexrobotica.org\/tmr2017\/wp-content\/uploads\/robocuphumanoid-06.jpg\" class=\"slider-406 slide-385 msDefaultImage\" alt=\"\" loading=\"lazy\" rel=\"\" title=\"\" srcset=\"https:\/\/www.femexrobotica.org\/tmr2017\/wp-content\/uploads\/robocuphumanoid-06.jpg 640w, https:\/\/www.femexrobotica.org\/tmr2017\/wp-content\/uploads\/robocuphumanoid-06-300x169.jpg 300w\" sizes=\"(max-width: 640px) 100vw, 640px\" \/><\/li>\n                <li style=\"display: none; width: 100%;\" class=\"slide-386 ms-image \" aria-roledescription=\"slide\" data-date=\"2016-11-28 05:22:33\" data-filename=\"robocuphumanoid-07.jpg\" data-slide-type=\"image\"><img width=\"640\" height=\"360\" src=\"https:\/\/www.femexrobotica.org\/tmr2017\/wp-content\/uploads\/robocuphumanoid-07.jpg\" class=\"slider-406 slide-386 msDefaultImage\" alt=\"\" loading=\"lazy\" rel=\"\" title=\"\" srcset=\"https:\/\/www.femexrobotica.org\/tmr2017\/wp-content\/uploads\/robocuphumanoid-07.jpg 640w, https:\/\/www.femexrobotica.org\/tmr2017\/wp-content\/uploads\/robocuphumanoid-07-300x169.jpg 300w\" sizes=\"(max-width: 640px) 100vw, 640px\" \/><\/li>\n            <\/ul>\n        <\/div>\n        \n    <\/div>\n<\/div>\n<p>&nbsp;<\/p>\n<h3>Responsables<\/h3>\n<ul>\n<li>Responsable t\u00e9cnico:\n<ul>\n<li><a href=\"mailto:marco.morales@itam.mx\">Marco Antonio Morales<\/a><\/li>\n<\/ul>\n<\/li>\n<\/ul>\n<h3>Reglas<\/h3>\n<p>La competencia de <em>RoboCup Humanoid KidSize<\/em> se basa en las reglas oficiales publicadas para el mundial <em>RoboCup<\/em>, que se pueden encontrar en el siguiente enlace: <a href=\"https:\/\/www.robocuphumanoid.org\/materials\/rules\/\" target=\"_blank\">https:\/\/www.robocuphumanoid.org\/materials\/rules\/<\/a><\/p>\n<p>Toma en cuenta que en este momento el comit\u00e9 internacional se encuentra en el proceso de revisar las reglas, por lo que te recomendamos revisar peri\u00f3dicamente para ver si hay alguna actualizaci\u00f3n.<\/p>\n<h3>Restricciones<\/h3>\n<p>Para participar en <em>RoboCup Humanoid KidSize<\/em>, se pueden inscribir equipos de m\u00e1ximo 12 personas con derecho a lugar en la mesa de trabajo. Debido al nivel de dificultad de esta competencia, se convoca a grupos de investigaci\u00f3n, incluyendo estudiantes de licenciatura, posgrado, profesores e investigadores. No hay restricciones sobre qui\u00e9nes pueden participar.<\/p>\n<p>Los profesores que acompa\u00f1an al equipo y que desean contar con un diploma que reconozca su participaci\u00f3n en el evento, pero que no requieren que se les asigne lugar en la mesa de trabajo del equipo, podr\u00e1n inscribirse como mentores.\u00a0El costo de inscripci\u00f3n de los mentores es el mismo que el de los concursantes.<\/p>\n","protected":false},"excerpt":{"rendered":"<p>RoboCup Humanoid KidSize En RoboCup Humanoid KidSize compiten equipos de cuatro robots humanoides en partidos de f\u00fatbol. El partido se desarrolla en una cancha de 6m x 9m, y se juegan dos tiempos de diez minutos en cada partido. Los robots deben de ser capaces de jugar f\u00fatbol de manera aut\u00f3noma, es decir, que no [&hellip;]<\/p>\n","protected":false},"author":1,"featured_media":0,"parent":0,"menu_order":0,"comment_status":"closed","ping_status":"closed","template":"","meta":[],"_links":{"self":[{"href":"https:\/\/www.femexrobotica.org\/tmr2017\/wp-json\/wp\/v2\/pages\/69"}],"collection":[{"href":"https:\/\/www.femexrobotica.org\/tmr2017\/wp-json\/wp\/v2\/pages"}],"about":[{"href":"https:\/\/www.femexrobotica.org\/tmr2017\/wp-json\/wp\/v2\/types\/page"}],"author":[{"embeddable":true,"href":"https:\/\/www.femexrobotica.org\/tmr2017\/wp-json\/wp\/v2\/users\/1"}],"replies":[{"embeddable":true,"href":"https:\/\/www.femexrobotica.org\/tmr2017\/wp-json\/wp\/v2\/comments?post=69"}],"version-history":[{"count":16,"href":"https:\/\/www.femexrobotica.org\/tmr2017\/wp-json\/wp\/v2\/pages\/69\/revisions"}],"predecessor-version":[{"id":842,"href":"https:\/\/www.femexrobotica.org\/tmr2017\/wp-json\/wp\/v2\/pages\/69\/revisions\/842"}],"wp:attachment":[{"href":"https:\/\/www.femexrobotica.org\/tmr2017\/wp-json\/wp\/v2\/media?parent=69"}],"curies":[{"name":"wp","href":"https:\/\/api.w.org\/{rel}","templated":true}]}}