{"id":65,"date":"2016-11-15T00:01:06","date_gmt":"2016-11-15T06:01:06","guid":{"rendered":"http:\/\/www.femexrobotica.org\/tmr2017\/?page_id=65"},"modified":"2017-02-20T21:11:22","modified_gmt":"2017-02-21T03:11:22","slug":"rcj-soccer","status":"publish","type":"page","link":"https:\/\/www.femexrobotica.org\/tmr2017\/rcj-soccer\/","title":{"rendered":"RoboCupJunior Soccer"},"content":{"rendered":"<h2>RoboCupJunior Soccer<\/h2>\n<p><em>RoboCupJunior Soccer<\/em> es una iniciativa educativa enfocada a estudiantes de primaria, secundaria y preparatoria, as\u00ed como a estudiantes universitarios iniciales. En \u00e9sta, equipos de 2 contra 2 robots m\u00f3viles aut\u00f3nomos juegan partidos en una cancha cerrada de minifutbol, buscando una pelota y tratando de enviarla a la porter\u00eda que les corresponda, o bien defendiendo de la ofensiva contraria.<\/p>\n<p>Los robots construidos exclusivamente por los participantes deben ser completamente aut\u00f3nomos; adem\u00e1s de observarlos en juego, ser\u00e1n examinados en su construcci\u00f3n, dise\u00f1o t\u00e9cnico y programaci\u00f3n, buscando que el campe\u00f3n del torneo sea el que cuente con el mejor equilibrio entre todos estos elementos. Los participantes deben poder dar lo mejor de sus habilidades de programaci\u00f3n, rob\u00f3tica, electr\u00f3nica y mecatr\u00f3nica, pero tambi\u00e9n deben contribuir al trabajo en equipo y a compartir sus conocimientos con otros participantes, sin importar su edad o el resultado en la competencia. Se espera que todos compitan, aprendan, se diviertan y crezcan.<\/p>\n<div id=\"metaslider-id-401\" style=\"width: 100%; margin: 0 auto;\" class=\"ml-slider-3-108-0 metaslider metaslider-flex metaslider-401 ml-slider ms-theme-default nav-hidden\" role=\"region\" aria-label=\"juniorsoccer\" data-height=\"360\" data-width=\"640\">\n    <div id=\"metaslider_container_401\">\n        <div id=\"metaslider_401\">\n            <ul class='slides'>\n                <li style=\"display: block; width: 100%;\" class=\"slide-355 ms-image \" aria-roledescription=\"slide\" data-date=\"2016-11-28 05:21:38\" data-filename=\"juniorsoccer-08.jpg\" data-slide-type=\"image\"><img width=\"640\" height=\"360\" src=\"https:\/\/www.femexrobotica.org\/tmr2017\/wp-content\/uploads\/juniorsoccer-08.jpg\" class=\"slider-401 slide-355 msDefaultImage\" alt=\"\" loading=\"lazy\" rel=\"\" title=\"\" srcset=\"https:\/\/www.femexrobotica.org\/tmr2017\/wp-content\/uploads\/juniorsoccer-08.jpg 640w, https:\/\/www.femexrobotica.org\/tmr2017\/wp-content\/uploads\/juniorsoccer-08-300x169.jpg 300w\" sizes=\"(max-width: 640px) 100vw, 640px\" \/><\/li>\n                <li style=\"display: none; width: 100%;\" class=\"slide-353 ms-image \" aria-roledescription=\"slide\" data-date=\"2016-11-28 05:21:34\" data-filename=\"juniorsoccer-06.jpg\" data-slide-type=\"image\"><img width=\"640\" height=\"360\" src=\"https:\/\/www.femexrobotica.org\/tmr2017\/wp-content\/uploads\/juniorsoccer-06.jpg\" class=\"slider-401 slide-353 msDefaultImage\" alt=\"\" loading=\"lazy\" rel=\"\" title=\"\" srcset=\"https:\/\/www.femexrobotica.org\/tmr2017\/wp-content\/uploads\/juniorsoccer-06.jpg 640w, https:\/\/www.femexrobotica.org\/tmr2017\/wp-content\/uploads\/juniorsoccer-06-300x169.jpg 300w\" sizes=\"(max-width: 640px) 100vw, 640px\" \/><\/li>\n                <li style=\"display: none; width: 100%;\" class=\"slide-348 ms-image \" aria-roledescription=\"slide\" data-date=\"2016-11-28 05:21:25\" data-filename=\"juniorsoccer-01.jpg\" data-slide-type=\"image\"><img width=\"640\" height=\"360\" src=\"https:\/\/www.femexrobotica.org\/tmr2017\/wp-content\/uploads\/juniorsoccer-01.jpg\" class=\"slider-401 slide-348 msDefaultImage\" alt=\"\" loading=\"lazy\" rel=\"\" title=\"\" srcset=\"https:\/\/www.femexrobotica.org\/tmr2017\/wp-content\/uploads\/juniorsoccer-01.jpg 640w, https:\/\/www.femexrobotica.org\/tmr2017\/wp-content\/uploads\/juniorsoccer-01-300x169.jpg 300w\" sizes=\"(max-width: 640px) 100vw, 640px\" \/><\/li>\n                <li style=\"display: none; width: 100%;\" class=\"slide-349 ms-image \" aria-roledescription=\"slide\" data-date=\"2016-11-28 05:21:27\" data-filename=\"juniorsoccer-02.jpg\" data-slide-type=\"image\"><img width=\"640\" height=\"360\" src=\"https:\/\/www.femexrobotica.org\/tmr2017\/wp-content\/uploads\/juniorsoccer-02.jpg\" class=\"slider-401 slide-349 msDefaultImage\" alt=\"\" loading=\"lazy\" rel=\"\" title=\"\" srcset=\"https:\/\/www.femexrobotica.org\/tmr2017\/wp-content\/uploads\/juniorsoccer-02.jpg 640w, https:\/\/www.femexrobotica.org\/tmr2017\/wp-content\/uploads\/juniorsoccer-02-300x169.jpg 300w\" sizes=\"(max-width: 640px) 100vw, 640px\" \/><\/li>\n                <li style=\"display: none; width: 100%;\" class=\"slide-352 ms-image \" aria-roledescription=\"slide\" data-date=\"2016-11-28 05:21:32\" data-filename=\"juniorsoccer-05.jpg\" data-slide-type=\"image\"><img width=\"640\" height=\"360\" src=\"https:\/\/www.femexrobotica.org\/tmr2017\/wp-content\/uploads\/juniorsoccer-05.jpg\" class=\"slider-401 slide-352 msDefaultImage\" alt=\"\" loading=\"lazy\" rel=\"\" title=\"\" srcset=\"https:\/\/www.femexrobotica.org\/tmr2017\/wp-content\/uploads\/juniorsoccer-05.jpg 640w, https:\/\/www.femexrobotica.org\/tmr2017\/wp-content\/uploads\/juniorsoccer-05-300x169.jpg 300w\" sizes=\"(max-width: 640px) 100vw, 640px\" \/><\/li>\n                <li style=\"display: none; width: 100%;\" class=\"slide-356 ms-image \" aria-roledescription=\"slide\" data-date=\"2016-11-28 05:21:40\" data-filename=\"juniorsoccer-09.jpg\" data-slide-type=\"image\"><img width=\"640\" height=\"360\" src=\"https:\/\/www.femexrobotica.org\/tmr2017\/wp-content\/uploads\/juniorsoccer-09.jpg\" class=\"slider-401 slide-356 msDefaultImage\" alt=\"\" loading=\"lazy\" rel=\"\" title=\"\" srcset=\"https:\/\/www.femexrobotica.org\/tmr2017\/wp-content\/uploads\/juniorsoccer-09.jpg 640w, https:\/\/www.femexrobotica.org\/tmr2017\/wp-content\/uploads\/juniorsoccer-09-300x169.jpg 300w\" sizes=\"(max-width: 640px) 100vw, 640px\" \/><\/li>\n                <li style=\"display: none; width: 100%;\" class=\"slide-351 ms-image \" aria-roledescription=\"slide\" data-date=\"2016-11-28 05:21:31\" data-filename=\"juniorsoccer-04.jpg\" data-slide-type=\"image\"><img width=\"640\" height=\"360\" src=\"https:\/\/www.femexrobotica.org\/tmr2017\/wp-content\/uploads\/juniorsoccer-04.jpg\" class=\"slider-401 slide-351 msDefaultImage\" alt=\"\" loading=\"lazy\" rel=\"\" title=\"\" srcset=\"https:\/\/www.femexrobotica.org\/tmr2017\/wp-content\/uploads\/juniorsoccer-04.jpg 640w, https:\/\/www.femexrobotica.org\/tmr2017\/wp-content\/uploads\/juniorsoccer-04-300x169.jpg 300w\" sizes=\"(max-width: 640px) 100vw, 640px\" \/><\/li>\n                <li style=\"display: none; width: 100%;\" class=\"slide-354 ms-image \" aria-roledescription=\"slide\" data-date=\"2016-11-28 05:21:36\" data-filename=\"juniorsoccer-07.jpg\" data-slide-type=\"image\"><img width=\"640\" height=\"360\" src=\"https:\/\/www.femexrobotica.org\/tmr2017\/wp-content\/uploads\/juniorsoccer-07.jpg\" class=\"slider-401 slide-354 msDefaultImage\" alt=\"\" loading=\"lazy\" rel=\"\" title=\"\" srcset=\"https:\/\/www.femexrobotica.org\/tmr2017\/wp-content\/uploads\/juniorsoccer-07.jpg 640w, https:\/\/www.femexrobotica.org\/tmr2017\/wp-content\/uploads\/juniorsoccer-07-300x169.jpg 300w\" sizes=\"(max-width: 640px) 100vw, 640px\" \/><\/li>\n                <li style=\"display: none; width: 100%;\" class=\"slide-350 ms-image \" aria-roledescription=\"slide\" data-date=\"2016-11-28 05:21:29\" data-filename=\"juniorsoccer-03.jpg\" data-slide-type=\"image\"><img width=\"640\" height=\"360\" src=\"https:\/\/www.femexrobotica.org\/tmr2017\/wp-content\/uploads\/juniorsoccer-03.jpg\" class=\"slider-401 slide-350 msDefaultImage\" alt=\"\" loading=\"lazy\" rel=\"\" title=\"\" srcset=\"https:\/\/www.femexrobotica.org\/tmr2017\/wp-content\/uploads\/juniorsoccer-03.jpg 640w, https:\/\/www.femexrobotica.org\/tmr2017\/wp-content\/uploads\/juniorsoccer-03-300x169.jpg 300w\" sizes=\"(max-width: 640px) 100vw, 640px\" \/><\/li>\n            <\/ul>\n        <\/div>\n        \n    <\/div>\n<\/div>\n<p>Dentro de esta categor\u00eda de competencia se tienen tres subligas:<\/p>\n<ul>\n<li>Light Weight League \u2013 Primary<\/li>\n<li>Light Weight League \u2013 Secondary<\/li>\n<li>Open<\/li>\n<\/ul>\n<h3>Responsables<\/h3>\n<ul>\n<li>Responsable t\u00e9cnico:\n<ul>\n<li><a href=\"mailto:javier_687@hotmail.com\">Javier Enrique Delgado<\/a><\/li>\n<\/ul>\n<\/li>\n<\/ul>\n<h3>Reglas<\/h3>\n<p>Las reglas para la competencia de <em>RoboCupJunior Soccer<\/em> se encuentran publicadas en el sitio internacional de <em>RoboCupJunior<\/em>.<\/p>\n<p>Estas reglas se pueden consultar en: <a href=\"http:\/\/rcj.robocup.org\/soccer.html\" target=\"_blank\">http:\/\/rcj.robocup.org\/soccer.html<\/a>. Toma en cuenta que los comit\u00e9s internacionales se encuentran en el proceso de revisi\u00f3n de las reglas, por lo que conviene que revises peri\u00f3dicamente para enterarte si hubo alguna actualizaci\u00f3n.<\/p>\n<p>&nbsp;<\/p>\n<h3>Restricciones<\/h3>\n<p>Los equipos deber\u00e1n conformarse con al menos 2 miembros y hasta un m\u00e1ximo de 5.<\/p>\n<p>Cada concursante s\u00f3lo puede estar inscrito en 1 \u00fanico equipo, subliga y liga en todo <em>RoboCupJunior<\/em>.<\/p>\n<p>La edad se considera al 1<sup>o<\/sup> de julio de cada a\u00f1o para el mundial <em>RoboCup<\/em>, y por lo tanto tambi\u00e9n para el <em>Torneo Mexicano de Rob\u00f3tica<\/em><sup>\u00ae<\/sup>.<\/p>\n<p>&nbsp;<\/p>\n<h3>L\u00edmites de equipos por instituci\u00f3n<\/h3>\n<p>Cada instituci\u00f3n puede registrar el siguiente n\u00famero de equipos por cada Categor\u00eda Junior:<\/p>\n<ul>\n<li>M\u00e1ximo 1 equipo por sub-liga en la Categor\u00eda de Rescue (m\u00e1ximo 3 por instituci\u00f3n para Rescue)<\/li>\n<li>M\u00e1ximo 2 equipos por sub-liga en la Categor\u00eda de Soccer (m\u00e1ximo 6 por instituci\u00f3n para Soccer)<\/li>\n<li>M\u00e1ximo 2 equipos por sub-liga en la Categor\u00eda de OnStage (m\u00e1ximo 4 por instituci\u00f3n para OnStage)<\/li>\n<li>No se limitar\u00e1 el n\u00famero de equipos en CoSpace<\/li>\n<li>La instituci\u00f3n que haya obtenido el primer lugar en cada subcategor\u00eda del torneo pasado (TMR2016) y haya enviado su reporte de participaci\u00f3n en RoboCup Leipzig obtiene el derecho a registrar un equipo m\u00e1s en esa misma subcategor\u00eda. Debe dar de alta el equipo adicional y sus miembros, y antes de concluir el pre-registro enviar un correo a <a href=\"mailto:regtmr@femexrobotica.org\">regtmr@femexrobotica.org<\/a> indicando el nombre del equipo que desea que se le aplique este derecho.<\/li>\n<\/ul>\n<p>&nbsp;<\/p>\n<h3>Categor\u00edas de edad<\/h3>\n<ul>\n<li><strong><em>Lightweight Primary<\/em><\/strong>: en caso de que todos los miembros del equipo tengan entre 11 y 14 a\u00f1os de edad (inclusive). Esto implica haber nacido entre el 02\/jul\/2002 y el 01\/jul\/2006.<\/li>\n<li><strong><em>Lightweight Secondary<\/em><\/strong>: para los equipos con miembros entre 11 y 19 a\u00f1os de edad (inclusive). Esto implica haber nacido entre el 02\/jul\/1997 y el 01\/jul\/2006.<\/li>\n<li><strong><em>Open<\/em><\/strong>: para los equipos con miembros entre 11 y 19 a\u00f1os de edad (inclusive). Esto implica haber nacido entre el 02\/jul\/1997 y el 01\/jul\/2006.<\/li>\n<\/ul>\n","protected":false},"excerpt":{"rendered":"<p>RoboCupJunior Soccer RoboCupJunior Soccer es una iniciativa educativa enfocada a estudiantes de primaria, secundaria y preparatoria, as\u00ed como a estudiantes universitarios iniciales. En \u00e9sta, equipos de 2 contra 2 robots m\u00f3viles aut\u00f3nomos juegan partidos en una cancha cerrada de minifutbol, buscando una pelota y tratando de enviarla a la porter\u00eda que les corresponda, o bien [&hellip;]<\/p>\n","protected":false},"author":1,"featured_media":0,"parent":0,"menu_order":0,"comment_status":"closed","ping_status":"closed","template":"","meta":[],"_links":{"self":[{"href":"https:\/\/www.femexrobotica.org\/tmr2017\/wp-json\/wp\/v2\/pages\/65"}],"collection":[{"href":"https:\/\/www.femexrobotica.org\/tmr2017\/wp-json\/wp\/v2\/pages"}],"about":[{"href":"https:\/\/www.femexrobotica.org\/tmr2017\/wp-json\/wp\/v2\/types\/page"}],"author":[{"embeddable":true,"href":"https:\/\/www.femexrobotica.org\/tmr2017\/wp-json\/wp\/v2\/users\/1"}],"replies":[{"embeddable":true,"href":"https:\/\/www.femexrobotica.org\/tmr2017\/wp-json\/wp\/v2\/comments?post=65"}],"version-history":[{"count":16,"href":"https:\/\/www.femexrobotica.org\/tmr2017\/wp-json\/wp\/v2\/pages\/65\/revisions"}],"predecessor-version":[{"id":824,"href":"https:\/\/www.femexrobotica.org\/tmr2017\/wp-json\/wp\/v2\/pages\/65\/revisions\/824"}],"wp:attachment":[{"href":"https:\/\/www.femexrobotica.org\/tmr2017\/wp-json\/wp\/v2\/media?parent=65"}],"curies":[{"name":"wp","href":"https:\/\/api.w.org\/{rel}","templated":true}]}}