{"id":63,"date":"2016-11-15T00:00:44","date_gmt":"2016-11-15T06:00:44","guid":{"rendered":"http:\/\/www.femexrobotica.org\/tmr2017\/?page_id=63"},"modified":"2017-02-20T21:12:05","modified_gmt":"2017-02-21T03:12:05","slug":"rcj-rescue","status":"publish","type":"page","link":"https:\/\/www.femexrobotica.org\/tmr2017\/rcj-rescue\/","title":{"rendered":"RoboCupJunior Rescue"},"content":{"rendered":"<h2>RoboCupJunior Rescue<\/h2>\n<p><em>RoboCupJunior Rescue<\/em> es una iniciativa educativa enfocada a estudiantes de primaria, secundaria y preparatoria, as\u00ed como estudiantes universitarios a trabajar con un robot que debe sortear diversos obst\u00e1culos de forma aut\u00f3noma para realizar actividades de rescate.<\/p>\n<p>El escenario se basa en un \u00e1rea que es demasiado peligrosa para que los humanos puedan rescatar a las v\u00edctimas de un desastre natural; por lo que se le ha dado la tarea m\u00e1s dif\u00edcil a un robot. Este debe ser capaz de llevar a cabo la misi\u00f3n de rescate en modo totalmente aut\u00f3nomo sin intervenci\u00f3n humana. El robot debe ser fuerte y lo suficientemente inteligente como para navegar a trav\u00e9s de un terreno peligroso con colinas, terrenos irregulares y escombros sin atascarse.<\/p>\n<div id=\"metaslider-id-400\" style=\"width: 100%; margin: 0 auto;\" class=\"ml-slider-3-109-0 metaslider metaslider-flex metaslider-400 ml-slider ms-theme-default nav-hidden\" role=\"region\" aria-label=\"juniorrescue\" data-height=\"360\" data-width=\"640\">\n    <div id=\"metaslider_container_400\">\n        <div id=\"metaslider_400\">\n            <ul class='slides'>\n                <li style=\"display: block; width: 100%;\" class=\"slide-347 ms-image \" aria-roledescription=\"slide\" data-date=\"2016-11-28 05:21:22\" data-filename=\"juniorrescue-06.jpg\" data-slide-type=\"image\"><img width=\"640\" height=\"360\" src=\"https:\/\/www.femexrobotica.org\/tmr2017\/wp-content\/uploads\/juniorrescue-06.jpg\" class=\"slider-400 slide-347 msDefaultImage\" alt=\"\" loading=\"lazy\" rel=\"\" title=\"\" srcset=\"https:\/\/www.femexrobotica.org\/tmr2017\/wp-content\/uploads\/juniorrescue-06.jpg 640w, https:\/\/www.femexrobotica.org\/tmr2017\/wp-content\/uploads\/juniorrescue-06-300x169.jpg 300w\" sizes=\"(max-width: 640px) 100vw, 640px\" \/><\/li>\n                <li style=\"display: none; width: 100%;\" class=\"slide-344 ms-image \" aria-roledescription=\"slide\" data-date=\"2016-11-28 05:21:17\" data-filename=\"juniorrescue-03.jpg\" data-slide-type=\"image\"><img width=\"640\" height=\"360\" src=\"https:\/\/www.femexrobotica.org\/tmr2017\/wp-content\/uploads\/juniorrescue-03.jpg\" class=\"slider-400 slide-344 msDefaultImage\" alt=\"\" loading=\"lazy\" rel=\"\" title=\"\" srcset=\"https:\/\/www.femexrobotica.org\/tmr2017\/wp-content\/uploads\/juniorrescue-03.jpg 640w, https:\/\/www.femexrobotica.org\/tmr2017\/wp-content\/uploads\/juniorrescue-03-300x169.jpg 300w\" sizes=\"(max-width: 640px) 100vw, 640px\" \/><\/li>\n                <li style=\"display: none; width: 100%;\" class=\"slide-342 ms-image \" aria-roledescription=\"slide\" data-date=\"2016-11-28 05:21:14\" data-filename=\"juniorrescue-01.jpg\" data-slide-type=\"image\"><img width=\"640\" height=\"360\" src=\"https:\/\/www.femexrobotica.org\/tmr2017\/wp-content\/uploads\/juniorrescue-01.jpg\" class=\"slider-400 slide-342 msDefaultImage\" alt=\"\" loading=\"lazy\" rel=\"\" title=\"\" srcset=\"https:\/\/www.femexrobotica.org\/tmr2017\/wp-content\/uploads\/juniorrescue-01.jpg 640w, https:\/\/www.femexrobotica.org\/tmr2017\/wp-content\/uploads\/juniorrescue-01-300x169.jpg 300w\" sizes=\"(max-width: 640px) 100vw, 640px\" \/><\/li>\n                <li style=\"display: none; width: 100%;\" class=\"slide-343 ms-image \" aria-roledescription=\"slide\" data-date=\"2016-11-28 05:21:16\" data-filename=\"juniorrescue-02.jpg\" data-slide-type=\"image\"><img width=\"640\" height=\"360\" src=\"https:\/\/www.femexrobotica.org\/tmr2017\/wp-content\/uploads\/juniorrescue-02.jpg\" class=\"slider-400 slide-343 msDefaultImage\" alt=\"\" loading=\"lazy\" rel=\"\" title=\"\" srcset=\"https:\/\/www.femexrobotica.org\/tmr2017\/wp-content\/uploads\/juniorrescue-02.jpg 640w, https:\/\/www.femexrobotica.org\/tmr2017\/wp-content\/uploads\/juniorrescue-02-300x169.jpg 300w\" sizes=\"(max-width: 640px) 100vw, 640px\" \/><\/li>\n                <li style=\"display: none; width: 100%;\" class=\"slide-346 ms-image \" aria-roledescription=\"slide\" data-date=\"2016-11-28 05:21:21\" data-filename=\"juniorrescue-05.jpg\" data-slide-type=\"image\"><img width=\"640\" height=\"360\" src=\"https:\/\/www.femexrobotica.org\/tmr2017\/wp-content\/uploads\/juniorrescue-05.jpg\" class=\"slider-400 slide-346 msDefaultImage\" alt=\"\" loading=\"lazy\" rel=\"\" title=\"\" srcset=\"https:\/\/www.femexrobotica.org\/tmr2017\/wp-content\/uploads\/juniorrescue-05.jpg 640w, https:\/\/www.femexrobotica.org\/tmr2017\/wp-content\/uploads\/juniorrescue-05-300x169.jpg 300w\" sizes=\"(max-width: 640px) 100vw, 640px\" \/><\/li>\n                <li style=\"display: none; width: 100%;\" class=\"slide-345 ms-image \" aria-roledescription=\"slide\" data-date=\"2016-11-28 05:21:19\" data-filename=\"juniorrescue-04.jpg\" data-slide-type=\"image\"><img width=\"640\" height=\"360\" src=\"https:\/\/www.femexrobotica.org\/tmr2017\/wp-content\/uploads\/juniorrescue-04.jpg\" class=\"slider-400 slide-345 msDefaultImage\" alt=\"\" loading=\"lazy\" rel=\"\" title=\"\" srcset=\"https:\/\/www.femexrobotica.org\/tmr2017\/wp-content\/uploads\/juniorrescue-04.jpg 640w, https:\/\/www.femexrobotica.org\/tmr2017\/wp-content\/uploads\/juniorrescue-04-300x169.jpg 300w\" sizes=\"(max-width: 640px) 100vw, 640px\" \/><\/li>\n            <\/ul>\n        <\/div>\n        \n    <\/div>\n<\/div>\n<p>Se cuenta con dos modalidades:<\/p>\n<ul>\n<li>Rescue Line (Rescate de L\u00ednea): Cuando el robot finalmente encuentra a las v\u00edctimas, tiene que transportarlas con mucho cuidado hasta el punto de evacuaci\u00f3n para que los humanos puedan atenderlas.<\/li>\n<\/ul>\n<p><img loading=\"lazy\" class=\"aligncenter wp-image-613\" src=\"https:\/\/www.femexrobotica.org\/tmr2017\/wp-content\/uploads\/RoboCupJuniorRescueLine2016-300x146.png\" alt=\"robocupjuniorrescueline2016\" width=\"500\" height=\"243\" srcset=\"https:\/\/www.femexrobotica.org\/tmr2017\/wp-content\/uploads\/RoboCupJuniorRescueLine2016-300x146.png 300w, https:\/\/www.femexrobotica.org\/tmr2017\/wp-content\/uploads\/RoboCupJuniorRescueLine2016-768x373.png 768w, https:\/\/www.femexrobotica.org\/tmr2017\/wp-content\/uploads\/RoboCupJuniorRescueLine2016-1024x498.png 1024w, https:\/\/www.femexrobotica.org\/tmr2017\/wp-content\/uploads\/RoboCupJuniorRescueLine2016.png 1025w\" sizes=\"(max-width: 500px) 100vw, 500px\" \/><\/p>\n<p>&nbsp;<\/p>\n<ul>\n<li>Rescue Maze (Rescate en Laberinto): Cuando el robot finalmente encuentra a las v\u00edctimas, tiene que proporcionarles un equipo de ayuda y un localizador, para que los humanos puedan tomar las riendas y terminar el trabajo.<\/li>\n<\/ul>\n<p style=\"text-align: center;\"><img loading=\"lazy\" class=\"alignnone wp-image-614\" src=\"https:\/\/www.femexrobotica.org\/tmr2017\/wp-content\/uploads\/RoboCupJuniorRescueMaze2016-300x273.png\" alt=\"robocupjuniorrescuemaze2016\" width=\"400\" height=\"365\" srcset=\"https:\/\/www.femexrobotica.org\/tmr2017\/wp-content\/uploads\/RoboCupJuniorRescueMaze2016-300x273.png 300w, https:\/\/www.femexrobotica.org\/tmr2017\/wp-content\/uploads\/RoboCupJuniorRescueMaze2016.png 667w\" sizes=\"(max-width: 400px) 100vw, 400px\" \/><\/p>\n<h3>Responsables<\/h3>\n<ul>\n<li>Responsable t\u00e9cnico:\n<ul>\n<li><a href=\"mailto:rbonilla@mytech.zone\">Roberto Bonilla<\/a><\/li>\n<\/ul>\n<\/li>\n<\/ul>\n<h3>Reglas<\/h3>\n<p>Las reglas para la competencia de <em>RoboCupJunior<\/em><em>\u00a0Rescue<\/em>\u00a0se encuentran publicadas en el sitio internacional de <em>RoboCupJunior<\/em>.<\/p>\n<p>Estas reglas se pueden consultar en: <a href=\"http:\/\/rcj.robocup.org\/rescue.html\" target=\"_blank\">http:\/\/rcj.robocup.org\/rescue.html<\/a>. Toma en cuenta que los comit\u00e9s internacionales se encuentran en el proceso de revisi\u00f3n de las reglas, por lo que conviene que revises peri\u00f3dicamente para enterarte si hubo alguna actualizaci\u00f3n.<\/p>\n<p>&nbsp;<\/p>\n<h3>Restricciones<\/h3>\n<p>Los equipos deber\u00e1n conformarse con al menos 2 miembros y hasta un m\u00e1ximo de 5.<\/p>\n<p>Cada concursante s\u00f3lo puede estar inscrito en 1 \u00fanico equipo, subliga y liga en todo <em>RoboCupJunior<\/em>.<\/p>\n<p>La edad se considera al 1<sup>o<\/sup> de julio de cada a\u00f1o para el mundial <em>RoboCup<\/em>, y por lo tanto tambi\u00e9n para el <em>Torneo Mexicano de Rob\u00f3tica<\/em><sup>\u00ae<\/sup>.<\/p>\n<p>&nbsp;<\/p>\n<h3>L\u00edmites de equipos por instituci\u00f3n<\/h3>\n<p>Cada instituci\u00f3n puede registrar el siguiente n\u00famero de equipos por cada Categor\u00eda Junior:<\/p>\n<ul>\n<li>M\u00e1ximo 1 equipo por sub-liga en la Categor\u00eda de Rescue (m\u00e1ximo 3 por instituci\u00f3n para Rescue)<\/li>\n<li>M\u00e1ximo 2 equipos por sub-liga en la Categor\u00eda de Soccer (m\u00e1ximo 6 por instituci\u00f3n para Soccer)<\/li>\n<li>M\u00e1ximo 2 equipos por sub-liga en la Categor\u00eda de OnStage (m\u00e1ximo 4 por instituci\u00f3n para OnStage)<\/li>\n<li>No se limitar\u00e1 el n\u00famero de equipos en CoSpace<\/li>\n<li>La instituci\u00f3n que haya obtenido el primer lugar en cada subcategor\u00eda del torneo pasado (TMR2016) y haya enviado su reporte de participaci\u00f3n en RoboCup Leipzig obtiene el derecho a registrar un equipo m\u00e1s en esa misma subcategor\u00eda. Debe dar de alta el equipo adicional y sus miembros, y antes de concluir el pre-registro enviar un correo a <a href=\"mailto:regtmr@femexrobotica.org\">regtmr@femexrobotica.org<\/a> indicando el nombre del equipo que desea que se le aplique este derecho.<\/li>\n<\/ul>\n<p>&nbsp;<\/p>\n<h3>Categor\u00edas de edad<\/h3>\n<ul>\n<li><strong><em>Line Primary<\/em><\/strong>: en caso de que todos los miembros del equipo tengan entre 11 y 14 a\u00f1os de edad (inclusive). Esto implica haber nacido entre el 02\/jul\/2002 y el 01\/jul\/2006.\u00a0<strong>Esta categor\u00eda es \u00fanicamente a nivel nacional y NO otorga el derecho a participar en la competencia de RoboCupJunior Internacional.<\/strong><\/li>\n<li><strong><em>Line Secondary<\/em><\/strong>: para los equipos con miembros entre 11 y 19 a\u00f1os de edad (inclusive). Esto implica haber nacido entre el 02\/jul\/1997 y el 01\/jul\/2006.<\/li>\n<li><strong><em>Maze<\/em><\/strong>: para los equipos con miembros entre 11 y 19 a\u00f1os de edad (inclusive). Esto implica haber nacido entre el 02\/jul\/1997 y el 01\/jul\/2006.<\/li>\n<\/ul>\n","protected":false},"excerpt":{"rendered":"<p>RoboCupJunior Rescue RoboCupJunior Rescue es una iniciativa educativa enfocada a estudiantes de primaria, secundaria y preparatoria, as\u00ed como estudiantes universitarios a trabajar con un robot que debe sortear diversos obst\u00e1culos de forma aut\u00f3noma para realizar actividades de rescate. El escenario se basa en un \u00e1rea que es demasiado peligrosa para que los humanos puedan rescatar [&hellip;]<\/p>\n","protected":false},"author":1,"featured_media":0,"parent":0,"menu_order":0,"comment_status":"closed","ping_status":"closed","template":"","meta":[],"_links":{"self":[{"href":"https:\/\/www.femexrobotica.org\/tmr2017\/wp-json\/wp\/v2\/pages\/63"}],"collection":[{"href":"https:\/\/www.femexrobotica.org\/tmr2017\/wp-json\/wp\/v2\/pages"}],"about":[{"href":"https:\/\/www.femexrobotica.org\/tmr2017\/wp-json\/wp\/v2\/types\/page"}],"author":[{"embeddable":true,"href":"https:\/\/www.femexrobotica.org\/tmr2017\/wp-json\/wp\/v2\/users\/1"}],"replies":[{"embeddable":true,"href":"https:\/\/www.femexrobotica.org\/tmr2017\/wp-json\/wp\/v2\/comments?post=63"}],"version-history":[{"count":24,"href":"https:\/\/www.femexrobotica.org\/tmr2017\/wp-json\/wp\/v2\/pages\/63\/revisions"}],"predecessor-version":[{"id":825,"href":"https:\/\/www.femexrobotica.org\/tmr2017\/wp-json\/wp\/v2\/pages\/63\/revisions\/825"}],"wp:attachment":[{"href":"https:\/\/www.femexrobotica.org\/tmr2017\/wp-json\/wp\/v2\/media?parent=63"}],"curies":[{"name":"wp","href":"https:\/\/api.w.org\/{rel}","templated":true}]}}