{"id":61,"date":"2016-11-14T23:59:23","date_gmt":"2016-11-15T05:59:23","guid":{"rendered":"http:\/\/www.femexrobotica.org\/tmr2017\/?page_id=61"},"modified":"2017-02-21T17:20:17","modified_gmt":"2017-02-21T23:20:17","slug":"rcj-onstage","status":"publish","type":"page","link":"https:\/\/www.femexrobotica.org\/tmr2017\/rcj-onstage\/","title":{"rendered":"RoboCupJunior OnStage"},"content":{"rendered":"<h2>RoboCupJunior OnStage<\/h2>\n<p>La competencia <em>RoboCupJunior OnStage<\/em>, anteriormente llamada <em>RoboCupJunior Dance<\/em>, es una iniciativa enfocada para estudiantes de los niveles primaria, secundaria, preparatoria y universidad, para trabajar con robots que de manera aut\u00f3noma, desarrollen una presentaci\u00f3n creativa, arm\u00f3nica, innovadora con el uso de tecnolog\u00eda, que sea atractiva para la audiencia en un tiempo limitado.<\/p>\n<div id=\"metaslider-id-399\" style=\"width: 100%; margin: 0 auto;\" class=\"ml-slider-3-108-0 metaslider metaslider-flex metaslider-399 ml-slider ms-theme-default nav-hidden\" role=\"region\" aria-label=\"junioronstage\" data-height=\"360\" data-width=\"640\">\n    <div id=\"metaslider_container_399\">\n        <div id=\"metaslider_399\">\n            <ul class='slides'>\n                <li style=\"display: block; width: 100%;\" class=\"slide-340 ms-image \" aria-roledescription=\"slide\" data-date=\"2016-11-28 05:21:10\" data-filename=\"junioronstage-05.jpg\" data-slide-type=\"image\"><img width=\"640\" height=\"360\" src=\"https:\/\/www.femexrobotica.org\/tmr2017\/wp-content\/uploads\/junioronstage-05.jpg\" class=\"slider-399 slide-340 msDefaultImage\" alt=\"\" loading=\"lazy\" rel=\"\" title=\"\" srcset=\"https:\/\/www.femexrobotica.org\/tmr2017\/wp-content\/uploads\/junioronstage-05.jpg 640w, https:\/\/www.femexrobotica.org\/tmr2017\/wp-content\/uploads\/junioronstage-05-300x169.jpg 300w\" sizes=\"(max-width: 640px) 100vw, 640px\" \/><\/li>\n                <li style=\"display: none; width: 100%;\" class=\"slide-339 ms-image \" aria-roledescription=\"slide\" data-date=\"2016-11-28 05:21:08\" data-filename=\"junioronstage-04.jpg\" data-slide-type=\"image\"><img width=\"640\" height=\"360\" src=\"https:\/\/www.femexrobotica.org\/tmr2017\/wp-content\/uploads\/junioronstage-04.jpg\" class=\"slider-399 slide-339 msDefaultImage\" alt=\"\" loading=\"lazy\" rel=\"\" title=\"\" srcset=\"https:\/\/www.femexrobotica.org\/tmr2017\/wp-content\/uploads\/junioronstage-04.jpg 640w, https:\/\/www.femexrobotica.org\/tmr2017\/wp-content\/uploads\/junioronstage-04-300x169.jpg 300w\" sizes=\"(max-width: 640px) 100vw, 640px\" \/><\/li>\n                <li style=\"display: none; width: 100%;\" class=\"slide-338 ms-image \" aria-roledescription=\"slide\" data-date=\"2016-11-28 05:21:06\" data-filename=\"junioronstage-03.jpg\" data-slide-type=\"image\"><img width=\"640\" height=\"360\" src=\"https:\/\/www.femexrobotica.org\/tmr2017\/wp-content\/uploads\/junioronstage-03.jpg\" class=\"slider-399 slide-338 msDefaultImage\" alt=\"\" loading=\"lazy\" rel=\"\" title=\"\" srcset=\"https:\/\/www.femexrobotica.org\/tmr2017\/wp-content\/uploads\/junioronstage-03.jpg 640w, https:\/\/www.femexrobotica.org\/tmr2017\/wp-content\/uploads\/junioronstage-03-300x169.jpg 300w\" sizes=\"(max-width: 640px) 100vw, 640px\" \/><\/li>\n                <li style=\"display: none; width: 100%;\" class=\"slide-341 ms-image \" aria-roledescription=\"slide\" data-date=\"2016-11-28 05:21:12\" data-filename=\"junioronstage-06.jpg\" data-slide-type=\"image\"><img width=\"640\" height=\"360\" src=\"https:\/\/www.femexrobotica.org\/tmr2017\/wp-content\/uploads\/junioronstage-06.jpg\" class=\"slider-399 slide-341 msDefaultImage\" alt=\"\" loading=\"lazy\" rel=\"\" title=\"\" srcset=\"https:\/\/www.femexrobotica.org\/tmr2017\/wp-content\/uploads\/junioronstage-06.jpg 640w, https:\/\/www.femexrobotica.org\/tmr2017\/wp-content\/uploads\/junioronstage-06-300x169.jpg 300w\" sizes=\"(max-width: 640px) 100vw, 640px\" \/><\/li>\n                <li style=\"display: none; width: 100%;\" class=\"slide-336 ms-image \" aria-roledescription=\"slide\" data-date=\"2016-11-28 05:21:03\" data-filename=\"junioronstage-01.jpg\" data-slide-type=\"image\"><img width=\"640\" height=\"360\" src=\"https:\/\/www.femexrobotica.org\/tmr2017\/wp-content\/uploads\/junioronstage-01.jpg\" class=\"slider-399 slide-336 msDefaultImage\" alt=\"\" loading=\"lazy\" rel=\"\" title=\"\" srcset=\"https:\/\/www.femexrobotica.org\/tmr2017\/wp-content\/uploads\/junioronstage-01.jpg 640w, https:\/\/www.femexrobotica.org\/tmr2017\/wp-content\/uploads\/junioronstage-01-300x169.jpg 300w\" sizes=\"(max-width: 640px) 100vw, 640px\" \/><\/li>\n                <li style=\"display: none; width: 100%;\" class=\"slide-337 ms-image \" aria-roledescription=\"slide\" data-date=\"2016-11-28 05:21:05\" data-filename=\"junioronstage-02.jpg\" data-slide-type=\"image\"><img width=\"640\" height=\"360\" src=\"https:\/\/www.femexrobotica.org\/tmr2017\/wp-content\/uploads\/junioronstage-02.jpg\" class=\"slider-399 slide-337 msDefaultImage\" alt=\"\" loading=\"lazy\" rel=\"\" title=\"\" srcset=\"https:\/\/www.femexrobotica.org\/tmr2017\/wp-content\/uploads\/junioronstage-02.jpg 640w, https:\/\/www.femexrobotica.org\/tmr2017\/wp-content\/uploads\/junioronstage-02-300x169.jpg 300w\" sizes=\"(max-width: 640px) 100vw, 640px\" \/><\/li>\n            <\/ul>\n        <\/div>\n        \n    <\/div>\n<\/div>\n<p>&nbsp;<\/p>\n<h3>Responsables<\/h3>\n<ul>\n<li>Responsable t\u00e9cnico:\n<ul>\n<li><a href=\"mailto:norma.angelicasandoval@gmail.com\">Norma Ang\u00e9lica Gonz\u00e1lez<\/a><\/li>\n<\/ul>\n<\/li>\n<\/ul>\n<h3>Reglas<\/h3>\n<p>Las reglas para la competencia de O<em>nStage<\/em> se encuentran publicadas en el sitio internacional de <em>RoboCupJunior<\/em>.<\/p>\n<p>Estas reglas se pueden consultar en: <a href=\"http:\/\/rcj.robocup.org\/dance.html\" target=\"_blank\">http:\/\/rcj.robocup.org\/dance.html<\/a>. Tomen en cuenta que los comit\u00e9s internacionales se encuentran en el proceso de revisi\u00f3n de las reglas, por lo que conviene que consulten peri\u00f3dicamente el sitio, para saber si se realiz\u00f3 alguna actualizaci\u00f3n.<\/p>\n<p>&nbsp;<\/p>\n<h3>Restricciones<\/h3>\n<p>Los equipos deber\u00e1n conformarse con al menos 2 miembros y hasta un m\u00e1ximo de 5.<\/p>\n<p>Cada concursante s\u00f3lo puede estar inscrito en 1 \u00fanico equipo, subliga y liga en todo <em>RoboCupJunior<\/em>.<\/p>\n<p>La edad se considera al 1<sup>o<\/sup> de julio de cada a\u00f1o para el mundial <em>RoboCup<\/em>, y por lo tanto tambi\u00e9n para el <em>Torneo Mexicano de Rob\u00f3tica<\/em><sup>\u00ae<\/sup>.<\/p>\n<p>&nbsp;<\/p>\n<h3>L\u00edmites de equipos por instituci\u00f3n<\/h3>\n<p>Cada instituci\u00f3n puede registrar el siguiente n\u00famero de equipos por cada Categor\u00eda Junior:<\/p>\n<ul>\n<li>M\u00e1ximo 1 equipo por sub-liga en la Categor\u00eda de Rescue (m\u00e1ximo 3 por instituci\u00f3n para Rescue)<\/li>\n<li>M\u00e1ximo 2 equipos por sub-liga en la Categor\u00eda de Soccer (m\u00e1ximo 6 por instituci\u00f3n para Soccer)<\/li>\n<li>M\u00e1ximo 2 equipos por sub-liga en la Categor\u00eda de OnStage (m\u00e1ximo 4 por instituci\u00f3n para OnStage)<\/li>\n<li>No se limitar\u00e1 el n\u00famero de equipos en CoSpace<\/li>\n<li>La instituci\u00f3n que haya obtenido el primer lugar en cada subcategor\u00eda del torneo pasado (TMR2016) y haya enviado su reporte de participaci\u00f3n en RoboCup Leipzig obtiene el derecho a registrar un equipo m\u00e1s en esa misma subcategor\u00eda. Debe dar de alta el equipo adicional y sus miembros, y antes de concluir el pre-registro enviar un correo a <a href=\"mailto:regtmr@femexrobotica.org\">regtmr@femexrobotica.org<\/a> indicando el nombre del equipo que desea que se le aplique este derecho.<\/li>\n<\/ul>\n<p>&nbsp;<\/p>\n<h3>Categor\u00edas de edad<\/h3>\n<ul>\n<li><strong><em>Primary<\/em><\/strong>: en caso de que todos los miembros del equipo tengan entre 11 y 14 a\u00f1os de edad (inclusive). Esto implica haber nacido entre el 02\/jul\/2002 y el 01\/jul\/2006.<\/li>\n<li><strong><em>Secondary<\/em><\/strong>: para los equipos con miembros entre 11 y 19 a\u00f1os de edad (inclusive). Esto implica haber nacido entre el 02\/jul\/1997 y el 01\/jul\/2006.<\/li>\n<\/ul>\n","protected":false},"excerpt":{"rendered":"<p>RoboCupJunior OnStage La competencia RoboCupJunior OnStage, anteriormente llamada RoboCupJunior Dance, es una iniciativa enfocada para estudiantes de los niveles primaria, secundaria, preparatoria y universidad, para trabajar con robots que de manera aut\u00f3noma, desarrollen una presentaci\u00f3n creativa, arm\u00f3nica, innovadora con el uso de tecnolog\u00eda, que sea atractiva para la audiencia en un tiempo limitado. &nbsp; Responsables [&hellip;]<\/p>\n","protected":false},"author":1,"featured_media":0,"parent":0,"menu_order":0,"comment_status":"closed","ping_status":"closed","template":"","meta":[],"_links":{"self":[{"href":"https:\/\/www.femexrobotica.org\/tmr2017\/wp-json\/wp\/v2\/pages\/61"}],"collection":[{"href":"https:\/\/www.femexrobotica.org\/tmr2017\/wp-json\/wp\/v2\/pages"}],"about":[{"href":"https:\/\/www.femexrobotica.org\/tmr2017\/wp-json\/wp\/v2\/types\/page"}],"author":[{"embeddable":true,"href":"https:\/\/www.femexrobotica.org\/tmr2017\/wp-json\/wp\/v2\/users\/1"}],"replies":[{"embeddable":true,"href":"https:\/\/www.femexrobotica.org\/tmr2017\/wp-json\/wp\/v2\/comments?post=61"}],"version-history":[{"count":24,"href":"https:\/\/www.femexrobotica.org\/tmr2017\/wp-json\/wp\/v2\/pages\/61\/revisions"}],"predecessor-version":[{"id":832,"href":"https:\/\/www.femexrobotica.org\/tmr2017\/wp-json\/wp\/v2\/pages\/61\/revisions\/832"}],"wp:attachment":[{"href":"https:\/\/www.femexrobotica.org\/tmr2017\/wp-json\/wp\/v2\/media?parent=61"}],"curies":[{"name":"wp","href":"https:\/\/api.w.org\/{rel}","templated":true}]}}