{"id":47,"date":"2016-11-14T23:56:32","date_gmt":"2016-11-15T05:56:32","guid":{"rendered":"http:\/\/www.femexrobotica.org\/tmr2017\/?page_id=47"},"modified":"2017-02-23T14:16:24","modified_gmt":"2017-02-23T20:16:24","slug":"larc-sek","status":"publish","type":"page","link":"https:\/\/www.femexrobotica.org\/tmr2017\/larc-sek\/","title":{"rendered":"LARC Standard Educational Kits"},"content":{"rendered":"<h2>LARC Standard Educational Kits<\/h2>\n<p>El <em>Torneo Mexicano de Rob\u00f3tica<\/em><sup>\u00ae<\/sup> (<em>TMR<\/em>) est\u00e1 asociado a diversas competencias internacionales, entre las que est\u00e1 el <em>Latin American Robotics Competition<\/em> (<em>LARC<\/em>) de la IEEE. Anualmente, el\u00a0<em>TMR<\/em>\u00a0apoya al equipo ganador del <em>LARC Standard Educational Kits<\/em>\u00a0(<em>SEK<\/em>) para representar a M\u00e9xico en\u00a0el <em>Latin American Robotics Competition<\/em>.<\/p>\n<p>Dentro del <em>LARC<\/em>, cada dos a\u00f1os se propone un nuevo reto\u00a0basado en problemas reales y que se debe resolver de manera exclusiva con piezas oficiales de un \u00fanico kit est\u00e1ndar para desarrollo de robots. Entre los kits permitidos para esta competencia est\u00e1n:\u00a0LEGO, Vex, pETe y\u00a0FischerTechnik. Para mayores detalles consulta las reglas oficiales de esta competencia.<\/p>\n<p style=\"text-align: center;\"><div id=\"metaslider-id-403\" style=\"width: 100%; margin: 0 auto;\" class=\"ml-slider-3-109-0 metaslider metaslider-flex metaslider-403 ml-slider ms-theme-default nav-hidden\" role=\"region\" aria-label=\"larcsek\" data-height=\"360\" data-width=\"640\">\n    <div id=\"metaslider_container_403\">\n        <div id=\"metaslider_403\">\n            <ul class='slides'>\n                <li style=\"display: block; width: 100%;\" class=\"slide-362 ms-image \" aria-roledescription=\"slide\" data-date=\"2016-11-28 05:21:50\" data-filename=\"larcsek-04.jpg\" data-slide-type=\"image\"><img width=\"640\" height=\"360\" src=\"https:\/\/www.femexrobotica.org\/tmr2017\/wp-content\/uploads\/larcsek-04.jpg\" class=\"slider-403 slide-362 msDefaultImage\" alt=\"\" loading=\"lazy\" rel=\"\" title=\"\" srcset=\"https:\/\/www.femexrobotica.org\/tmr2017\/wp-content\/uploads\/larcsek-04.jpg 640w, https:\/\/www.femexrobotica.org\/tmr2017\/wp-content\/uploads\/larcsek-04-300x169.jpg 300w\" sizes=\"(max-width: 640px) 100vw, 640px\" \/><\/li>\n                <li style=\"display: none; width: 100%;\" class=\"slide-359 ms-image \" aria-roledescription=\"slide\" data-date=\"2016-11-28 05:21:46\" data-filename=\"larcsek-01.jpg\" data-slide-type=\"image\"><img width=\"640\" height=\"360\" src=\"https:\/\/www.femexrobotica.org\/tmr2017\/wp-content\/uploads\/larcsek-01.jpg\" class=\"slider-403 slide-359 msDefaultImage\" alt=\"\" loading=\"lazy\" rel=\"\" title=\"\" srcset=\"https:\/\/www.femexrobotica.org\/tmr2017\/wp-content\/uploads\/larcsek-01.jpg 640w, https:\/\/www.femexrobotica.org\/tmr2017\/wp-content\/uploads\/larcsek-01-300x169.jpg 300w\" sizes=\"(max-width: 640px) 100vw, 640px\" \/><\/li>\n                <li style=\"display: none; width: 100%;\" class=\"slide-363 ms-image \" aria-roledescription=\"slide\" data-date=\"2016-11-28 05:21:51\" data-filename=\"larcsek-05.jpg\" data-slide-type=\"image\"><img width=\"640\" height=\"360\" src=\"https:\/\/www.femexrobotica.org\/tmr2017\/wp-content\/uploads\/larcsek-05.jpg\" class=\"slider-403 slide-363 msDefaultImage\" alt=\"\" loading=\"lazy\" rel=\"\" title=\"\" srcset=\"https:\/\/www.femexrobotica.org\/tmr2017\/wp-content\/uploads\/larcsek-05.jpg 640w, https:\/\/www.femexrobotica.org\/tmr2017\/wp-content\/uploads\/larcsek-05-300x169.jpg 300w\" sizes=\"(max-width: 640px) 100vw, 640px\" \/><\/li>\n                <li style=\"display: none; width: 100%;\" class=\"slide-360 ms-image \" aria-roledescription=\"slide\" data-date=\"2016-11-28 05:21:47\" data-filename=\"larcsek-02.jpg\" data-slide-type=\"image\"><img width=\"640\" height=\"360\" src=\"https:\/\/www.femexrobotica.org\/tmr2017\/wp-content\/uploads\/larcsek-02.jpg\" class=\"slider-403 slide-360 msDefaultImage\" alt=\"\" loading=\"lazy\" rel=\"\" title=\"\" srcset=\"https:\/\/www.femexrobotica.org\/tmr2017\/wp-content\/uploads\/larcsek-02.jpg 640w, https:\/\/www.femexrobotica.org\/tmr2017\/wp-content\/uploads\/larcsek-02-300x169.jpg 300w\" sizes=\"(max-width: 640px) 100vw, 640px\" \/><\/li>\n                <li style=\"display: none; width: 100%;\" class=\"slide-361 ms-image \" aria-roledescription=\"slide\" data-date=\"2016-11-28 05:21:49\" data-filename=\"larcsek-03.jpg\" data-slide-type=\"image\"><img width=\"640\" height=\"360\" src=\"https:\/\/www.femexrobotica.org\/tmr2017\/wp-content\/uploads\/larcsek-03.jpg\" class=\"slider-403 slide-361 msDefaultImage\" alt=\"\" loading=\"lazy\" rel=\"\" title=\"\" srcset=\"https:\/\/www.femexrobotica.org\/tmr2017\/wp-content\/uploads\/larcsek-03.jpg 640w, https:\/\/www.femexrobotica.org\/tmr2017\/wp-content\/uploads\/larcsek-03-300x169.jpg 300w\" sizes=\"(max-width: 640px) 100vw, 640px\" \/><\/li>\n                <li style=\"display: none; width: 100%;\" class=\"slide-364 ms-image \" aria-roledescription=\"slide\" data-date=\"2016-11-28 05:21:53\" data-filename=\"larcsek-06.jpg\" data-slide-type=\"image\"><img width=\"640\" height=\"360\" src=\"https:\/\/www.femexrobotica.org\/tmr2017\/wp-content\/uploads\/larcsek-06.jpg\" class=\"slider-403 slide-364 msDefaultImage\" alt=\"\" loading=\"lazy\" rel=\"\" title=\"\" srcset=\"https:\/\/www.femexrobotica.org\/tmr2017\/wp-content\/uploads\/larcsek-06.jpg 640w, https:\/\/www.femexrobotica.org\/tmr2017\/wp-content\/uploads\/larcsek-06-300x169.jpg 300w\" sizes=\"(max-width: 640px) 100vw, 640px\" \/><\/li>\n            <\/ul>\n        <\/div>\n        \n    <\/div>\n<\/div><\/p>\n<p>&nbsp;<\/p>\n<h3>Responsables<\/h3>\n<ul>\n<li>Responsables t\u00e9cnicos:\n<ul>\n<li><a href=\"mailto:hectorsimon.vargas@upaep.mx\">H\u00e9ctor Sim\u00f3n Vargas<\/a><\/li>\n<li><a href=\"mailto:havilesa@upv.edu.mx\">H\u00e9ctor Hugo Avil\u00e9s<\/a><\/li>\n<\/ul>\n<\/li>\n<\/ul>\n<h3>Reglas<\/h3>\n<p>Debido a que el comit\u00e9 del <em>LARC<\/em>\u00a0a\u00fan no ha publicado las reglas del reto que se usar\u00e1 durante el 2017 y 2018,\u00a0y a la proximidad del <em>TMR2017<\/em>, se ha decidido que el reto de la categor\u00eda <em>LARC SEK<\/em> en el <em>Torneo Mexicano de Rob\u00f3tica<\/em><sup>\u00ae<\/sup> ser\u00e1 el mismo que se us\u00f3 para el 2015 y 2016. Aqu\u00ed puedes descargar las <a href=\"\/tmr2017\/wp-content\/uploads\/SEK_Rules_2015-2016_v22.pdf\" target=\"_blank\">reglas<\/a>.<\/p>\n<h3>Restricciones<\/h3>\n<p>Para participar\u00a0en <em>LARC SEK<\/em>, se pueden\u00a0inscribir equipos de m\u00e1ximo 4 personas. Los miembros del equipo\u00a0deben ser estudiantes de licenciatura o cualquier nivel de estudios previo.<\/p>\n<p>Los profesores que acompa\u00f1an al equipo y que desean contar con un diploma que reconozca su participaci\u00f3n en el evento podr\u00e1n inscribirse como <em>mentores<\/em>. El costo de inscripci\u00f3n de los mentores es el mismo que el de los concursantes. Debido a que <em>LARC SEK<\/em> es una competencia para estudiantes, a los <em>mentores<\/em> no se les asigna lugar en la mesa de trabajo del equipo y no tienen permitido ayudar a sus estudiantes durante la competencia.<\/p>\n","protected":false},"excerpt":{"rendered":"<p>LARC Standard Educational Kits El Torneo Mexicano de Rob\u00f3tica\u00ae (TMR) est\u00e1 asociado a diversas competencias internacionales, entre las que est\u00e1 el Latin American Robotics Competition (LARC) de la IEEE. Anualmente, el\u00a0TMR\u00a0apoya al equipo ganador del LARC Standard Educational Kits\u00a0(SEK) para representar a M\u00e9xico en\u00a0el Latin American Robotics Competition. Dentro del LARC, cada dos a\u00f1os se [&hellip;]<\/p>\n","protected":false},"author":1,"featured_media":0,"parent":0,"menu_order":0,"comment_status":"closed","ping_status":"closed","template":"","meta":[],"_links":{"self":[{"href":"https:\/\/www.femexrobotica.org\/tmr2017\/wp-json\/wp\/v2\/pages\/47"}],"collection":[{"href":"https:\/\/www.femexrobotica.org\/tmr2017\/wp-json\/wp\/v2\/pages"}],"about":[{"href":"https:\/\/www.femexrobotica.org\/tmr2017\/wp-json\/wp\/v2\/types\/page"}],"author":[{"embeddable":true,"href":"https:\/\/www.femexrobotica.org\/tmr2017\/wp-json\/wp\/v2\/users\/1"}],"replies":[{"embeddable":true,"href":"https:\/\/www.femexrobotica.org\/tmr2017\/wp-json\/wp\/v2\/comments?post=47"}],"version-history":[{"count":20,"href":"https:\/\/www.femexrobotica.org\/tmr2017\/wp-json\/wp\/v2\/pages\/47\/revisions"}],"predecessor-version":[{"id":837,"href":"https:\/\/www.femexrobotica.org\/tmr2017\/wp-json\/wp\/v2\/pages\/47\/revisions\/837"}],"wp:attachment":[{"href":"https:\/\/www.femexrobotica.org\/tmr2017\/wp-json\/wp\/v2\/media?parent=47"}],"curies":[{"name":"wp","href":"https:\/\/api.w.org\/{rel}","templated":true}]}}