{"id":41,"date":"2016-11-17T23:13:38","date_gmt":"2016-11-18T05:13:38","guid":{"rendered":"http:\/\/www.femexrobotica.org\/tmr2017\/?page_id=41"},"modified":"2017-03-12T23:36:03","modified_gmt":"2017-03-13T05:36:03","slug":"inicio","status":"publish","type":"page","link":"https:\/\/www.femexrobotica.org\/tmr2017\/","title":{"rendered":"Inicio"},"content":{"rendered":"<p>El <em>Torneo Mexicano de Rob\u00f3tica<\/em><sup>\u00ae<\/sup> (<em>TMR<\/em>) es la fiesta de la rob\u00f3tica que re\u00fane a\u00f1o con a\u00f1o a participantes de todo el pa\u00eds. Es organizado por la <em>Federaci\u00f3n Mexicana de Rob\u00f3tica A.C.<\/em> (<em>FMR<\/em>) desde el a\u00f1o 2008 en colaboraci\u00f3n con algunas de las m\u00e1s importantes instituciones de educaci\u00f3n superior e investigaci\u00f3n del pa\u00eds.<\/p>\n<p>La sede para la novena edici\u00f3n del <em>TMR<\/em> es el <em>Colegio Crist\u00f3bal Col\u00f3n<\/em>, ubicado en Lomas Verdes, Estado de M\u00e9xico.<\/p>\n<p>El <em>TMR<\/em> est\u00e1 formado por diferentes categor\u00edas de competencia entre las que se encuentran: <em>LARC Standard Educational Kits<\/em> (<em>SEK<\/em>), <em>LARC Open Challenge<\/em>, <em>Robots Limpiadores de Playa<\/em>, <em>RoboCupJunior Soccer<\/em>, <em>RoboCupJunior Rescue<\/em>, <em>RoboCupJunior OnStage<\/em>, <em>RoboCupJunior Rescue CoSpace<\/em>, <em>RoboCup@Home<\/em>,\u00a0<em>RoboCup Humanoid KidSize<\/em>, <em>RoboCup Major Rescue<\/em>, <em>RoboCup Standard Platform League<\/em>\u00a0y este a\u00f1o se a\u00f1ade <em>Drones Aut\u00f3nomos<\/em>.<\/p>\n<p>Est\u00e1n todos ustedes invitados a participar y les deseamos \u00e9xito en su proyecto.<\/p>\n<p style=\"text-align: center;\"><div id=\"metaslider-id-508\" style=\"width: 100%; margin: 0 auto;\" class=\"ml-slider-3-109-0 metaslider metaslider-flex metaslider-508 ml-slider ms-theme-default nav-hidden\" role=\"region\" aria-label=\"portada2\" data-height=\"360\" data-width=\"640\">\n    <div id=\"metaslider_container_508\">\n        <div id=\"metaslider_508\">\n            <ul class='slides'>\n                <li style=\"display: block; width: 100%;\" class=\"slide-510 ms-image \" aria-roledescription=\"slide\" data-date=\"2016-11-30 02:49:11\" data-filename=\"slider-trabajando_en_robot.jpg\" data-slide-type=\"image\"><img width=\"640\" height=\"360\" src=\"https:\/\/www.femexrobotica.org\/tmr2017\/wp-content\/uploads\/slider-trabajando_en_robot.jpg\" class=\"slider-508 slide-510 msDefaultImage\" alt=\"\" loading=\"lazy\" rel=\"\" title=\"\" srcset=\"https:\/\/www.femexrobotica.org\/tmr2017\/wp-content\/uploads\/slider-trabajando_en_robot.jpg 640w, https:\/\/www.femexrobotica.org\/tmr2017\/wp-content\/uploads\/slider-trabajando_en_robot-300x169.jpg 300w\" sizes=\"(max-width: 640px) 100vw, 640px\" \/><div class=\"caption-wrap\"><div class=\"caption\">Ven y demuestra lo que eres capaz de hacer<\/div><\/div><\/li>\n                <li style=\"display: none; width: 100%;\" class=\"slide-513 ms-image \" aria-roledescription=\"slide\" data-date=\"2016-11-30 02:55:47\" data-filename=\"slider-robot_ganador.jpg\" data-slide-type=\"image\"><img width=\"1280\" height=\"720\" src=\"https:\/\/www.femexrobotica.org\/tmr2017\/wp-content\/uploads\/slider-robot_ganador.jpg\" class=\"slider-508 slide-513 msDefaultImage\" alt=\"\" loading=\"lazy\" rel=\"\" title=\"\" srcset=\"https:\/\/www.femexrobotica.org\/tmr2017\/wp-content\/uploads\/slider-robot_ganador.jpg 1280w, https:\/\/www.femexrobotica.org\/tmr2017\/wp-content\/uploads\/slider-robot_ganador-300x169.jpg 300w, https:\/\/www.femexrobotica.org\/tmr2017\/wp-content\/uploads\/slider-robot_ganador-768x432.jpg 768w, https:\/\/www.femexrobotica.org\/tmr2017\/wp-content\/uploads\/slider-robot_ganador-1024x576.jpg 1024w\" sizes=\"(max-width: 1280px) 100vw, 1280px\" \/><div class=\"caption-wrap\"><div class=\"caption\">Ven y demuestra lo que eres capaz de hacer<\/div><\/div><\/li>\n            <\/ul>\n        <\/div>\n        \n    <\/div>\n<\/div><\/p>\n","protected":false},"excerpt":{"rendered":"<p>El Torneo Mexicano de Rob\u00f3tica\u00ae (TMR) es la fiesta de la rob\u00f3tica que re\u00fane a\u00f1o con a\u00f1o a participantes de todo el pa\u00eds. Es organizado por la Federaci\u00f3n Mexicana de Rob\u00f3tica A.C. (FMR) desde el a\u00f1o 2008 en colaboraci\u00f3n con algunas de las m\u00e1s importantes instituciones de educaci\u00f3n superior e investigaci\u00f3n del pa\u00eds. La sede [&hellip;]<\/p>\n","protected":false},"author":1,"featured_media":0,"parent":0,"menu_order":0,"comment_status":"closed","ping_status":"closed","template":"","meta":[],"_links":{"self":[{"href":"https:\/\/www.femexrobotica.org\/tmr2017\/wp-json\/wp\/v2\/pages\/41"}],"collection":[{"href":"https:\/\/www.femexrobotica.org\/tmr2017\/wp-json\/wp\/v2\/pages"}],"about":[{"href":"https:\/\/www.femexrobotica.org\/tmr2017\/wp-json\/wp\/v2\/types\/page"}],"author":[{"embeddable":true,"href":"https:\/\/www.femexrobotica.org\/tmr2017\/wp-json\/wp\/v2\/users\/1"}],"replies":[{"embeddable":true,"href":"https:\/\/www.femexrobotica.org\/tmr2017\/wp-json\/wp\/v2\/comments?post=41"}],"version-history":[{"count":35,"href":"https:\/\/www.femexrobotica.org\/tmr2017\/wp-json\/wp\/v2\/pages\/41\/revisions"}],"predecessor-version":[{"id":1074,"href":"https:\/\/www.femexrobotica.org\/tmr2017\/wp-json\/wp\/v2\/pages\/41\/revisions\/1074"}],"wp:attachment":[{"href":"https:\/\/www.femexrobotica.org\/tmr2017\/wp-json\/wp\/v2\/media?parent=41"}],"curies":[{"name":"wp","href":"https:\/\/api.w.org\/{rel}","templated":true}]}}