{"id":325,"date":"2016-11-28T01:05:29","date_gmt":"2016-11-28T07:05:29","guid":{"rendered":"https:\/\/www.femexrobotica.org\/tmr2017\/?page_id=325"},"modified":"2017-03-16T04:03:09","modified_gmt":"2017-03-16T10:03:09","slug":"drones-autonomos","status":"publish","type":"page","link":"https:\/\/www.femexrobotica.org\/tmr2017\/drones-autonomos\/","title":{"rendered":"Drones Aut\u00f3nomos"},"content":{"rendered":"<h2>Drones Aut\u00f3nomos<\/h2>\n<p>El desarrollo de veh\u00edculos a\u00e9reos no tripulados, especialmente aquellos con arquitectura multi-rotor, conocidos popularmente como <em>drones<\/em> ha\u00a0crecido enormemente en los \u00faltimos a\u00f1os.<\/p>\n<p>Los desarrollos de autonom\u00eda para drones tienen aplicaciones en diversas \u00e1reas como exploraci\u00f3n y mapeo de terrenos, operaciones de b\u00fasqueda y rescate, vigilancia e incluso en las artes visuales.<\/p>\n<p>En el 2017, el TMR\u00a0inaugura la categor\u00eda de <em>Drones Aut\u00f3nomos<\/em> en la que se busca impulsar el desarrollo de todas las tecnolog\u00edas asociadas a este tipo de robots m\u00f3viles.<\/p>\n<p><center><br \/>\n<div style=\"width: 640px;\" class=\"wp-video\"><!--[if lt IE 9]><script>document.createElement('video');<\/script><![endif]-->\n<video class=\"wp-video-shortcode\" id=\"video-325-1\" width=\"640\" height=\"360\" poster=\"https:\/\/www.femexrobotica.org\/tmr2017\/wp-content\/uploads\/drones-tmr2016.png\" preload=\"metadata\" controls=\"controls\"><source type=\"video\/mp4\" src=\"https:\/\/www.femexrobotica.org\/tmr2017\/wp-content\/uploads\/drones-tmr2016-con-audio.mp4?_=1\" \/><a href=\"https:\/\/www.femexrobotica.org\/tmr2017\/wp-content\/uploads\/drones-tmr2016-con-audio.mp4\">https:\/\/www.femexrobotica.org\/tmr2017\/wp-content\/uploads\/drones-tmr2016-con-audio.mp4<\/a><\/video><\/div><\/p>\n<h3 style=\"text-align: left;\">Responsables<\/h3>\n<p>&nbsp;<\/p>\n<p>&nbsp;<\/p>\n<p><\/center><\/p>\n<ul>\n<li>Responsable t\u00e9cnico:\n<ul>\n<li><a href=\"mailto:carranza@inaoep.mx\">Jos\u00e9 Mart\u00ednez Carranza<\/a><\/li>\n<\/ul>\n<\/li>\n<\/ul>\n<h3>Reglas<\/h3>\n<p>Consulta las reglas de la categor\u00eda de Drones Aut\u00f3nomos en este <a href=\"\/tmr2017\/wp-content\/uploads\/ManualdeReglas_v20170314_logo.pdf\" target=\"_blank\">manual<\/a>\u00a0(actualizado al 14 de marzo de 2017).<\/p>\n<p>Adicionalmente, el siguiente video describe de manera visual los retos propuestos para la competencia.<\/p>\n<div style=\"width: 618px;\" class=\"wp-video\"><video class=\"wp-video-shortcode\" id=\"video-325-2\" width=\"618\" height=\"480\" poster=\"https:\/\/www.femexrobotica.org\/tmr2017\/wp-content\/uploads\/drones-portada.png\" preload=\"metadata\" controls=\"controls\"><source type=\"video\/mp4\" src=\"https:\/\/www.femexrobotica.org\/tmr2017\/wp-content\/uploads\/CategoriaDrones_v20170131.mp4?_=2\" \/><a href=\"https:\/\/www.femexrobotica.org\/tmr2017\/wp-content\/uploads\/CategoriaDrones_v20170131.mp4\">https:\/\/www.femexrobotica.org\/tmr2017\/wp-content\/uploads\/CategoriaDrones_v20170131.mp4<\/a><\/video><\/div>\n<h3>Restricciones<\/h3>\n<p>Para participar en <em>Drones Aut\u00f3nomos<\/em> se podr\u00e1n inscribir equipos con un m\u00e1ximo de 6 participantes. En esta primera edici\u00f3n de la categor\u00eda se admitir\u00e1 un m\u00e1ximo de 20 equipos.<\/p>\n<p>Los profesores que acompa\u00f1an al equipo y que desean contar con un diploma que reconozca su participaci\u00f3n en el evento, pero que no requieren que se les asigne lugar en la mesa de trabajo del equipo, podr\u00e1n inscribirse como mentores.\u00a0El costo de inscripci\u00f3n de los mentores es el mismo que el de los concursantes.<\/p>\n","protected":false},"excerpt":{"rendered":"<p>Drones Aut\u00f3nomos El desarrollo de veh\u00edculos a\u00e9reos no tripulados, especialmente aquellos con arquitectura multi-rotor, conocidos popularmente como drones ha\u00a0crecido enormemente en los \u00faltimos a\u00f1os. Los desarrollos de autonom\u00eda para drones tienen aplicaciones en diversas \u00e1reas como exploraci\u00f3n y mapeo de terrenos, operaciones de b\u00fasqueda y rescate, vigilancia e incluso en las artes visuales. En el [&hellip;]<\/p>\n","protected":false},"author":1,"featured_media":0,"parent":0,"menu_order":0,"comment_status":"closed","ping_status":"closed","template":"","meta":[],"_links":{"self":[{"href":"https:\/\/www.femexrobotica.org\/tmr2017\/wp-json\/wp\/v2\/pages\/325"}],"collection":[{"href":"https:\/\/www.femexrobotica.org\/tmr2017\/wp-json\/wp\/v2\/pages"}],"about":[{"href":"https:\/\/www.femexrobotica.org\/tmr2017\/wp-json\/wp\/v2\/types\/page"}],"author":[{"embeddable":true,"href":"https:\/\/www.femexrobotica.org\/tmr2017\/wp-json\/wp\/v2\/users\/1"}],"replies":[{"embeddable":true,"href":"https:\/\/www.femexrobotica.org\/tmr2017\/wp-json\/wp\/v2\/comments?post=325"}],"version-history":[{"count":22,"href":"https:\/\/www.femexrobotica.org\/tmr2017\/wp-json\/wp\/v2\/pages\/325\/revisions"}],"predecessor-version":[{"id":1152,"href":"https:\/\/www.femexrobotica.org\/tmr2017\/wp-json\/wp\/v2\/pages\/325\/revisions\/1152"}],"wp:attachment":[{"href":"https:\/\/www.femexrobotica.org\/tmr2017\/wp-json\/wp\/v2\/media?parent=325"}],"curies":[{"name":"wp","href":"https:\/\/api.w.org\/{rel}","templated":true}]}}