{"id":1189,"date":"2017-04-07T12:45:09","date_gmt":"2017-04-07T18:45:09","guid":{"rendered":"https:\/\/www.femexrobotica.org\/tmr2017\/?page_id=1189"},"modified":"2017-04-07T14:42:00","modified_gmt":"2017-04-07T20:42:00","slug":"resultados-junior","status":"publish","type":"page","link":"https:\/\/www.femexrobotica.org\/tmr2017\/resultados-junior\/","title":{"rendered":"Resultados Junior"},"content":{"rendered":"<h2>Resultados Categor\u00edas Junior<\/h2>\n<p>&nbsp;<\/p>\n<h3>RoboCupJunior Soccer Lightweight Primary<\/h3>\n<p><strong>Primer lugar:<\/strong>\u00a0Roboteens Cracks,\u00a0<em>Secretar\u00eda de Educaci\u00f3n de Nuevo Le\u00f3n<\/em><\/p>\n<p>&nbsp;<\/p>\n<h3>RoboCupJunior Soccer Lightweight Secondary<\/h3>\n<p><strong>Primer lugar:<\/strong>\u00a0ATOM,\u00a0<em>Colegio Internacional SEK<\/em><br \/>\n<strong>Segundo lugar:<\/strong>\u00a0Team Queen,\u00a0<em>Universidad Aut\u00f3noma de Nuevo Le\u00f3n &#8211; Centro de Investigaci\u00f3n y Desarrollo de Educaci\u00f3n Biling\u00fce (CIDEB)<\/em><br \/>\n<strong>Tercer lugar:<\/strong>\u00a0Sky Team,\u00a0<em>Intelirobot, Escuela de Rob\u00f3tica<\/em><\/p>\n<p>&nbsp;<\/p>\n<h3>RoboCupJunior Soccer Open<\/h3>\n<p><strong>Primer lugar:<\/strong>\u00a0Skynet,\u00a0<em>Instituto Anahuacalli<\/em><br \/>\n<strong>Segundo lugar:<\/strong>\u00a0RBL UTCAM SO,\u00a0<em>Universidad Tecnol\u00f3gica de Campeche<\/em><br \/>\n<strong>Tercer lugar:<\/strong>\u00a0chaBots,\u00a0<em>Intelirobot, Escuela de Rob\u00f3tica<\/em><\/p>\n<p>&nbsp;<\/p>\n<h3>RoboCupJunior OnStage Primary<\/h3>\n<p><strong>Primer\u00a0lugar:<\/strong>\u00a0ROBOTEENS POKEMON,\u00a0<em>Secretar\u00eda de Educaci\u00f3n de Nuevo Le\u00f3n &#8211; Escuela Secundaria T\u00e9cnica No.64<\/em><br \/>\n<strong>Segundo lugar:<\/strong>\u00a0Dream Bots,\u00a0<em>Secretar\u00eda de Educaci\u00f3n de Nuevo Le\u00f3n<\/em><br \/>\n<strong>Tercer lugar:<\/strong>\u00a0Roboteens Gaga,\u00a0<em>Secretar\u00eda de Educaci\u00f3n de Nuevo Le\u00f3n<\/em><br \/>\n<strong>Best Design &amp; Construction:<\/strong>\u00a0SUNRISE ROBOT,\u00a0<em>Secretar\u00eda de Educaci\u00f3n de Nuevo Le\u00f3n &#8211; Escuela Primaria &#8220;Luis Elizondo&#8221;<\/em><br \/>\n<strong>Best Programming:<\/strong>\u00a0hornoBots Ohms,\u00a0<em>horno 3, Museo del Acero A.C.<\/em><\/p>\n<p>&nbsp;<\/p>\n<h3>RoboCupJunior OnStage Secondary<\/h3>\n<p><strong>Primer lugar:<\/strong>\u00a0Team Kanto,\u00a0<em>Universidad Aut\u00f3noma de Nuevo Le\u00f3n &#8211; Centro de Investigaci\u00f3n y Desarrollo de Educaci\u00f3n Biling\u00fce (CIDEB)<\/em><br \/>\n<strong>Segundo lugar:<\/strong>\u00a0RoboRedSkins,\u00a0<em>Universidad Aut\u00f3noma de Nuevo Le\u00f3n &#8211; Preparatoria No. 7<\/em><br \/>\n<strong>Tercer lugar:<\/strong>\u00a0KASHILIBERS,\u00a0<em>Universidad Aut\u00f3noma de Nuevo Le\u00f3n &#8211; Preparatoria 25<\/em><br \/>\n<strong>Best Design &amp; Construction:<\/strong>\u00a0EIAO DANCE,\u00a0<em>Universidad Aut\u00f3noma de Nuevo Le\u00f3n &#8211; Escuela Industrial y Preparatoria T\u00e9cnica &#8220;\u00c1lvaro Obreg\u00f3n&#8221;<br \/>\n<\/em><strong>Best Programming:<em>\u00a0<\/em><\/strong>Team Kanto,\u00a0<em>Universidad Aut\u00f3noma de Nuevo Le\u00f3n &#8211; Centro de Investigaci\u00f3n y Desarrollo de Educaci\u00f3n Biling\u00fce (CIDEB)<\/em><\/p>\n<p>&nbsp;<\/p>\n<h3>RoboCupJunior Rescue CoSpace Primary<\/h3>\n<p><strong>Primer lugar:<\/strong>\u00a0Leones CCC,\u00a0<em>Colegio Crist\u00f3bal Col\u00f3n<\/em><br \/>\n<strong>Segundo Lugar:<\/strong>\u00a0PumaSpace,\u00a0<em>Universidad Nacional Aut\u00f3noma de M\u00e9xico &#8211; Escuela Nacional Preparatoria<\/em><br \/>\n<strong>Round Robin:<\/strong>\u00a0Leones CCC,\u00a0<em>Colegio Crist\u00f3bal Col\u00f3n<\/em><br \/>\n<strong>Best Presentation:<\/strong>\u00a0ErasmuSpace,\u00a0<em>Universidad Nacional Aut\u00f3noma de M\u00e9xico &#8211; Escuela Nacional Preparatoria<\/em><\/p>\n<p>&nbsp;<\/p>\n<h3>RoboCupJunior Rescue CoSpace Secondary<\/h3>\n<p><strong>Primer lugar:<\/strong>\u00a0RS-Tronic,\u00a0<em>Netica<\/em><br \/>\n<strong>Segundo lugar:<\/strong>\u00a0Last Level CCC,\u00a0<em>Colegio Crist\u00f3bal Col\u00f3n<\/em><br \/>\n<strong>Tercer lugar:<\/strong>\u00a0Space8,\u00a0<em>Universidad Nacional Aut\u00f3noma de M\u00e9xico &#8211; Escuela Nacional Preparatoria<\/em><br \/>\n<strong>Round Robin:<\/strong>\u00a0RS-Tronic,\u00a0<em>Netica<\/em><br \/>\n<strong>Best Presentation:<\/strong>\u00a0Starfox,\u00a0<em>Universidad Aut\u00f3noma de Nuevo Le\u00f3n &#8211; Centro de Investigaci\u00f3n y Desarrollo de Educaci\u00f3n Biling\u00fce (CIDEB)<\/em><\/p>\n<p>&nbsp;<\/p>\n<h3>RoboCupJunior Rescue Line Primary<\/h3>\n<p><strong>Primer lugar:<\/strong>\u00a0INFINITECK22 RESCUE,\u00a0<em>Secretaria de Educaci\u00f3n de Nuevo Le\u00f3n &#8211; Escuela Secundaria No. 22 &#8220;Ejercito Nacional Mexicano&#8221;<br \/>\n<\/em><strong>Segundo lugar:<\/strong>\u00a0Gal\u00e1cticos RP,\u00a0<em>Instituto de Rob\u00f3tica de Xalapa (iRoX)<br \/>\n<\/em><strong>Tercer Lugar:<\/strong>\u00a0ROBO-REPINELJUAREZ 3,\u00a0<em>Grupo REPINEL &#8211; Robotica Educativa del Grupo REPINEL<\/em><br \/>\n<strong>Best Presentation:<\/strong>\u00a0Los Guapos del CCC,\u00a0<em>Colegio Crist\u00f3bal Col\u00f3n<\/em><br \/>\n<strong>Best Team Spirit:<\/strong>\u00a0EST30POTTER,\u00a0<em>Escuela Secundaria T\u00e9cnica &#8211; No. 30 &#8220;Ing. Alejandro Guillot Shiaffino&#8221;<\/em><em><br \/>\n<\/em><\/p>\n<p>&nbsp;<\/p>\n<h3>RoboCupJunior Rescue Line Secondary<\/h3>\n<p><strong>Primer lugar:<\/strong>\u00a0Norbot,\u00a0<em>Robotica del Norte<\/em><br \/>\n<strong>Segundo lugar:<\/strong>\u00a0Falcons team,\u00a0<em>Universidad Aut\u00f3noma de Nuevo Le\u00f3n &#8211; Escuela Industrial y Preparatoria T\u00e9cnica &#8220;Pablo Livas&#8221;<\/em><br \/>\n<strong>Tercer Lugar:<\/strong>\u00a0ROBOTEENS RESCUE,\u00a0<em>Secretar\u00eda de Educaci\u00f3n de Nuevo Le\u00f3n &#8211; Escuela Secundaria T\u00e9cnica No.64<\/em><br \/>\n<strong>Best Presentation:<\/strong>\u00a0Ausfahrt,\u00a0<em>Netica<\/em><br \/>\n<strong>Best Team Spirit:<\/strong>\u00a0Hornets UNACAR,\u00a0<em>Universidad Aut\u00f3noma del Carmen<\/em><\/p>\n<p>&nbsp;<\/p>\n<h3>RoboCupJunior Rescue Maze<\/h3>\n<p><strong>Primer lugar:<\/strong>\u00a0RoBorregos Charlie,\u00a0<em>Instituto Tecnol\u00f3gico y de Estudios Superiores de Monterrey &#8211; Campus Monterrey<\/em><br \/>\n<strong>Segundo lugar:<\/strong>\u00a0RoBorregos Echo*,\u00a0<em>Instituto Tecnol\u00f3gico y de Estudios Superiores de Monterrey &#8211; Campus Monterrey<\/em><br \/>\n<strong>Tercer lugar:<\/strong>\u00a0LOBOS4,\u00a0<em>Universidad Aut\u00f3noma de Nuevo Le\u00f3n &#8211; Preparatoria No. 4<\/em><br \/>\n<strong>Best Presentation:<\/strong>\u00a0RoBorregos Charlie,\u00a0<em>Instituto Tecnol\u00f3gico y de Estudios Superiores de Monterrey &#8211; Campus Monterrey<\/em><br \/>\n<strong>Best Team Spirit:<\/strong>\u00a0Waffles UNACAR,\u00a0<em>Universidad Aut\u00f3noma del Carmen<\/em><\/p>\n<p>&nbsp;<\/p>\n<p>* <strong>Nota:<\/strong> La instituci\u00f3n que haya obtenido el primer lugar en cada subcategor\u00eda del torneo pasado (TMR2016) y haya enviado su reporte de participaci\u00f3n en RoboCup Leipzig obtiene el derecho a registrar un equipo m\u00e1s en esa misma subcategor\u00eda.<\/p>\n<p>&nbsp;<\/p>\n<p>Haz click en el siguiente link para consultar los resultados de las categor\u00edas <a href=\"\/tmr2017\/resultados-major\/\">Major<\/a>.<\/p>\n","protected":false},"excerpt":{"rendered":"<p>Resultados Categor\u00edas Junior &nbsp; RoboCupJunior Soccer Lightweight Primary Primer lugar:\u00a0Roboteens Cracks,\u00a0Secretar\u00eda de Educaci\u00f3n de Nuevo Le\u00f3n &nbsp; RoboCupJunior Soccer Lightweight Secondary Primer lugar:\u00a0ATOM,\u00a0Colegio Internacional SEK Segundo lugar:\u00a0Team Queen,\u00a0Universidad Aut\u00f3noma de Nuevo Le\u00f3n &#8211; Centro de Investigaci\u00f3n y Desarrollo de Educaci\u00f3n Biling\u00fce (CIDEB) Tercer lugar:\u00a0Sky Team,\u00a0Intelirobot, Escuela de Rob\u00f3tica &nbsp; RoboCupJunior Soccer Open Primer lugar:\u00a0Skynet,\u00a0Instituto Anahuacalli [&hellip;]<\/p>\n","protected":false},"author":6,"featured_media":0,"parent":0,"menu_order":0,"comment_status":"closed","ping_status":"closed","template":"","meta":[],"_links":{"self":[{"href":"https:\/\/www.femexrobotica.org\/tmr2017\/wp-json\/wp\/v2\/pages\/1189"}],"collection":[{"href":"https:\/\/www.femexrobotica.org\/tmr2017\/wp-json\/wp\/v2\/pages"}],"about":[{"href":"https:\/\/www.femexrobotica.org\/tmr2017\/wp-json\/wp\/v2\/types\/page"}],"author":[{"embeddable":true,"href":"https:\/\/www.femexrobotica.org\/tmr2017\/wp-json\/wp\/v2\/users\/6"}],"replies":[{"embeddable":true,"href":"https:\/\/www.femexrobotica.org\/tmr2017\/wp-json\/wp\/v2\/comments?post=1189"}],"version-history":[{"count":20,"href":"https:\/\/www.femexrobotica.org\/tmr2017\/wp-json\/wp\/v2\/pages\/1189\/revisions"}],"predecessor-version":[{"id":1216,"href":"https:\/\/www.femexrobotica.org\/tmr2017\/wp-json\/wp\/v2\/pages\/1189\/revisions\/1216"}],"wp:attachment":[{"href":"https:\/\/www.femexrobotica.org\/tmr2017\/wp-json\/wp\/v2\/media?parent=1189"}],"curies":[{"name":"wp","href":"https:\/\/api.w.org\/{rel}","templated":true}]}}