{"id":84,"date":"2018-01-21T14:52:52","date_gmt":"2018-01-21T20:52:52","guid":{"rendered":"https:\/\/www.femexrobotica.org\/tmr2018\/?page_id=84"},"modified":"2025-08-21T14:24:42","modified_gmt":"2025-08-21T19:24:42","slug":"larc-lars2025","status":"publish","type":"page","link":"https:\/\/www.femexrobotica.org\/larc-lars2025\/","title":{"rendered":"INICIO"},"content":{"rendered":"<div class=\"vc_row wpb_row vc_row-fluid\" ><div class=\"wpb_column vc_column_container vc_col-sm-12\"><div class=\"vc_column-inner \"><div class=\"wpb_wrapper\"><div class=\"mkdf-elements-holder  mkdf-eh-full-height mkdf-one-column  mkdf-responsive-mode-768 \" ><div class=\"mkdf-eh-item   mkdf-horizontal-alignment-center \"  data-item-class=\"mkdf-eh-custom-3694\">\n\t<div class=\"mkdf-eh-item-inner\">\n\t\t<div class=\"mkdf-eh-item-content mkdf-eh-custom-3694\" >\n\t\t\t\n\t<div class=\"wpb_raw_code wpb_content_element wpb_raw_html\" >\n\t\t<div class=\"wpb_wrapper\">\n\t\t\t<script type=\"text\/javascript\">\n var utm = window.location.search;\n var newUrl = 'https:\/\/www.larc-lars2025.org\/' + utm;\n window.location.replace(newUrl);\n<\/script>\n\t\t<\/div>\n\t<\/div>\n\n\t<div class=\"wpb_raw_code wpb_content_element wpb_raw_html\" >\n\t\t<div class=\"wpb_wrapper\">\n\t\t\t<div id=\"custom-slider\" class=\"custom-slider\">\n  <div class=\"slide active\" style=\"background-image: url('https:\/\/www.femexrobotica.org\/larc-lars2025\/wp-content\/uploads\/2018\/02\/slide-santalucia.jpg');\">\n    <div class=\"slide-text\">\n      <h1>Welcome to M\u00e9xico!<\/h1>\n      <p>LARC-LARS 2025   October 29th - November 1st<\/p>\n    <\/div>\n  <\/div>\n  <div class=\"slide\" style=\"background-image: url('https:\/\/www.femexrobotica.org\/larc-lars2025\/wp-content\/uploads\/2018\/02\/slide-tec.jpg');\">\n    <div class=\"slide-text\">\n      <h1>Tecnol\u00f3gico de Monterrey <br> Campus Monterrey <\/h1>\n      <!-- <p>Workshops, challenges, and more<\/p> -->\n    <\/div>\n  <\/div>\n<\/div>\n\t\t<\/div>\n\t<\/div>\n\n\t<div class=\"wpb_raw_code wpb_raw_js\" >\n\t\t<div class=\"wpb_wrapper\">\n\t\t\t<script>\nlet currentSlide = 0;\nconst slides = document.querySelectorAll('#custom-slider .slide');\n\nfunction showNextSlide() {\n  \/\/ Marcar el slide actual como \"exiting\"\n  slides[currentSlide].classList.remove('active');\n  slides[currentSlide].classList.add('exiting');\n\n  \/\/ Esperar antes de quitarlo para permitir que la animaci\u00f3n se reproduzca\n  setTimeout(() => {\n    slides[currentSlide].classList.remove('exiting');\n  }, 800); \/\/ Debe coincidir con la duraci\u00f3n de fadeUpOut\n\n  \/\/ Pasar al siguiente slide\n  currentSlide = (currentSlide + 1) % slides.length;\n  slides[currentSlide].classList.add('active');\n}\n\nsetInterval(showNextSlide, 5000); \/\/ cada 5 segundos\n<\/script>\n\n\t\t<\/div>\n\t<\/div>\n\t\t<\/div>\n\t<\/div>\n<\/div><\/div><\/div><\/div><\/div><\/div><div class=\"mkdf-row-grid-section-wrapper \"  ><div class=\"mkdf-row-grid-section\"><div class=\"vc_row wpb_row vc_row-fluid vc_custom_1517368862227\" ><div class=\"wpb_column vc_column_container vc_col-sm-12 vc_col-lg-6\"><div class=\"vc_column-inner \"><div class=\"wpb_wrapper\"><div class=\"mkdf-elements-holder   mkdf-one-column  mkdf-responsive-mode-768 \" ><div class=\"mkdf-eh-item    \"  data-item-class=\"mkdf-eh-custom-9092\" data-680=\"25px 0% 95px 0%\">\n\t<div class=\"mkdf-eh-item-inner\">\n\t\t<div class=\"mkdf-eh-item-content mkdf-eh-custom-9092\" style=\"padding: 25px 12% 0px 0%\">\n\t\t\t<div class=\"mkdf-section-title-holder  \" >\n\t<div class=\"mkdf-st-inner\">\n\t\t\t\t\t<h6 class=\"mkdf-st-tagline\" >\n\t\t\t\tMonterrey, Nuevo Le\u00f3n, M\u00e9xico. October 29th - November 1st\t\t\t<\/h6>\n\t\t\t\t\t\t\t<h2 class=\"mkdf-st-title\" >\n\t\t\t\tLARC-LARS 2025\t\t\t\t<span class=\"mkdf-st-title-mark\" ><\/span>\n\t\t\t<\/h2>\n\t\t\t\t\t\t\t<div class=\"mkdf-st-separator\" ><\/div>\n\t\t\t\t\t\t\t\t\t<p class=\"mkdf-st-text\" style=\"color: #0a0a0a\">\n\t\t\t\tThe Mexican Robotics Federation and the Tecnol\u00f3gico de Monterrey are organizing the\n24th IEEE Latin American Robotics Competition &amp; 22nd IEEE Latin American Robotics Symposium.\nThe Latin American Robotics Symposium (LARS) and the Latin American Robotics Competition (LARC) are the most important academic robotics events in Latin America. Each year, LARS\/LARC is held in a Latin American country. This Latin American event brings together various sub-events that seek to promote research and development in the field of robotics.\t\t\t<\/p>\n\t\t\t<\/div>\n<\/div>\t\t<\/div>\n\t<\/div>\n<\/div><\/div><\/div><\/div><\/div><div class=\"wpb_column vc_column_container vc_col-sm-12 vc_col-lg-6\"><div class=\"vc_column-inner \"><div class=\"wpb_wrapper\">\n\t<div  class=\"wpb_single_image wpb_content_element vc_align_left\">\n\t\t\n\t\t<figure class=\"wpb_wrapper vc_figure\">\n\t\t\t<div class=\"vc_single_image-wrapper   vc_box_border_grey\"><img fetchpriority=\"high\" decoding=\"async\" width=\"1236\" height=\"1600\" src=\"https:\/\/www.femexrobotica.org\/larc-lars2025\/wp-content\/uploads\/2025\/06\/flyer.jpeg\" class=\"vc_single_image-img attachment-full\" alt=\"\" srcset=\"https:\/\/www.femexrobotica.org\/larc-lars2025\/wp-content\/uploads\/2025\/06\/flyer.jpeg 1236w, https:\/\/www.femexrobotica.org\/larc-lars2025\/wp-content\/uploads\/2025\/06\/flyer-232x300.jpeg 232w, https:\/\/www.femexrobotica.org\/larc-lars2025\/wp-content\/uploads\/2025\/06\/flyer-791x1024.jpeg 791w, https:\/\/www.femexrobotica.org\/larc-lars2025\/wp-content\/uploads\/2025\/06\/flyer-768x994.jpeg 768w, https:\/\/www.femexrobotica.org\/larc-lars2025\/wp-content\/uploads\/2025\/06\/flyer-1187x1536.jpeg 1187w, https:\/\/www.femexrobotica.org\/larc-lars2025\/wp-content\/uploads\/2025\/06\/flyer-9x12.jpeg 9w\" sizes=\"(max-width: 1236px) 100vw, 1236px\" \/><\/div>\n\t\t<\/figure>\n\t<\/div>\n<\/div><\/div><\/div><\/div><\/div><\/div><div class=\"vc_row wpb_row vc_row-fluid vc_row-o-content-top vc_row-flex mkdf-content-aligment-left\" ><div class=\"wpb_column vc_column_container vc_col-sm-12\"><div class=\"vc_column-inner vc_custom_1496920009222\"><div class=\"wpb_wrapper\"><div class=\"mkdf-elements-holder   mkdf-one-column  mkdf-responsive-mode-768 \" ><div class=\"mkdf-eh-item   mkdf-horizontal-alignment-center \"  data-item-class=\"mkdf-eh-custom-8539\" data-1024-1280=\"0px 24%\" data-768-1024=\"0px 15%\" data-680-768=\"0px 4%\" data-680=\"0px 0%\">\n\t<div class=\"mkdf-eh-item-inner\">\n\t\t<div class=\"mkdf-eh-item-content mkdf-eh-custom-8539\" style=\"padding: 0px 29%\">\n\t\t\t<div class=\"mkdf-section-title-holder  \" >\n\t<div class=\"mkdf-st-inner\">\n\t\t\t\t\t\t\t\t\t\t\t\t\t<p class=\"mkdf-st-text\" style=\"color: #0a0a0a\">\n\t\t\t\tThis event represents the union of the most prestigious competitions and scientific conferences in robotics and AI (Artificial Intelligence) in Latin America. In 2025, this event will take place in Monterrey, Nuevo Le\u00f3n, Mexico.\n\t\t\t<\/p>\n\t\t\t<\/div>\n<\/div>\t\t<\/div>\n\t<\/div>\n<\/div><\/div><div class=\"mkdf-elements-holder   mkdf-one-column  mkdf-responsive-mode-768 \" ><div class=\"mkdf-eh-item   mkdf-horizontal-alignment-center \"  data-item-class=\"mkdf-eh-custom-6271\" data-1024-1280=\"0px 24%\" data-768-1024=\"0px 15%\" data-680-768=\"0px 4%\" data-680=\"0px 0%\">\n\t<div class=\"mkdf-eh-item-inner\">\n\t\t<div class=\"mkdf-eh-item-content mkdf-eh-custom-6271\" style=\"padding: 0px 29%\">\n\t\t\t<div class=\"mkdf-section-title-holder  \" >\n\t<div class=\"mkdf-st-inner\">\n\t\t\t\t\t\t\t\t\t\t\t\t\t<p class=\"mkdf-st-text\" style=\"color: #0a0a0a\">\n\t\t\t\tMonterrey is a city in northern Mexico, considered the country's industrial and educational hub. Surrounded by impressive mountains, it boasts significant tourist attractions, and offers first-class infrastructure and services for hosting events. The city boasts excellent air connectivity with 52 direct flights, more than 16,000 hotel rooms, and several prestigious international universities.\t\t\t<\/p>\n\t\t\t<\/div>\n<\/div>\t\t<\/div>\n\t<\/div>\n<\/div><\/div><\/div><\/div><\/div><\/div><div class=\"vc_row wpb_row vc_row-fluid vc_custom_1517368850289\" style=\"background-color:#fbf9f9\"><div class=\"wpb_column vc_column_container vc_col-sm-12\"><div class=\"vc_column-inner \"><div class=\"wpb_wrapper\"><div class=\"vc_row wpb_row vc_inner vc_row-fluid accesos vc_row-o-content-top vc_row-flex\" ><div class=\"wpb_column vc_column_container vc_col-sm-4\"><div class=\"vc_column-inner \"><div class=\"wpb_wrapper\">\n\t<div  class=\"wpb_single_image wpb_content_element vc_align_left\">\n\t\t<h2 class=\"wpb_heading wpb_singleimage_heading\">LARC-LARS 2025 29 Oct- 01 Nov<\/h2>\n\t\t<figure class=\"wpb_wrapper vc_figure\">\n\t\t\t<div class=\"vc_single_image-wrapper   vc_box_border_grey\"><img decoding=\"async\" class=\"vc_single_image-img \" src=\"https:\/\/www.femexrobotica.org\/larc-lars2025\/wp-content\/uploads\/2018\/01\/mx-456x256.jpg\" width=\"456\" height=\"256\" alt=\"Torneo Mexicano de Rob\u00f3tica, 22, 23 y 24 de Marzo\" title=\"Torneo Mexicano de Rob\u00f3tica, 22, 23 y 24 de Marzo\" \/><\/div>\n\t\t<\/figure>\n\t<\/div>\n<\/div><\/div><\/div><div class=\"wpb_column vc_column_container vc_col-sm-4\"><div class=\"vc_column-inner \"><div class=\"wpb_wrapper\">\n\t<div  class=\"wpb_single_image wpb_content_element vc_align_left\">\n\t\t<h2 class=\"wpb_heading wpb_singleimage_heading\">SEDE - Tecnol\u00f3gico de Monterrey<\/h2>\n\t\t<figure class=\"wpb_wrapper vc_figure\">\n\t\t\t<div class=\"vc_single_image-wrapper   vc_box_border_grey\"><img decoding=\"async\" class=\"vc_single_image-img \" src=\"https:\/\/www.femexrobotica.org\/larc-lars2025\/wp-content\/uploads\/2018\/01\/rectoria-456x256.jpg\" width=\"456\" height=\"256\" alt=\"SEDE \u2013 Tecnol\u00f3gico de Monterrey\" title=\"SEDE \u2013 Tecnol\u00f3gico de Monterrey\" \/><\/div>\n\t\t<\/figure>\n\t<\/div>\n<\/div><\/div><\/div><div class=\"wpb_column vc_column_container vc_col-sm-4\"><div class=\"vc_column-inner \"><div class=\"wpb_wrapper\">\n\t<div  class=\"wpb_single_image wpb_content_element vc_align_left\">\n\t\t<h2 class=\"wpb_heading wpb_singleimage_heading\">Monterrey Nuevo Le\u00f3n, M\u00e9xico<\/h2>\n\t\t<figure class=\"wpb_wrapper vc_figure\">\n\t\t\t<div class=\"vc_single_image-wrapper   vc_box_border_grey\"><img loading=\"lazy\" decoding=\"async\" class=\"vc_single_image-img \" src=\"https:\/\/www.femexrobotica.org\/larc-lars2025\/wp-content\/uploads\/2018\/01\/nuevoleon-456x256.jpg\" width=\"456\" height=\"256\" alt=\"Monterrey Nuevo Le\u00f3n, M\u00e9xico\" title=\"Monterrey Nuevo Le\u00f3n, M\u00e9xico\" \/><\/div>\n\t\t<\/figure>\n\t<\/div>\n<\/div><\/div><\/div><\/div><\/div><\/div><\/div><\/div><div class=\"mkdf-row-grid-section-wrapper mkdf-content-aligment-center\"  ><div class=\"mkdf-row-grid-section\"><div class=\"vc_row wpb_row vc_row-fluid vc_custom_1517368825625\" ><div class=\"wpb_column vc_column_container vc_col-sm-12\"><div class=\"vc_column-inner \"><div class=\"wpb_wrapper\"><div class=\"mkdf-elements-holder   mkdf-one-column  mkdf-responsive-mode-768 \" ><div class=\"mkdf-eh-item    \"  data-item-class=\"mkdf-eh-custom-4254\" data-1024-1280=\"0px 24%\" data-768-1024=\"0px 15%\" data-680-768=\"0px 4%\" data-680=\"0px 0%\">\n\t<div class=\"mkdf-eh-item-inner\">\n\t\t<div class=\"mkdf-eh-item-content mkdf-eh-custom-4254\" style=\"padding: 0px 29%\">\n\t\t\t<div class=\"mkdf-section-title-holder  \" style=\"text-align: center\">\n\t<div class=\"mkdf-st-inner\">\n\t\t\t\t\t\t\t<h2 class=\"mkdf-st-title\" >\n\t\t\t\tOrganizers\t\t\t\t<span class=\"mkdf-st-title-mark\" ><\/span>\n\t\t\t<\/h2>\n\t\t\t\t\t\t\t<div class=\"mkdf-st-separator\" ><\/div>\n\t\t\t\t\t\t\t<\/div>\n<\/div><div class=\"vc_empty_space\"   style=\"height: 32px\" ><span class=\"vc_empty_space_inner\"><\/span><\/div>\n\t\t<\/div>\n\t<\/div>\n<\/div><\/div><div class=\"mkdf-clients-wc-holder  mkdf-ch-columns-3 mkdf-ch-no-space mkdf-ch-alignment-center mkdf-cc-hover-shadow\">\n\t<div class=\"mkdf-ch-inner\">\n\t\t<div class=\"mkdf-cc-item\">\n\t\t<a itemprop=\"url\" class=\"mkdf-cc-link mkdf-block-drag-link \" href=\"https:\/\/www.femexrobotica.org\/\" target=\"_blank\">\n\t\t\t\t\t\t\t<img decoding=\"async\" itemprop=\"image\" class=\"mkdf-cc-image\" src=\"https:\/\/www.femexrobotica.org\/larc-lars2025\/wp-content\/uploads\/2018\/02\/fundacion-mexicana-de-robotica.png\" alt=\"\" \/>\n\t\t\t\t\t\t\t\t<\/a>\n<\/div><div class=\"mkdf-cc-item\">\n\t\t<a itemprop=\"url\" class=\"mkdf-cc-link mkdf-block-drag-link \" href=\"http:\/\/tec.mx\/es\" target=\"_blank\">\n\t\t\t\t\t\t\t<img decoding=\"async\" itemprop=\"image\" class=\"mkdf-cc-image\" src=\"https:\/\/www.femexrobotica.org\/larc-lars2025\/wp-content\/uploads\/2018\/01\/tec-mty.png\" alt=\"\" \/>\n\t\t\t\t\t\t\t\t<\/a>\n<\/div><div class=\"mkdf-cc-item\">\n\t\t<a itemprop=\"url\" class=\"mkdf-cc-link mkdf-block-drag-link mkdf-no-link\" href=\"\" target=\"_self\">\n\t\t\t\t\t\t\t<img decoding=\"async\" itemprop=\"image\" class=\"mkdf-cc-image\" src=\"https:\/\/www.femexrobotica.org\/larc-lars2025\/wp-content\/uploads\/2025\/06\/IEEE-Logo-1.jpg\" alt=\"\" \/>\n\t\t\t\t\t\t\t\t<\/a>\n<\/div>\t<\/div>\n<\/div><\/div><\/div><\/div><\/div><\/div><\/div><div class=\"mkdf-row-grid-section-wrapper mkdf-content-aligment-center\"  ><div class=\"mkdf-row-grid-section\"><div class=\"vc_row wpb_row vc_row-fluid vc_custom_1517368825625\" ><div class=\"wpb_column vc_column_container vc_col-sm-12\"><div class=\"vc_column-inner \"><div class=\"wpb_wrapper\"><div class=\"mkdf-elements-holder   mkdf-one-column  mkdf-responsive-mode-768 \" ><div class=\"mkdf-eh-item    \"  data-item-class=\"mkdf-eh-custom-6005\" data-1024-1280=\"0px 24%\" data-768-1024=\"0px 15%\" data-680-768=\"0px 4%\" data-680=\"0px 0%\">\n\t<div class=\"mkdf-eh-item-inner\">\n\t\t<div class=\"mkdf-eh-item-content mkdf-eh-custom-6005\" style=\"padding: 0px 29%\">\n\t\t\t<div class=\"mkdf-section-title-holder  \" style=\"text-align: center\">\n\t<div class=\"mkdf-st-inner\">\n\t\t\t\t\t\t\t<h2 class=\"mkdf-st-title\" >\n\t\t\t\tSponsors\t\t\t\t<span class=\"mkdf-st-title-mark\" ><\/span>\n\t\t\t<\/h2>\n\t\t\t\t\t\t\t<div class=\"mkdf-st-separator\" ><\/div>\n\t\t\t\t\t\t\t<\/div>\n<\/div><div class=\"vc_empty_space\"   style=\"height: 32px\" ><span class=\"vc_empty_space_inner\"><\/span><\/div>\n\t\t<\/div>\n\t<\/div>\n<\/div><\/div><div class=\"mkdf-clients-wc-holder  mkdf-ch-columns-1 mkdf-ch-no-space mkdf-ch-alignment-center mkdf-cc-hover-shadow\">\n\t<div class=\"mkdf-ch-inner\">\n\t\t<div class=\"mkdf-cc-item\">\n\t\t<a itemprop=\"url\" class=\"mkdf-cc-link mkdf-block-drag-link \" href=\"http:\/\/www.ocvmty.com.mx\" target=\"_blank\">\n\t\t\t\t\t\t\t<img decoding=\"async\" itemprop=\"image\" class=\"mkdf-cc-image\" src=\"https:\/\/www.femexrobotica.org\/larc-lars2025\/wp-content\/uploads\/2018\/01\/mty.png\" alt=\"\" \/>\n\t\t\t\t\t\t\t\t<\/a>\n<\/div>\t<\/div>\n<\/div><\/div><\/div><\/div><\/div><\/div><\/div>\n","protected":false},"excerpt":{"rendered":"var utm = window.location.search; var newUrl = 'https:\/\/www.larc-lars2025.org\/' + utm; window.location.replace(newUrl); Welcome to M\u00e9xico! LARC-LARS 2025 October 29th - November 1st Tecnol\u00f3gico de Monterrey Campus Monterrey let currentSlide = 0; const slides = document.querySelectorAll('#custom-slider .slide'); function showNextSlide() { \/\/ Marcar [...]","protected":false},"author":6,"featured_media":0,"parent":0,"menu_order":0,"comment_status":"closed","ping_status":"closed","template":"full-width.php","meta":{"footnotes":""},"class_list":["post-84","page","type-page","status-publish","hentry"],"yoast_head":"<!-- This site is optimized with the Yoast SEO plugin v26.4 - https:\/\/yoast.com\/wordpress\/plugins\/seo\/ -->\n<title>LARC-LARS 2025<\/title>\n<meta name=\"description\" content=\"El Simposio Latinoamericano de Rob\u00f3tica (LARS) y la Competencia Latinoamericana de Rob\u00f3tica (LARC) son los eventos acad\u00e9micos m\u00e1s importantes en rob\u00f3tica de Latinoam\u00e9rica. Cada a\u00f1o, LARS\/LARC se lleva a cabo en un pa\u00eds latinoamericano. Este evento latinoamericano re\u00fane diversos subeventos que buscan impulsar la investigaci\u00f3n y el desarrollo en el \u00e1rea de la rob\u00f3tica.\" \/>\n<meta name=\"robots\" content=\"index, follow, max-snippet:-1, max-image-preview:large, max-video-preview:-1\" \/>\n<link rel=\"canonical\" href=\"https:\/\/www.femexrobotica.org\/larc-lars2025\/\" \/>\n<meta property=\"og:locale\" content=\"es_MX\" \/>\n<meta property=\"og:type\" content=\"article\" \/>\n<meta property=\"og:title\" content=\"LARC-LARS 2025\" \/>\n<meta property=\"og:description\" content=\"El Simposio Latinoamericano de Rob\u00f3tica (LARS) y la Competencia Latinoamericana de Rob\u00f3tica (LARC) son los eventos acad\u00e9micos m\u00e1s importantes en rob\u00f3tica de Latinoam\u00e9rica. Cada a\u00f1o, LARS\/LARC se lleva a cabo en un pa\u00eds latinoamericano. Este evento latinoamericano re\u00fane diversos subeventos que buscan impulsar la investigaci\u00f3n y el desarrollo en el \u00e1rea de la rob\u00f3tica.\" \/>\n<meta property=\"og:url\" content=\"https:\/\/www.femexrobotica.org\/larc-lars2025\/\" \/>\n<meta property=\"og:site_name\" content=\"LARC-LARS 2025\" \/>\n<meta property=\"article:modified_time\" content=\"2025-08-21T19:24:42+00:00\" \/>\n<meta property=\"og:image\" content=\"https:\/\/www.femexrobotica.org\/larc-lars2025\/wp-content\/uploads\/2025\/06\/Logo_fast.png\" \/>\n\t<meta property=\"og:image:width\" content=\"1966\" \/>\n\t<meta property=\"og:image:height\" content=\"629\" \/>\n\t<meta property=\"og:image:type\" content=\"image\/png\" \/>\n<meta name=\"twitter:card\" content=\"summary_large_image\" \/>\n<meta name=\"twitter:label1\" content=\"Tiempo de lectura\" \/>\n\t<meta name=\"twitter:data1\" content=\"2 minutos\" \/>\n<script type=\"application\/ld+json\" class=\"yoast-schema-graph\">{\"@context\":\"https:\/\/schema.org\",\"@graph\":[{\"@type\":\"WebPage\",\"@id\":\"https:\/\/www.femexrobotica.org\/larc-lars2025\/\",\"url\":\"https:\/\/www.femexrobotica.org\/larc-lars2025\/\",\"name\":\"LARC-LARS 2025\",\"isPartOf\":{\"@id\":\"https:\/\/www.femexrobotica.org\/larc-lars2025\/#website\"},\"datePublished\":\"2018-01-21T20:52:52+00:00\",\"dateModified\":\"2025-08-21T19:24:42+00:00\",\"description\":\"El Simposio Latinoamericano de Rob\u00f3tica (LARS) y la Competencia Latinoamericana de Rob\u00f3tica (LARC) son los eventos acad\u00e9micos m\u00e1s importantes en rob\u00f3tica de Latinoam\u00e9rica. Cada a\u00f1o, LARS\/LARC se lleva a cabo en un pa\u00eds latinoamericano. Este evento latinoamericano re\u00fane diversos subeventos que buscan impulsar la investigaci\u00f3n y el desarrollo en el \u00e1rea de la rob\u00f3tica.\",\"breadcrumb\":{\"@id\":\"https:\/\/www.femexrobotica.org\/larc-lars2025\/#breadcrumb\"},\"inLanguage\":\"es\",\"potentialAction\":[{\"@type\":\"ReadAction\",\"target\":[\"https:\/\/www.femexrobotica.org\/larc-lars2025\/\"]}]},{\"@type\":\"BreadcrumbList\",\"@id\":\"https:\/\/www.femexrobotica.org\/larc-lars2025\/#breadcrumb\",\"itemListElement\":[{\"@type\":\"ListItem\",\"position\":1,\"name\":\"Inicio\",\"item\":\"https:\/\/www.femexrobotica.org\/larc-lars2025\/\"},{\"@type\":\"ListItem\",\"position\":2,\"name\":\"INICIO\"}]},{\"@type\":\"WebSite\",\"@id\":\"https:\/\/www.femexrobotica.org\/larc-lars2025\/#website\",\"url\":\"https:\/\/www.femexrobotica.org\/larc-lars2025\/\",\"name\":\"LARC-LARS 2025\",\"description\":\"Competencia y Simposio Latinoamericano de Rob\u00f3tica 2025\",\"potentialAction\":[{\"@type\":\"SearchAction\",\"target\":{\"@type\":\"EntryPoint\",\"urlTemplate\":\"https:\/\/www.femexrobotica.org\/larc-lars2025\/?s={search_term_string}\"},\"query-input\":{\"@type\":\"PropertyValueSpecification\",\"valueRequired\":true,\"valueName\":\"search_term_string\"}}],\"inLanguage\":\"es\"}]}<\/script>\n<!-- \/ Yoast SEO plugin. -->","yoast_head_json":{"title":"LARC-LARS 2025","description":"El Simposio Latinoamericano de Rob\u00f3tica (LARS) y la Competencia Latinoamericana de Rob\u00f3tica (LARC) son los eventos acad\u00e9micos m\u00e1s importantes en rob\u00f3tica de Latinoam\u00e9rica. Cada a\u00f1o, LARS\/LARC se lleva a cabo en un pa\u00eds latinoamericano. Este evento latinoamericano re\u00fane diversos subeventos que buscan impulsar la investigaci\u00f3n y el desarrollo en el \u00e1rea de la rob\u00f3tica.","robots":{"index":"index","follow":"follow","max-snippet":"max-snippet:-1","max-image-preview":"max-image-preview:large","max-video-preview":"max-video-preview:-1"},"canonical":"https:\/\/www.femexrobotica.org\/larc-lars2025\/","og_locale":"es_MX","og_type":"article","og_title":"LARC-LARS 2025","og_description":"El Simposio Latinoamericano de Rob\u00f3tica (LARS) y la Competencia Latinoamericana de Rob\u00f3tica (LARC) son los eventos acad\u00e9micos m\u00e1s importantes en rob\u00f3tica de Latinoam\u00e9rica. Cada a\u00f1o, LARS\/LARC se lleva a cabo en un pa\u00eds latinoamericano. Este evento latinoamericano re\u00fane diversos subeventos que buscan impulsar la investigaci\u00f3n y el desarrollo en el \u00e1rea de la rob\u00f3tica.","og_url":"https:\/\/www.femexrobotica.org\/larc-lars2025\/","og_site_name":"LARC-LARS 2025","article_modified_time":"2025-08-21T19:24:42+00:00","og_image":[{"width":1966,"height":629,"url":"https:\/\/www.femexrobotica.org\/larc-lars2025\/wp-content\/uploads\/2025\/06\/Logo_fast.png","type":"image\/png"}],"twitter_card":"summary_large_image","twitter_misc":{"Tiempo de lectura":"2 minutos"},"schema":{"@context":"https:\/\/schema.org","@graph":[{"@type":"WebPage","@id":"https:\/\/www.femexrobotica.org\/larc-lars2025\/","url":"https:\/\/www.femexrobotica.org\/larc-lars2025\/","name":"LARC-LARS 2025","isPartOf":{"@id":"https:\/\/www.femexrobotica.org\/larc-lars2025\/#website"},"datePublished":"2018-01-21T20:52:52+00:00","dateModified":"2025-08-21T19:24:42+00:00","description":"El Simposio Latinoamericano de Rob\u00f3tica (LARS) y la Competencia Latinoamericana de Rob\u00f3tica (LARC) son los eventos acad\u00e9micos m\u00e1s importantes en rob\u00f3tica de Latinoam\u00e9rica. Cada a\u00f1o, LARS\/LARC se lleva a cabo en un pa\u00eds latinoamericano. Este evento latinoamericano re\u00fane diversos subeventos que buscan impulsar la investigaci\u00f3n y el desarrollo en el \u00e1rea de la rob\u00f3tica.","breadcrumb":{"@id":"https:\/\/www.femexrobotica.org\/larc-lars2025\/#breadcrumb"},"inLanguage":"es","potentialAction":[{"@type":"ReadAction","target":["https:\/\/www.femexrobotica.org\/larc-lars2025\/"]}]},{"@type":"BreadcrumbList","@id":"https:\/\/www.femexrobotica.org\/larc-lars2025\/#breadcrumb","itemListElement":[{"@type":"ListItem","position":1,"name":"Inicio","item":"https:\/\/www.femexrobotica.org\/larc-lars2025\/"},{"@type":"ListItem","position":2,"name":"INICIO"}]},{"@type":"WebSite","@id":"https:\/\/www.femexrobotica.org\/larc-lars2025\/#website","url":"https:\/\/www.femexrobotica.org\/larc-lars2025\/","name":"LARC-LARS 2025","description":"Competencia y Simposio Latinoamericano de Rob\u00f3tica 2025","potentialAction":[{"@type":"SearchAction","target":{"@type":"EntryPoint","urlTemplate":"https:\/\/www.femexrobotica.org\/larc-lars2025\/?s={search_term_string}"},"query-input":{"@type":"PropertyValueSpecification","valueRequired":true,"valueName":"search_term_string"}}],"inLanguage":"es"}]}},"_links":{"self":[{"href":"https:\/\/www.femexrobotica.org\/larc-lars2025\/wp-json\/wp\/v2\/pages\/84","targetHints":{"allow":["GET"]}}],"collection":[{"href":"https:\/\/www.femexrobotica.org\/larc-lars2025\/wp-json\/wp\/v2\/pages"}],"about":[{"href":"https:\/\/www.femexrobotica.org\/larc-lars2025\/wp-json\/wp\/v2\/types\/page"}],"author":[{"embeddable":true,"href":"https:\/\/www.femexrobotica.org\/larc-lars2025\/wp-json\/wp\/v2\/users\/6"}],"replies":[{"embeddable":true,"href":"https:\/\/www.femexrobotica.org\/larc-lars2025\/wp-json\/wp\/v2\/comments?post=84"}],"version-history":[{"count":138,"href":"https:\/\/www.femexrobotica.org\/larc-lars2025\/wp-json\/wp\/v2\/pages\/84\/revisions"}],"predecessor-version":[{"id":2499,"href":"https:\/\/www.femexrobotica.org\/larc-lars2025\/wp-json\/wp\/v2\/pages\/84\/revisions\/2499"}],"wp:attachment":[{"href":"https:\/\/www.femexrobotica.org\/larc-lars2025\/wp-json\/wp\/v2\/media?parent=84"}],"curies":[{"name":"wp","href":"https:\/\/api.w.org\/{rel}","templated":true}]}}