{"id":600,"date":"2018-02-01T00:01:50","date_gmt":"2018-02-01T06:01:50","guid":{"rendered":"https:\/\/www.femexrobotica.org\/tmr2018\/?page_id=600"},"modified":"2025-06-08T23:03:40","modified_gmt":"2025-06-09T04:03:40","slug":"lugares_de_interes","status":"publish","type":"page","link":"https:\/\/www.femexrobotica.org\/larc-lars2025\/lugares_de_interes\/","title":{"rendered":"LUGARES_DE_INTERES"},"content":{"rendered":"<div class=\"vc_row wpb_row vc_row-fluid\" ><div class=\"wpb_column vc_column_container vc_col-sm-12\"><div class=\"vc_column-inner \"><div class=\"wpb_wrapper\"><div class=\"vc_empty_space\"   style=\"height: 32px\" ><span class=\"vc_empty_space_inner\"><\/span><\/div>\n<div class=\"vc_separator wpb_content_element vc_separator_align_center vc_sep_width_100 vc_sep_shadow vc_sep_pos_align_center vc_separator_no_text vc_sep_color_grey\" ><span class=\"vc_sep_holder vc_sep_holder_l\"><span  class=\"vc_sep_line\"><\/span><\/span><span class=\"vc_sep_holder vc_sep_holder_r\"><span  class=\"vc_sep_line\"><\/span><\/span>\n<\/div><div class=\"mkdf-section-title-holder  \" style=\"text-align: center\">\n\t<div class=\"mkdf-st-inner\">\n\t\t\t\t\t\t\t<h2 class=\"mkdf-st-title\" >\n\t\t\t\tPLACES OF INTEREST\t\t\t\t<span class=\"mkdf-st-title-mark\" ><\/span>\n\t\t\t<\/h2>\n\t\t\t\t\t\t\t<div class=\"mkdf-st-separator\" ><\/div>\n\t\t\t\t\t\t\t<\/div>\n<\/div><\/div><\/div><\/div><\/div><div class=\"vc_row wpb_row vc_row-fluid\" ><div class=\"wpb_column vc_column_container vc_col-sm-12\"><div class=\"vc_column-inner \"><div class=\"wpb_wrapper\">\n\t<div class=\"wpb_text_column wpb_content_element \" >\n\t\t<div class=\"wpb_wrapper\">\n\t\t\t<h3 style=\"text-align: left;\"><em><strong>What to do in Monterrey?<\/strong><\/em><\/h3>\n<p style=\"text-align: left;\">When you visit Nuevo Le\u00f3n, you can enjoy a wide variety of extraordinary activities; from adventures in its majestic natural landscapes, fun in its parks, delighting in the best of our culture and cuisine, and much more.<\/p>\n\n\t\t<\/div>\n\t<\/div>\n<div class=\"vc_empty_space\"   style=\"height: 32px\" ><span class=\"vc_empty_space_inner\"><\/span><\/div>\n<\/div><\/div><\/div><\/div><div class=\"vc_row wpb_row vc_row-fluid\" ><div class=\"wpb_column vc_column_container vc_col-sm-8\"><div class=\"vc_column-inner \"><div class=\"wpb_wrapper\">\n\t<div  class=\"wpb_single_image wpb_content_element vc_align_center\">\n\t\t\n\t\t<figure class=\"wpb_wrapper vc_figure\">\n\t\t\t<div class=\"vc_single_image-wrapper vc_box_shadow_3d  vc_box_border_grey\"><img fetchpriority=\"high\" decoding=\"async\" width=\"1024\" height=\"821\" src=\"https:\/\/www.femexrobotica.org\/larc-lars2025\/wp-content\/uploads\/2018\/01\/Macroplaza-Cerro-de-la-Silla-1024x821.jpg\" class=\"vc_single_image-img attachment-large\" alt=\"\" srcset=\"https:\/\/www.femexrobotica.org\/larc-lars2025\/wp-content\/uploads\/2018\/01\/Macroplaza-Cerro-de-la-Silla-1024x821.jpg 1024w, https:\/\/www.femexrobotica.org\/larc-lars2025\/wp-content\/uploads\/2018\/01\/Macroplaza-Cerro-de-la-Silla-300x241.jpg 300w, https:\/\/www.femexrobotica.org\/larc-lars2025\/wp-content\/uploads\/2018\/01\/Macroplaza-Cerro-de-la-Silla-768x616.jpg 768w\" sizes=\"(max-width: 1024px) 100vw, 1024px\" \/><\/div>\n\t\t<\/figure>\n\t<\/div>\n<\/div><\/div><\/div><div class=\"wpb_column vc_column_container vc_col-sm-4\"><div class=\"vc_column-inner \"><div class=\"wpb_wrapper\"><div class=\"vc_empty_space\"   style=\"height: 350px\" ><span class=\"vc_empty_space_inner\"><\/span><\/div>\n\n\t<div class=\"wpb_text_column wpb_content_element \" >\n\t\t<div class=\"wpb_wrapper\">\n\t\t\t<h3 style=\"text-align: left;\">Extraordinary Routes and Walks<\/h3>\n<p style=\"text-align: left;\">When you visit Nuevo Le\u00f3n, take the road; follow the walking routes that will take you to discover<\/p>\n<p><a href=\"http:\/\/nuevoleon.travel\/rutas-paseos-extraordinarios\/\"><em><strong>Extraordinary Municipalities and Tourist Attractions.<\/strong><\/em><\/a><\/p>\n\n\t\t<\/div>\n\t<\/div>\n<\/div><\/div><\/div><\/div><div class=\"vc_row wpb_row vc_row-fluid\" ><div class=\"wpb_column vc_column_container vc_col-sm-12\"><div class=\"vc_column-inner \"><div class=\"wpb_wrapper\"><div class=\"vc_empty_space\"   style=\"height: 30px\" ><span class=\"vc_empty_space_inner\"><\/span><\/div>\n<\/div><\/div><\/div><\/div><div class=\"vc_row wpb_row vc_row-fluid\" ><div class=\"wpb_column vc_column_container vc_col-sm-4\"><div class=\"vc_column-inner \"><div class=\"wpb_wrapper\"><div class=\"vc_empty_space\"   style=\"height: 5px\" ><span class=\"vc_empty_space_inner\"><\/span><\/div>\n\n\t<div class=\"wpb_text_column wpb_content_element \" >\n\t\t<div class=\"wpb_wrapper\">\n\t\t\t<h3 style=\"text-align: right;\"><em><strong>Parks<\/strong><\/em><\/h3>\n<p style=\"text-align: right;\"><strong><em>Nuevo Le\u00f3n offers a variety of parks and parks, family recreation spaces where fun is ageless, combining adrenaline with fantasy, music, dance, and even mingling with the flora and fauna.<\/em><\/strong><\/p>\n<p style=\"text-align: right;\"><strong><em>Discover parks like Paseo Santa Luc\u00eda, Parque Plaza S\u00e9samo, Kidzania, Bosque M\u00e1gico, Bioparque Estrella, Loroventura, and Parque Fundidora, to name a few. Enjoy a great time with your family in Nuevo Le\u00f3n.<\/em><\/strong><br \/>\n<strong><em>Consult information on parks and parks at<\/em><\/strong><\/p>\n<p style=\"text-align: right;\"><em><strong> <a href=\"http:\/\/nuevoleon.travel\/parques\/\" target=\"_blank\" rel=\"noopener\">nuevoleon.travel\/parques<\/a><\/strong><\/em><\/p>\n\n\t\t<\/div>\n\t<\/div>\n<\/div><\/div><\/div><div class=\"wpb_column vc_column_container vc_col-sm-8\"><div class=\"vc_column-inner \"><div class=\"wpb_wrapper\">\n\t<div  class=\"wpb_single_image wpb_content_element vc_align_center\">\n\t\t\n\t\t<figure class=\"wpb_wrapper vc_figure\">\n\t\t\t<div class=\"vc_single_image-wrapper vc_box_shadow_3d  vc_box_border_grey\"><img decoding=\"async\" width=\"1024\" height=\"683\" src=\"https:\/\/www.femexrobotica.org\/larc-lars2025\/wp-content\/uploads\/2018\/01\/Paseo-Santa-Luc\u00eda-noche-1024x683.jpg\" class=\"vc_single_image-img attachment-large\" alt=\"\" srcset=\"https:\/\/www.femexrobotica.org\/larc-lars2025\/wp-content\/uploads\/2018\/01\/Paseo-Santa-Luc\u00eda-noche-1024x683.jpg 1024w, https:\/\/www.femexrobotica.org\/larc-lars2025\/wp-content\/uploads\/2018\/01\/Paseo-Santa-Luc\u00eda-noche-300x200.jpg 300w, https:\/\/www.femexrobotica.org\/larc-lars2025\/wp-content\/uploads\/2018\/01\/Paseo-Santa-Luc\u00eda-noche-768x512.jpg 768w\" sizes=\"(max-width: 1024px) 100vw, 1024px\" \/><\/div>\n\t\t<\/figure>\n\t<\/div>\n<\/div><\/div><\/div><\/div><div class=\"vc_row wpb_row vc_row-fluid\" ><div class=\"wpb_column vc_column_container vc_col-sm-12\"><div class=\"vc_column-inner \"><div class=\"wpb_wrapper\"><div class=\"vc_empty_space\"   style=\"height: 30px\" ><span class=\"vc_empty_space_inner\"><\/span><\/div>\n<\/div><\/div><\/div><\/div><div class=\"vc_row wpb_row vc_row-fluid\" ><div class=\"wpb_column vc_column_container vc_col-sm-8\"><div class=\"vc_column-inner \"><div class=\"wpb_wrapper\">\n\t<div  class=\"wpb_single_image wpb_content_element vc_align_center\">\n\t\t\n\t\t<figure class=\"wpb_wrapper vc_figure\">\n\t\t\t<div class=\"vc_single_image-wrapper vc_box_shadow_3d  vc_box_border_grey\"><img decoding=\"async\" width=\"1024\" height=\"681\" src=\"https:\/\/www.femexrobotica.org\/larc-lars2025\/wp-content\/uploads\/2018\/01\/Palacio-de-Gobierno-fachada-1024x681.jpg\" class=\"vc_single_image-img attachment-large\" alt=\"\" srcset=\"https:\/\/www.femexrobotica.org\/larc-lars2025\/wp-content\/uploads\/2018\/01\/Palacio-de-Gobierno-fachada-1024x681.jpg 1024w, https:\/\/www.femexrobotica.org\/larc-lars2025\/wp-content\/uploads\/2018\/01\/Palacio-de-Gobierno-fachada-300x200.jpg 300w, https:\/\/www.femexrobotica.org\/larc-lars2025\/wp-content\/uploads\/2018\/01\/Palacio-de-Gobierno-fachada-768x511.jpg 768w\" sizes=\"(max-width: 1024px) 100vw, 1024px\" \/><\/div>\n\t\t<\/figure>\n\t<\/div>\n<\/div><\/div><\/div><div class=\"wpb_column vc_column_container vc_col-sm-4\"><div class=\"vc_column-inner \"><div class=\"wpb_wrapper\"><div class=\"vc_empty_space\"   style=\"height: 200px\" ><span class=\"vc_empty_space_inner\"><\/span><\/div>\n\n\t<div class=\"wpb_text_column wpb_content_element \" >\n\t\t<div class=\"wpb_wrapper\">\n\t\t\t<h4 style=\"text-align: left;\"><em><strong>Museums<\/strong><\/em><\/h4>\n<p><em><strong>Discover the cultural richness of Nuevo Le\u00f3n. Visit museums and art centers where you can admire the best of local, national, and international art.<\/strong><\/em><br \/>\n<em><strong>Find museum information at:<\/strong><\/em><\/p>\n<p><em><strong><a href=\"http:\/\/nuevoleon.travel\/museos\/\" target=\"_blank\" rel=\"noopener\">nuevoleon.travel\/museos<\/a><\/strong><\/em><\/p>\n<div id=\"gtx-trans\" style=\"position: absolute; left: -32px; top: 40.5312px;\">\n<div class=\"gtx-trans-icon\"><\/div>\n<\/div>\n\n\t\t<\/div>\n\t<\/div>\n<\/div><\/div><\/div><\/div><div class=\"vc_row wpb_row vc_row-fluid\" ><div class=\"wpb_column vc_column_container vc_col-sm-12\"><div class=\"vc_column-inner \"><div class=\"wpb_wrapper\"><div class=\"vc_empty_space\"   style=\"height: 30px\" ><span class=\"vc_empty_space_inner\"><\/span><\/div>\n<\/div><\/div><\/div><\/div><div class=\"vc_row wpb_row vc_row-fluid\" ><div class=\"wpb_column vc_column_container vc_col-sm-4\"><div class=\"vc_column-inner \"><div class=\"wpb_wrapper\"><div class=\"vc_empty_space\"   style=\"height: 260px\" ><span class=\"vc_empty_space_inner\"><\/span><\/div>\n\n\t<div class=\"wpb_text_column wpb_content_element \" >\n\t\t<div class=\"wpb_wrapper\">\n\t\t\t<h4 style=\"text-align: right;\"><em><strong>Sports Venues<\/strong><\/em><\/h4>\n<p style=\"text-align: right;\"><em><strong>Practice and enjoy your favorite sport in Nuevo Le\u00f3n&#8217;s diverse sports venues and facilities; a fun and relaxing experience.<\/strong><\/em><br \/>\n<em><strong>Find information on sports venues at:<\/strong><\/em><\/p>\n<p style=\"text-align: right;\"><em><strong><a href=\"http:\/\/nuevoleon.travel\/recintos-deportivos\/\" target=\"_blank\" rel=\"noopener\">nuevoleon.travel\/recintos-deportivos<\/a><\/strong><\/em><\/p>\n\n\t\t<\/div>\n\t<\/div>\n<\/div><\/div><\/div><div class=\"wpb_column vc_column_container vc_col-sm-8\"><div class=\"vc_column-inner \"><div class=\"wpb_wrapper\">\n\t<div  class=\"wpb_single_image wpb_content_element vc_align_center\">\n\t\t\n\t\t<figure class=\"wpb_wrapper vc_figure\">\n\t\t\t<div class=\"vc_single_image-wrapper vc_box_shadow_3d  vc_box_border_grey\"><img loading=\"lazy\" decoding=\"async\" width=\"1024\" height=\"768\" src=\"https:\/\/www.femexrobotica.org\/larc-lars2025\/wp-content\/uploads\/2018\/02\/Instalaciones-011-1024x768.jpg\" class=\"vc_single_image-img attachment-large\" alt=\"\" srcset=\"https:\/\/www.femexrobotica.org\/larc-lars2025\/wp-content\/uploads\/2018\/02\/Instalaciones-011-1024x768.jpg 1024w, https:\/\/www.femexrobotica.org\/larc-lars2025\/wp-content\/uploads\/2018\/02\/Instalaciones-011-300x225.jpg 300w, https:\/\/www.femexrobotica.org\/larc-lars2025\/wp-content\/uploads\/2018\/02\/Instalaciones-011-768x576.jpg 768w\" sizes=\"(max-width: 1024px) 100vw, 1024px\" \/><\/div>\n\t\t<\/figure>\n\t<\/div>\n<\/div><\/div><\/div><\/div><div class=\"vc_row wpb_row vc_row-fluid\" ><div class=\"wpb_column vc_column_container vc_col-sm-12\"><div class=\"vc_column-inner \"><div class=\"wpb_wrapper\"><div class=\"vc_empty_space\"   style=\"height: 30px\" ><span class=\"vc_empty_space_inner\"><\/span><\/div>\n<\/div><\/div><\/div><\/div><div class=\"vc_row wpb_row vc_row-fluid\" ><div class=\"wpb_column vc_column_container vc_col-sm-8\"><div class=\"vc_column-inner \"><div class=\"wpb_wrapper\">\n\t<div  class=\"wpb_single_image wpb_content_element vc_align_center\">\n\t\t\n\t\t<figure class=\"wpb_wrapper vc_figure\">\n\t\t\t<div class=\"vc_single_image-wrapper vc_box_shadow_3d  vc_box_border_grey\"><img loading=\"lazy\" decoding=\"async\" width=\"1024\" height=\"683\" src=\"https:\/\/www.femexrobotica.org\/larc-lars2025\/wp-content\/uploads\/2018\/02\/ReyCabrito-1024x683.png\" class=\"vc_single_image-img attachment-large\" alt=\"\" srcset=\"https:\/\/www.femexrobotica.org\/larc-lars2025\/wp-content\/uploads\/2018\/02\/ReyCabrito.png 1024w, https:\/\/www.femexrobotica.org\/larc-lars2025\/wp-content\/uploads\/2018\/02\/ReyCabrito-300x200.png 300w, https:\/\/www.femexrobotica.org\/larc-lars2025\/wp-content\/uploads\/2018\/02\/ReyCabrito-768x512.png 768w\" sizes=\"(max-width: 1024px) 100vw, 1024px\" \/><\/div>\n\t\t<\/figure>\n\t<\/div>\n<\/div><\/div><\/div><div class=\"wpb_column vc_column_container vc_col-sm-4\"><div class=\"vc_column-inner \"><div class=\"wpb_wrapper\"><div class=\"vc_empty_space\"   style=\"height: 200px\" ><span class=\"vc_empty_space_inner\"><\/span><\/div>\n\n\t<div class=\"wpb_text_column wpb_content_element \" >\n\t\t<div class=\"wpb_wrapper\">\n\t\t\t<h4>What to Eat?<\/h4>\n<p><em><strong>A variety of restaurants where you can enjoy Nuevo Le\u00f3n&#8217;s extensive culinary offerings, renowned nationally and internationally.<\/strong><\/em><br \/>\n<em><strong>Find restaurant information at:<\/strong><\/em><\/p>\n<p><em><strong><a href=\"http:\/\/nuevoleon.travel\/que-comer\/\" target=\"_blank\" rel=\"noopener\">nuevoleon.travel\/que-comer<\/a><\/strong><\/em><\/p>\n<div id=\"gtx-trans\" style=\"position: absolute; left: -23px; top: 40.5312px;\">\n<div class=\"gtx-trans-icon\"><\/div>\n<\/div>\n\n\t\t<\/div>\n\t<\/div>\n<\/div><\/div><\/div><\/div><div class=\"vc_row wpb_row vc_row-fluid\" ><div class=\"wpb_column vc_column_container vc_col-sm-12\"><div class=\"vc_column-inner \"><div class=\"wpb_wrapper\"><div class=\"vc_empty_space\"   style=\"height: 30px\" ><span class=\"vc_empty_space_inner\"><\/span><\/div>\n<\/div><\/div><\/div><\/div><div class=\"vc_row wpb_row vc_row-fluid\" ><div class=\"wpb_column vc_column_container vc_col-sm-4\"><div class=\"vc_column-inner \"><div class=\"wpb_wrapper\"><div class=\"vc_empty_space\"   style=\"height: 165px\" ><span class=\"vc_empty_space_inner\"><\/span><\/div>\n\n\t<div class=\"wpb_text_column wpb_content_element \" >\n\t\t<div class=\"wpb_wrapper\">\n\t\t\t<h4 style=\"text-align: right;\"><em><strong>Shopping<\/strong><\/em><\/h4>\n<p style=\"text-align: right;\"><em><strong>Incredible shopping centers and traditional craft, designer, and themed markets, where you can find the best shopping.<\/strong><\/em><\/p>\n<p style=\"text-align: right;\"><em><strong>Find information about shopping centers at:<\/strong><\/em><\/p>\n<p style=\"text-align: right;\"><a href=\"http:\/\/nuevoleon.travel\/de-compras\/\" target=\"_blank\" rel=\"noopener\"> <em><strong>nuevoleon.travel\/de-compras<\/strong><\/em><\/a><\/p>\n<div id=\"gtx-trans\" style=\"position: absolute; left: -24px; top: 40.5312px;\">\n<div class=\"gtx-trans-icon\"><\/div>\n<\/div>\n\n\t\t<\/div>\n\t<\/div>\n<\/div><\/div><\/div><div class=\"wpb_column vc_column_container vc_col-sm-8\"><div class=\"vc_column-inner \"><div class=\"wpb_wrapper\">\n\t<div  class=\"wpb_single_image wpb_content_element vc_align_center\">\n\t\t\n\t\t<figure class=\"wpb_wrapper vc_figure\">\n\t\t\t<div class=\"vc_single_image-wrapper vc_box_shadow_3d  vc_box_border_grey\"><img loading=\"lazy\" decoding=\"async\" width=\"1024\" height=\"646\" src=\"https:\/\/www.femexrobotica.org\/larc-lars2025\/wp-content\/uploads\/2018\/01\/Valle-Oriente-1024x646.jpg\" class=\"vc_single_image-img attachment-large\" alt=\"\" srcset=\"https:\/\/www.femexrobotica.org\/larc-lars2025\/wp-content\/uploads\/2018\/01\/Valle-Oriente-1024x646.jpg 1024w, https:\/\/www.femexrobotica.org\/larc-lars2025\/wp-content\/uploads\/2018\/01\/Valle-Oriente-300x189.jpg 300w, https:\/\/www.femexrobotica.org\/larc-lars2025\/wp-content\/uploads\/2018\/01\/Valle-Oriente-768x485.jpg 768w\" sizes=\"(max-width: 1024px) 100vw, 1024px\" \/><\/div>\n\t\t<\/figure>\n\t<\/div>\n<\/div><\/div><\/div><\/div><div class=\"vc_row wpb_row vc_row-fluid\" ><div class=\"wpb_column vc_column_container vc_col-sm-12\"><div class=\"vc_column-inner \"><div class=\"wpb_wrapper\"><div class=\"vc_empty_space\"   style=\"height: 30px\" ><span class=\"vc_empty_space_inner\"><\/span><\/div>\n<\/div><\/div><\/div><\/div><div class=\"vc_row wpb_row vc_row-fluid\" ><div class=\"wpb_column vc_column_container vc_col-sm-6\"><div class=\"vc_column-inner \"><div class=\"wpb_wrapper\">\n\t<div  class=\"wpb_single_image wpb_content_element vc_align_right\">\n\t\t\n\t\t<figure class=\"wpb_wrapper vc_figure\">\n\t\t\t<a href=\"http:\/\/nuevoleon.travel\/\" target=\"_blank\" class=\"vc_single_image-wrapper   vc_box_border_grey\"><\/a>\n\t\t<\/figure>\n\t<\/div>\n<\/div><\/div><\/div><div class=\"wpb_column vc_column_container vc_col-sm-6\"><div class=\"vc_column-inner \"><div class=\"wpb_wrapper\">\n\t<div class=\"wpb_text_column wpb_content_element \" >\n\t\t<div class=\"wpb_wrapper\">\n\t\t\t<p><a href=\"http:\/\/nuevoleon.travel\/\">Extraordinary Nuevo Le\u00f3n | NL Tourism<\/a><\/p>\n<p><a href=\"http:\/\/nuevoleon.travel\/\" target=\"_blank\" rel=\"noopener\">nuevoleon.travel<\/a><\/p>\n<p><em><strong>Discover Nuevo Le\u00f3n. Find it extraordinary! Be amazed by everything it offers for an extraordinary summer.<\/strong><\/em><\/p>\n\n\t\t<\/div>\n\t<\/div>\n<\/div><\/div><\/div><\/div><div class=\"vc_row wpb_row vc_row-fluid\" ><div class=\"wpb_column vc_column_container vc_col-sm-12\"><div class=\"vc_column-inner \"><div class=\"wpb_wrapper\"><div class=\"vc_empty_space\"   style=\"height: 70px\" ><span class=\"vc_empty_space_inner\"><\/span><\/div>\n<\/div><\/div><\/div><\/div>\n","protected":false},"excerpt":{"rendered":"PLACES OF INTEREST What to do in Monterrey? When you visit Nuevo Le\u00f3n, you can enjoy a wide variety of extraordinary activities; from adventures in its majestic natural landscapes, fun in its parks, delighting in the best of our culture [...]","protected":false},"author":7,"featured_media":0,"parent":0,"menu_order":0,"comment_status":"closed","ping_status":"closed","template":"","meta":{"footnotes":""},"class_list":["post-600","page","type-page","status-publish","hentry"],"yoast_head":"<!-- This site is optimized with the Yoast SEO plugin v26.4 - https:\/\/yoast.com\/wordpress\/plugins\/seo\/ -->\n<title>LUGARES_DE_INTERES - LARC-LARS 2025<\/title>\n<meta name=\"robots\" content=\"index, follow, max-snippet:-1, max-image-preview:large, max-video-preview:-1\" \/>\n<link rel=\"canonical\" href=\"https:\/\/www.femexrobotica.org\/larc-lars2025\/lugares_de_interes\/\" \/>\n<meta property=\"og:locale\" content=\"es_MX\" \/>\n<meta property=\"og:type\" content=\"article\" \/>\n<meta property=\"og:title\" content=\"LUGARES_DE_INTERES - LARC-LARS 2025\" \/>\n<meta property=\"og:url\" content=\"https:\/\/www.femexrobotica.org\/larc-lars2025\/lugares_de_interes\/\" \/>\n<meta property=\"og:site_name\" content=\"LARC-LARS 2025\" \/>\n<meta property=\"article:modified_time\" content=\"2025-06-09T04:03:40+00:00\" \/>\n<meta name=\"twitter:card\" content=\"summary_large_image\" \/>\n<meta name=\"twitter:label1\" content=\"Tiempo de lectura\" \/>\n\t<meta name=\"twitter:data1\" content=\"2 minutos\" \/>\n<script type=\"application\/ld+json\" class=\"yoast-schema-graph\">{\"@context\":\"https:\/\/schema.org\",\"@graph\":[{\"@type\":\"WebPage\",\"@id\":\"https:\/\/www.femexrobotica.org\/larc-lars2025\/lugares_de_interes\/\",\"url\":\"https:\/\/www.femexrobotica.org\/larc-lars2025\/lugares_de_interes\/\",\"name\":\"LUGARES_DE_INTERES - LARC-LARS 2025\",\"isPartOf\":{\"@id\":\"https:\/\/www.femexrobotica.org\/larc-lars2025\/#website\"},\"datePublished\":\"2018-02-01T06:01:50+00:00\",\"dateModified\":\"2025-06-09T04:03:40+00:00\",\"breadcrumb\":{\"@id\":\"https:\/\/www.femexrobotica.org\/larc-lars2025\/lugares_de_interes\/#breadcrumb\"},\"inLanguage\":\"es\",\"potentialAction\":[{\"@type\":\"ReadAction\",\"target\":[\"https:\/\/www.femexrobotica.org\/larc-lars2025\/lugares_de_interes\/\"]}]},{\"@type\":\"BreadcrumbList\",\"@id\":\"https:\/\/www.femexrobotica.org\/larc-lars2025\/lugares_de_interes\/#breadcrumb\",\"itemListElement\":[{\"@type\":\"ListItem\",\"position\":1,\"name\":\"Inicio\",\"item\":\"https:\/\/www.femexrobotica.org\/larc-lars2025\/\"},{\"@type\":\"ListItem\",\"position\":2,\"name\":\"LUGARES_DE_INTERES\"}]},{\"@type\":\"WebSite\",\"@id\":\"https:\/\/www.femexrobotica.org\/larc-lars2025\/#website\",\"url\":\"https:\/\/www.femexrobotica.org\/larc-lars2025\/\",\"name\":\"LARC-LARS 2025\",\"description\":\"Competencia y Simposio Latinoamericano de Rob\u00f3tica 2025\",\"potentialAction\":[{\"@type\":\"SearchAction\",\"target\":{\"@type\":\"EntryPoint\",\"urlTemplate\":\"https:\/\/www.femexrobotica.org\/larc-lars2025\/?s={search_term_string}\"},\"query-input\":{\"@type\":\"PropertyValueSpecification\",\"valueRequired\":true,\"valueName\":\"search_term_string\"}}],\"inLanguage\":\"es\"}]}<\/script>\n<!-- \/ Yoast SEO plugin. -->","yoast_head_json":{"title":"LUGARES_DE_INTERES - LARC-LARS 2025","robots":{"index":"index","follow":"follow","max-snippet":"max-snippet:-1","max-image-preview":"max-image-preview:large","max-video-preview":"max-video-preview:-1"},"canonical":"https:\/\/www.femexrobotica.org\/larc-lars2025\/lugares_de_interes\/","og_locale":"es_MX","og_type":"article","og_title":"LUGARES_DE_INTERES - LARC-LARS 2025","og_url":"https:\/\/www.femexrobotica.org\/larc-lars2025\/lugares_de_interes\/","og_site_name":"LARC-LARS 2025","article_modified_time":"2025-06-09T04:03:40+00:00","twitter_card":"summary_large_image","twitter_misc":{"Tiempo de lectura":"2 minutos"},"schema":{"@context":"https:\/\/schema.org","@graph":[{"@type":"WebPage","@id":"https:\/\/www.femexrobotica.org\/larc-lars2025\/lugares_de_interes\/","url":"https:\/\/www.femexrobotica.org\/larc-lars2025\/lugares_de_interes\/","name":"LUGARES_DE_INTERES - LARC-LARS 2025","isPartOf":{"@id":"https:\/\/www.femexrobotica.org\/larc-lars2025\/#website"},"datePublished":"2018-02-01T06:01:50+00:00","dateModified":"2025-06-09T04:03:40+00:00","breadcrumb":{"@id":"https:\/\/www.femexrobotica.org\/larc-lars2025\/lugares_de_interes\/#breadcrumb"},"inLanguage":"es","potentialAction":[{"@type":"ReadAction","target":["https:\/\/www.femexrobotica.org\/larc-lars2025\/lugares_de_interes\/"]}]},{"@type":"BreadcrumbList","@id":"https:\/\/www.femexrobotica.org\/larc-lars2025\/lugares_de_interes\/#breadcrumb","itemListElement":[{"@type":"ListItem","position":1,"name":"Inicio","item":"https:\/\/www.femexrobotica.org\/larc-lars2025\/"},{"@type":"ListItem","position":2,"name":"LUGARES_DE_INTERES"}]},{"@type":"WebSite","@id":"https:\/\/www.femexrobotica.org\/larc-lars2025\/#website","url":"https:\/\/www.femexrobotica.org\/larc-lars2025\/","name":"LARC-LARS 2025","description":"Competencia y Simposio Latinoamericano de Rob\u00f3tica 2025","potentialAction":[{"@type":"SearchAction","target":{"@type":"EntryPoint","urlTemplate":"https:\/\/www.femexrobotica.org\/larc-lars2025\/?s={search_term_string}"},"query-input":{"@type":"PropertyValueSpecification","valueRequired":true,"valueName":"search_term_string"}}],"inLanguage":"es"}]}},"_links":{"self":[{"href":"https:\/\/www.femexrobotica.org\/larc-lars2025\/wp-json\/wp\/v2\/pages\/600","targetHints":{"allow":["GET"]}}],"collection":[{"href":"https:\/\/www.femexrobotica.org\/larc-lars2025\/wp-json\/wp\/v2\/pages"}],"about":[{"href":"https:\/\/www.femexrobotica.org\/larc-lars2025\/wp-json\/wp\/v2\/types\/page"}],"author":[{"embeddable":true,"href":"https:\/\/www.femexrobotica.org\/larc-lars2025\/wp-json\/wp\/v2\/users\/7"}],"replies":[{"embeddable":true,"href":"https:\/\/www.femexrobotica.org\/larc-lars2025\/wp-json\/wp\/v2\/comments?post=600"}],"version-history":[{"count":30,"href":"https:\/\/www.femexrobotica.org\/larc-lars2025\/wp-json\/wp\/v2\/pages\/600\/revisions"}],"predecessor-version":[{"id":2229,"href":"https:\/\/www.femexrobotica.org\/larc-lars2025\/wp-json\/wp\/v2\/pages\/600\/revisions\/2229"}],"wp:attachment":[{"href":"https:\/\/www.femexrobotica.org\/larc-lars2025\/wp-json\/wp\/v2\/media?parent=600"}],"curies":[{"name":"wp","href":"https:\/\/api.w.org\/{rel}","templated":true}]}}