{"id":1994,"date":"2025-06-08T10:42:22","date_gmt":"2025-06-08T15:42:22","guid":{"rendered":"https:\/\/www.femexrobotica.org\/larc-lars2025\/?page_id=1994"},"modified":"2025-06-10T02:20:24","modified_gmt":"2025-06-10T07:20:24","slug":"place","status":"publish","type":"page","link":"https:\/\/www.femexrobotica.org\/larc-lars2025\/place\/","title":{"rendered":"PLACE"},"content":{"rendered":"<div class=\"vc_row wpb_row vc_row-fluid\" ><div class=\"wpb_column vc_column_container vc_col-sm-12\"><div class=\"vc_column-inner \"><div class=\"wpb_wrapper\"><div class=\"vc_separator wpb_content_element vc_separator_align_center vc_sep_width_100 vc_sep_shadow vc_sep_pos_align_center vc_separator_no_text vc_sep_color_grey\" ><span class=\"vc_sep_holder vc_sep_holder_l\"><span  class=\"vc_sep_line\"><\/span><\/span><span class=\"vc_sep_holder vc_sep_holder_r\"><span  class=\"vc_sep_line\"><\/span><\/span>\n<\/div><div class=\"vc_empty_space\"   style=\"height: 200px\" ><span class=\"vc_empty_space_inner\"><\/span><\/div>\n<div class=\"mkdf-section-title-holder  \" style=\"text-align: center\">\n\t<div class=\"mkdf-st-inner\">\n\t\t\t\t\t\t\t<h2 class=\"mkdf-st-title\" >\n\t\t\t\tPLACE\t\t\t\t<span class=\"mkdf-st-title-mark\" ><\/span>\n\t\t\t<\/h2>\n\t\t\t\t\t\t\t<div class=\"mkdf-st-separator\" ><\/div>\n\t\t\t\t\t\t\t<\/div>\n<\/div><div class=\"vc_empty_space\"   style=\"height: 150px\" ><span class=\"vc_empty_space_inner\"><\/span><\/div>\n<\/div><\/div><\/div><\/div><div class=\"vc_row wpb_row vc_row-fluid\" ><div class=\"wpb_column vc_column_container vc_col-sm-12\"><div class=\"vc_column-inner \"><div class=\"wpb_wrapper\">\n\t<div class=\"wpb_text_column wpb_content_element \" >\n\t\t<div class=\"wpb_wrapper\">\n\t\t\t<h4 style=\"text-align: center;\">Tecnol\u00f3gico de Monterrey<br \/>\nMonterrey Campus<\/h4>\n<div id=\"gtx-trans\" style=\"position: absolute; left: -24px; top: -10px;\">\n<div class=\"gtx-trans-icon\"><\/div>\n<\/div>\n\n\t\t<\/div>\n\t<\/div>\n<div class=\"vc_empty_space\"   style=\"height: 32px\" ><span class=\"vc_empty_space_inner\"><\/span><\/div>\n<\/div><\/div><\/div><div class=\"wpb_column vc_column_container vc_col-sm-4\"><div class=\"vc_column-inner \"><div class=\"wpb_wrapper\">\n\t<div  class=\"wpb_single_image wpb_content_element vc_align_center\">\n\t\t\n\t\t<figure class=\"wpb_wrapper vc_figure\">\n\t\t\t<div class=\"vc_single_image-wrapper   vc_box_border_grey\"><img fetchpriority=\"high\" decoding=\"async\" width=\"300\" height=\"172\" src=\"https:\/\/www.femexrobotica.org\/larc-lars2025\/wp-content\/uploads\/2018\/02\/slide-tec-300x172.jpg\" class=\"vc_single_image-img attachment-medium\" alt=\"\" srcset=\"https:\/\/www.femexrobotica.org\/larc-lars2025\/wp-content\/uploads\/2018\/02\/slide-tec-300x172.jpg 300w, https:\/\/www.femexrobotica.org\/larc-lars2025\/wp-content\/uploads\/2018\/02\/slide-tec-768x440.jpg 768w, https:\/\/www.femexrobotica.org\/larc-lars2025\/wp-content\/uploads\/2018\/02\/slide-tec-1024x587.jpg 1024w, https:\/\/www.femexrobotica.org\/larc-lars2025\/wp-content\/uploads\/2018\/02\/slide-tec.jpg 1920w\" sizes=\"(max-width: 300px) 100vw, 300px\" \/><\/div>\n\t\t<\/figure>\n\t<\/div>\n\n\t<div class=\"wpb_text_column wpb_content_element \" >\n\t\t<div class=\"wpb_wrapper\">\n\t\t\t<h6 style=\"text-align: center;\">CETEC<\/h6>\n\n\t\t<\/div>\n\t<\/div>\n<\/div><\/div><\/div><div class=\"wpb_column vc_column_container vc_col-sm-4\"><div class=\"vc_column-inner \"><div class=\"wpb_wrapper\">\n\t<div class=\"wpb_text_column wpb_content_element \" >\n\t\t<div class=\"wpb_wrapper\">\n\t\t\t<h6 dir=\"ltr\" style=\"text-align: center;\"><strong>Eugenio Garza Sada 2501<\/strong><\/h6>\n<h6 dir=\"ltr\" style=\"text-align: center;\"><strong>Col. Tecnol\u00f3gico<\/strong><\/h6>\n<h6 dir=\"ltr\" style=\"text-align: center;\"><strong>CP: 64700<\/strong><\/h6>\n<h6 dir=\"ltr\" style=\"text-align: center;\"><strong>Monterrey, Nuevo Le\u00f3n<\/strong><\/h6>\n<h6 dir=\"ltr\" style=\"text-align: center;\"><strong>M\u00e9xico<\/strong><\/h6>\n\n\t\t<\/div>\n\t<\/div>\n<\/div><\/div><\/div><div class=\"wpb_column vc_column_container vc_col-sm-4\"><div class=\"vc_column-inner \"><div class=\"wpb_wrapper\">\n\t<div  class=\"wpb_single_image wpb_content_element vc_align_center\">\n\t\t\n\t\t<figure class=\"wpb_wrapper vc_figure\">\n\t\t\t<div class=\"vc_single_image-wrapper   vc_box_border_grey\"><img decoding=\"async\" width=\"300\" height=\"169\" src=\"https:\/\/www.femexrobotica.org\/larc-lars2025\/wp-content\/uploads\/2025\/06\/arena-borregos-300x169.jpg\" class=\"vc_single_image-img attachment-medium\" alt=\"\" srcset=\"https:\/\/www.femexrobotica.org\/larc-lars2025\/wp-content\/uploads\/2025\/06\/arena-borregos-300x169.jpg 300w, https:\/\/www.femexrobotica.org\/larc-lars2025\/wp-content\/uploads\/2025\/06\/arena-borregos-18x10.jpg 18w, https:\/\/www.femexrobotica.org\/larc-lars2025\/wp-content\/uploads\/2025\/06\/arena-borregos.jpg 768w\" sizes=\"(max-width: 300px) 100vw, 300px\" \/><\/div>\n\t\t<\/figure>\n\t<\/div>\n\n\t<div class=\"wpb_text_column wpb_content_element \" >\n\t\t<div class=\"wpb_wrapper\">\n\t\t\t<h6 style=\"text-align: center;\">Arena Borregos<\/h6>\n<div id=\"gtx-trans\" style=\"position: absolute; left: 632px; top: -1.03125px;\">\n<div class=\"gtx-trans-icon\"><\/div>\n<\/div>\n\n\t\t<\/div>\n\t<\/div>\n<\/div><\/div><\/div><div class=\"wpb_column vc_column_container vc_col-sm-12\"><div class=\"vc_column-inner \"><div class=\"wpb_wrapper\"><div class=\"vc_empty_space\"   style=\"height: 72px\" ><span class=\"vc_empty_space_inner\"><\/span><\/div>\n<\/div><\/div><\/div><\/div><div class=\"vc_row wpb_row vc_row-fluid\" ><div class=\"wpb_column vc_column_container vc_col-sm-12\"><div class=\"vc_column-inner \"><div class=\"wpb_wrapper\"><div class=\"wpb_gmaps_widget wpb_content_element\" >\n\t\t<div class=\"wpb_wrapper\">\n\t\t<div class=\"wpb_map_wraper\">\n\t\t\t<iframe src=\"https:\/\/www.google.com\/maps\/embed?pb=!1m18!1m12!1m3!1d3596.5949691465753!2d-100.2917286851756!3d25.65156488368685!2m3!1f0!2f0!3f0!3m2!1i1024!2i768!4f13.1!3m3!1m2!1s0x8662bfcee61c0709%3A0xab5b4cc298e6fe08!2sTecnol%C3%B3gico+de+Monterrey!5e0!3m2!1ses!2smx!4v1517340208079\" width=\"600\" height=\"450\" frameborder=\"0\" style=\"border:0\" allowfullscreen><\/iframe>\t\t<\/div>\n\t<\/div>\n<\/div>\n<\/div><\/div><\/div><\/div><div class=\"vc_row wpb_row vc_row-fluid\" ><div class=\"wpb_column vc_column_container vc_col-sm-12\"><div class=\"vc_column-inner \"><div class=\"wpb_wrapper\"><div class=\"vc_empty_space\"   style=\"height: 70px\" ><span class=\"vc_empty_space_inner\"><\/span><\/div>\n<\/div><\/div><\/div><\/div>\n","protected":false},"excerpt":{"rendered":"PLACE Tecnol\u00f3gico de Monterrey Monterrey Campus CETEC Eugenio Garza Sada 2501 Col. Tecnol\u00f3gico CP: 64700 Monterrey, Nuevo Le\u00f3n M\u00e9xico Arena Borregos","protected":false},"author":6,"featured_media":0,"parent":0,"menu_order":0,"comment_status":"closed","ping_status":"closed","template":"","meta":{"footnotes":""},"class_list":["post-1994","page","type-page","status-publish","hentry"],"yoast_head":"<!-- This site is optimized with the Yoast SEO plugin v26.4 - https:\/\/yoast.com\/wordpress\/plugins\/seo\/ -->\n<title>PLACE - LARC-LARS 2025<\/title>\n<meta name=\"robots\" content=\"index, follow, max-snippet:-1, max-image-preview:large, max-video-preview:-1\" \/>\n<link rel=\"canonical\" href=\"https:\/\/www.femexrobotica.org\/larc-lars2025\/place\/\" \/>\n<meta property=\"og:locale\" content=\"es_MX\" \/>\n<meta property=\"og:type\" content=\"article\" \/>\n<meta property=\"og:title\" content=\"PLACE - LARC-LARS 2025\" \/>\n<meta property=\"og:url\" content=\"https:\/\/www.femexrobotica.org\/larc-lars2025\/place\/\" \/>\n<meta property=\"og:site_name\" content=\"LARC-LARS 2025\" \/>\n<meta property=\"article:modified_time\" content=\"2025-06-10T07:20:24+00:00\" \/>\n<meta name=\"twitter:card\" content=\"summary_large_image\" \/>\n<meta name=\"twitter:label1\" content=\"Tiempo de lectura\" \/>\n\t<meta name=\"twitter:data1\" content=\"1 minuto\" \/>\n<script type=\"application\/ld+json\" class=\"yoast-schema-graph\">{\"@context\":\"https:\/\/schema.org\",\"@graph\":[{\"@type\":\"WebPage\",\"@id\":\"https:\/\/www.femexrobotica.org\/larc-lars2025\/place\/\",\"url\":\"https:\/\/www.femexrobotica.org\/larc-lars2025\/place\/\",\"name\":\"PLACE - LARC-LARS 2025\",\"isPartOf\":{\"@id\":\"https:\/\/www.femexrobotica.org\/larc-lars2025\/#website\"},\"datePublished\":\"2025-06-08T15:42:22+00:00\",\"dateModified\":\"2025-06-10T07:20:24+00:00\",\"breadcrumb\":{\"@id\":\"https:\/\/www.femexrobotica.org\/larc-lars2025\/place\/#breadcrumb\"},\"inLanguage\":\"es\",\"potentialAction\":[{\"@type\":\"ReadAction\",\"target\":[\"https:\/\/www.femexrobotica.org\/larc-lars2025\/place\/\"]}]},{\"@type\":\"BreadcrumbList\",\"@id\":\"https:\/\/www.femexrobotica.org\/larc-lars2025\/place\/#breadcrumb\",\"itemListElement\":[{\"@type\":\"ListItem\",\"position\":1,\"name\":\"Inicio\",\"item\":\"https:\/\/www.femexrobotica.org\/larc-lars2025\/\"},{\"@type\":\"ListItem\",\"position\":2,\"name\":\"PLACE\"}]},{\"@type\":\"WebSite\",\"@id\":\"https:\/\/www.femexrobotica.org\/larc-lars2025\/#website\",\"url\":\"https:\/\/www.femexrobotica.org\/larc-lars2025\/\",\"name\":\"LARC-LARS 2025\",\"description\":\"Competencia y Simposio Latinoamericano de Rob\u00f3tica 2025\",\"potentialAction\":[{\"@type\":\"SearchAction\",\"target\":{\"@type\":\"EntryPoint\",\"urlTemplate\":\"https:\/\/www.femexrobotica.org\/larc-lars2025\/?s={search_term_string}\"},\"query-input\":{\"@type\":\"PropertyValueSpecification\",\"valueRequired\":true,\"valueName\":\"search_term_string\"}}],\"inLanguage\":\"es\"}]}<\/script>\n<!-- \/ Yoast SEO plugin. -->","yoast_head_json":{"title":"PLACE - LARC-LARS 2025","robots":{"index":"index","follow":"follow","max-snippet":"max-snippet:-1","max-image-preview":"max-image-preview:large","max-video-preview":"max-video-preview:-1"},"canonical":"https:\/\/www.femexrobotica.org\/larc-lars2025\/place\/","og_locale":"es_MX","og_type":"article","og_title":"PLACE - LARC-LARS 2025","og_url":"https:\/\/www.femexrobotica.org\/larc-lars2025\/place\/","og_site_name":"LARC-LARS 2025","article_modified_time":"2025-06-10T07:20:24+00:00","twitter_card":"summary_large_image","twitter_misc":{"Tiempo de lectura":"1 minuto"},"schema":{"@context":"https:\/\/schema.org","@graph":[{"@type":"WebPage","@id":"https:\/\/www.femexrobotica.org\/larc-lars2025\/place\/","url":"https:\/\/www.femexrobotica.org\/larc-lars2025\/place\/","name":"PLACE - LARC-LARS 2025","isPartOf":{"@id":"https:\/\/www.femexrobotica.org\/larc-lars2025\/#website"},"datePublished":"2025-06-08T15:42:22+00:00","dateModified":"2025-06-10T07:20:24+00:00","breadcrumb":{"@id":"https:\/\/www.femexrobotica.org\/larc-lars2025\/place\/#breadcrumb"},"inLanguage":"es","potentialAction":[{"@type":"ReadAction","target":["https:\/\/www.femexrobotica.org\/larc-lars2025\/place\/"]}]},{"@type":"BreadcrumbList","@id":"https:\/\/www.femexrobotica.org\/larc-lars2025\/place\/#breadcrumb","itemListElement":[{"@type":"ListItem","position":1,"name":"Inicio","item":"https:\/\/www.femexrobotica.org\/larc-lars2025\/"},{"@type":"ListItem","position":2,"name":"PLACE"}]},{"@type":"WebSite","@id":"https:\/\/www.femexrobotica.org\/larc-lars2025\/#website","url":"https:\/\/www.femexrobotica.org\/larc-lars2025\/","name":"LARC-LARS 2025","description":"Competencia y Simposio Latinoamericano de Rob\u00f3tica 2025","potentialAction":[{"@type":"SearchAction","target":{"@type":"EntryPoint","urlTemplate":"https:\/\/www.femexrobotica.org\/larc-lars2025\/?s={search_term_string}"},"query-input":{"@type":"PropertyValueSpecification","valueRequired":true,"valueName":"search_term_string"}}],"inLanguage":"es"}]}},"_links":{"self":[{"href":"https:\/\/www.femexrobotica.org\/larc-lars2025\/wp-json\/wp\/v2\/pages\/1994","targetHints":{"allow":["GET"]}}],"collection":[{"href":"https:\/\/www.femexrobotica.org\/larc-lars2025\/wp-json\/wp\/v2\/pages"}],"about":[{"href":"https:\/\/www.femexrobotica.org\/larc-lars2025\/wp-json\/wp\/v2\/types\/page"}],"author":[{"embeddable":true,"href":"https:\/\/www.femexrobotica.org\/larc-lars2025\/wp-json\/wp\/v2\/users\/6"}],"replies":[{"embeddable":true,"href":"https:\/\/www.femexrobotica.org\/larc-lars2025\/wp-json\/wp\/v2\/comments?post=1994"}],"version-history":[{"count":14,"href":"https:\/\/www.femexrobotica.org\/larc-lars2025\/wp-json\/wp\/v2\/pages\/1994\/revisions"}],"predecessor-version":[{"id":2343,"href":"https:\/\/www.femexrobotica.org\/larc-lars2025\/wp-json\/wp\/v2\/pages\/1994\/revisions\/2343"}],"wp:attachment":[{"href":"https:\/\/www.femexrobotica.org\/larc-lars2025\/wp-json\/wp\/v2\/media?parent=1994"}],"curies":[{"name":"wp","href":"https:\/\/api.w.org\/{rel}","templated":true}]}}