{"id":434,"date":"2017-11-21T22:11:48","date_gmt":"2017-11-22T03:11:48","guid":{"rendered":"https:\/\/www.femexrobotica.org\/eir2017-2018\/?page_id=434"},"modified":"2017-11-27T14:33:21","modified_gmt":"2017-11-27T19:33:21","slug":"visionartificialaplicadasistemasroboticos","status":"publish","type":"page","link":"https:\/\/www.femexrobotica.org\/eir2017-2018\/visionartificialaplicadasistemasroboticos\/","title":{"rendered":"Visi\u00f3n Artificial Aplicada en Sistemas Rob\u00f3ticos"},"content":{"rendered":"<p style=\"text-align: center;\"><strong>Nombre del taller:<\/strong><\/p>\n<h2 style=\"text-align: center;\">Visi\u00f3n Artificial Aplicada en Sistemas Rob\u00f3ticos<\/h2>\n<p><strong>Ponentes:<\/strong> Mart\u00edn Eduardo Rodr\u00edguez Franco y\u00a0Santos Miguel Orozco Soto<\/p>\n<p style=\"text-align: justify;\"><strong>Resumen del Curso<\/strong>: En este taller se pretende que los asistentes implementen t\u00e9cnicas de visi\u00f3n artificial con aplicaciones a reconocimiento de objetos programando los algoritmos Python y OpenCV, y adem\u00e1s utilizar la informaci\u00f3n para control de movimiento de un robot manipulador y de un robot humanoide. El objetivo del taller es motivar al uso de sistemas de visi\u00f3n por medio de ejemplos y ejercicios pr\u00e1cticos de un nivel moderado, utilizando dispositivos al alcance de la mayor\u00eda de estudiantes y\/o profesionales interesados el \u00e1rea. Durante la primer parte del taller se expondr\u00e1n bases de control de robots y de visi\u00f3n artificial, para posteriormente continuar con ejercicios de programaci\u00f3n,\u00a0asignando 1.5 horas para la explicaci\u00f3n te\u00f3rica. Durante la etapa de programaci\u00f3n, se formar\u00e1n equipos para llevar a cabo ejercicios de visi\u00f3n durante 1 hora y el resto del tiempo se emplear\u00e1 para una actividad integradora.<\/p>\n<p><strong>Recursos necesarios:<\/strong><\/p>\n<ul>\n<li>Computadora port\u00e1til por equipo, de preferencia con c\u00e1mara web<\/li>\n<li>Python instalado con las librer\u00edas de OpenCV, Numpy, y preferentemente, Matplotlib (\u00e9sta se utilizar\u00e1n para realizar los ejercicios de visi\u00f3n\u00a0artificial).<\/li>\n<\/ul>\n","protected":false},"excerpt":{"rendered":"<p>Nombre del taller: Visi\u00f3n Artificial Aplicada en Sistemas Rob\u00f3ticos Ponentes: Mart\u00edn Eduardo Rodr\u00edguez Franco y\u00a0Santos Miguel Orozco Soto Resumen del Curso: En este taller se pretende que los asistentes implementen t\u00e9cnicas de visi\u00f3n artificial con aplicaciones a reconocimiento de objetos programando los algoritmos Python y OpenCV, y adem\u00e1s utilizar la informaci\u00f3n para control de movimiento [&hellip;]<\/p>\n","protected":false},"author":2,"featured_media":0,"parent":0,"menu_order":0,"comment_status":"closed","ping_status":"closed","template":"","meta":[],"_links":{"self":[{"href":"https:\/\/www.femexrobotica.org\/eir2017-2018\/wp-json\/wp\/v2\/pages\/434"}],"collection":[{"href":"https:\/\/www.femexrobotica.org\/eir2017-2018\/wp-json\/wp\/v2\/pages"}],"about":[{"href":"https:\/\/www.femexrobotica.org\/eir2017-2018\/wp-json\/wp\/v2\/types\/page"}],"author":[{"embeddable":true,"href":"https:\/\/www.femexrobotica.org\/eir2017-2018\/wp-json\/wp\/v2\/users\/2"}],"replies":[{"embeddable":true,"href":"https:\/\/www.femexrobotica.org\/eir2017-2018\/wp-json\/wp\/v2\/comments?post=434"}],"version-history":[{"count":6,"href":"https:\/\/www.femexrobotica.org\/eir2017-2018\/wp-json\/wp\/v2\/pages\/434\/revisions"}],"predecessor-version":[{"id":615,"href":"https:\/\/www.femexrobotica.org\/eir2017-2018\/wp-json\/wp\/v2\/pages\/434\/revisions\/615"}],"wp:attachment":[{"href":"https:\/\/www.femexrobotica.org\/eir2017-2018\/wp-json\/wp\/v2\/media?parent=434"}],"curies":[{"name":"wp","href":"https:\/\/api.w.org\/{rel}","templated":true}]}}