{"id":422,"date":"2017-11-21T22:04:08","date_gmt":"2017-11-22T03:04:08","guid":{"rendered":"https:\/\/www.femexrobotica.org\/eir2017-2018\/?page_id=422"},"modified":"2017-11-27T14:11:31","modified_gmt":"2017-11-27T19:11:31","slug":"disenoplacascircuitoimpreso","status":"publish","type":"page","link":"https:\/\/www.femexrobotica.org\/eir2017-2018\/disenoplacascircuitoimpreso\/","title":{"rendered":"Dise\u00f1o de Placas de Circuito Impreso"},"content":{"rendered":"<p style=\"text-align: center;\"><strong>Nombre del taller: <\/strong><\/p>\n<h2 style=\"text-align: center;\">Dise\u00f1o de Placas de Circuito Impreso<\/h2>\n<p><strong>Ponente:<\/strong> Luman Burr Capistran<\/p>\n<p style=\"text-align: justify;\"><strong>Resumen del Curso:<\/strong> El alumno conocer\u00e1 los conceptos principales para el dise\u00f1o de tarjetas de circuito impresas (Printed Circuit Boards PCB) utilizando el software de dise\u00f1o Eagle, uno de los programas m\u00e1s utilizados a nivel mundial para el desarrollo de proyectos electr\u00f3nicos DIY entre los que destacan la famosa placa electr\u00f3nica Arduino y los desarrollos de la empresa Adafruit. En este curso se iniciar\u00e1 con conceptos b\u00e1sicos sobre dise\u00f1o de PCBs (pads, pistas, m\u00f3dulos, componentes, encapsulados, etc.) para despu\u00e9s usar un circuito previamente calculado para crear un esquem\u00e1tico y posteriormente entender c\u00f3mo se realiza el posicionamiento de los componentes en la placa as\u00ed como cu\u00e1l es la forma correcta de hacer su respectivo enrutamiento modificando propiedades como ancho de pista y uso de vias en placas de doble cara. Finalmente se les ense\u00f1ar\u00e1 como generar los archivos necesarios para poder mandar a fabricar una PCB profesional o para usar un m\u00e9todo tradicional para crearla.<\/p>\n<p><strong>Recursos necesarios:<\/strong><\/p>\n<ul>\n<li>Computadora personal<\/li>\n<li>Software Autodesk Eagle<br \/>\n(<a href=\"https:\/\/www.autodesk.com\/products\/eagle\/overview\">https:\/\/www.autodesk.com\/products\/eagle\/overview<\/a>)<\/li>\n<li>Documentaci\u00f3n Autodesk Eagle<br \/>\n(<a href=\"http:\/\/eagle.autodesk.com\/eagle\/documentation\">http:\/\/eagle.autodesk.com\/eagle\/documentation<\/a>)<\/li>\n<\/ul>\n","protected":false},"excerpt":{"rendered":"<p>Nombre del taller: Dise\u00f1o de Placas de Circuito Impreso Ponente: Luman Burr Capistran Resumen del Curso: El alumno conocer\u00e1 los conceptos principales para el dise\u00f1o de tarjetas de circuito impresas (Printed Circuit Boards PCB) utilizando el software de dise\u00f1o Eagle, uno de los programas m\u00e1s utilizados a nivel mundial para el desarrollo de proyectos electr\u00f3nicos [&hellip;]<\/p>\n","protected":false},"author":2,"featured_media":0,"parent":0,"menu_order":0,"comment_status":"closed","ping_status":"closed","template":"","meta":[],"_links":{"self":[{"href":"https:\/\/www.femexrobotica.org\/eir2017-2018\/wp-json\/wp\/v2\/pages\/422"}],"collection":[{"href":"https:\/\/www.femexrobotica.org\/eir2017-2018\/wp-json\/wp\/v2\/pages"}],"about":[{"href":"https:\/\/www.femexrobotica.org\/eir2017-2018\/wp-json\/wp\/v2\/types\/page"}],"author":[{"embeddable":true,"href":"https:\/\/www.femexrobotica.org\/eir2017-2018\/wp-json\/wp\/v2\/users\/2"}],"replies":[{"embeddable":true,"href":"https:\/\/www.femexrobotica.org\/eir2017-2018\/wp-json\/wp\/v2\/comments?post=422"}],"version-history":[{"count":10,"href":"https:\/\/www.femexrobotica.org\/eir2017-2018\/wp-json\/wp\/v2\/pages\/422\/revisions"}],"predecessor-version":[{"id":598,"href":"https:\/\/www.femexrobotica.org\/eir2017-2018\/wp-json\/wp\/v2\/pages\/422\/revisions\/598"}],"wp:attachment":[{"href":"https:\/\/www.femexrobotica.org\/eir2017-2018\/wp-json\/wp\/v2\/media?parent=422"}],"curies":[{"name":"wp","href":"https:\/\/api.w.org\/{rel}","templated":true}]}}