{"id":410,"date":"2017-11-21T21:57:26","date_gmt":"2017-11-22T02:57:26","guid":{"rendered":"https:\/\/www.femexrobotica.org\/eir2017-2018\/?page_id=410"},"modified":"2017-11-28T11:17:27","modified_gmt":"2017-11-28T16:17:27","slug":"preparandomeparacompetirconmbot","status":"publish","type":"page","link":"https:\/\/www.femexrobotica.org\/eir2017-2018\/preparandomeparacompetirconmbot\/","title":{"rendered":"Prepar\u00e1ndome para Competir con mBot v1.1"},"content":{"rendered":"<p style=\"text-align: center;\"><strong>Nombre del taller:<\/strong><\/p>\n<h2 style=\"text-align: center;\">Prepar\u00e1ndome para competir con mBot V1.1<\/h2>\n<p><strong>Ponente:<\/strong> Angel Fuentes (CreativaKids)<\/p>\n<p style=\"text-align: justify;\"><strong>Resumen del Curso:<\/strong> Aprender\u00e1s c\u00f3mo usar un mBot V1.1 con ejercicios y aplicaciones para introducir la codificaci\u00f3n y la rob\u00f3tica, proponiendo maneras innovadoras de dar soluci\u00f3n a los retos presentados dentro de las diversas categor\u00edas en RoboCup. Tambi\u00e9n aprender\u00e1s la base de programaci\u00f3n por modulo electr\u00f3nico. Tendr\u00e1 un entrenamiento para competir en Robocup Rescue Junior. Expectativas y objetivos:\u00a0Los grupos Junior reciben un entrenamiento que incluye capacitaci\u00f3n conceptual, introducci\u00f3n a la plataforma de rob\u00f3tica educativa Makeblock, material informativo y complementario.<\/p>\n<p><strong>Recursos necesarios:<\/strong><\/p>\n<ul>\n<li>Robot mBot V1.1 (4 equipos a pr\u00e9stamo por parte del instructor. <span style=\"color: #800000;\"><em>Se recomienda a los participantes traer su propio mBot V1.1<\/em><\/span>)<\/li>\n<li>Computadora Personal<\/li>\n<li>Software mBlock (disponible para MAC, PC, LINUX, ChromeBook) (<a href=\"http:\/\/www.mblock.cc\/download\">http:\/\/www.mblock.cc\/download<\/a>)<\/li>\n<\/ul>\n","protected":false},"excerpt":{"rendered":"<p>Nombre del taller: Prepar\u00e1ndome para competir con mBot V1.1 Ponente: Angel Fuentes (CreativaKids) Resumen del Curso: Aprender\u00e1s c\u00f3mo usar un mBot V1.1 con ejercicios y aplicaciones para introducir la codificaci\u00f3n y la rob\u00f3tica, proponiendo maneras innovadoras de dar soluci\u00f3n a los retos presentados dentro de las diversas categor\u00edas en RoboCup. Tambi\u00e9n aprender\u00e1s la base de [&hellip;]<\/p>\n","protected":false},"author":2,"featured_media":0,"parent":0,"menu_order":0,"comment_status":"closed","ping_status":"closed","template":"","meta":[],"_links":{"self":[{"href":"https:\/\/www.femexrobotica.org\/eir2017-2018\/wp-json\/wp\/v2\/pages\/410"}],"collection":[{"href":"https:\/\/www.femexrobotica.org\/eir2017-2018\/wp-json\/wp\/v2\/pages"}],"about":[{"href":"https:\/\/www.femexrobotica.org\/eir2017-2018\/wp-json\/wp\/v2\/types\/page"}],"author":[{"embeddable":true,"href":"https:\/\/www.femexrobotica.org\/eir2017-2018\/wp-json\/wp\/v2\/users\/2"}],"replies":[{"embeddable":true,"href":"https:\/\/www.femexrobotica.org\/eir2017-2018\/wp-json\/wp\/v2\/comments?post=410"}],"version-history":[{"count":8,"href":"https:\/\/www.femexrobotica.org\/eir2017-2018\/wp-json\/wp\/v2\/pages\/410\/revisions"}],"predecessor-version":[{"id":631,"href":"https:\/\/www.femexrobotica.org\/eir2017-2018\/wp-json\/wp\/v2\/pages\/410\/revisions\/631"}],"wp:attachment":[{"href":"https:\/\/www.femexrobotica.org\/eir2017-2018\/wp-json\/wp\/v2\/media?parent=410"}],"curies":[{"name":"wp","href":"https:\/\/api.w.org\/{rel}","templated":true}]}}