{"id":98,"date":"2016-11-23T23:37:07","date_gmt":"2016-11-24T05:37:07","guid":{"rendered":"https:\/\/www.femexrobotica.org\/eir2016-2017\/?page_id=98"},"modified":"2016-12-02T15:25:40","modified_gmt":"2016-12-02T21:25:40","slug":"simulacion-de-robots-moviles-en-gazebo","status":"publish","type":"page","link":"https:\/\/www.femexrobotica.org\/eir2016-2017\/simulacion-de-robots-moviles-en-gazebo\/","title":{"rendered":"Simulaci\u00f3n de Robots M\u00f3viles en Gazebo"},"content":{"rendered":"<h2><strong>Simulaci\u00f3n de Robots M\u00f3viles en Gazebo<\/strong><\/h2>\n<p>En este taller se hablar\u00e1 del Simulador Gazebo, una propuesta de c\u00f3digo libre para la simulaci\u00f3n de robots m\u00f3viles y humanoides que en a\u00f1os recientes se ha vuelto muy popular gracias a que cuenta con soporte de la OSRF (Open Source Robotics Foundation) y puede integrarse con ROS, se ha empleado en competencias mundiales de alto nivel como lo es el Virtual Robotics Challenge el cual formo parte del DARPA Robotics Challenge.<\/p>\n<p>Se discutir\u00e1n sobre algunas de sus ventajas y desventajas desde el punto de vista de un usuario del mismo as\u00ed como los beneficios y utilidad que un investigador\/estudiante puede obtener al incorporar esta herramienta al conjunto de las que com\u00fanmente utiliza para el desarroll\u00f3 y prueba de sus robots. Se har\u00e1n algunas demostraciones que se trabajaron en la versi\u00f3n 5.0 del simulador y ejercicios b\u00e1sicos como por ejemplo la creaci\u00f3n de un modelo de robot m\u00f3vil a partir de figuras elementales del simulador.<\/p>\n<p><img loading=\"lazy\" class=\"aligncenter size-full wp-image-239\" src=\"https:\/\/www.femexrobotica.org\/eir2016-2017\/wp-content\/uploads\/simulacion-de-robots-moviles-en-gazebo.png\" alt=\"simulacion-de-robots-moviles-en-gazebo\" width=\"320\" height=\"183\" srcset=\"https:\/\/www.femexrobotica.org\/eir2016-2017\/wp-content\/uploads\/simulacion-de-robots-moviles-en-gazebo.png 320w, https:\/\/www.femexrobotica.org\/eir2016-2017\/wp-content\/uploads\/simulacion-de-robots-moviles-en-gazebo-300x172.png 300w\" sizes=\"(max-width: 320px) 100vw, 320px\" \/><\/p>\n<h3>Acerca del\u00a0instructor<\/h3>\n<p><span data-sheets-value=\"{&quot;1&quot;:2,&quot;2&quot;:&quot;Pablo Alberto Monroy Llaguno es egresado de la maestr\\u00eda en ciencias e ingenier\\u00eda de la computaci\\u00f3n de la Universidad Nacional Aut\\u00f3noma de M\\u00e9xico (2013-2016) y de la licenciatura en ingenier\\u00eda cibern\\u00e9tica y sistemas computacionales de la Universidad La Salle (2004-2008), en el periodo comprendido entre sus estudios trabajo para una empresa privada ocupando puestos de diversa responsabilidad.\\n\\nDurante sus estudios de licenciatura y maestr\\u00eda ha participado en proyectos y concursos con robots humanoides y su investigaci\\u00f3n se ha enfocado principalmente en el uso de inteligencia artificial y simuladores para el lograr aprendizaje autom\\u00e1tico de comportamientos.&quot;}\" data-sheets-userformat=\"{&quot;2&quot;:15171,&quot;3&quot;:{&quot;1&quot;:0},&quot;4&quot;:{&quot;1&quot;:2,&quot;2&quot;:16777215},&quot;9&quot;:0,&quot;11&quot;:4,&quot;12&quot;:0,&quot;14&quot;:{&quot;1&quot;:2,&quot;2&quot;:0},&quot;15&quot;:&quot;Inconsolata, monospace, arial, sans, sans-serif&quot;,&quot;16&quot;:11}\" data-sheets-formula=\"=VLOOKUP(R2C3,'Form Responses 1'!R2C2:R23C14,R[0]C[-2],FALSE)\"><strong>Pablo Alberto Monroy Llaguno<\/strong> es egresado de la maestr\u00eda en ciencias e ingenier\u00eda de la computaci\u00f3n de la Universidad Nacional Aut\u00f3noma de M\u00e9xico (2013-2016) y de la licenciatura en ingenier\u00eda cibern\u00e9tica y sistemas computacionales de la Universidad La Salle (2004-2008). En el periodo comprendido entre sus estudios, trabaj\u00f3 para una empresa privada ocupando puestos de diversa responsabilidad.<\/span><\/p>\n<p><span data-sheets-value=\"{&quot;1&quot;:2,&quot;2&quot;:&quot;Pablo Alberto Monroy Llaguno es egresado de la maestr\\u00eda en ciencias e ingenier\\u00eda de la computaci\\u00f3n de la Universidad Nacional Aut\\u00f3noma de M\\u00e9xico (2013-2016) y de la licenciatura en ingenier\\u00eda cibern\\u00e9tica y sistemas computacionales de la Universidad La Salle (2004-2008), en el periodo comprendido entre sus estudios trabajo para una empresa privada ocupando puestos de diversa responsabilidad.\\n\\nDurante sus estudios de licenciatura y maestr\\u00eda ha participado en proyectos y concursos con robots humanoides y su investigaci\\u00f3n se ha enfocado principalmente en el uso de inteligencia artificial y simuladores para el lograr aprendizaje autom\\u00e1tico de comportamientos.&quot;}\" data-sheets-userformat=\"{&quot;2&quot;:15171,&quot;3&quot;:{&quot;1&quot;:0},&quot;4&quot;:{&quot;1&quot;:2,&quot;2&quot;:16777215},&quot;9&quot;:0,&quot;11&quot;:4,&quot;12&quot;:0,&quot;14&quot;:{&quot;1&quot;:2,&quot;2&quot;:0},&quot;15&quot;:&quot;Inconsolata, monospace, arial, sans, sans-serif&quot;,&quot;16&quot;:11}\" data-sheets-formula=\"=VLOOKUP(R2C3,'Form Responses 1'!R2C2:R23C14,R[0]C[-2],FALSE)\">Durante sus estudios de licenciatura y maestr\u00eda ha participado en proyectos y concursos con robots humanoides y su investigaci\u00f3n se ha enfocado principalmente en el uso de inteligencia artificial y simuladores para el lograr el aprendizaje autom\u00e1tico de comportamientos.<\/span><\/p>\n","protected":false},"excerpt":{"rendered":"<p>Simulaci\u00f3n de Robots M\u00f3viles en Gazebo En este taller se hablar\u00e1 del Simulador Gazebo, una propuesta de c\u00f3digo libre para la simulaci\u00f3n de robots m\u00f3viles y humanoides que en a\u00f1os recientes se ha vuelto muy popular gracias a que cuenta con soporte de la OSRF (Open Source Robotics Foundation) y puede integrarse con ROS, se [&hellip;]<\/p>\n","protected":false},"author":1,"featured_media":0,"parent":0,"menu_order":0,"comment_status":"closed","ping_status":"closed","template":"","meta":[],"_links":{"self":[{"href":"https:\/\/www.femexrobotica.org\/eir2016-2017\/wp-json\/wp\/v2\/pages\/98"}],"collection":[{"href":"https:\/\/www.femexrobotica.org\/eir2016-2017\/wp-json\/wp\/v2\/pages"}],"about":[{"href":"https:\/\/www.femexrobotica.org\/eir2016-2017\/wp-json\/wp\/v2\/types\/page"}],"author":[{"embeddable":true,"href":"https:\/\/www.femexrobotica.org\/eir2016-2017\/wp-json\/wp\/v2\/users\/1"}],"replies":[{"embeddable":true,"href":"https:\/\/www.femexrobotica.org\/eir2016-2017\/wp-json\/wp\/v2\/comments?post=98"}],"version-history":[{"count":6,"href":"https:\/\/www.femexrobotica.org\/eir2016-2017\/wp-json\/wp\/v2\/pages\/98\/revisions"}],"predecessor-version":[{"id":241,"href":"https:\/\/www.femexrobotica.org\/eir2016-2017\/wp-json\/wp\/v2\/pages\/98\/revisions\/241"}],"wp:attachment":[{"href":"https:\/\/www.femexrobotica.org\/eir2016-2017\/wp-json\/wp\/v2\/media?parent=98"}],"curies":[{"name":"wp","href":"https:\/\/api.w.org\/{rel}","templated":true}]}}