{"id":9,"date":"2016-11-15T03:57:32","date_gmt":"2016-11-15T09:57:32","guid":{"rendered":"https:\/\/www.femexrobotica.org\/eir2016-2017\/?page_id=9"},"modified":"2016-12-15T02:19:07","modified_gmt":"2016-12-15T08:19:07","slug":"inicio","status":"publish","type":"page","link":"https:\/\/www.femexrobotica.org\/eir2016-2017\/","title":{"rendered":"Inicio"},"content":{"rendered":"<h3><img loading=\"lazy\" class=\"wp-image-57 aligncenter\" src=\"https:\/\/www.femexrobotica.org\/eir2016-2017\/wp-content\/uploads\/eir2015.jpg\" alt=\"eir2015\" width=\"600\" height=\"155\" srcset=\"https:\/\/www.femexrobotica.org\/eir2016-2017\/wp-content\/uploads\/eir2015.jpg 1024w, https:\/\/www.femexrobotica.org\/eir2016-2017\/wp-content\/uploads\/eir2015-300x78.jpg 300w, https:\/\/www.femexrobotica.org\/eir2016-2017\/wp-content\/uploads\/eir2015-768x199.jpg 768w\" sizes=\"(max-width: 600px) 100vw, 600px\" \/><\/h3>\n<h2>Invitaci\u00f3n a la Escuela de Invierno de Rob\u00f3tica<\/h2>\n<p>La Federaci\u00f3n Mexicana de Rob\u00f3tica A.C. (FMR) invita a participar en la tercera Escuela de Invierno de Rob\u00f3tica (EIR) que se realizar\u00e1 del 9 al 13 de enero del 2017 en la Universidad Popular Aut\u00f3noma del Estado de Puebla (UPAEP).<\/p>\n<p>A diferencia de las ediciones anteriores de la EIR, en esta ocasi\u00f3n tendremos dos grupos de acuerdo al nivel de estudios de los participantes:<\/p>\n<ul>\n<li>El grupo <b>Major<\/b>\u00a0se enfoca a participantes desde los primeros semestres de Ingenier\u00eda (y carreras afines), hasta estudiantes de posgrado y egresados.<\/li>\n<li>El grupo <b>Junior<\/b>\u00a0se enfoca a estudiantes de Preparatoria e Ingenier\u00eda (y carreras afines) menores de 20 a\u00f1os, as\u00ed como sus mentores, con la intenci\u00f3n de fortalecer la participaci\u00f3n de nuestros representantes en RoboCupJunior.<\/li>\n<\/ul>\n<p>Los cursos y talleres var\u00edan en su enfoque, habiendo algunos que son te\u00f3ricos y otros pr\u00e1cticos.<\/p>\n<p>Para el grupo <b>Major<\/b>, la tem\u00e1tica abarca el Robot Operating System, drones aut\u00f3nomos, el simulador Gazebo, procesos de decisi\u00f3n de Markov, localizaci\u00f3n de fuentes sonoras, y comportamientos reactivos en robots m\u00f3viles.<\/p>\n<p>Para el grupo <b>Junior<\/b>, los temas incluyen programaci\u00f3n de Arduino, uso de sensores con aplicaci\u00f3n para RoboCupJunior Soccer, introducci\u00f3n a la visi\u00f3n por computadora, modelado 3D de robots, simulador CsBot para RoboCupJunior CoSpace.<\/p>\n<p>Habr\u00e1 tambi\u00e9n conferencias magistrales y una demostraci\u00f3n en vivo de robots de la categor\u00eda RoboCup@home para todos los participantes.<\/p>\n<p>La FMR es una asociaci\u00f3n civil que agrupa a profesores investigadores con inter\u00e9s com\u00fan en la rob\u00f3tica m\u00f3vil, provenientes de varias de las m\u00e1s prestigiadas universidades y centros de investigaci\u00f3n en M\u00e9xico: INAOE, IPN-Cinvestav, ITAM, ITESM, ULSA, UNAM, UNACAR, UPAEP y UPV. En la EIR tambi\u00e9n participa el Cap\u00edtulo M\u00e9xico de la Robotics and Automation Society de la IEEE.<\/p>\n<h3>Fechas importantes<\/h3>\n<ul>\n<li><strong>25 de noviembre del 2016:<\/strong> Apertura del pre-registro<\/li>\n<li><strong>5 de diciembre del 2016:<\/strong> Cierre del pre-registro<\/li>\n<li><strong>9 de diciembre del 2016:<\/strong> Apertura del sistema de pago<\/li>\n<li><strong>9 de diciembre del 2016:<\/strong> Anuncio de participantes aceptados<\/li>\n<li><strong>18 de diciembre del 2016:<\/strong> L\u00edmite para pagar inscripic\u00f3n<\/li>\n<li><strong>8 de enero del 2017:<\/strong> Registro en hotel sede<\/li>\n<li><strong>9 de enero del 2017:<\/strong> Inicio de la EIR2016\/2017<\/li>\n<\/ul>\n<h3>Evento Anterior<\/h3>\n<p><a href=\"\/eir2015\" target=\"_blank\">Escuela de Invierno de Rob\u00f3tica 2015<\/a><\/p>\n","protected":false},"excerpt":{"rendered":"<p>Invitaci\u00f3n a la Escuela de Invierno de Rob\u00f3tica La Federaci\u00f3n Mexicana de Rob\u00f3tica A.C. (FMR) invita a participar en la tercera Escuela de Invierno de Rob\u00f3tica (EIR) que se realizar\u00e1 del 9 al 13 de enero del 2017 en la Universidad Popular Aut\u00f3noma del Estado de Puebla (UPAEP). A diferencia de las ediciones anteriores de [&hellip;]<\/p>\n","protected":false},"author":1,"featured_media":0,"parent":0,"menu_order":0,"comment_status":"closed","ping_status":"closed","template":"","meta":[],"_links":{"self":[{"href":"https:\/\/www.femexrobotica.org\/eir2016-2017\/wp-json\/wp\/v2\/pages\/9"}],"collection":[{"href":"https:\/\/www.femexrobotica.org\/eir2016-2017\/wp-json\/wp\/v2\/pages"}],"about":[{"href":"https:\/\/www.femexrobotica.org\/eir2016-2017\/wp-json\/wp\/v2\/types\/page"}],"author":[{"embeddable":true,"href":"https:\/\/www.femexrobotica.org\/eir2016-2017\/wp-json\/wp\/v2\/users\/1"}],"replies":[{"embeddable":true,"href":"https:\/\/www.femexrobotica.org\/eir2016-2017\/wp-json\/wp\/v2\/comments?post=9"}],"version-history":[{"count":22,"href":"https:\/\/www.femexrobotica.org\/eir2016-2017\/wp-json\/wp\/v2\/pages\/9\/revisions"}],"predecessor-version":[{"id":308,"href":"https:\/\/www.femexrobotica.org\/eir2016-2017\/wp-json\/wp\/v2\/pages\/9\/revisions\/308"}],"wp:attachment":[{"href":"https:\/\/www.femexrobotica.org\/eir2016-2017\/wp-json\/wp\/v2\/media?parent=9"}],"curies":[{"name":"wp","href":"https:\/\/api.w.org\/{rel}","templated":true}]}}