{"id":81,"date":"2014-10-19T14:01:50","date_gmt":"2014-10-19T19:01:50","guid":{"rendered":"http:\/\/femexrobotica.org\/eir2015\/?page_id=81"},"modified":"2014-12-06T11:15:40","modified_gmt":"2014-12-06T17:15:40","slug":"vargas","status":"publish","type":"page","link":"https:\/\/www.femexrobotica.org\/eir2015\/vargas\/","title":{"rendered":"Taller: Navegaci\u00f3n de robots m\u00f3viles diferenciales y omnidireccionales (Instructor: Dr. H\u00e9ctor Sim\u00f3n Vargas Mart\u00ednez &#8211; UPAEP)"},"content":{"rendered":"<h2>Taller<\/h2>\n<h3>Navegaci\u00f3n de robots m\u00f3viles diferenciales y omnidireccionales<\/h3>\n<p><a href=\"http:\/\/wla.orgfree.com\/robotica\/index.php?valor=nanisha&amp;idioma=esp&amp;opt=historia\">Dr. H\u00e9ctor Sim\u00f3n Vargas Mart\u00ednez (UPAEP)<\/a><\/p>\n<p align=\"JUSTIFY\"><strong>Resumen:<\/strong> Todo robot m\u00f3vil necesita conocer en cada instante de tiempo su localizaci\u00f3n (posici\u00f3n y orientaci\u00f3n = navegaci\u00f3n) respecto a un sistema de referencia inercial, considerando la percepci\u00f3n de su entorno a trav\u00e9s de sus sensores, de modo que le permita crear una abstracci\u00f3n del mundo (un mapa), esto con el fin de que pueda definir un plan de ruta o de acci\u00f3n sobre el punto destino seleccionado (planificaci\u00f3n). El taller se divide en dos sesiones, una para explicar los conceptos de navegaci\u00f3n y otra sesi\u00f3n para explicar los conceptos de planificaci\u00f3n, con ejemplos en ROS (Robot Operating System).<\/p>\n<p><strong>Duraci\u00f3n:<\/strong> 4 hrs.<\/p>\n<p><strong>Sobre el instructor:<\/strong> H\u00e9ctor Sim\u00f3n Vargas es Doctor en Matem\u00e1ticas por la Benem\u00e9rita Universidad Aut\u00f3noma de Puebla. Profesor Investigador de la Facultad de Electr\u00f3nica de la Universidad Popular Aut\u00f3noma del Estado de Puebla. Miembro del Consejo Directivo de la Federaci\u00f3n Mexicana de Rob\u00f3tica A.C.<\/p>\n","protected":false},"excerpt":{"rendered":"<p>Taller Navegaci\u00f3n de robots m\u00f3viles diferenciales y omnidireccionales Dr. H\u00e9ctor Sim\u00f3n Vargas Mart\u00ednez (UPAEP) Resumen: Todo robot m\u00f3vil necesita conocer en cada instante de tiempo su localizaci\u00f3n (posici\u00f3n y orientaci\u00f3n = navegaci\u00f3n) respecto a un sistema de referencia inercial, considerando la percepci\u00f3n de su entorno a trav\u00e9s de sus sensores, de modo que le permita &hellip; <a href=\"https:\/\/www.femexrobotica.org\/eir2015\/vargas\/\" class=\"more-link\">Continue reading <span class=\"screen-reader-text\">Taller: Navegaci\u00f3n de robots m\u00f3viles diferenciales y omnidireccionales (Instructor: Dr. H\u00e9ctor Sim\u00f3n Vargas Mart\u00ednez &#8211; UPAEP)<\/span> <span class=\"meta-nav\">&rarr;<\/span><\/a><\/p>\n","protected":false},"author":1,"featured_media":0,"parent":0,"menu_order":0,"comment_status":"closed","ping_status":"closed","template":"","meta":[],"_links":{"self":[{"href":"https:\/\/www.femexrobotica.org\/eir2015\/wp-json\/wp\/v2\/pages\/81"}],"collection":[{"href":"https:\/\/www.femexrobotica.org\/eir2015\/wp-json\/wp\/v2\/pages"}],"about":[{"href":"https:\/\/www.femexrobotica.org\/eir2015\/wp-json\/wp\/v2\/types\/page"}],"author":[{"embeddable":true,"href":"https:\/\/www.femexrobotica.org\/eir2015\/wp-json\/wp\/v2\/users\/1"}],"replies":[{"embeddable":true,"href":"https:\/\/www.femexrobotica.org\/eir2015\/wp-json\/wp\/v2\/comments?post=81"}],"version-history":[{"count":3,"href":"https:\/\/www.femexrobotica.org\/eir2015\/wp-json\/wp\/v2\/pages\/81\/revisions"}],"predecessor-version":[{"id":397,"href":"https:\/\/www.femexrobotica.org\/eir2015\/wp-json\/wp\/v2\/pages\/81\/revisions\/397"}],"wp:attachment":[{"href":"https:\/\/www.femexrobotica.org\/eir2015\/wp-json\/wp\/v2\/media?parent=81"}],"curies":[{"name":"wp","href":"https:\/\/api.w.org\/{rel}","templated":true}]}}