{"id":66,"date":"2014-10-19T13:19:57","date_gmt":"2014-10-19T18:19:57","guid":{"rendered":"http:\/\/femexrobotica.org\/eir2015\/?page_id=66"},"modified":"2014-12-08T15:20:48","modified_gmt":"2014-12-08T21:20:48","slug":"rascon","status":"publish","type":"page","link":"https:\/\/www.femexrobotica.org\/eir2015\/rascon\/","title":{"rendered":"Taller: Procesamiento de Audio en L\u00ednea con JACKd (Instructor: Dr. Caleb Antonio Rasc\u00f3n Esteban\u00e9 &#8211; IIMAS-UNAM)"},"content":{"rendered":"<h2>Taller<\/h2>\n<h3>Procesamiento de Audio en L\u00ednea con JACKd<\/h3>\n<p><a href=\"http:\/\/turing.iimas.unam.mx\/~caleb\/\">Dr. Caleb Antonio Rasc\u00f3n Esteban\u00e9 (IIMAS-UNAM)<\/a><\/p>\n<p><strong>Resumen:<\/strong> Normalmente algoritmos de procesamiento de audio se llevan a cabo con grabaciones fuera de l\u00ednea, pero su real desempe\u00f1o es s\u00f3lo considerado pr\u00e1ctico al llevarlo a cabo en escenas ac\u00fasticas reales. Por esta raz\u00f3n, una parte integral del desarrollo y evaluaci\u00f3n de algoritmos procesamiento de audio es su implementaci\u00f3n en l\u00ednea. Una herramienta popular para dichos prop\u00f3sitos, pero con pocos recursos de ense\u00f1anza, es la de JACK Audio Connection Toolkit o JACKd, el cu\u00e1l proporciona APIs poderosos de captura y emisi\u00f3n de audio cercanas a tiempo real. En este taller, se describir\u00e1 c\u00f3mo utilizar este recurso, complementada con metodolog\u00edas para llevar a cabo algoritmos b\u00e1sicos de procesamiento de audio en l\u00ednea, y as\u00ed proveer una base s\u00f3lida para el participante interesado en proseguir con algoritmos m\u00e1s avanzados.<\/p>\n<p><strong>Duraci\u00f3n:<\/strong> 6 hrs.<\/p>\n<p><strong>Sobre el instructor:<\/strong> Caleb Rasc\u00f3n obtuvo su doctorado por el Programa doctoral en el Control Systems Centre, de la University of Manchester. Reino Unido.\u00a0Actualmente est\u00e1 comisionado al Instituto de Investigaciones en Matem\u00e1ticas Aplicadas y en Sistemas de la UNAM por parte de CONACYT como C\u00e1tedra ICC1 para J\u00f3venes Investigadores. Es miembro del Consejo T\u00e9cnico de Reglas y Regulaciones para la Competencia Internacional RoboCup@Home desde el 2012. Recientemente obtuvo el Premio Innovador Menor de 35 MIT Technology Review, 2014, Edici\u00f3n M\u00e9xico y adem\u00e1s el Premio a la Innovaci\u00f3n en la Competencia Internacional de RoboCup@Home Holanda 2013.<\/p>\n","protected":false},"excerpt":{"rendered":"<p>Taller Procesamiento de Audio en L\u00ednea con JACKd Dr. Caleb Antonio Rasc\u00f3n Esteban\u00e9 (IIMAS-UNAM) Resumen: Normalmente algoritmos de procesamiento de audio se llevan a cabo con grabaciones fuera de l\u00ednea, pero su real desempe\u00f1o es s\u00f3lo considerado pr\u00e1ctico al llevarlo a cabo en escenas ac\u00fasticas reales. Por esta raz\u00f3n, una parte integral del desarrollo y &hellip; <a href=\"https:\/\/www.femexrobotica.org\/eir2015\/rascon\/\" class=\"more-link\">Continue reading <span class=\"screen-reader-text\">Taller: Procesamiento de Audio en L\u00ednea con JACKd (Instructor: Dr. Caleb Antonio Rasc\u00f3n Esteban\u00e9 &#8211; IIMAS-UNAM)<\/span> <span class=\"meta-nav\">&rarr;<\/span><\/a><\/p>\n","protected":false},"author":1,"featured_media":0,"parent":0,"menu_order":0,"comment_status":"closed","ping_status":"closed","template":"","meta":[],"_links":{"self":[{"href":"https:\/\/www.femexrobotica.org\/eir2015\/wp-json\/wp\/v2\/pages\/66"}],"collection":[{"href":"https:\/\/www.femexrobotica.org\/eir2015\/wp-json\/wp\/v2\/pages"}],"about":[{"href":"https:\/\/www.femexrobotica.org\/eir2015\/wp-json\/wp\/v2\/types\/page"}],"author":[{"embeddable":true,"href":"https:\/\/www.femexrobotica.org\/eir2015\/wp-json\/wp\/v2\/users\/1"}],"replies":[{"embeddable":true,"href":"https:\/\/www.femexrobotica.org\/eir2015\/wp-json\/wp\/v2\/comments?post=66"}],"version-history":[{"count":7,"href":"https:\/\/www.femexrobotica.org\/eir2015\/wp-json\/wp\/v2\/pages\/66\/revisions"}],"predecessor-version":[{"id":403,"href":"https:\/\/www.femexrobotica.org\/eir2015\/wp-json\/wp\/v2\/pages\/66\/revisions\/403"}],"wp:attachment":[{"href":"https:\/\/www.femexrobotica.org\/eir2015\/wp-json\/wp\/v2\/media?parent=66"}],"curies":[{"name":"wp","href":"https:\/\/api.w.org\/{rel}","templated":true}]}}