{"id":384,"date":"2014-12-06T10:54:10","date_gmt":"2014-12-06T16:54:10","guid":{"rendered":"http:\/\/femexrobotica.org\/eir2015\/?page_id=384"},"modified":"2014-12-06T11:05:09","modified_gmt":"2014-12-06T17:05:09","slug":"vazquez","status":"publish","type":"page","link":"https:\/\/www.femexrobotica.org\/eir2015\/vazquez\/","title":{"rendered":"Taller: Modelos neuronales de tercera generaci\u00f3n, aplicaci\u00f3n en el reconocimiento de patrones y rob\u00f3tica (Instructor: Dr. Roberto Antonio V\u00e1zquez Espinoza de los Monteros \u2013 Universidad La Salle)"},"content":{"rendered":"<h2>Taller<\/h2>\n<h3><b>Modelos neuronales de tercera generaci\u00f3n: aplicaci\u00f3n en el reconocimiento de patrones y rob\u00f3tica<\/b><\/h3>\n<p><a href=\"https:\/\/sites.google.com\/site\/robertoavazquez\/\">Dr. Roberto Antonio V\u00e1zquez Espinoza de los Monteros (Universidad La Salle)<\/a><\/p>\n<p><strong>Resumen:<\/strong> Los modelos neuronales generadores de impulsos han sido estudiados desde comienzos del siglo XX. Este tipo de modelos han sido usados ampliamente en el campo de las neurociencias para intentar modelar los procesos y comportamientos de diferentes neuronas o regiones corticales y recientemente su uso en problemas relacionados con la inteligencia artificial, particularmente en el reconocimiento de patrones, ha ido incrementando. Te\u00f3ricamente, este tipo de modelos, bajo ciertas condiciones, podr\u00edan simular el comportamiento de cualquier red de perceptrones, y mediante el uso de diferentes esquemas de codificaci\u00f3n podr\u00edan presentar un mayor poder computacional. Sin embargo, a pesar de la capacidad que tienen para modelar el comportamiento de diferentes tipos de neuronas biol\u00f3gicas, su uso en \u00e1reas como en la visi\u00f3n por computadora, rob\u00f3tica y reconocimiento de patrones no ha sido muy explotada. En este taller se describe c\u00f3mo estos modelos pueden ser aplicados en problemas relacionados con el reconocimiento de patrones y la rob\u00f3tica, como es su proceso de aprendizaje, sus ventajas y eficiencia comparado contra otros modelos cl\u00e1sicos.<\/p>\n<p><strong>Duraci\u00f3n:<\/strong> 2 horas<\/p>\n<p><strong>Sobre el instructor:<\/strong> El Dr. Roberto Antonio V\u00e1zquez Espinoza de los Monteros, es Ingeniero en Sistemas Computacionales por parte del IPN. Recibe el Grado de Maestro en Ciencias de la Computaci\u00f3n y Doctorado en Ciencias de la Computaci\u00f3n, con menci\u00f3n honor\u00edfica, por parte del Centro de Investigaci\u00f3n en Computaci\u00f3n del IPN, en el 2005 y 2009, respectivamente. Se ha especializado en el \u00e1rea de la Inteligencia Artificial, particularmente en las l\u00edneas de investigaci\u00f3n relacionadas con las redes neuronales artificiales, el reconocimiento de patrones y el an\u00e1lisis de im\u00e1genes digitales. A principios del 2010, se incorpor\u00f3 a la Universidad La Salle donde inici\u00f3 su propia l\u00ednea de investigaci\u00f3n sobre \u201cRedes neuronales pulsantes (de tercera generaci\u00f3n)\u201d aplicadas al reconocimiento de patrones y al modelado de circuitos corticales. Es l\u00edder del Grupo de Investigaci\u00f3n, Desarrollo e innovaci\u00f3n en \u201cSistemas Inteligentes\u201d de la Facultad de Ingenier\u00eda. Fue nombrado \u201cJefe de Investigaci\u00f3n\u201d de la Facultad de Ingenier\u00eda en el periodo Julio 2011-Enero 2013. Ha participado en proyectos institucionales para impulsar la investigaci\u00f3n en la Universidad La Salle y desde Febrero de 2013 es el Coordinador de Investigaci\u00f3n en la universidad. Su trayectoria acad\u00e9mica le ha permitido obtener la distinci\u00f3n de \u201cMiembro del Sistema Nacional de Investigadores Nivel I\u201d en el periodo Enero 2011-Diciembre 2013 y renovar su permanencia para el periodo Enero 2014-Diciembre 2017. En cuanto a su producci\u00f3n cient\u00edfica, el Dr. V\u00e1zquez ha publicado 70 art\u00edculos de investigaci\u00f3n en diferentes foros, lo que le ha valido m\u00e1s de 120 citas en la literatura cient\u00edfica a nivel nacional como internacional.<\/p>\n","protected":false},"excerpt":{"rendered":"<p>Taller Modelos neuronales de tercera generaci\u00f3n: aplicaci\u00f3n en el reconocimiento de patrones y rob\u00f3tica Dr. Roberto Antonio V\u00e1zquez Espinoza de los Monteros (Universidad La Salle) Resumen: Los modelos neuronales generadores de impulsos han sido estudiados desde comienzos del siglo XX. Este tipo de modelos han sido usados ampliamente en el campo de las neurociencias para &hellip; <a href=\"https:\/\/www.femexrobotica.org\/eir2015\/vazquez\/\" class=\"more-link\">Continue reading <span class=\"screen-reader-text\">Taller: Modelos neuronales de tercera generaci\u00f3n, aplicaci\u00f3n en el reconocimiento de patrones y rob\u00f3tica (Instructor: Dr. Roberto Antonio V\u00e1zquez Espinoza de los Monteros \u2013 Universidad La Salle)<\/span> <span class=\"meta-nav\">&rarr;<\/span><\/a><\/p>\n","protected":false},"author":3,"featured_media":0,"parent":0,"menu_order":0,"comment_status":"closed","ping_status":"closed","template":"","meta":[],"_links":{"self":[{"href":"https:\/\/www.femexrobotica.org\/eir2015\/wp-json\/wp\/v2\/pages\/384"}],"collection":[{"href":"https:\/\/www.femexrobotica.org\/eir2015\/wp-json\/wp\/v2\/pages"}],"about":[{"href":"https:\/\/www.femexrobotica.org\/eir2015\/wp-json\/wp\/v2\/types\/page"}],"author":[{"embeddable":true,"href":"https:\/\/www.femexrobotica.org\/eir2015\/wp-json\/wp\/v2\/users\/3"}],"replies":[{"embeddable":true,"href":"https:\/\/www.femexrobotica.org\/eir2015\/wp-json\/wp\/v2\/comments?post=384"}],"version-history":[{"count":5,"href":"https:\/\/www.femexrobotica.org\/eir2015\/wp-json\/wp\/v2\/pages\/384\/revisions"}],"predecessor-version":[{"id":389,"href":"https:\/\/www.femexrobotica.org\/eir2015\/wp-json\/wp\/v2\/pages\/384\/revisions\/389"}],"wp:attachment":[{"href":"https:\/\/www.femexrobotica.org\/eir2015\/wp-json\/wp\/v2\/media?parent=384"}],"curies":[{"name":"wp","href":"https:\/\/api.w.org\/{rel}","templated":true}]}}