{"id":331,"date":"2014-12-02T03:20:22","date_gmt":"2014-12-02T09:20:22","guid":{"rendered":"http:\/\/femexrobotica.org\/eir2015\/?page_id=331"},"modified":"2014-12-02T03:41:36","modified_gmt":"2014-12-02T09:41:36","slug":"admitidos","status":"publish","type":"page","link":"https:\/\/www.femexrobotica.org\/eir2015\/admitidos\/","title":{"rendered":"Admitidos"},"content":{"rendered":"<h2>Anuncio de admitidos a la EIR2015<\/h2>\n<p>El 1o de diciembre por la noche se enviaron correos automatizados a todos los candidatos para informarles sobre el resultado de su solicitud de admisi\u00f3n. Se recibieron 94 pre-registros, de los cuales se seleccion\u00f3 a 60 candidatos para participar en el evento (ver lista en <a href=\"http:\/\/femexrobotica.org\/eir2015\/files\/admitidos-eir2015.pdf\" target=\"_blank\">PDF<\/a>).<\/p>\n<p>En caso de que hayas enviado tu pre-registro pero no hayas recibido el correo de notificaci\u00f3n de resultado revisa tu secci\u00f3n de spam, el mensaje tiene el encabezado <strong>&#8220;Resultado de solicitud a la Escuela de Invierno de Rob\u00f3tica 2015&#8221;<\/strong>. En caso de que confirmes que no te lleg\u00f3 el mensaje por favor comun\u00edcate con nosotros a la brevedad v\u00eda el formato de <a href=\"http:\/\/femexrobotica.org\/eir2015\/contacto\/\">contacto<\/a>.<\/p>\n<p>Todos los participantes admitidos deber\u00e1n <strong>confirmar su participaci\u00f3n<\/strong> en la EIR2015, de acuerdo a las instrucciones del mensaje de &#8220;Resultado de solicitud&#8221; entrando nuevamente al <a href=\"http:\/\/www.tecnovanguardia.com\/fmr_escinvrbk14\/\" target=\"_blank\">sitio de registro<\/a>, <strong>a m\u00e1s tardar este s\u00e1bado 6 de diciembre<\/strong>. En caso de no hacerlo, asumiremos que no participar\u00e1s en el evento y asignaremos tu lugar a alguien m\u00e1s.<\/p>\n<p>Si no est\u00e1s en la lista de 60 admitidos significa que est\u00e1s en <em>lista de espera<\/em>. A m\u00e1s tardar el domingo 7 de diciembre contactaremos a los candidatos en lista de espera para reasignarles los lugares que hayan quedado disponibles, por lo que te pedimos estar atento a tu e-mail.<\/p>\n","protected":false},"excerpt":{"rendered":"<p>Anuncio de admitidos a la EIR2015 El 1o de diciembre por la noche se enviaron correos automatizados a todos los candidatos para informarles sobre el resultado de su solicitud de admisi\u00f3n. Se recibieron 94 pre-registros, de los cuales se seleccion\u00f3 a 60 candidatos para participar en el evento (ver lista en PDF). En caso de &hellip; <a href=\"https:\/\/www.femexrobotica.org\/eir2015\/admitidos\/\" class=\"more-link\">Continue reading <span class=\"screen-reader-text\">Admitidos<\/span> <span class=\"meta-nav\">&rarr;<\/span><\/a><\/p>\n","protected":false},"author":3,"featured_media":0,"parent":0,"menu_order":0,"comment_status":"closed","ping_status":"closed","template":"","meta":[],"_links":{"self":[{"href":"https:\/\/www.femexrobotica.org\/eir2015\/wp-json\/wp\/v2\/pages\/331"}],"collection":[{"href":"https:\/\/www.femexrobotica.org\/eir2015\/wp-json\/wp\/v2\/pages"}],"about":[{"href":"https:\/\/www.femexrobotica.org\/eir2015\/wp-json\/wp\/v2\/types\/page"}],"author":[{"embeddable":true,"href":"https:\/\/www.femexrobotica.org\/eir2015\/wp-json\/wp\/v2\/users\/3"}],"replies":[{"embeddable":true,"href":"https:\/\/www.femexrobotica.org\/eir2015\/wp-json\/wp\/v2\/comments?post=331"}],"version-history":[{"count":9,"href":"https:\/\/www.femexrobotica.org\/eir2015\/wp-json\/wp\/v2\/pages\/331\/revisions"}],"predecessor-version":[{"id":344,"href":"https:\/\/www.femexrobotica.org\/eir2015\/wp-json\/wp\/v2\/pages\/331\/revisions\/344"}],"wp:attachment":[{"href":"https:\/\/www.femexrobotica.org\/eir2015\/wp-json\/wp\/v2\/media?parent=331"}],"curies":[{"name":"wp","href":"https:\/\/api.w.org\/{rel}","templated":true}]}}