{"id":25,"date":"2014-10-19T00:33:05","date_gmt":"2014-10-19T05:33:05","guid":{"rendered":"http:\/\/femexrobotica.org\/eir2015\/?page_id=25"},"modified":"2014-11-18T17:26:15","modified_gmt":"2014-11-18T23:26:15","slug":"hospedaje-y-transporte","status":"publish","type":"page","link":"https:\/\/www.femexrobotica.org\/eir2015\/hospedaje-y-transporte\/","title":{"rendered":"Hospedaje y transporte"},"content":{"rendered":"<h2>Hotel Sede<\/h2>\n<h3><a href=\"http:\/\/www.bestwestern.com.mx\/best-western-santorin\/\" target=\"_blank\">Best Western Hotel Santor\u00edn Cd. Victoria<\/a><\/h3>\n<p>Crist\u00f3bal Col\u00f3n No. 349 Zona Centro<br \/>\nCd. Victoria Tamaulipas C.P.87000<br \/>\nTel: 01 800 716 96 59<br \/>\nTel: (834) 318 15 15<br \/>\nE-mail: jabbott (ARROBA) grupocarcur (PUNTO) com (PUNTO) mx<\/p>\n<p style=\"text-align: center;\"><span style=\"color: #800000;\">AVISO IMPORTANTE: Para reservar habitaci\u00f3n, es necesario comunicarse directamente al Hotel Santor\u00edn por correo electr\u00f3nico o a los tel\u00e9fonos indicados arriba<\/span><\/p>\n<p style=\"text-align: center;\"><em><strong><span style=\"color: #000000;\">Pregunte por tarifas preferenciales para asistentes a la Escuela de Invierno de Rob\u00f3tica 2015<\/span><\/strong><\/em><\/p>\n<h2>Transporte terrestre y a\u00e9reo<\/h2>\n<ul>\n<li><a href=\"http:\/\/asa.gob.mx\/es\/flyto\/Aeropuerto_Internacional_de_Ciudad_Victoria\" target=\"_blank\">Aeropuerto Internacional de Cd. Victoria &#8220;General Pedro J. M\u00e9ndez&#8221;<\/a><\/li>\n<li><a href=\"http:\/\/transportamex.com\/centrales\/central-de-autobuses-ciudad-victoria\/\" target=\"_blank\">Central de Autobuses de Cd. Victoria<\/a><\/li>\n<\/ul>\n<h2><\/h2>\n<h2>Informaci\u00f3n tur\u00edstica<\/h2>\n<p>Informaci\u00f3n tur\u00edstica as\u00ed como otras opciones de transporte las puede consultar en el sitio Web del Gobierno del Estado de Tamaulipas:<br \/>\n<a href=\"http:\/\/turismotamaulipas.com\/es\/informacion-turistica\/\" target=\"_blank\">http:\/\/turismotamaulipas.com\/es\/informacion-turistica\/<\/a><\/p>\n","protected":false},"excerpt":{"rendered":"<p>Hotel Sede Best Western Hotel Santor\u00edn Cd. Victoria Crist\u00f3bal Col\u00f3n No. 349 Zona Centro Cd. Victoria Tamaulipas C.P.87000 Tel: 01 800 716 96 59 Tel: (834) 318 15 15 E-mail: jabbott (ARROBA) grupocarcur (PUNTO) com (PUNTO) mx AVISO IMPORTANTE: Para reservar habitaci\u00f3n, es necesario comunicarse directamente al Hotel Santor\u00edn por correo electr\u00f3nico o a los &hellip; <a href=\"https:\/\/www.femexrobotica.org\/eir2015\/hospedaje-y-transporte\/\" class=\"more-link\">Continue reading <span class=\"screen-reader-text\">Hospedaje y transporte<\/span> <span class=\"meta-nav\">&rarr;<\/span><\/a><\/p>\n","protected":false},"author":1,"featured_media":0,"parent":0,"menu_order":0,"comment_status":"closed","ping_status":"closed","template":"","meta":[],"_links":{"self":[{"href":"https:\/\/www.femexrobotica.org\/eir2015\/wp-json\/wp\/v2\/pages\/25"}],"collection":[{"href":"https:\/\/www.femexrobotica.org\/eir2015\/wp-json\/wp\/v2\/pages"}],"about":[{"href":"https:\/\/www.femexrobotica.org\/eir2015\/wp-json\/wp\/v2\/types\/page"}],"author":[{"embeddable":true,"href":"https:\/\/www.femexrobotica.org\/eir2015\/wp-json\/wp\/v2\/users\/1"}],"replies":[{"embeddable":true,"href":"https:\/\/www.femexrobotica.org\/eir2015\/wp-json\/wp\/v2\/comments?post=25"}],"version-history":[{"count":34,"href":"https:\/\/www.femexrobotica.org\/eir2015\/wp-json\/wp\/v2\/pages\/25\/revisions"}],"predecessor-version":[{"id":300,"href":"https:\/\/www.femexrobotica.org\/eir2015\/wp-json\/wp\/v2\/pages\/25\/revisions\/300"}],"wp:attachment":[{"href":"https:\/\/www.femexrobotica.org\/eir2015\/wp-json\/wp\/v2\/media?parent=25"}],"curies":[{"name":"wp","href":"https:\/\/api.w.org\/{rel}","templated":true}]}}