{"id":13,"date":"2014-10-19T00:30:10","date_gmt":"2014-10-19T05:30:10","guid":{"rendered":"http:\/\/femexrobotica.org\/eir2015\/?page_id=13"},"modified":"2014-12-20T16:04:46","modified_gmt":"2014-12-20T22:04:46","slug":"programa","status":"publish","type":"page","link":"https:\/\/www.femexrobotica.org\/eir2015\/programa\/","title":{"rendered":"Programa"},"content":{"rendered":"<h2>Programa final<\/h2>\n<p>Debido al n\u00famero de solicitudes del a\u00f1o anterior y para recibir a un mayor n\u00famero de estudiantes, en esta ocasi\u00f3n los asistentes al EIR2015 se distribuir\u00e1n en dos grupos que recibir\u00e1n cursos de manera simult\u00e1nea.<\/p>\n<p>La Federaci\u00f3n Mexicana de Rob\u00f3tica definir\u00e1 y har\u00e1 de su conocimiento esta distribuci\u00f3n por correo electr\u00f3nico o durante el <em>registro in situ<\/em> los d\u00edas 4 y 5 de enero.<\/p>\n<p><strong>El programa final para el Grupo 1 se puede descargar <a href=\"http:\/\/femexrobotica.org\/eir2015\/wp-content\/uploads\/2014\/12\/programa_grupo_1.pdf\" target=\"_blank\">aqu\u00ed<\/a>.<\/strong><br \/>\n<strong> El programa final para el Grupo 2 se puede descargar <a href=\"http:\/\/femexrobotica.org\/eir2015\/wp-content\/uploads\/2014\/12\/programa_grupo_2.pdf\" target=\"_blank\">aqu\u00ed<\/a>.<\/strong><\/p>\n<p>&nbsp;<\/p>\n","protected":false},"excerpt":{"rendered":"<p>Programa final Debido al n\u00famero de solicitudes del a\u00f1o anterior y para recibir a un mayor n\u00famero de estudiantes, en esta ocasi\u00f3n los asistentes al EIR2015 se distribuir\u00e1n en dos grupos que recibir\u00e1n cursos de manera simult\u00e1nea. La Federaci\u00f3n Mexicana de Rob\u00f3tica definir\u00e1 y har\u00e1 de su conocimiento esta distribuci\u00f3n por correo electr\u00f3nico o durante &hellip; <a href=\"https:\/\/www.femexrobotica.org\/eir2015\/programa\/\" class=\"more-link\">Continue reading <span class=\"screen-reader-text\">Programa<\/span> <span class=\"meta-nav\">&rarr;<\/span><\/a><\/p>\n","protected":false},"author":1,"featured_media":0,"parent":0,"menu_order":0,"comment_status":"closed","ping_status":"closed","template":"","meta":[],"_links":{"self":[{"href":"https:\/\/www.femexrobotica.org\/eir2015\/wp-json\/wp\/v2\/pages\/13"}],"collection":[{"href":"https:\/\/www.femexrobotica.org\/eir2015\/wp-json\/wp\/v2\/pages"}],"about":[{"href":"https:\/\/www.femexrobotica.org\/eir2015\/wp-json\/wp\/v2\/types\/page"}],"author":[{"embeddable":true,"href":"https:\/\/www.femexrobotica.org\/eir2015\/wp-json\/wp\/v2\/users\/1"}],"replies":[{"embeddable":true,"href":"https:\/\/www.femexrobotica.org\/eir2015\/wp-json\/wp\/v2\/comments?post=13"}],"version-history":[{"count":20,"href":"https:\/\/www.femexrobotica.org\/eir2015\/wp-json\/wp\/v2\/pages\/13\/revisions"}],"predecessor-version":[{"id":430,"href":"https:\/\/www.femexrobotica.org\/eir2015\/wp-json\/wp\/v2\/pages\/13\/revisions\/430"}],"wp:attachment":[{"href":"https:\/\/www.femexrobotica.org\/eir2015\/wp-json\/wp\/v2\/media?parent=13"}],"curies":[{"name":"wp","href":"https:\/\/api.w.org\/{rel}","templated":true}]}}